{"id":6773,"date":"2025-04-23T19:10:02","date_gmt":"2025-04-23T19:10:02","guid":{"rendered":"https:\/\/agrarias.ufpr.br\/pgapv\/?page_id=6773"},"modified":"2026-02-04T19:44:45","modified_gmt":"2026-02-04T19:44:45","slug":"leandropaiola","status":"publish","type":"page","link":"https:\/\/agrarias.ufpr.br\/pgapv\/leandropaiola\/","title":{"rendered":"Leandro Paiola Albrecht"},"content":{"rendered":"\n<p>Prof. Colaborador<\/p>\n\n\n\n<p><b>Forma\u00e7\u00e3o Acad\u00eamica&nbsp;<\/b><\/p>\n\n\n\n<p>&nbsp;Forma\u00e7\u00e3o acad\u00eamico<\/p>\n\n\n\n<p>Doutor em Filosofia &#8211; epistemologia e filosofia da ci\u00eancia, Unioeste (2024)<\/p>\n\n\n\n<p>P\u00f3s-doutorado em Fitotecnia &#8211; Matologia, USP\/Esalq (2017)<\/p>\n\n\n\n<p>Doutor em Agronomia &#8211; Produ\u00e7\u00e3o Vegetal, UEM (2009)<\/p>\n\n\n\n<p>Mestrado em Agronomia &#8211; Produ\u00e7\u00e3o Vegetal, UEM (2006)<\/p>\n\n\n\n<p>Engenheiro Agr\u00f4nomo,&nbsp;UEM&nbsp;(2003)<\/p>\n\n\n\n<p><strong>Linha de pesquisa\/\u00c1rea<\/strong> <\/p>\n\n\n\n<p>&nbsp;Produ\u00e7\u00e3o Vegetal na Agricultura Sustent\u00e1vel\/Manejo de grandes culturas anuais em sistemas&nbsp;produtivos<\/p>\n\n\n\n<p><strong>Disciplinas Ministradas<\/strong><\/p>\n\n\n\n<p><a href=\"https:\/\/agrarias.ufpr.br\/pgapv\/agro-7000-analise-de-sementes\/\">AGRO 7001 \u2013 An\u00e1lise de Sementes<\/a><\/p>\n\n\n\n<p><a href=\"https:\/\/agrarias.ufpr.br\/pgapv\/apv-7010-estudos-avancados-em-tecnologia-de-sementes\/\">AGRO 7011 \u2013 Estudos Avan\u00e7ados em Tecnologia de Sementes<\/a><\/p>\n\n\n\n<p><a href=\"https:\/\/agrarias.ufpr.br\/pgapv\/apv-7017-matologia-2\/\">AGRO 7018 \u2013 Matologia<\/a><\/p>\n\n\n\n<p><a href=\"https:\/\/agrarias.ufpr.br\/pgapv\/agro-7027-pratica-docente-i\/\">AGRO 7027 \u2013 Pr\u00e1tica Docente I<\/a><\/p>\n\n\n\n<p><a href=\"https:\/\/agrarias.ufpr.br\/pgapv\/agro7028-pratica-docente-ii\/\">AGRO 7028 \u2013 Pr\u00e1tica Docente II<\/a><\/p>\n\n\n\n<p><a href=\"https:\/\/agrarias.ufpr.br\/pgapv\/agro-7036-topicos-especiais-ii-cultivo-de-pequenas-frutas-e-frutas-nativas\/\">AGRO 7036 \u2013 T\u00f3picos Especiais II \u2013 Crop Protection and Climate Change<\/a><\/p>\n\n\n\n<p><a href=\"https:\/\/agrarias.ufpr.br\/pgapv\/agro-7037-topicos-especiais-iii-toxicologia-de-agrotoxicos-e-metodos-alternativos-no-controle-de-insetos-praga\/\">AGRO 7037 \u2013 T\u00f3picos Especiais III&nbsp; \u2013<\/a><a href=\"https:\/\/agrarias.ufpr.br\/pgapv\/topicos-especiais-3-bases-cientificas-tecnocientificas-e-agrotecnologicas-em-sistemas-sustentaveis-de-producao-agricola\/\">&nbsp;Bases Cient\u00edficas, Tecnocient\u00edficas e Agrotecnol\u00f3gicas em Sistemas Sustent\u00e1veis de Produ\u00e7\u00e3o Agr\u00edcola<\/a><\/p>\n\n\n\n<p><a href=\"https:\/\/agrarias.ufpr.br\/pgapv\/agro-7038-topicos-especiais-iv-mecanismo-de-acao-e-interacao-ambiental-de-herbicidas\/\">AGRO 7038 \u2013 T\u00f3picos Especiais IV \u2013&nbsp;Mecanismo de A\u00e7\u00e3o e Intera\u00e7\u00e3o Ambiental de Herbicidas<\/a><\/p>\n\n\n\n<p><a href=\"https:\/\/agrarias.ufpr.br\/pgapv\/topicos-especiais-tecnologias-de-producao-em-grandes-culturas-soja-e-milho\/\">AGRO 7038 \u2013 T\u00f3picos Especiais IV \u2013 Tecnologias de Produ\u00e7\u00e3o em Grandes Culturas: Soja e Milho&nbsp;<\/a><\/p>\n\n\n\n<p><a href=\"https:\/\/agrarias.ufpr.br\/pgapv\/topicos-resistencia-de-plantas-daninhas-a-herbicidas\/\">AGRO 7047 \u2013 Resist\u00eancia de Plantas Daninhas a Herbicidas<\/a><\/p>\n\n\n\n<p><a href=\"https:\/\/agrarias.ufpr.br\/pgapv\/agro-7049-weed-science-topics\/\">AGRO 7049 \u2013 Weed Science Topics<\/a><\/p>\n\n\n\n<p><a href=\"https:\/\/agrarias.ufpr.br\/pgapv\/agro-7038-topicos-especiais-iv-manejo-de-culturas-geneticamente-modificadas-em-sistemas-integrados\/\">AGRO 7050 \u2013 Controle Qu\u00edmico de Plantas Daninhas<\/a><\/p>\n\n\n\n<p><a href=\"https:\/\/agrarias.ufpr.br\/pgapv\/agro-7038-topicos-especiais-iv-manejo-de-plantas-daninhas-nas-grandes-culturas-utilizadas-em-sistemas-integrados\/\">AGRO 7051 \u2013 Manejo Integrado de Plantas Daninhas<\/a><\/p>\n\n\n\n<p><strong>Laborat\u00f3rios\/Unidade de Apoio&nbsp;<\/strong><\/p>\n\n\n\n<p>Laborat\u00f3rio de Sementes \u2013 Setor Palotina &#8211; UFPR<\/p>\n\n\n\n<p>Laborat\u00f3rio de Plantas Daninhas \u2013 Setor Palotina &#8211; UFPR<\/p>\n\n\n\n<p>\u00c1rea Experimental na Fazenda Experimental de Palotina &#8211; UFPR<\/p>\n\n\n\n<p>Campo experimental da cooperativa CVale<\/p>\n\n\n\n<p>Esta\u00e7\u00e3o experimental da Crop Science&nbsp;&#8211;&nbsp;Marip\u00e1&nbsp;&#8211;&nbsp;PR<\/p>\n\n\n\n<p><strong>Publica\u00e7\u00f5es<\/strong><\/p>\n\n\n\n<p><strong><a href=\"http:\/\/buscatextual.cnpq.br\/buscatextual\/visualizacv.do?id=K4759559P2\">&nbsp;<\/a><a href=\"http:\/\/lattes.cnpq.br\/4608185787860314\"><img loading=\"lazy\" decoding=\"async\" width=\"30\" height=\"29\" class=\"alignnone wp-image-742\" src=\"https:\/\/agrarias.ufpr.br\/fitotecnia\/wp-content\/uploads\/sites\/26\/2016\/03\/icon_lattes.png\" alt=\"icon_lattes\"><\/a><\/strong><a href=\"http:\/\/lattes.cnpq.br\/4608185787860314\"><strong> <\/strong><\/a><a href=\"http:\/\/lattes.cnpq.br\/4608185787860314\"><strong>Lattes<\/strong><\/a>&nbsp;<strong><a href=\"https:\/\/www.researchgate.net\/profile\/Leandro-Albrecht\"><img loading=\"lazy\" decoding=\"async\" width=\"29\" height=\"29\" class=\"alignnone wp-image-1136 size-full\" src=\"https:\/\/agrarias.ufpr.br\/fitotecnia\/wp-content\/uploads\/sites\/26\/2016\/03\/apple-touch-icon-180x180-e1459453504744.png\" alt=\"apple-touch-icon-180x180\"><\/a>&nbsp;<a href=\"https:\/\/www.researchgate.net\/profile\/Leandro-Albrecht\">Research Gate<\/a>&nbsp;<a href=\"https:\/\/orcid.org\/0000-0003-3512-6597\"><img loading=\"lazy\" decoding=\"async\" width=\"93\" height=\"37\" class=\"alignnone wp-image-3360\" src=\"https:\/\/agrarias.ufpr.br\/pgapv\/wp-content\/uploads\/sites\/39\/2021\/02\/unnamed.jpg\" alt=\"\" srcset=\"https:\/\/agrarias.ufpr.br\/pgapv\/wp-content\/uploads\/sites\/39\/2021\/02\/unnamed.jpg 347w, https:\/\/agrarias.ufpr.br\/pgapv\/wp-content\/uploads\/sites\/39\/2021\/02\/unnamed-300x119.jpg 300w, https:\/\/agrarias.ufpr.br\/pgapv\/wp-content\/uploads\/sites\/39\/2021\/02\/unnamed-250x99.jpg 250w, https:\/\/agrarias.ufpr.br\/pgapv\/wp-content\/uploads\/sites\/39\/2021\/02\/unnamed-160x64.jpg 160w\" sizes=\"auto, (max-width: 93px) 100vw, 93px\" \/><\/a><\/strong><\/p>\n\n\n\n<p><strong>Contatos<\/strong><\/p>\n\n\n\n<p><img loading=\"lazy\" decoding=\"async\" class=\"alignnone wp-image-757\" src=\"https:\/\/agrarias.ufpr.br\/fitotecnia\/wp-content\/uploads\/sites\/26\/2016\/03\/email-small-.jpg\" alt=\"email small\" width=\"22\" height=\"22\"> lpalbrecht@ufpr.br&nbsp;<\/p>\n\n\n\n<p><img loading=\"lazy\" decoding=\"async\" class=\"wp-image-758 alignnone\" src=\"https:\/\/agrarias.ufpr.br\/fitotecnia\/wp-content\/uploads\/sites\/26\/2016\/03\/telefone.png\" alt=\"telefone\" width=\"22\" height=\"22\"> +55 (44) 3211-1314\/(44) 99972-0478<\/p>\n\n\n\n<p>&nbsp;<\/p>\n","protected":false},"excerpt":{"rendered":"<p>Prof. Colaborador Forma\u00e7\u00e3o Acad\u00eamica&nbsp; &nbsp;Forma\u00e7\u00e3o acad\u00eamico Doutor em Filosofia &#8211; epistemologia e filosofia da ci\u00eancia, Unioeste (2024) P\u00f3s-doutorado em Fitotecnia &#8211; Matologia, USP\/Esalq (2017) Doutor em Agronomia &#8211; Produ\u00e7\u00e3o Vegetal, UEM (2009) Mestrado em Agronomia &#8211; Produ\u00e7\u00e3o Vegetal, UEM (2006) Engenheiro Agr\u00f4nomo,&nbsp;UEM&nbsp;(2003) Linha de pesquisa\/\u00c1rea &nbsp;Produ\u00e7\u00e3o Vegetal na Agricultura Sustent\u00e1vel\/Manejo de grandes culturas anuais em sistemas&nbsp;produtivos Disciplinas Ministradas AGRO 7001 \u2013 An\u00e1lise de Sementes AGRO 7011 \u2013 Estudos Avan\u00e7ados em Tecnologia de Sementes AGRO 7018 [&hellip;]<\/p>\n","protected":false},"author":3,"featured_media":0,"parent":0,"menu_order":0,"comment_status":"closed","ping_status":"closed","template":"","meta":{"footnotes":""},"class_list":["post-6773","page","type-page","status-publish","hentry"],"_links":{"self":[{"href":"https:\/\/agrarias.ufpr.br\/pgapv\/wp-json\/wp\/v2\/pages\/6773","targetHints":{"allow":["GET"]}}],"collection":[{"href":"https:\/\/agrarias.ufpr.br\/pgapv\/wp-json\/wp\/v2\/pages"}],"about":[{"href":"https:\/\/agrarias.ufpr.br\/pgapv\/wp-json\/wp\/v2\/types\/page"}],"author":[{"embeddable":true,"href":"https:\/\/agrarias.ufpr.br\/pgapv\/wp-json\/wp\/v2\/users\/3"}],"replies":[{"embeddable":true,"href":"https:\/\/agrarias.ufpr.br\/pgapv\/wp-json\/wp\/v2\/comments?post=6773"}],"version-history":[{"count":16,"href":"https:\/\/agrarias.ufpr.br\/pgapv\/wp-json\/wp\/v2\/pages\/6773\/revisions"}],"predecessor-version":[{"id":7724,"href":"https:\/\/agrarias.ufpr.br\/pgapv\/wp-json\/wp\/v2\/pages\/6773\/revisions\/7724"}],"wp:attachment":[{"href":"https:\/\/agrarias.ufpr.br\/pgapv\/wp-json\/wp\/v2\/media?parent=6773"}],"curies":[{"name":"wp","href":"https:\/\/api.w.org\/{rel}","templated":true}]}}