{"id":6730,"date":"2025-04-23T12:54:45","date_gmt":"2025-04-23T12:54:45","guid":{"rendered":"https:\/\/agrarias.ufpr.br\/pgapv\/?page_id=6730"},"modified":"2026-02-04T14:46:51","modified_gmt":"2026-02-04T14:46:51","slug":"orcial-ceolin-bortolotto","status":"publish","type":"page","link":"https:\/\/agrarias.ufpr.br\/pgapv\/orcial-ceolin-bortolotto\/","title":{"rendered":"Orcial Ceolin Bortolotto"},"content":{"rendered":"\n<p>Prof. Colaborador\u00a0<\/p>\n\n\n\n<p><strong>Forma\u00e7\u00e3o Acad\u00eamica<\/strong><\/p>\n\n\n\n<p>Dr. em Agronomia UEL (2011)<\/p>\n\n\n\n<p>M.Sc. em Agronomia UFSM (2008)&nbsp;<\/p>\n\n\n\n<p>Eng. Agr\u00f4nomo, UFSM (2005)<\/p>\n\n\n\n<p><strong>Linha de pesquisa\/\u00c1rea<\/strong><\/p>\n\n\n\n<p>Prote\u00e7\u00e3o de Plantas e Seguran\u00e7a Ambiental\/Entomologia<\/p>\n\n\n\n<p><strong>Disciplinas Ministradas<\/strong><\/p>\n\n\n\n<p><a href=\"https:\/\/agrarias.ufpr.br\/pgapv\/topicos-especiais-iv-manejo-integrado-de-pragas-ii\/\">AGRO 7038 \u2013 T\u00f3picos Especiais IV \u2013 Manejo Integrado de Pragas II<\/a><\/p>\n\n\n\n<p><strong>Laborat\u00f3rios\/Unidades de Apoio&nbsp;<\/strong><\/p>\n\n\n\n<p><strong>Publica\u00e7\u00f5es<\/strong><\/p>\n\n\n\n<p><strong><a href=\"http:\/\/lattes.cnpq.br\/2162391828949583\"><\/a>\u00a0<strong class=\"alignnone\"><img loading=\"lazy\" decoding=\"async\" width=\"30\" height=\"29\" class=\"alignnone wp-image-742\" src=\"https:\/\/agrarias.ufpr.br\/fitotecnia\/wp-content\/uploads\/sites\/26\/2016\/03\/icon_lattes.png\" alt=\"icon_lattes\"><\/strong><a href=\"http:\/\/lattes.cnpq.br\/2162391828949583\">Lattes\u00a0<\/a>\u00a0<a href=\"https:\/\/www.researchgate.net\/profile\/Orcial-Bortolotto\"><\/a><a href=\"https:\/\/www.researchgate.net\/profile\/Orcial-Bortolotto\">\u00a0<\/a><img loading=\"lazy\" decoding=\"async\" width=\"29\" height=\"29\" class=\"alignnone wp-image-1136 size-full\" src=\"https:\/\/agrarias.ufpr.br\/fitotecnia\/wp-content\/uploads\/sites\/26\/2016\/03\/apple-touch-icon-180x180-e1459453504744.png\" alt=\"apple-touch-icon-180x180\"><a href=\"https:\/\/www.researchgate.net\/profile\/Orcial-Bortolotto\">Research Gate<\/a>\u00a0\u00a0<a href=\"https:\/\/orcid.org\/0000-0002-3966-4715\"><\/a><\/strong><\/p>\n\n\n\n<p><strong>Contatos<\/strong><\/p>\n\n\n\n<p><img loading=\"lazy\" decoding=\"async\" src=\"https:\/\/agrarias.ufpr.br\/fitotecnia\/wp-content\/uploads\/sites\/26\/2016\/03\/email-small-.jpg\" alt=\"email small\" width=\"22\" height=\"22\">&nbsp;bortolotto.orcial@gmail.com<\/p>\n\n\n\n<p><img loading=\"lazy\" decoding=\"async\" src=\"https:\/\/agrarias.ufpr.br\/fitotecnia\/wp-content\/uploads\/sites\/26\/2016\/03\/telefone.png\" alt=\"telefone\" width=\"22\" height=\"22\">+55 (42) 99151-0269<\/p>\n","protected":false},"excerpt":{"rendered":"<p>Prof. Colaborador\u00a0 Forma\u00e7\u00e3o Acad\u00eamica Dr. em Agronomia UEL (2011) M.Sc. em Agronomia UFSM (2008)&nbsp; Eng. Agr\u00f4nomo, UFSM (2005) Linha de pesquisa\/\u00c1rea Prote\u00e7\u00e3o de Plantas e Seguran\u00e7a Ambiental\/Entomologia Disciplinas Ministradas AGRO 7038 \u2013 T\u00f3picos Especiais IV \u2013 Manejo Integrado de Pragas II Laborat\u00f3rios\/Unidades de Apoio&nbsp; Publica\u00e7\u00f5es \u00a0Lattes\u00a0\u00a0\u00a0Research Gate\u00a0\u00a0 Contatos &nbsp;bortolotto.orcial@gmail.com +55 (42) 99151-0269<\/p>\n","protected":false},"author":3,"featured_media":0,"parent":0,"menu_order":0,"comment_status":"closed","ping_status":"closed","template":"","meta":{"footnotes":""},"class_list":["post-6730","page","type-page","status-publish","hentry"],"_links":{"self":[{"href":"https:\/\/agrarias.ufpr.br\/pgapv\/wp-json\/wp\/v2\/pages\/6730","targetHints":{"allow":["GET"]}}],"collection":[{"href":"https:\/\/agrarias.ufpr.br\/pgapv\/wp-json\/wp\/v2\/pages"}],"about":[{"href":"https:\/\/agrarias.ufpr.br\/pgapv\/wp-json\/wp\/v2\/types\/page"}],"author":[{"embeddable":true,"href":"https:\/\/agrarias.ufpr.br\/pgapv\/wp-json\/wp\/v2\/users\/3"}],"replies":[{"embeddable":true,"href":"https:\/\/agrarias.ufpr.br\/pgapv\/wp-json\/wp\/v2\/comments?post=6730"}],"version-history":[{"count":8,"href":"https:\/\/agrarias.ufpr.br\/pgapv\/wp-json\/wp\/v2\/pages\/6730\/revisions"}],"predecessor-version":[{"id":7703,"href":"https:\/\/agrarias.ufpr.br\/pgapv\/wp-json\/wp\/v2\/pages\/6730\/revisions\/7703"}],"wp:attachment":[{"href":"https:\/\/agrarias.ufpr.br\/pgapv\/wp-json\/wp\/v2\/media?parent=6730"}],"curies":[{"name":"wp","href":"https:\/\/api.w.org\/{rel}","templated":true}]}}