{"id":642,"date":"2018-07-05T19:54:07","date_gmt":"2018-07-05T19:54:07","guid":{"rendered":"https:\/\/agrarias.ufpr.br\/pgapv\/?page_id=642"},"modified":"2026-02-04T19:46:42","modified_gmt":"2026-02-04T19:46:42","slug":"paulo-cesar-de-faccio-carvalho","status":"publish","type":"page","link":"https:\/\/agrarias.ufpr.br\/pgapv\/paulo-cesar-de-faccio-carvalho\/","title":{"rendered":"Paulo C\u00e9sar de Faccio Carvalho"},"content":{"rendered":"\n<p>Prof.&nbsp;Permanente<\/p>\n\n\n\n<p><strong>Forma\u00e7\u00e3o Acad\u00eamica<\/strong><\/p>\n\n\n\n<p>P\u00f3s-Doutorado,&nbsp;University of California System, UC System, Estados Unidos (2013-2014)<\/p>\n\n\n\n<p>P\u00f3s-Doutorado,&nbsp;Food and Agriculture Organization of the United Nations, FAO, It\u00e1lia (2005-2006)<\/p>\n\n\n\n<p>P\u00f3s-Doutorado, Food and Agriculture Organization of the United Nations, FAO, It\u00e1lia (2001)<\/p>\n\n\n\n<p>Dr. em Zootecnia, UNESP (1997)<\/p>\n\n\n\n<p>M.Sc. em Zootecnia, UFRGS (1990)<\/p>\n\n\n\n<p>Zootecnista, UFRGS (1986)<\/p>\n\n\n\n<p><strong>Linha de pesquisa\/\u00c1rea<\/strong><\/p>\n\n\n\n<p>Produ\u00e7\u00e3o Vegetal na Agricultura Sustent\u00e1vel<strong>\/<\/strong>Sistemas Integrados em Produ\u00e7\u00e3o Agropecu\u00e1ria<\/p>\n\n\n\n<p>Seus trabalhos estudam o impacto do pastejo em ambientes pastoris naturais, cultivados ou integrados com agricultura. Os temas mais atuais de suas pesquisas portam sobre o manejo de ruminantes em pastagens, o impacto do pastejo nas lavouras de gr\u00e3os e nos estoques de carbono do solo e a emiss\u00e3o de gases de efeito estufa em sistemas agr\u00edcolas e pecu\u00e1rios.<\/p>\n\n\n\n<p><strong>Disciplinas Ministradas<\/strong><\/p>\n\n\n\n<p><a href=\"https:\/\/agrarias.ufpr.br\/pgapv\/agro-7027-pratica-docente-i\/\">AGRO 7027 \u2013 Pr\u00e1tica Docente I<\/a><\/p>\n\n\n\n<p><a href=\"https:\/\/agrarias.ufpr.br\/pgapv\/agro7028-pratica-docente-ii\/\">AGRO 7028 \u2013 Pr\u00e1tica Docente II<\/a><\/p>\n\n\n\n<p><a href=\"https:\/\/agrarias.ufpr.br\/pgapv\/apv-7034-sistemas-integrados-na-producao-agropecuaria\/\">AGRO 7034 \u2013 Sistemas Integrados na Produ\u00e7\u00e3o Agropecu\u00e1ria<\/a><\/p>\n\n\n\n<p><a href=\"https:\/\/agrarias.ufpr.br\/pgapv\/1966-2\/\">AGRO 7053 \u2013 Manejo de Pastagens em SIPA<\/a><\/p>\n\n\n\n<p><strong>Publica\u00e7\u00f5es<\/strong><\/p>\n\n\n\n<p><strong><a href=\"http:\/\/www.lattes.cnpq.br\/3066270632900420\"><\/a>\u00a0<strong><img loading=\"lazy\" decoding=\"async\" width=\"30\" height=\"29\" src=\"https:\/\/agrarias.ufpr.br\/fitotecnia\/wp-content\/uploads\/sites\/26\/2016\/03\/icon_lattes.png\" alt=\"icon_lattes\"><\/strong><a href=\"http:\/\/buscatextual.cnpq.br\/buscatextual\/visualizacv.do?id=K4782265J0\">Lattes\u00a0<\/a>\u00a0\u00a0<strong><img loading=\"lazy\" decoding=\"async\" width=\"29\" height=\"29\" class=\"alignnone\" src=\"https:\/\/agrarias.ufpr.br\/fitotecnia\/wp-content\/uploads\/sites\/26\/2016\/03\/apple-touch-icon-180x180-e1459453504744.png\" alt=\"apple-touch-icon-180x180\"><\/strong><a href=\"http:\/\/www.researchgate.net\/profile\/Arthur_Barroso\"><\/a>\u00a0<a href=\"https:\/\/www.researchgate.net\/profile\/Paulo_De_Faccio_Carvalho2\">Research Gate\u00a0<\/a><a href=\"https:\/\/orcid.org\/0000-0002-7020-3001\"><\/a><\/strong><\/p>\n\n\n\n<p><strong>Contatos<\/strong><\/p>\n\n\n\n<p><img loading=\"lazy\" decoding=\"async\" class=\"\" src=\"https:\/\/agrarias.ufpr.br\/fitotecnia\/wp-content\/uploads\/sites\/26\/2016\/03\/email-small-.jpg\" alt=\"email small\" width=\"20\" height=\"20\">&nbsp;paulocfc@ufrgs.br<\/p>\n\n\n\n<p><img loading=\"lazy\" decoding=\"async\" src=\"https:\/\/agrarias.ufpr.br\/fitotecnia\/wp-content\/uploads\/sites\/26\/2016\/03\/telefone.png\" alt=\"telefone\" width=\"22\" height=\"22\">&nbsp;+55 (51) 3308-7402<\/p>\n","protected":false},"excerpt":{"rendered":"<p>Prof.&nbsp;Permanente Forma\u00e7\u00e3o Acad\u00eamica P\u00f3s-Doutorado,&nbsp;University of California System, UC System, Estados Unidos (2013-2014) P\u00f3s-Doutorado,&nbsp;Food and Agriculture Organization of the United Nations, FAO, It\u00e1lia (2005-2006) P\u00f3s-Doutorado, Food and Agriculture Organization of the United Nations, FAO, It\u00e1lia (2001) Dr. em Zootecnia, UNESP (1997) M.Sc. em Zootecnia, UFRGS (1990) Zootecnista, UFRGS (1986) Linha de pesquisa\/\u00c1rea Produ\u00e7\u00e3o Vegetal na Agricultura Sustent\u00e1vel\/Sistemas Integrados em Produ\u00e7\u00e3o Agropecu\u00e1ria Seus trabalhos estudam o impacto do pastejo em ambientes pastoris naturais, cultivados ou integrados com [&hellip;]<\/p>\n","protected":false},"author":3,"featured_media":0,"parent":0,"menu_order":0,"comment_status":"closed","ping_status":"closed","template":"","meta":{"footnotes":""},"class_list":["post-642","page","type-page","status-publish","hentry"],"_links":{"self":[{"href":"https:\/\/agrarias.ufpr.br\/pgapv\/wp-json\/wp\/v2\/pages\/642","targetHints":{"allow":["GET"]}}],"collection":[{"href":"https:\/\/agrarias.ufpr.br\/pgapv\/wp-json\/wp\/v2\/pages"}],"about":[{"href":"https:\/\/agrarias.ufpr.br\/pgapv\/wp-json\/wp\/v2\/types\/page"}],"author":[{"embeddable":true,"href":"https:\/\/agrarias.ufpr.br\/pgapv\/wp-json\/wp\/v2\/users\/3"}],"replies":[{"embeddable":true,"href":"https:\/\/agrarias.ufpr.br\/pgapv\/wp-json\/wp\/v2\/comments?post=642"}],"version-history":[{"count":16,"href":"https:\/\/agrarias.ufpr.br\/pgapv\/wp-json\/wp\/v2\/pages\/642\/revisions"}],"predecessor-version":[{"id":7726,"href":"https:\/\/agrarias.ufpr.br\/pgapv\/wp-json\/wp\/v2\/pages\/642\/revisions\/7726"}],"wp:attachment":[{"href":"https:\/\/agrarias.ufpr.br\/pgapv\/wp-json\/wp\/v2\/media?parent=642"}],"curies":[{"name":"wp","href":"https:\/\/api.w.org\/{rel}","templated":true}]}}