{"id":6353,"date":"2025-02-11T12:17:46","date_gmt":"2025-02-11T12:17:46","guid":{"rendered":"https:\/\/agrarias.ufpr.br\/pgapv\/?page_id=6353"},"modified":"2025-02-11T12:17:49","modified_gmt":"2025-02-11T12:17:49","slug":"agro-7038-topicos-especiais-iv-quimica-aplicada-a-agronomia","status":"publish","type":"page","link":"https:\/\/agrarias.ufpr.br\/pgapv\/agro-7038-topicos-especiais-iv-quimica-aplicada-a-agronomia\/","title":{"rendered":"AGRO 7038 \u2013 T\u00f3picos Especiais IV &#8211; Qu\u00edmica Aplicada \u00e0 Agronomia"},"content":{"rendered":"\n<p><strong><b>N\u00edvel<\/b><\/strong><\/p>\n<p>Mestrado\/Doutorado<\/p>\n<p><strong><b>Natureza<\/b><\/strong><\/p>\n<p>Semestral<\/p>\n<p><strong><b>Cr\u00e9ditos <\/b><\/strong><\/p>\n<p>04<\/p>\n<p><strong><b>Carga hor\u00e1ria<\/b><\/strong><\/p>\n<p>60 horas<\/p>\n<p><strong><b>Ementa<\/b><\/strong><\/p>\n<p style=\"text-align: justify\">Introdu\u00e7\u00e3o da disciplina com os aspectos mais relevantes da import\u00e2ncia de m\u00e9todos e t\u00e9cnicas de identifica\u00e7\u00e3o e quantifica\u00e7\u00e3o elementar e molecular; Volumetria e suas aplica\u00e7\u00f5es na \u00e1rea agron\u00f4mica; Espectrofotometria UV-vis; Espectroscopia no infravermelho; Espectroscopia de massas e Resson\u00e2ncia magn\u00e9tica Nuclear; Princ\u00edpios de cromatografia e suas aplica\u00e7\u00f5es; Metab\u00f3litos secund\u00e1rios vegetais usados como marcadores qu\u00edmicos; Espectrometria de absor\u00e7\u00e3o e de emiss\u00e3o at\u00f4mica e sua rela\u00e7\u00e3o com an\u00e1lise de solos e tecido vegetal; T\u00e9cnicas avan\u00e7adas de caracteriza\u00e7\u00e3o de solo e materiais argilosos.<\/p>\n<p><strong><b>Semestre<\/b><\/strong><\/p>\n<p>1\u00ba<\/p>\n<p><strong><b>Dia\/Hor\u00e1rio<\/b><\/strong><\/p>\n<p>a definir<\/p>\n<p><strong><b>Docente<\/b><\/strong><\/p>\n<p><a href=\"https:\/\/agrarias.ufpr.br\/pgapv\/luiz-antonio-biasi\/\">Luiz Antonio Biasi<\/a> (docente respons\u00e1vel)<\/p>\n<p><a href=\"https:\/\/agrarias.ufpr.br\/pgapv\/francine-lorena-cuquel\/\">Francine Lorena Cuquel<\/a> (docente respons\u00e1vel)<\/p>\n<p>Leonel Vinicius Constantino (p\u00f3s-doc ministrante)<\/p>\n<p style=\"text-align: justify\">\u00a0<\/p>\n","protected":false},"excerpt":{"rendered":"","protected":false},"author":10269,"featured_media":0,"parent":0,"menu_order":0,"comment_status":"closed","ping_status":"closed","template":"","meta":{"footnotes":""},"class_list":["post-6353","page","type-page","status-publish","hentry"],"_links":{"self":[{"href":"https:\/\/agrarias.ufpr.br\/pgapv\/wp-json\/wp\/v2\/pages\/6353","targetHints":{"allow":["GET"]}}],"collection":[{"href":"https:\/\/agrarias.ufpr.br\/pgapv\/wp-json\/wp\/v2\/pages"}],"about":[{"href":"https:\/\/agrarias.ufpr.br\/pgapv\/wp-json\/wp\/v2\/types\/page"}],"author":[{"embeddable":true,"href":"https:\/\/agrarias.ufpr.br\/pgapv\/wp-json\/wp\/v2\/users\/10269"}],"replies":[{"embeddable":true,"href":"https:\/\/agrarias.ufpr.br\/pgapv\/wp-json\/wp\/v2\/comments?post=6353"}],"version-history":[{"count":1,"href":"https:\/\/agrarias.ufpr.br\/pgapv\/wp-json\/wp\/v2\/pages\/6353\/revisions"}],"predecessor-version":[{"id":6357,"href":"https:\/\/agrarias.ufpr.br\/pgapv\/wp-json\/wp\/v2\/pages\/6353\/revisions\/6357"}],"wp:attachment":[{"href":"https:\/\/agrarias.ufpr.br\/pgapv\/wp-json\/wp\/v2\/media?parent=6353"}],"curies":[{"name":"wp","href":"https:\/\/api.w.org\/{rel}","templated":true}]}}