{"id":634,"date":"2018-07-05T19:46:06","date_gmt":"2018-07-05T19:46:06","guid":{"rendered":"https:\/\/agrarias.ufpr.br\/pgapv\/?page_id=634"},"modified":"2021-05-07T18:00:42","modified_gmt":"2021-05-07T18:00:42","slug":"anibal-de-moraes","status":"publish","type":"page","link":"https:\/\/agrarias.ufpr.br\/pgapv\/anibal-de-moraes\/","title":{"rendered":"Anibal de Moraes"},"content":{"rendered":"<div class=\"titulo_pagina\">Prof.&nbsp;Permanente<\/div>\n<div>&nbsp;<\/div>\n<div>\n<p class=\"Normal tm5\"><strong><span class=\"tm7\">Forma\u00e7\u00e3o Acad\u00eamica<\/span><\/strong><\/p>\n<p class=\"Normal tm5\"><span class=\"tm6\">P\u00f3s-Doutorado, INRA &#8211; FR (1995-96), OHIO State University \u2013 EUA (2013-14)<\/span><\/p>\n<p class=\"Normal tm5\"><span class=\"tm6\">Dr. em Zootecnia, UFRGS (1991)<\/span><\/p>\n<p class=\"Normal tm5\"><span class=\"tm6\">M.Sc. em Agronomia, UFRGS (1984)<\/span><\/p>\n<p class=\"Normal tm5\"><span class=\"tm6\">Eng. Agr\u00f4nomo, UFRGS (1979)<\/span><\/p>\n<p class=\"Normal tm5\"><strong><span class=\"tm7\">Linha de pesquisa\/\u00c1rea<\/span><\/strong><\/p>\n<p class=\"Normal tm5\"><span class=\"tm6\">Produ\u00e7\u00e3o Vegetal na Agricultura Sustent\u00e1vel\/Sistemas Integrados em Produ\u00e7\u00e3o Agropecu\u00e1ria<\/span><\/p>\n<p style=\"text-align: justify\">Seus trabalhos estudam o impacto do pastejo em ambientes integrados com agricultura. Os temas mais atuais de suas pesquisas est\u00e3o relacionados ao impacto do pastejo e da sombra das \u00e1rvores na lavouras de gr\u00e3os e nos estoques de carbono do solo e a emiss\u00e3o de gases de efeito estufa em sistemas agrosilvipastoris.<\/p>\n<p class=\"Normal tm5\"><strong><span class=\"tm7\">Disciplinas Ministradas<\/span><\/strong><\/p>\n<p><a href=\"https:\/\/agrarias.ufpr.br\/pgapv\/agro-7027-pratica-docente-i\/\">AGRO 7027 \u2013 Pr\u00e1tica Docente I<\/a><\/p>\n<p><a href=\"https:\/\/agrarias.ufpr.br\/pgapv\/agro7028-pratica-docente-ii\/\">AGRO 7028 \u2013 Pr\u00e1tica Docente II<\/a><\/p>\n<p class=\"Normal tm5\"><a href=\"https:\/\/agrarias.ufpr.br\/pgapv\/apv-7034-sistemas-integrados-na-producao-agropecuaria\/\"><span class=\"tm8\">AGRO 7034 &#8211; Sistemas Integrados na Produ\u00e7\u00e3o Agropecu\u00e1ria<\/span><\/a><\/p>\n<p><strong>Unidade de Apoio<\/strong><\/p>\n<p><a href=\"https:\/\/agrarias.ufpr.br\/pgapv\/nucleo-de-inovacao-tecnologica-em-agropecuaria-nita\/\">N\u00facleo de Inova\u00e7\u00e3o Tecnol\u00f3gica em Agropecu\u00e1ria (NITA)<\/a><\/p>\n<p><strong>Publica\u00e7\u00f5es&nbsp;<\/strong><\/p>\n<p><a href=\"http:\/\/lattes.cnpq.br\/1400494059246572\"><img loading=\"lazy\" decoding=\"async\" class=\"alignnone\" src=\"https:\/\/agrarias.ufpr.br\/fitotecnia\/wp-content\/uploads\/sites\/26\/2016\/03\/icon_lattes.png\" alt=\"icon_lattes\" width=\"30\" height=\"29\"><\/a><a href=\"http:\/\/lattes.cnpq.br\/1400494059246572\">&nbsp;<span style=\"color: #000080\"><strong>Lattes&nbsp;<\/strong><\/span>&nbsp;<\/a><strong class=\"alignnone\"><a href=\"http:\/\/www.researchgate.net\/profile\/Arthur_Barroso\"><img loading=\"lazy\" decoding=\"async\" class=\"alignnone wp-image-1136 size-full\" src=\"https:\/\/agrarias.ufpr.br\/fitotecnia\/wp-content\/uploads\/sites\/26\/2016\/03\/apple-touch-icon-180x180-e1459453504744.png\" alt=\"apple-touch-icon-180x180\" width=\"29\" height=\"29\">&nbsp;<\/a><a href=\"https:\/\/www.researchgate.net\/profile\/Anibal_De_Moraes\"><span style=\"color: #000080\">Research Gate&nbsp;&nbsp;<\/span><\/a><a href=\"https:\/\/orcid.org\/0000-0001-7981-3941\"><span style=\"color: #000080\"><strong><img loading=\"lazy\" decoding=\"async\" class=\"alignnone wp-image-3360\" src=\"https:\/\/agrarias.ufpr.br\/pgapv\/wp-content\/uploads\/sites\/39\/2021\/02\/unnamed.jpg\" alt=\"\" width=\"93\" height=\"37\" srcset=\"https:\/\/agrarias.ufpr.br\/pgapv\/wp-content\/uploads\/sites\/39\/2021\/02\/unnamed.jpg 347w, https:\/\/agrarias.ufpr.br\/pgapv\/wp-content\/uploads\/sites\/39\/2021\/02\/unnamed-300x119.jpg 300w, https:\/\/agrarias.ufpr.br\/pgapv\/wp-content\/uploads\/sites\/39\/2021\/02\/unnamed-250x99.jpg 250w, https:\/\/agrarias.ufpr.br\/pgapv\/wp-content\/uploads\/sites\/39\/2021\/02\/unnamed-160x64.jpg 160w\" sizes=\"auto, (max-width: 93px) 100vw, 93px\" \/><\/strong><\/span><\/a><\/strong><\/p>\n<p><strong>Contatos<\/strong><\/p>\n<p><img loading=\"lazy\" decoding=\"async\" class=\"alignnone wp-image-757\" src=\"https:\/\/agrarias.ufpr.br\/fitotecnia\/wp-content\/uploads\/sites\/26\/2016\/03\/email-small-.jpg\" alt=\"email small\" width=\"22\" height=\"22\">&nbsp;anibaldemoraes@gmail.com<\/p>\n<p><img loading=\"lazy\" decoding=\"async\" class=\"wp-image-758 alignnone\" src=\"https:\/\/agrarias.ufpr.br\/fitotecnia\/wp-content\/uploads\/sites\/26\/2016\/03\/telefone.png\" alt=\"telefone\" width=\"22\" height=\"22\">+55 (41) 3350-5754\/9222-9881<\/p>\n<\/div>\n","protected":false},"excerpt":{"rendered":"<p>Prof.&nbsp;Permanente &nbsp; Forma\u00e7\u00e3o Acad\u00eamica P\u00f3s-Doutorado, INRA &#8211; FR (1995-96), OHIO State University \u2013 EUA (2013-14) Dr. em Zootecnia, UFRGS (1991) M.Sc. em Agronomia, UFRGS (1984) Eng. Agr\u00f4nomo, UFRGS (1979) Linha de pesquisa\/\u00c1rea Produ\u00e7\u00e3o Vegetal na Agricultura Sustent\u00e1vel\/Sistemas Integrados em Produ\u00e7\u00e3o Agropecu\u00e1ria Seus trabalhos estudam o impacto do pastejo em ambientes integrados com agricultura. Os temas [&hellip;]<\/p>\n","protected":false},"author":3,"featured_media":0,"parent":0,"menu_order":0,"comment_status":"closed","ping_status":"closed","template":"","meta":{"footnotes":""},"class_list":["post-634","page","type-page","status-publish","hentry"],"_links":{"self":[{"href":"https:\/\/agrarias.ufpr.br\/pgapv\/wp-json\/wp\/v2\/pages\/634","targetHints":{"allow":["GET"]}}],"collection":[{"href":"https:\/\/agrarias.ufpr.br\/pgapv\/wp-json\/wp\/v2\/pages"}],"about":[{"href":"https:\/\/agrarias.ufpr.br\/pgapv\/wp-json\/wp\/v2\/types\/page"}],"author":[{"embeddable":true,"href":"https:\/\/agrarias.ufpr.br\/pgapv\/wp-json\/wp\/v2\/users\/3"}],"replies":[{"embeddable":true,"href":"https:\/\/agrarias.ufpr.br\/pgapv\/wp-json\/wp\/v2\/comments?post=634"}],"version-history":[{"count":14,"href":"https:\/\/agrarias.ufpr.br\/pgapv\/wp-json\/wp\/v2\/pages\/634\/revisions"}],"predecessor-version":[{"id":4225,"href":"https:\/\/agrarias.ufpr.br\/pgapv\/wp-json\/wp\/v2\/pages\/634\/revisions\/4225"}],"wp:attachment":[{"href":"https:\/\/agrarias.ufpr.br\/pgapv\/wp-json\/wp\/v2\/media?parent=634"}],"curies":[{"name":"wp","href":"https:\/\/api.w.org\/{rel}","templated":true}]}}