{"id":63,"date":"2018-05-29T16:46:13","date_gmt":"2018-05-29T16:46:13","guid":{"rendered":"https:\/\/agrarias.ufpr.br\/pgapv\/?page_id=63"},"modified":"2026-02-03T18:26:09","modified_gmt":"2026-02-03T18:26:09","slug":"contato","status":"publish","type":"page","link":"https:\/\/agrarias.ufpr.br\/pgapv\/contato\/","title":{"rendered":"Contato"},"content":{"rendered":"\n<p>Coordenador(a): <a href=\"https:\/\/agrarias.ufpr.br\/pgapv\/maria-aparecida-cassilha-zawadneak\/\">Profa. Dra. Maria Aparecida Cassilha Zawadneak<\/a><\/p>\n\n\n\n<p>Vice-Coordenador: <a href=\"https:\/\/agrarias.ufpr.br\/pgapv\/leandro-bittencourt-de-oliveira\/\">Prof. Dr. Leandro Bittencourt de Oliveira<\/a><\/p>\n\n\n\n<p>Secret\u00e1ria:<a href=\"https:\/\/agrarias.ufpr.br\/fitotecnia\/servidores\/\"> Lucimara Antunes<\/a><\/p>\n\n\n\n<p>Tatiana Miranda Borges<\/p>\n\n\n\n<p><img loading=\"lazy\" decoding=\"async\" class=\"wp-image-758 alignnone\" src=\"https:\/\/agrarias.ufpr.br\/fitotecnia\/wp-content\/uploads\/sites\/26\/2016\/03\/telefone.png\" alt=\"telefone\" width=\"22\" height=\"22\">&nbsp;+55&nbsp;(41) 3350-5601<\/p>\n\n\n\n<p>Hor\u00e1rio de Funcionamento: 07h00 \u00e0s 16h00<\/p>\n\n\n\n<p><img loading=\"lazy\" decoding=\"async\" src=\"https:\/\/agrarias.ufpr.br\/fitotecnia\/wp-content\/uploads\/sites\/26\/2016\/03\/email-small-.jpg\" alt=\"email small\" width=\"22\" height=\"22\">&nbsp;pgapv@ufpr.br<\/p>\n\n\n\n<p>Rua dos Funcion\u00e1rios, 1540<br>Juvev\u00ea CEP 80035-050<br>Caixa Postal 19061 (CEP 81531-990)<br>Curitiba-PR, Brasil.<\/p>\n","protected":false},"excerpt":{"rendered":"<p>Coordenador(a): Profa. Dra. Maria Aparecida Cassilha Zawadneak Vice-Coordenador: Prof. Dr. Leandro Bittencourt de Oliveira Secret\u00e1ria: Lucimara Antunes Tatiana Miranda Borges &nbsp;+55&nbsp;(41) 3350-5601 Hor\u00e1rio de Funcionamento: 07h00 \u00e0s 16h00 &nbsp;pgapv@ufpr.br Rua dos Funcion\u00e1rios, 1540Juvev\u00ea CEP 80035-050Caixa Postal 19061 (CEP 81531-990)Curitiba-PR, Brasil.<\/p>\n","protected":false},"author":3,"featured_media":0,"parent":0,"menu_order":0,"comment_status":"closed","ping_status":"closed","template":"","meta":{"footnotes":""},"class_list":["post-63","page","type-page","status-publish","hentry"],"_links":{"self":[{"href":"https:\/\/agrarias.ufpr.br\/pgapv\/wp-json\/wp\/v2\/pages\/63","targetHints":{"allow":["GET"]}}],"collection":[{"href":"https:\/\/agrarias.ufpr.br\/pgapv\/wp-json\/wp\/v2\/pages"}],"about":[{"href":"https:\/\/agrarias.ufpr.br\/pgapv\/wp-json\/wp\/v2\/types\/page"}],"author":[{"embeddable":true,"href":"https:\/\/agrarias.ufpr.br\/pgapv\/wp-json\/wp\/v2\/users\/3"}],"replies":[{"embeddable":true,"href":"https:\/\/agrarias.ufpr.br\/pgapv\/wp-json\/wp\/v2\/comments?post=63"}],"version-history":[{"count":10,"href":"https:\/\/agrarias.ufpr.br\/pgapv\/wp-json\/wp\/v2\/pages\/63\/revisions"}],"predecessor-version":[{"id":7612,"href":"https:\/\/agrarias.ufpr.br\/pgapv\/wp-json\/wp\/v2\/pages\/63\/revisions\/7612"}],"wp:attachment":[{"href":"https:\/\/agrarias.ufpr.br\/pgapv\/wp-json\/wp\/v2\/media?parent=63"}],"curies":[{"name":"wp","href":"https:\/\/api.w.org\/{rel}","templated":true}]}}