{"id":628,"date":"2018-07-05T19:28:30","date_gmt":"2018-07-05T19:28:30","guid":{"rendered":"https:\/\/agrarias.ufpr.br\/pgapv\/?page_id=628"},"modified":"2021-05-07T18:00:08","modified_gmt":"2021-05-07T18:00:08","slug":"marguerite-germaine-ghislaine-quoirin-2","status":"publish","type":"page","link":"https:\/\/agrarias.ufpr.br\/pgapv\/marguerite-germaine-ghislaine-quoirin-2\/","title":{"rendered":"Marguerite Germaine Ghislaine Quoirin"},"content":{"rendered":"<p class=\"Normal tm7\"><span class=\"tm8\">Prof. Permanente&nbsp;<\/span><\/p>\n<p class=\"Normal tm7\"><strong><span class=\"tm9\">Forma\u00e7\u00e3o Acad\u00eamica<\/span><\/strong><\/p>\n<p class=\"Normal tm7\"><span class=\"tm8\">P\u00f3s-Doutorado, Universidade Paul Sabatier &#8211; Toulouse, Fran\u00e7a (2004-2005)<\/span><\/p>\n<p class=\"Normal tm7\"><span class=\"tm8\">Dr. em Agronomia, Facult\u00e9 des Sciences Agronomiques, FSAGx, Gembloux, B\u00e9lgica (1987)<\/span><\/p>\n<p class=\"Normal tm7\"><span class=\"tm8\">Eng. Agr\u00f4noma, FSAGx (1970)<\/span><\/p>\n<p class=\"Normal tm7\"><strong><span class=\"tm9\">Linha de pesquisa\/\u00c1rea<\/span><\/strong><\/p>\n<p class=\"Normal tm7\"><span class=\"tm8\">Fisiologia, Morfog\u00eanese e Biotecnologia de Plantas\/Cultura de tecidos vegetais <\/span><em><span class=\"tm10\">in vitro<\/span><\/em><\/p>\n<p style=\"text-align: justify\">Cultura de tecidos vegetais in vitro de esp\u00e9cies florestais e palmeiras. Uso de t\u00e9cnicas de transforma\u00e7\u00e3o gen\u00e9tica para estudo da resist\u00eancia a estresses abi\u00f3ticos<\/p>\n<p class=\"Normal tm7\"><strong><span class=\"tm9\">Disciplina Ministrada<\/span><\/strong><\/p>\n<p class=\"Normal tm7\"><a href=\"https:\/\/agrarias.ufpr.br\/pgapv\/agro-7000-a-cultura-de-tecidos-vegetais-aplicada-ao-melhoramento\/\"><span class=\"tm11\">AGRO 7000 \u2013 <\/span><span class=\"tm11\"> A cultura de Tecidos de Plantas Aplicada ao Melhoramento<\/span><\/a><\/p>\n<p><a href=\"https:\/\/agrarias.ufpr.br\/pgapv\/agro-7027-pratica-docente-i\/\">AGRO 7027 \u2013 Pr\u00e1tica Docente I<\/a><\/p>\n<p><a href=\"https:\/\/agrarias.ufpr.br\/pgapv\/agro7028-pratica-docente-ii\/\">AGRO 7028 \u2013 Pr\u00e1tica Docente II<\/a><\/p>\n<p class=\"Normal tm7\"><strong><span class=\"tm9\">Laborat\u00f3rios<\/span><\/strong><\/p>\n<p><a href=\"https:\/\/agrarias.ufpr.br\/pgapv\/laboratorio-de-micropropagacao-de-plantas\/\"><span class=\"tm11\">Laborat\u00f3rio de <\/span><span class=\"tm11\">Micropropaga\u00e7\u00e3o de Plantas<\/span><\/a><\/p>\n<p class=\"Normal tm7\"><a href=\"https:\/\/agrarias.ufpr.br\/pgapv\/laboratorio-de-micropropagacao-vegetal-lmv\/\"><span class=\"tm11\">Laborat\u00f3rio de <\/span><span class=\"tm11\">Micropropaga\u00e7\u00e3o Vegetal (LMV)<\/span><\/a><\/p>\n<p><strong>Publica\u00e7\u00f5es&nbsp;<\/strong><\/p>\n<p class=\"alignnone\"><a href=\"http:\/\/lattes.cnpq.br\/7947529909503630\"><strong class=\"alignnone\"><img loading=\"lazy\" decoding=\"async\" class=\"alignnone wp-image-742\" src=\"https:\/\/agrarias.ufpr.br\/fitotecnia\/wp-content\/uploads\/sites\/26\/2016\/03\/icon_lattes.png\" alt=\"icon_lattes\" width=\"30\" height=\"29\">&nbsp;<span style=\"color: #000080\">Lattes<\/span><\/strong><\/a><strong class=\"alignnone\"><span style=\"color: #000080\">&nbsp;&nbsp;<\/span><\/strong><strong class=\"alignnone\"><img loading=\"lazy\" decoding=\"async\" class=\"size-full wp-image-1136 alignnone\" src=\"https:\/\/agrarias.ufpr.br\/fitotecnia\/wp-content\/uploads\/sites\/26\/2016\/03\/apple-touch-icon-180x180-e1459453504744.png\" alt=\"apple-touch-icon-180x180\" width=\"29\" height=\"29\"><\/strong><strong class=\"alignnone\">&nbsp;<span style=\"color: #000080\"><a style=\"color: #000080\" href=\"https:\/\/www.researchgate.net\/profile\/Marguerite_Quoirin\">Research Gate&nbsp;&nbsp;<\/a><strong><a href=\"https:\/\/orcid.org\/0000-0003-3190-6895\"><img loading=\"lazy\" decoding=\"async\" class=\"alignnone wp-image-3185\" src=\"https:\/\/agrarias.ufpr.br\/pgapv\/wp-content\/uploads\/sites\/39\/2021\/02\/unnamed.jpg\" alt=\"\" width=\"93\" height=\"37\" srcset=\"https:\/\/agrarias.ufpr.br\/pgapv\/wp-content\/uploads\/sites\/39\/2021\/02\/unnamed.jpg 347w, https:\/\/agrarias.ufpr.br\/pgapv\/wp-content\/uploads\/sites\/39\/2021\/02\/unnamed-300x119.jpg 300w, https:\/\/agrarias.ufpr.br\/pgapv\/wp-content\/uploads\/sites\/39\/2021\/02\/unnamed-250x99.jpg 250w, https:\/\/agrarias.ufpr.br\/pgapv\/wp-content\/uploads\/sites\/39\/2021\/02\/unnamed-160x64.jpg 160w\" sizes=\"auto, (max-width: 93px) 100vw, 93px\" \/><\/a><\/strong><\/span><\/strong><\/p>\n<p><strong>Contatos<\/strong><\/p>\n<p><img loading=\"lazy\" decoding=\"async\" class=\"alignnone wp-image-757\" src=\"https:\/\/agrarias.ufpr.br\/fitotecnia\/wp-content\/uploads\/sites\/26\/2016\/03\/email-small-.jpg\" alt=\"email small\" width=\"22\" height=\"22\">&nbsp;mquoirin@ufpr.br\/margtrop@gmail.com<\/p>\n<p><img loading=\"lazy\" decoding=\"async\" class=\"wp-image-758 alignnone\" src=\"https:\/\/agrarias.ufpr.br\/fitotecnia\/wp-content\/uploads\/sites\/26\/2016\/03\/telefone.png\" alt=\"telefone\" width=\"22\" height=\"22\">+55 (41)&nbsp;3361-1502<\/p>\n","protected":false},"excerpt":{"rendered":"<p>Prof. Permanente&nbsp; Forma\u00e7\u00e3o Acad\u00eamica P\u00f3s-Doutorado, Universidade Paul Sabatier &#8211; Toulouse, Fran\u00e7a (2004-2005) Dr. em Agronomia, Facult\u00e9 des Sciences Agronomiques, FSAGx, Gembloux, B\u00e9lgica (1987) Eng. Agr\u00f4noma, FSAGx (1970) Linha de pesquisa\/\u00c1rea Fisiologia, Morfog\u00eanese e Biotecnologia de Plantas\/Cultura de tecidos vegetais in vitro Cultura de tecidos vegetais in vitro de esp\u00e9cies florestais e palmeiras. Uso de t\u00e9cnicas [&hellip;]<\/p>\n","protected":false},"author":3,"featured_media":0,"parent":0,"menu_order":0,"comment_status":"closed","ping_status":"closed","template":"","meta":{"footnotes":""},"class_list":["post-628","page","type-page","status-publish","hentry"],"_links":{"self":[{"href":"https:\/\/agrarias.ufpr.br\/pgapv\/wp-json\/wp\/v2\/pages\/628","targetHints":{"allow":["GET"]}}],"collection":[{"href":"https:\/\/agrarias.ufpr.br\/pgapv\/wp-json\/wp\/v2\/pages"}],"about":[{"href":"https:\/\/agrarias.ufpr.br\/pgapv\/wp-json\/wp\/v2\/types\/page"}],"author":[{"embeddable":true,"href":"https:\/\/agrarias.ufpr.br\/pgapv\/wp-json\/wp\/v2\/users\/3"}],"replies":[{"embeddable":true,"href":"https:\/\/agrarias.ufpr.br\/pgapv\/wp-json\/wp\/v2\/comments?post=628"}],"version-history":[{"count":15,"href":"https:\/\/agrarias.ufpr.br\/pgapv\/wp-json\/wp\/v2\/pages\/628\/revisions"}],"predecessor-version":[{"id":4224,"href":"https:\/\/agrarias.ufpr.br\/pgapv\/wp-json\/wp\/v2\/pages\/628\/revisions\/4224"}],"wp:attachment":[{"href":"https:\/\/agrarias.ufpr.br\/pgapv\/wp-json\/wp\/v2\/media?parent=628"}],"curies":[{"name":"wp","href":"https:\/\/api.w.org\/{rel}","templated":true}]}}