{"id":619,"date":"2018-07-05T14:24:35","date_gmt":"2018-07-05T14:24:35","guid":{"rendered":"https:\/\/agrarias.ufpr.br\/pgapv\/?page_id=619"},"modified":"2026-02-04T19:40:29","modified_gmt":"2026-02-04T19:40:29","slug":"luiz-antonio-biasi","status":"publish","type":"page","link":"https:\/\/agrarias.ufpr.br\/pgapv\/luiz-antonio-biasi\/","title":{"rendered":"Luiz Antonio Biasi"},"content":{"rendered":"\n<p>Prof. Permanente<\/p>\n\n\n\n<p><strong>Forma\u00e7\u00e3o Acad\u00eamica&nbsp;<\/strong><\/p>\n\n\n\n<p>P\u00f3s-Doutorado, University of Georgia, UGA, Estados Unidos (2015-2015)<\/p>\n\n\n\n<p>Dr. em Agronomia, USP (1996)<\/p>\n\n\n\n<p>M.Sc. em Fitotecnia, UFRGS (1993)<\/p>\n\n\n\n<p>Eng. Agr\u00f4nomo, UFPR (1990)<\/p>\n\n\n\n<p><strong>Linha de pesquisa\/\u00c1rea<\/strong><\/p>\n\n\n\n<p>Fisiologia, Morfog\u00eanese e Biotecnologia de Plantas\/Cultura de Tecidos e Fruticultura<\/p>\n\n\n\n<p><strong>Disciplinas Ministradas<\/strong><\/p>\n\n\n\n<p><a href=\"https:\/\/agrarias.ufpr.br\/pgapv\/agro-7016-manejo-de-especies-frutiferas-de-clima-temperado\/\">AGRO 7016 &#8211; Manejo de Esp\u00e9cies Frut\u00edferas de Clima Temperado<\/a><\/p>\n\n\n\n<p><a href=\"https:\/\/agrarias.ufpr.br\/pgapv\/agro-7027-pratica-docente-i\/\">AGRO 7027 \u2013 Pr\u00e1tica Docente I<\/a><\/p>\n\n\n\n<p><a href=\"https:\/\/agrarias.ufpr.br\/pgapv\/agro7028-pratica-docente-ii\/\">AGRO 7028 \u2013 Pr\u00e1tica Docente II<\/a><\/p>\n\n\n\n<p><a href=\"https:\/\/agrarias.ufpr.br\/pgapv\/agro-7036-topicos-especiais-ii-cultivo-de-pequenas-frutas-e-frutas-nativas\/\">AGRO 7036 &#8211; T\u00f3picos Especiais II &#8211; Cultivo de Pequenas Frutas e Frutas Nativas<\/a><\/p>\n\n\n\n<p><a href=\"https:\/\/agrarias.ufpr.br\/pgapv\/agro-7036-topicos-especias-ii-viticultura\/\">AGRO 7048 \u2013 Viticultura<\/a><\/p>\n\n\n\n<p><strong>Laborat\u00f3rio\/Unidade de Apoio<\/strong><\/p>\n\n\n\n<p><a href=\"https:\/\/agrarias.ufpr.br\/pgapv\/laboratorio-de-micropropagacao-de-plantas\/\">Laborat\u00f3rio de Micropropaga\u00e7\u00e3o de Plantas<\/a><\/p>\n\n\n\n<p><a href=\"https:\/\/agrarias.ufpr.br\/pgapv\/setor-de-fruticultura-pomar\/\">\u00c1rea Experimental de Fruticultura (Pomar)<\/a><\/p>\n\n\n\n<p><strong>Publica\u00e7\u00f5es<\/strong><\/p>\n\n\n\n<p><strong><a href=\"http:\/\/lattes.cnpq.br\/8306355113101814\"><\/a><strong><img loading=\"lazy\" decoding=\"async\" width=\"30\" height=\"29\" src=\"https:\/\/agrarias.ufpr.br\/fitotecnia\/wp-content\/uploads\/sites\/26\/2016\/03\/icon_lattes.png\" alt=\"icon_lattes\"><\/strong>&nbsp;<a href=\"http:\/\/lattes.cnpq.br\/8306355113101814\">Lattes&nbsp;&nbsp;<\/a><strong><img loading=\"lazy\" decoding=\"async\" width=\"29\" height=\"29\" class=\"alignnone\" src=\"https:\/\/agrarias.ufpr.br\/fitotecnia\/wp-content\/uploads\/sites\/26\/2016\/03\/apple-touch-icon-180x180-e1459453504744.png\" alt=\"apple-touch-icon-180x180\"><\/strong><a href=\"https:\/\/www.researchgate.net\/profile\/Luiz-Biasi\"><strong>&nbsp;Research Gate<\/strong><\/a>&nbsp;<a href=\"https:\/\/orcid.org\/0000-0002-3479-8925\"><\/a><\/strong><\/p>\n\n\n\n<p><strong>Contatos<\/strong><\/p>\n\n\n\n<p><img loading=\"lazy\" decoding=\"async\" src=\"https:\/\/agrarias.ufpr.br\/fitotecnia\/wp-content\/uploads\/sites\/26\/2016\/03\/email-small-.jpg\" alt=\"email small\" width=\"22\" height=\"22\">&nbsp;biasi@ufpr.br<\/p>\n\n\n\n<p><img loading=\"lazy\" decoding=\"async\" src=\"https:\/\/agrarias.ufpr.br\/fitotecnia\/wp-content\/uploads\/sites\/26\/2016\/03\/telefone.png\" alt=\"telefone\" width=\"22\" height=\"22\">+55 (41) 3350-5682<\/p>\n","protected":false},"excerpt":{"rendered":"<p>Prof. Permanente Forma\u00e7\u00e3o Acad\u00eamica&nbsp; P\u00f3s-Doutorado, University of Georgia, UGA, Estados Unidos (2015-2015) Dr. em Agronomia, USP (1996) M.Sc. em Fitotecnia, UFRGS (1993) Eng. Agr\u00f4nomo, UFPR (1990) Linha de pesquisa\/\u00c1rea Fisiologia, Morfog\u00eanese e Biotecnologia de Plantas\/Cultura de Tecidos e Fruticultura Disciplinas Ministradas AGRO 7016 &#8211; Manejo de Esp\u00e9cies Frut\u00edferas de Clima Temperado AGRO 7027 \u2013 Pr\u00e1tica [&hellip;]<\/p>\n","protected":false},"author":3,"featured_media":0,"parent":0,"menu_order":0,"comment_status":"closed","ping_status":"closed","template":"","meta":{"footnotes":""},"class_list":["post-619","page","type-page","status-publish","hentry"],"_links":{"self":[{"href":"https:\/\/agrarias.ufpr.br\/pgapv\/wp-json\/wp\/v2\/pages\/619","targetHints":{"allow":["GET"]}}],"collection":[{"href":"https:\/\/agrarias.ufpr.br\/pgapv\/wp-json\/wp\/v2\/pages"}],"about":[{"href":"https:\/\/agrarias.ufpr.br\/pgapv\/wp-json\/wp\/v2\/types\/page"}],"author":[{"embeddable":true,"href":"https:\/\/agrarias.ufpr.br\/pgapv\/wp-json\/wp\/v2\/users\/3"}],"replies":[{"embeddable":true,"href":"https:\/\/agrarias.ufpr.br\/pgapv\/wp-json\/wp\/v2\/comments?post=619"}],"version-history":[{"count":25,"href":"https:\/\/agrarias.ufpr.br\/pgapv\/wp-json\/wp\/v2\/pages\/619\/revisions"}],"predecessor-version":[{"id":7718,"href":"https:\/\/agrarias.ufpr.br\/pgapv\/wp-json\/wp\/v2\/pages\/619\/revisions\/7718"}],"wp:attachment":[{"href":"https:\/\/agrarias.ufpr.br\/pgapv\/wp-json\/wp\/v2\/media?parent=619"}],"curies":[{"name":"wp","href":"https:\/\/api.w.org\/{rel}","templated":true}]}}