{"id":613,"date":"2018-07-05T14:17:28","date_gmt":"2018-07-05T14:17:28","guid":{"rendered":"https:\/\/agrarias.ufpr.br\/pgapv\/?page_id=613"},"modified":"2026-02-04T19:35:55","modified_gmt":"2026-02-04T19:35:55","slug":"joao-carlos-bespalhok-filho","status":"publish","type":"page","link":"https:\/\/agrarias.ufpr.br\/pgapv\/joao-carlos-bespalhok-filho\/","title":{"rendered":"Jo\u00e3o Carlos Bespalhok Filho"},"content":{"rendered":"\n<p>Prof. Permanente<\/p>\n\n\n\n<p><strong>Forma\u00e7\u00e3o Acad\u00eamica&nbsp;<\/strong><\/p>\n\n\n\n<p>Ph.D. em Agricultura, Nagoya University (1999)<\/p>\n\n\n\n<p>M.Sc. em Gen\u00e9tica e Biologia Molecular, UEL (1993)<\/p>\n\n\n\n<p>Eng. Agr\u00f4nomo, UEL (1989)<\/p>\n\n\n\n<p><strong>Linha de pesquisa\/\u00c1rea<\/strong><\/p>\n\n\n\n<p>Fisiologia, Morfog\u00eanese e Biotecnologia de Plantas\/Melhoramento de Plantas<\/p>\n\n\n\n<p><strong>Disciplinas Ministradas<\/strong><\/p>\n\n\n\n<p><a href=\"https:\/\/agrarias.ufpr.br\/pgapv\/agro-7019-melhoramento-da-cultura-da-cana-de-acucar\/\">AGRO 7019 &#8211; Melhoramento da Cultura da Cana-de-a\u00e7\u00facar&nbsp;<\/a><\/p>\n\n\n\n<p><a href=\"https:\/\/agrarias.ufpr.br\/pgapv\/apv-7020-metodos-de-melhoramento-de-plantas\/\">AGRO 7021 &#8211; M\u00e9todos de Melhoramento de Plantas&nbsp;<\/a><\/p>\n\n\n\n<p><a href=\"https:\/\/agrarias.ufpr.br\/pgapv\/agro-7027-pratica-docente-i\/\">AGRO 7027 \u2013 Pr\u00e1tica Docente I<\/a><\/p>\n\n\n\n<p><a href=\"https:\/\/agrarias.ufpr.br\/pgapv\/agro7028-pratica-docente-ii\/\">AGRO 7028 \u2013 Pr\u00e1tica Docente II<\/a><\/p>\n\n\n\n<p><a href=\"https:\/\/agrarias.ufpr.br\/pgapv\/apv-7035-topicos-especiais-ii-hibridacao-da-cana-de-acucar\/\">AGRO 7036 &#8211; T\u00f3picos Especiais II &#8211; Hibrida\u00e7\u00e3o da Cana-de-A\u00e7\u00facar&nbsp;<\/a><\/p>\n\n\n\n<p><strong>Laborat\u00f3rios<\/strong><\/p>\n\n\n\n<p><a href=\"https:\/\/agrarias.ufpr.br\/pgapv\/laboratorio-de-epidemiologia-molecular-laem\/\">Laborat\u00f3rio de Epidemiologia Molecular \u2013 LAEM<\/a><\/p>\n\n\n\n<p><a href=\"https:\/\/agrarias.ufpr.br\/pgapv\/laboratorio-de-micropropagacao-de-plantas\/\">Laborat\u00f3rio de Micropropaga\u00e7\u00e3o de Plantas<\/a><\/p>\n\n\n\n<p><strong>Publica\u00e7\u00f5es<\/strong><\/p>\n\n\n\n<p><strong><a href=\"http:\/\/lattes.cnpq.br\/7259294879683133\"><\/a><strong><img loading=\"lazy\" decoding=\"async\" width=\"30\" height=\"29\" src=\"https:\/\/agrarias.ufpr.br\/fitotecnia\/wp-content\/uploads\/sites\/26\/2016\/03\/icon_lattes.png\" alt=\"icon_lattes\"><\/strong><a href=\"http:\/\/lattes.cnpq.br\/7259294879683133\"> <\/a><a href=\"http:\/\/lattes.cnpq.br\/7259294879683133\">Lattes<\/a>\u00a0\u00a0<strong><img loading=\"lazy\" decoding=\"async\" width=\"29\" height=\"29\" class=\"alignnone\" src=\"https:\/\/agrarias.ufpr.br\/fitotecnia\/wp-content\/uploads\/sites\/26\/2016\/03\/apple-touch-icon-180x180-e1459453504744.png\" alt=\"apple-touch-icon-180x180\"><\/strong><a href=\"https:\/\/www.researchgate.net\/profile\/Joao_Bespalhok\"> <\/a><a href=\"https:\/\/www.researchgate.net\/profile\/Joao_Bespalhok\">Research Gate\u00a0\u00a0<\/a><a href=\"https:\/\/orcid.org\/0000-0003-2705-9750\"><\/a><\/strong><\/p>\n\n\n\n<p><strong>Contatos<\/strong><\/p>\n\n\n\n<p><img loading=\"lazy\" decoding=\"async\" src=\"https:\/\/agrarias.ufpr.br\/fitotecnia\/wp-content\/uploads\/sites\/26\/2016\/03\/email-small-.jpg\" alt=\"email small\" width=\"22\" height=\"22\">&nbsp;bespa@ufpr.br<\/p>\n\n\n\n<p><img loading=\"lazy\" decoding=\"async\" src=\"https:\/\/agrarias.ufpr.br\/fitotecnia\/wp-content\/uploads\/sites\/26\/2016\/03\/telefone.png\" alt=\"telefone\" width=\"22\" height=\"22\">+55 (41) 3350-5716<\/p>\n","protected":false},"excerpt":{"rendered":"<p>Prof. Permanente Forma\u00e7\u00e3o Acad\u00eamica&nbsp; Ph.D. em Agricultura, Nagoya University (1999) M.Sc. em Gen\u00e9tica e Biologia Molecular, UEL (1993) Eng. Agr\u00f4nomo, UEL (1989) Linha de pesquisa\/\u00c1rea Fisiologia, Morfog\u00eanese e Biotecnologia de Plantas\/Melhoramento de Plantas Disciplinas Ministradas AGRO 7019 &#8211; Melhoramento da Cultura da Cana-de-a\u00e7\u00facar&nbsp; AGRO 7021 &#8211; M\u00e9todos de Melhoramento de Plantas&nbsp; AGRO 7027 \u2013 Pr\u00e1tica Docente I AGRO 7028 \u2013 Pr\u00e1tica Docente II AGRO 7036 &#8211; T\u00f3picos Especiais II &#8211; Hibrida\u00e7\u00e3o da Cana-de-A\u00e7\u00facar&nbsp; Laborat\u00f3rios Laborat\u00f3rio [&hellip;]<\/p>\n","protected":false},"author":3,"featured_media":0,"parent":0,"menu_order":0,"comment_status":"closed","ping_status":"closed","template":"","meta":{"footnotes":""},"class_list":["post-613","page","type-page","status-publish","hentry"],"_links":{"self":[{"href":"https:\/\/agrarias.ufpr.br\/pgapv\/wp-json\/wp\/v2\/pages\/613","targetHints":{"allow":["GET"]}}],"collection":[{"href":"https:\/\/agrarias.ufpr.br\/pgapv\/wp-json\/wp\/v2\/pages"}],"about":[{"href":"https:\/\/agrarias.ufpr.br\/pgapv\/wp-json\/wp\/v2\/types\/page"}],"author":[{"embeddable":true,"href":"https:\/\/agrarias.ufpr.br\/pgapv\/wp-json\/wp\/v2\/users\/3"}],"replies":[{"embeddable":true,"href":"https:\/\/agrarias.ufpr.br\/pgapv\/wp-json\/wp\/v2\/comments?post=613"}],"version-history":[{"count":14,"href":"https:\/\/agrarias.ufpr.br\/pgapv\/wp-json\/wp\/v2\/pages\/613\/revisions"}],"predecessor-version":[{"id":7715,"href":"https:\/\/agrarias.ufpr.br\/pgapv\/wp-json\/wp\/v2\/pages\/613\/revisions\/7715"}],"wp:attachment":[{"href":"https:\/\/agrarias.ufpr.br\/pgapv\/wp-json\/wp\/v2\/media?parent=613"}],"curies":[{"name":"wp","href":"https:\/\/api.w.org\/{rel}","templated":true}]}}