{"id":608,"date":"2018-07-05T14:11:20","date_gmt":"2018-07-05T14:11:20","guid":{"rendered":"https:\/\/agrarias.ufpr.br\/pgapv\/?page_id=608"},"modified":"2021-05-07T17:57:35","modified_gmt":"2021-05-07T17:57:35","slug":"flavio-zanette","status":"publish","type":"page","link":"https:\/\/agrarias.ufpr.br\/pgapv\/flavio-zanette\/","title":{"rendered":"Fl\u00e1vio Zanette"},"content":{"rendered":"<p>Prof. Colaborador<\/p>\n<p><strong>Forma\u00e7\u00e3o acad\u00eamica<\/strong><\/p>\n<p>P\u00f3s-Doutorado,&nbsp;Ecole Nationale Sup\u00e9rieure Agronomique de Rennes, ENSAR, Fran\u00e7a (1988-1992)<\/p>\n<p>Dr. em Fitotecnia, Universite de Clermont II, UCII, Fran\u00e7a (1981)<\/p>\n<p>M.Sc. em Fitotecnia, UFRGS (1978)<\/p>\n<p>Eng. Agr\u00f4nomo, UFPR (1970)<\/p>\n<p class=\"Normal tm13\"><strong><span class=\"tm12\">Linha de pesquisa\/\u00c1rea<\/span><\/strong><\/p>\n<p class=\"Normal tm13\"><span class=\"tm11\">Fisiologia, Morfog\u00eanese e Biotecnologia de Plantas\/Morfog\u00eanese e Fruticultura<\/span><\/p>\n<p>Tem experi\u00eancia na \u00e1rea de Agronomia, com \u00eanfase em Arboricultura, atuando principalmente nos seguintes temas: micropropaga\u00e7\u00e3o, dorm\u00eancia, morfog\u00eanese, raiz, macieira e arauc\u00e1ria.<\/p>\n<p class=\"Normal tm13\"><strong><span class=\"tm12\">Disciplinas Ministradas<\/span><\/strong><\/p>\n<p><a href=\"https:\/\/agrarias.ufpr.br\/pgapv\/agro-7022-morfogenese-morfologia-e-poda-de-plantas-perenes-2\/\">AGRO 7022 \u2013 Morfog\u00eanese, Morfologia e Poda de Plantas Perenes<\/a><\/p>\n<p><a href=\"https:\/\/agrarias.ufpr.br\/pgapv\/agro-7030-propagacao-vegetativa-de-plantas\/\">AGRO 7030 \u2013 Propaga\u00e7\u00e3o Vegetativa de Plantas<\/a><\/p>\n<p><strong>Laborat\u00f3rio<\/strong><\/p>\n<p><a href=\"https:\/\/agrarias.ufpr.br\/pgapv\/laboratorio-de-micropropagacao-de-plantas\/\">Laborat\u00f3rio de Micropropaga\u00e7\u00e3o de Plantas<\/a><\/p>\n<p><strong>Publica\u00e7\u00f5es<\/strong><\/p>\n<p><strong><img loading=\"lazy\" decoding=\"async\" class=\"alignnone wp-image-742\" src=\"https:\/\/agrarias.ufpr.br\/fitotecnia\/wp-content\/uploads\/sites\/26\/2016\/03\/icon_lattes.png\" alt=\"icon_lattes\" width=\"30\" height=\"29\"><a href=\"http:\/\/buscatextual.cnpq.br\/buscatextual\/visualizacv.do?id=K4787182T3\">&nbsp;<span style=\"color: #000080\">Lattes<\/span><\/a><span style=\"color: #000080\">&nbsp;&nbsp;<a href=\"https:\/\/orcid.org\/0000-0001-5917-6711\"><img loading=\"lazy\" decoding=\"async\" class=\"alignnone wp-image-3185\" src=\"https:\/\/agrarias.ufpr.br\/pgapv\/wp-content\/uploads\/sites\/39\/2021\/02\/unnamed.jpg\" alt=\"\" width=\"93\" height=\"37\" srcset=\"https:\/\/agrarias.ufpr.br\/pgapv\/wp-content\/uploads\/sites\/39\/2021\/02\/unnamed.jpg 347w, https:\/\/agrarias.ufpr.br\/pgapv\/wp-content\/uploads\/sites\/39\/2021\/02\/unnamed-300x119.jpg 300w, https:\/\/agrarias.ufpr.br\/pgapv\/wp-content\/uploads\/sites\/39\/2021\/02\/unnamed-250x99.jpg 250w, https:\/\/agrarias.ufpr.br\/pgapv\/wp-content\/uploads\/sites\/39\/2021\/02\/unnamed-160x64.jpg 160w\" sizes=\"auto, (max-width: 93px) 100vw, 93px\" \/><\/a><\/span><\/strong><\/p>\n<p><strong>Contatos<\/strong><\/p>\n<p><img loading=\"lazy\" decoding=\"async\" class=\"alignnone wp-image-757\" src=\"https:\/\/agrarias.ufpr.br\/fitotecnia\/wp-content\/uploads\/sites\/26\/2016\/03\/email-small-.jpg\" alt=\"email small\" width=\"22\" height=\"22\">&nbsp;flazan@ufpr.br<\/p>\n<p><img loading=\"lazy\" decoding=\"async\" class=\"wp-image-758 alignnone\" src=\"https:\/\/agrarias.ufpr.br\/fitotecnia\/wp-content\/uploads\/sites\/26\/2016\/03\/telefone.png\" alt=\"telefone\" width=\"22\" height=\"22\">+55 (41) 3350-5601<\/p>\n","protected":false},"excerpt":{"rendered":"<p>Prof. Colaborador Forma\u00e7\u00e3o acad\u00eamica P\u00f3s-Doutorado,&nbsp;Ecole Nationale Sup\u00e9rieure Agronomique de Rennes, ENSAR, Fran\u00e7a (1988-1992) Dr. em Fitotecnia, Universite de Clermont II, UCII, Fran\u00e7a (1981) M.Sc. em Fitotecnia, UFRGS (1978) Eng. Agr\u00f4nomo, UFPR (1970) Linha de pesquisa\/\u00c1rea Fisiologia, Morfog\u00eanese e Biotecnologia de Plantas\/Morfog\u00eanese e Fruticultura Tem experi\u00eancia na \u00e1rea de Agronomia, com \u00eanfase em Arboricultura, atuando principalmente [&hellip;]<\/p>\n","protected":false},"author":3,"featured_media":0,"parent":0,"menu_order":0,"comment_status":"closed","ping_status":"closed","template":"","meta":{"footnotes":""},"class_list":["post-608","page","type-page","status-publish","hentry"],"_links":{"self":[{"href":"https:\/\/agrarias.ufpr.br\/pgapv\/wp-json\/wp\/v2\/pages\/608","targetHints":{"allow":["GET"]}}],"collection":[{"href":"https:\/\/agrarias.ufpr.br\/pgapv\/wp-json\/wp\/v2\/pages"}],"about":[{"href":"https:\/\/agrarias.ufpr.br\/pgapv\/wp-json\/wp\/v2\/types\/page"}],"author":[{"embeddable":true,"href":"https:\/\/agrarias.ufpr.br\/pgapv\/wp-json\/wp\/v2\/users\/3"}],"replies":[{"embeddable":true,"href":"https:\/\/agrarias.ufpr.br\/pgapv\/wp-json\/wp\/v2\/comments?post=608"}],"version-history":[{"count":16,"href":"https:\/\/agrarias.ufpr.br\/pgapv\/wp-json\/wp\/v2\/pages\/608\/revisions"}],"predecessor-version":[{"id":4219,"href":"https:\/\/agrarias.ufpr.br\/pgapv\/wp-json\/wp\/v2\/pages\/608\/revisions\/4219"}],"wp:attachment":[{"href":"https:\/\/agrarias.ufpr.br\/pgapv\/wp-json\/wp\/v2\/media?parent=608"}],"curies":[{"name":"wp","href":"https:\/\/api.w.org\/{rel}","templated":true}]}}