{"id":605,"date":"2018-07-05T14:00:03","date_gmt":"2018-07-05T14:00:03","guid":{"rendered":"https:\/\/agrarias.ufpr.br\/pgapv\/?page_id=605"},"modified":"2026-02-04T19:29:30","modified_gmt":"2026-02-04T19:29:30","slug":"bruno-francisco-santanna-dos-santos","status":"publish","type":"page","link":"https:\/\/agrarias.ufpr.br\/pgapv\/bruno-francisco-santanna-dos-santos\/","title":{"rendered":"Bruno Francisco Sant&#8217;Anna dos Santos"},"content":{"rendered":"\n<p>Prof.&nbsp;Permanente<\/p>\n\n\n\n<p><strong>Forma\u00e7\u00e3o Acad\u00eamica<\/strong><\/p>\n\n\n\n<p>P\u00f3s-Doutorado em Bot\u00e2nica, UFV (2008-2009)<\/p>\n\n\n\n<p>Dr. em Bot\u00e2nica, UFV (2008)<\/p>\n\n\n\n<p>Eng. Agr\u00f4nomo, UFV (2003)<\/p>\n\n\n\n<p><strong>Linha de pesquisa\/\u00c1rea<\/strong><\/p>\n\n\n\n<p>Fisiologia, Morfog\u00eanese e Biotecnologia de Plantas\/Morfologia Vegetal<\/p>\n\n\n\n<p>Tem experi\u00eancia na \u00e1rea de Anatomia Vegetal, atuando nos seguintes temas: anatomia aplicada \u00e0 taxonomia de Arecaceae e morfoanatomia dos efeitos de estresses bi\u00f3ticos e abi\u00f3ticos em plantas.<\/p>\n\n\n\n<p><strong>Disciplinas Ministradas<\/strong><\/p>\n\n\n\n<p><a href=\"https:\/\/agrarias.ufpr.br\/pgapv\/agro-7027-pratica-docente-i\/\">AGRO 7027 \u2013 Pr\u00e1tica Docente I<\/a><\/p>\n\n\n\n<p><a href=\"https:\/\/agrarias.ufpr.br\/pgapv\/agro7028-pratica-docente-ii\/\">AGRO 7028 \u2013 Pr\u00e1tica Docente II<\/a><\/p>\n\n\n\n<p><a href=\"https:\/\/agrarias.ufpr.br\/pgapv\/agro7037-topicos-especiais-iii-mortoanatomia-do-estresse-em-especies-de-interesse-agronomico\/\">AGRO 7036 \u2013 T\u00f3picos Especiais II \u2013 Morfoanatomia do Estresse em Esp\u00e9cies de Interesse Agron\u00f4mico<\/a><\/p>\n\n\n\n<p><a href=\"https:\/\/agrarias.ufpr.br\/pgapv\/agro-xxxx-uso-de-imagens-em-trabalhos-cientificos-e-analise-micromorfometrica\/\">AGRO 7039 \u2013 Uso de Imagens em Trabalhos Cient\u00edficos e An\u00e1lise Micromorfom\u00e9trica<\/a><\/p>\n\n\n\n<p><a href=\"https:\/\/agrarias.ufpr.br\/pgapv\/agro-xxxx-processamento-de-amostras-para-estudos-em-anatomia-vegetal\/\">AGRO 7040 \u2013 Processamento de Amostras para Estudos em Anatomia Vegetal<\/a><\/p>\n\n\n\n<p><strong>Laborat\u00f3rio<\/strong><\/p>\n\n\n\n<p><a href=\"https:\/\/agrarias.ufpr.br\/pgapv\/laboratorio-de-anatomia-e-biomecanica-vegetal-labv\/\">Laborat\u00f3rio de Anatomia e Biomec\u00e2nica Vegetal (LABV)<\/a><\/p>\n\n\n\n<p><strong>Publica\u00e7\u00f5es<\/strong><\/p>\n\n\n\n<p><a href=\"http:\/\/lattes.cnpq.br\/1400494059246572\"><\/a>\u00a0<strong><a href=\"http:\/\/buscatextual.cnpq.br\/buscatextual\/visualizacv.do?id=K4759559P2\">\u00a0<\/a><img loading=\"lazy\" decoding=\"async\" width=\"30\" height=\"29\" src=\"https:\/\/agrarias.ufpr.br\/fitotecnia\/wp-content\/uploads\/sites\/26\/2016\/03\/icon_lattes.png\" alt=\"icon_lattes\"><a href=\"http:\/\/lattes.cnpq.br\/2030546426863720\">Lattes\u00a0<\/a><\/strong>\u00a0<strong><a href=\"https:\/\/www.researchgate.net\/profile\/Bruno_Santanna-Santos\">\u00a0<\/a><strong><img loading=\"lazy\" decoding=\"async\" width=\"29\" height=\"29\" class=\"alignnone\" src=\"https:\/\/agrarias.ufpr.br\/fitotecnia\/wp-content\/uploads\/sites\/26\/2016\/03\/apple-touch-icon-180x180-e1459453504744.png\" alt=\"apple-touch-icon-180x180\"><\/strong><a href=\"https:\/\/www.researchgate.net\/profile\/Bruno_Santanna-Santos\">Research Gate\u00a0\u00a0<\/a><a href=\"https:\/\/orcid.org\/0000-0002-8327-2081\"><\/a><\/strong><\/p>\n\n\n\n<p><strong>Contatos<\/strong><\/p>\n\n\n\n<p><img loading=\"lazy\" decoding=\"async\" src=\"https:\/\/agrarias.ufpr.br\/fitotecnia\/wp-content\/uploads\/sites\/26\/2016\/03\/email-small-.jpg\" alt=\"email small\" width=\"22\" height=\"22\">&nbsp;brunofrancisco@ufpr.br<\/p>\n\n\n\n<p><img loading=\"lazy\" decoding=\"async\" src=\"https:\/\/agrarias.ufpr.br\/fitotecnia\/wp-content\/uploads\/sites\/26\/2016\/03\/telefone.png\" alt=\"telefone\" width=\"22\" height=\"22\">+55 (41) 3361-1622<\/p>\n","protected":false},"excerpt":{"rendered":"<p>Prof.&nbsp;Permanente Forma\u00e7\u00e3o Acad\u00eamica P\u00f3s-Doutorado em Bot\u00e2nica, UFV (2008-2009) Dr. em Bot\u00e2nica, UFV (2008) Eng. Agr\u00f4nomo, UFV (2003) Linha de pesquisa\/\u00c1rea Fisiologia, Morfog\u00eanese e Biotecnologia de Plantas\/Morfologia Vegetal Tem experi\u00eancia na \u00e1rea de Anatomia Vegetal, atuando nos seguintes temas: anatomia aplicada \u00e0 taxonomia de Arecaceae e morfoanatomia dos efeitos de estresses bi\u00f3ticos e abi\u00f3ticos em plantas. [&hellip;]<\/p>\n","protected":false},"author":3,"featured_media":0,"parent":0,"menu_order":0,"comment_status":"closed","ping_status":"closed","template":"","meta":{"footnotes":""},"class_list":["post-605","page","type-page","status-publish","hentry"],"_links":{"self":[{"href":"https:\/\/agrarias.ufpr.br\/pgapv\/wp-json\/wp\/v2\/pages\/605","targetHints":{"allow":["GET"]}}],"collection":[{"href":"https:\/\/agrarias.ufpr.br\/pgapv\/wp-json\/wp\/v2\/pages"}],"about":[{"href":"https:\/\/agrarias.ufpr.br\/pgapv\/wp-json\/wp\/v2\/types\/page"}],"author":[{"embeddable":true,"href":"https:\/\/agrarias.ufpr.br\/pgapv\/wp-json\/wp\/v2\/users\/3"}],"replies":[{"embeddable":true,"href":"https:\/\/agrarias.ufpr.br\/pgapv\/wp-json\/wp\/v2\/comments?post=605"}],"version-history":[{"count":28,"href":"https:\/\/agrarias.ufpr.br\/pgapv\/wp-json\/wp\/v2\/pages\/605\/revisions"}],"predecessor-version":[{"id":7711,"href":"https:\/\/agrarias.ufpr.br\/pgapv\/wp-json\/wp\/v2\/pages\/605\/revisions\/7711"}],"wp:attachment":[{"href":"https:\/\/agrarias.ufpr.br\/pgapv\/wp-json\/wp\/v2\/media?parent=605"}],"curies":[{"name":"wp","href":"https:\/\/api.w.org\/{rel}","templated":true}]}}