{"id":597,"date":"2018-07-05T13:52:32","date_gmt":"2018-07-05T13:52:32","guid":{"rendered":"https:\/\/agrarias.ufpr.br\/pgapv\/?page_id=597"},"modified":"2018-09-25T19:09:21","modified_gmt":"2018-09-25T19:09:21","slug":"luiz-alberto-kozlowski","status":"publish","type":"page","link":"https:\/\/agrarias.ufpr.br\/pgapv\/luiz-alberto-kozlowski\/","title":{"rendered":"Luiz Alberto Kozlowski"},"content":{"rendered":"<div class=\"titulo_pagina\">Prof. Colaborador<\/div>\n<div>&nbsp;<\/div>\n<div>\n<p><strong><b>Forma\u00e7\u00e3o Acad\u00eamica<\/b><\/strong><\/p>\n<p>Dr. em Produ\u00e7\u00e3o Vegetal, UFPR (2008)<\/p>\n<p>M.Sc. em Produ\u00e7\u00e3o Vegetal, UFPR (1999)<\/p>\n<p>Eng. Agr\u00f4nomo, UEM (1985)<\/p>\n<p><strong><b>Linha de pesquisa\/\u00c1rea\/Sub-\u00e1rea<\/b><\/strong><\/p>\n<p>Manejo de culturas<strong><b>\/C<\/b><\/strong>ulturas Anuais&nbsp;de Ver\u00e3o e Inverno\/Manejo Fitot\u00e9cnico e Fitossanit\u00e1rio<\/p>\n<p><strong><b>Disciplina Ministrada<\/b><\/strong><\/p>\n<p><a href=\"https:\/\/agrarias.ufpr.br\/pgapv\/agro-7038-manejo-de-lavouras-de-verao\/\">AGRO 7038 &#8211; T\u00f3picos especiais IV &#8211; Manejo&nbsp;de Lavouras de Ver\u00e3o (Milho e Soja)<\/a><\/p>\n<p><strong><b>Laborat\u00f3rio<\/b><\/strong><\/p>\n<p><a href=\"https:\/\/agrarias.ufpr.br\/pgapv\/laboratorio-de-fitotecnia\/\">Laborat\u00f3rio de Fitotecnia<\/a><\/p>\n<p><strong><a class=\"alignnone\" href=\"http:\/\/lattes.cnpq.br\/7247865611987854\"><img loading=\"lazy\" decoding=\"async\" class=\"alignnone wp-image-742\" src=\"https:\/\/agrarias.ufpr.br\/fitotecnia\/wp-content\/uploads\/sites\/26\/2016\/03\/icon_lattes.png\" alt=\"icon_lattes\" width=\"30\" height=\"29\"><span style=\"color: #000080\">&nbsp;<\/span><\/a><span style=\"color: #000080\"><a style=\"color: #000080\" href=\"http:\/\/lattes.cnpq.br\/7247865611987854\">Lattes&nbsp;<\/a><\/span><\/strong><\/p>\n<p><img loading=\"lazy\" decoding=\"async\" class=\"wp-image-758 alignnone\" src=\"https:\/\/agrarias.ufpr.br\/fitotecnia\/wp-content\/uploads\/sites\/26\/2016\/03\/telefone.png\" alt=\"telefone\" width=\"22\" height=\"22\">+55 (41) 3350-5820<\/p>\n<p><img loading=\"lazy\" decoding=\"async\" class=\"alignnone wp-image-757\" src=\"https:\/\/agrarias.ufpr.br\/fitotecnia\/wp-content\/uploads\/sites\/26\/2016\/03\/email-small-.jpg\" alt=\"email small\" width=\"22\" height=\"22\">&nbsp;luizkozlowski@ufpr.br\/luizkozlowski.agro@gmail.com<\/p>\n<\/div>\n","protected":false},"excerpt":{"rendered":"<p>Prof. Colaborador &nbsp; Forma\u00e7\u00e3o Acad\u00eamica Dr. em Produ\u00e7\u00e3o Vegetal, UFPR (2008) M.Sc. em Produ\u00e7\u00e3o Vegetal, UFPR (1999) Eng. Agr\u00f4nomo, UEM (1985) Linha de pesquisa\/\u00c1rea\/Sub-\u00e1rea Manejo de culturas\/Culturas Anuais&nbsp;de Ver\u00e3o e Inverno\/Manejo Fitot\u00e9cnico e Fitossanit\u00e1rio Disciplina Ministrada AGRO 7038 &#8211; T\u00f3picos especiais IV &#8211; Manejo&nbsp;de Lavouras de Ver\u00e3o (Milho e Soja) Laborat\u00f3rio Laborat\u00f3rio de Fitotecnia &nbsp;Lattes&nbsp; [&hellip;]<\/p>\n","protected":false},"author":3,"featured_media":0,"parent":0,"menu_order":0,"comment_status":"closed","ping_status":"closed","template":"","meta":{"footnotes":""},"class_list":["post-597","page","type-page","status-publish","hentry"],"_links":{"self":[{"href":"https:\/\/agrarias.ufpr.br\/pgapv\/wp-json\/wp\/v2\/pages\/597","targetHints":{"allow":["GET"]}}],"collection":[{"href":"https:\/\/agrarias.ufpr.br\/pgapv\/wp-json\/wp\/v2\/pages"}],"about":[{"href":"https:\/\/agrarias.ufpr.br\/pgapv\/wp-json\/wp\/v2\/types\/page"}],"author":[{"embeddable":true,"href":"https:\/\/agrarias.ufpr.br\/pgapv\/wp-json\/wp\/v2\/users\/3"}],"replies":[{"embeddable":true,"href":"https:\/\/agrarias.ufpr.br\/pgapv\/wp-json\/wp\/v2\/comments?post=597"}],"version-history":[{"count":9,"href":"https:\/\/agrarias.ufpr.br\/pgapv\/wp-json\/wp\/v2\/pages\/597\/revisions"}],"predecessor-version":[{"id":1675,"href":"https:\/\/agrarias.ufpr.br\/pgapv\/wp-json\/wp\/v2\/pages\/597\/revisions\/1675"}],"wp:attachment":[{"href":"https:\/\/agrarias.ufpr.br\/pgapv\/wp-json\/wp\/v2\/media?parent=597"}],"curies":[{"name":"wp","href":"https:\/\/api.w.org\/{rel}","templated":true}]}}