{"id":589,"date":"2018-07-05T13:47:26","date_gmt":"2018-07-05T13:47:26","guid":{"rendered":"https:\/\/agrarias.ufpr.br\/pgapv\/?page_id=589"},"modified":"2026-02-04T19:48:37","modified_gmt":"2026-02-04T19:48:37","slug":"francine-lorena-cuquel","status":"publish","type":"page","link":"https:\/\/agrarias.ufpr.br\/pgapv\/francine-lorena-cuquel\/","title":{"rendered":"Francine Lorena Cuquel"},"content":{"rendered":"\n<p>Profa. Permanente<\/p>\n\n\n\n<p>P\u00f3s-colheita e Produ\u00e7\u00e3o de Cogumelos Comest\u00edveis<\/p>\n\n\n\n<p><strong>Forma\u00e7\u00e3o Acad\u00eamica&nbsp;<\/strong><\/p>\n\n\n\n<p>P\u00f3s-Doutorado,&nbsp;Institut de Recerca I Tecnologia Agroalimentaries, IRTA, Espanha (2013-2013)<\/p>\n\n\n\n<p>Dra. em Fitotecnia, USP, UFPR (2000)<\/p>\n\n\n\n<p>M.Sc. em Fitotecnia, USP (1992)<\/p>\n\n\n\n<p>Eng. Agr\u00f4noma, UFPR (1987)<\/p>\n\n\n\n<p><strong>Linha de pesquisa\/\u00c1rea<\/strong><\/p>\n\n\n\n<p>Produ\u00e7\u00e3o Vegetal na Agricultura Sustent\u00e1vel\/Fisiologia e Produ\u00e7\u00e3o vegetal<\/p>\n\n\n\n<p>Beneficiamento, Processamento e Qualidade P\u00f3s-colheita de Produtos&nbsp;Hort\u00edcolas<\/p>\n\n\n\n<p>Produ\u00e7\u00e3o Comercial de Cogumelos Comest\u00edveis<\/p>\n\n\n\n<p><strong>Disciplinas Ministradas&nbsp;<\/strong><\/p>\n\n\n\n<p><a href=\"https:\/\/agrarias.ufpr.br\/pgapv\/agro-7024-pos-colheita-de-produtos-horticolas-i\/\">AGRO 7025 &#8211; P\u00f3s-colheita de Produtos Hort\u00edcolas I&nbsp;<\/a><\/p>\n\n\n\n<p><a href=\"https:\/\/agrarias.ufpr.br\/pgapv\/agro-7024-pos-colheita-de-produtos-horticolas-i\/\">AGRO 7026 &#8211;&nbsp;<\/a><a href=\"https:\/\/agrarias.ufpr.br\/pgapv\/agro-7025-pos-colheita-de-produtos-horticolas-ii\/\">P\u00f3s-colheita de Produtos Hort\u00edcolas II&nbsp;<\/a><\/p>\n\n\n\n<p><a href=\"https:\/\/agrarias.ufpr.br\/pgapv\/agro-7027-pratica-docente-i\/\">AGRO 7027 \u2013 Pr\u00e1tica Docente I<\/a><\/p>\n\n\n\n<p><a href=\"https:\/\/agrarias.ufpr.br\/pgapv\/agro7028-pratica-docente-ii\/\">AGRO 7028 \u2013 Pr\u00e1tica Docente II<\/a><\/p>\n\n\n\n<p><strong>Laborat\u00f3rio\/<\/strong><strong>Unidade de Apoio<\/strong><\/p>\n\n\n\n<p><a href=\"https:\/\/agrarias.ufpr.br\/pgapv\/laboratorio-de-pos-colheita-de-produtos-horticolas-2\/\">Laborat\u00f3rio de P\u00f3s-colheita de Produtos Hort\u00edcolas<\/a><\/p>\n\n\n\n<p><strong>Publica\u00e7\u00f5es<\/strong><\/p>\n\n\n\n<p><strong><a href=\"http:\/\/lattes.cnpq.br\/6198998881933776\"><\/a>\u00a0<strong><a href=\"http:\/\/buscatextual.cnpq.br\/buscatextual\/visualizacv.do?id=K4759559P2\">\u00a0<\/a><img loading=\"lazy\" decoding=\"async\" width=\"30\" height=\"29\" src=\"https:\/\/agrarias.ufpr.br\/fitotecnia\/wp-content\/uploads\/sites\/26\/2016\/03\/icon_lattes.png\" alt=\"icon_lattes\"><\/strong><\/strong> <strong><a href=\"http:\/\/lattes.cnpq.br\/6198998881933776\">Lattes\u00a0\u00a0<\/a><strong><img loading=\"lazy\" decoding=\"async\" width=\"29\" height=\"29\" class=\"alignnone\" src=\"https:\/\/agrarias.ufpr.br\/fitotecnia\/wp-content\/uploads\/sites\/26\/2016\/03\/apple-touch-icon-180x180-e1459453504744.png\" alt=\"apple-touch-icon-180x180\"><\/strong><a href=\"https:\/\/www.researchgate.net\/profile\/Francine-Cuquel\"><\/a>\u00a0<a href=\"https:\/\/www.researchgate.net\/profile\/Francine_Cuquel\/2\">Research Gate\u00a0\u00a0<\/a><a href=\"https:\/\/orcid.org\/0000-0002-3026-2058\"><\/a><\/strong><\/p>\n\n\n\n<p><strong>Contatos&nbsp;<\/strong><\/p>\n\n\n\n<p><img loading=\"lazy\" decoding=\"async\" src=\"https:\/\/agrarias.ufpr.br\/fitotecnia\/wp-content\/uploads\/sites\/26\/2016\/03\/email-small-.jpg\" alt=\"email small\" width=\"22\" height=\"22\">&nbsp;francine@ufpr.br<img loading=\"lazy\" decoding=\"async\" src=\"https:\/\/agrarias.ufpr.br\/fitotecnia\/wp-content\/uploads\/sites\/26\/2016\/03\/telefone.png\" alt=\"telefone\" width=\"22\" height=\"22\">+55 (41) 3350-5771<\/p>\n","protected":false},"excerpt":{"rendered":"<p>Profa. Permanente P\u00f3s-colheita e Produ\u00e7\u00e3o de Cogumelos Comest\u00edveis Forma\u00e7\u00e3o Acad\u00eamica&nbsp; P\u00f3s-Doutorado,&nbsp;Institut de Recerca I Tecnologia Agroalimentaries, IRTA, Espanha (2013-2013) Dra. em Fitotecnia, USP, UFPR (2000) M.Sc. em Fitotecnia, USP (1992) Eng. Agr\u00f4noma, UFPR (1987) Linha de pesquisa\/\u00c1rea Produ\u00e7\u00e3o Vegetal na Agricultura Sustent\u00e1vel\/Fisiologia e Produ\u00e7\u00e3o vegetal Beneficiamento, Processamento e Qualidade P\u00f3s-colheita de Produtos&nbsp;Hort\u00edcolas Produ\u00e7\u00e3o Comercial de Cogumelos Comest\u00edveis Disciplinas Ministradas&nbsp; AGRO 7025 &#8211; P\u00f3s-colheita de Produtos Hort\u00edcolas I&nbsp; AGRO 7026 &#8211;&nbsp;P\u00f3s-colheita de Produtos Hort\u00edcolas II&nbsp; AGRO [&hellip;]<\/p>\n","protected":false},"author":3,"featured_media":0,"parent":0,"menu_order":0,"comment_status":"closed","ping_status":"closed","template":"","meta":{"footnotes":""},"class_list":["post-589","page","type-page","status-publish","hentry"],"_links":{"self":[{"href":"https:\/\/agrarias.ufpr.br\/pgapv\/wp-json\/wp\/v2\/pages\/589","targetHints":{"allow":["GET"]}}],"collection":[{"href":"https:\/\/agrarias.ufpr.br\/pgapv\/wp-json\/wp\/v2\/pages"}],"about":[{"href":"https:\/\/agrarias.ufpr.br\/pgapv\/wp-json\/wp\/v2\/types\/page"}],"author":[{"embeddable":true,"href":"https:\/\/agrarias.ufpr.br\/pgapv\/wp-json\/wp\/v2\/users\/3"}],"replies":[{"embeddable":true,"href":"https:\/\/agrarias.ufpr.br\/pgapv\/wp-json\/wp\/v2\/comments?post=589"}],"version-history":[{"count":15,"href":"https:\/\/agrarias.ufpr.br\/pgapv\/wp-json\/wp\/v2\/pages\/589\/revisions"}],"predecessor-version":[{"id":7727,"href":"https:\/\/agrarias.ufpr.br\/pgapv\/wp-json\/wp\/v2\/pages\/589\/revisions\/7727"}],"wp:attachment":[{"href":"https:\/\/agrarias.ufpr.br\/pgapv\/wp-json\/wp\/v2\/media?parent=589"}],"curies":[{"name":"wp","href":"https:\/\/api.w.org\/{rel}","templated":true}]}}