{"id":582,"date":"2018-07-05T13:41:32","date_gmt":"2018-07-05T13:41:32","guid":{"rendered":"https:\/\/agrarias.ufpr.br\/pgapv\/?page_id=582"},"modified":"2021-05-07T18:01:24","modified_gmt":"2021-05-07T18:01:24","slug":"cicero-deschamps","status":"publish","type":"page","link":"https:\/\/agrarias.ufpr.br\/pgapv\/cicero-deschamps\/","title":{"rendered":"Cicero Deschamps"},"content":{"rendered":"<div class=\"titulo_pagina\">Prof.&nbsp;Permanente<\/div>\n<div>&nbsp;<\/div>\n<div>\n<p class=\"Normal tm9\"><strong><span class=\"tm11\">Forma\u00e7\u00e3o Acad\u00eamica<\/span><\/strong><\/p>\n<p class=\"Normal tm9\"><span class=\"tm10\">P\u00f3s-Doutorado, Lancaster University (2011)<\/span><\/p>\n<p class=\"Normal tm9\"><span class=\"tm10\">Dr. em Fisiologia Vegetal, Purdue University, EUA (2002)<\/span><\/p>\n<p class=\"Normal tm9\"><span class=\"tm10\">M.Sc. em Fisiologia Vegetal, UFLA (1993)<\/span><\/p>\n<p class=\"Normal tm9\"><span class=\"tm10\">Eng. Agr\u00f4nomo, UFSC (1987)<\/span><\/p>\n<p class=\"Normal tm9\"><strong><span class=\"tm11\">Linha de pesquisa\/\u00c1rea<\/span><\/strong><\/p>\n<p class=\"Normal tm9\"><span class=\"tm10\">Produ\u00e7\u00e3o Vegetal na Agricultura Sustent\u00e1vel\/Fisiologia Vegetal<\/span><\/p>\n<p style=\"text-align: justify\">Manejo de culturas, com \u00eanfase em esp\u00e9cies medicinais, arom\u00e1ticas e condimentares e produ\u00e7\u00e3o de \u00f3leos essenciais. Prospec\u00e7\u00e3o de esp\u00e9cies arom\u00e1ticas nativas da Mata Atl\u00e2ntica e de campo nativo.<\/p>\n<p class=\"Normal tm9\"><strong><span class=\"tm11\">Disciplinas Ministradas <\/span><\/strong><\/p>\n<p class=\"Normal tm12\"><a href=\"https:\/\/agrarias.ufpr.br\/pgapv\/agro-7006-ecofisiologia-da-producao-vegetal\/\"><span class=\"tm13\">AGRO 7006 &#8211; Ecofisiologia da Produ\u00e7\u00e3o Vegetal<\/span><\/a><\/p>\n<p><a href=\"https:\/\/agrarias.ufpr.br\/pgapv\/agro-7027-pratica-docente-i\/\">AGRO 7027 \u2013 Pr\u00e1tica Docente I<\/a><\/p>\n<p><a href=\"https:\/\/agrarias.ufpr.br\/pgapv\/agro7028-pratica-docente-ii\/\">AGRO 7028 \u2013 Pr\u00e1tica Docente II<\/a><\/p>\n<p class=\"Normal tm9\"><span class=\"tm10\">&nbsp;<\/span><strong><span class=\"tm11\">Laborat\u00f3rio\/Unidade de Apoio&nbsp;<\/span><\/strong><\/p>\n<p class=\"Normal tm9\"><a href=\"https:\/\/agrarias.ufpr.br\/pgapv\/laboratorio-de-ecofisiologia\/\"><span class=\"tm13\">Laborat\u00f3rio de Ecofisiologia<\/span><\/a><\/p>\n<p class=\"Normal tm9\"><a href=\"https:\/\/agrarias.ufpr.br\/pgapv\/area-de-ensino-pesquisa-e-extensao-em-plantas-medicinais-aromaticas-e-condimentares-nucleo-tematico-em-horticultura\/\"><span class=\"tm13\">\u00c1rea Experimental de Plantas Medicinais, Arom\u00e1ticas e Condimentares<\/span><span class=\"tm13\">, Fazenda Experimental do Canguiri, UFPR.<\/span><\/a><\/p>\n<p><strong>Publica\u00e7\u00f5es<\/strong><\/p>\n<p><strong class=\"alignnone\"><a href=\"http:\/\/buscatextual.cnpq.br\/buscatextual\/visualizacv.do?id=K4759559P2\"><img loading=\"lazy\" decoding=\"async\" class=\"alignnone wp-image-742\" src=\"https:\/\/agrarias.ufpr.br\/fitotecnia\/wp-content\/uploads\/sites\/26\/2016\/03\/icon_lattes.png\" alt=\"icon_lattes\" width=\"30\" height=\"29\"><\/a>&nbsp;<a class=\"alignnone\" href=\"http:\/\/buscatextual.cnpq.br\/buscatextual\/visualizacv.do?id=K4794275T1\"><span style=\"color: #000080\">Lattes&nbsp;<\/span>&nbsp;<\/a><a href=\"https:\/\/www.researchgate.net\/profile\/Cicero_Deschamps\"><img loading=\"lazy\" decoding=\"async\" class=\"alignnone wp-image-1136 size-full\" src=\"https:\/\/agrarias.ufpr.br\/fitotecnia\/wp-content\/uploads\/sites\/26\/2016\/03\/apple-touch-icon-180x180-e1459453504744.png\" alt=\"apple-touch-icon-180x180\" width=\"29\" height=\"29\">&nbsp;<\/a><span style=\"color: #000080\"><a class=\"alignnone\" style=\"color: #000080\" href=\"https:\/\/www.researchgate.net\/profile\/Cicero_Deschamps\">Research Gate&nbsp;<\/a><a href=\"https:\/\/orcid.org\/0000-0001-5358-3869\"><img loading=\"lazy\" decoding=\"async\" class=\"alignnone wp-image-3185\" src=\"https:\/\/agrarias.ufpr.br\/pgapv\/wp-content\/uploads\/sites\/39\/2021\/02\/unnamed.jpg\" alt=\"\" width=\"93\" height=\"37\" srcset=\"https:\/\/agrarias.ufpr.br\/pgapv\/wp-content\/uploads\/sites\/39\/2021\/02\/unnamed.jpg 347w, https:\/\/agrarias.ufpr.br\/pgapv\/wp-content\/uploads\/sites\/39\/2021\/02\/unnamed-300x119.jpg 300w, https:\/\/agrarias.ufpr.br\/pgapv\/wp-content\/uploads\/sites\/39\/2021\/02\/unnamed-250x99.jpg 250w, https:\/\/agrarias.ufpr.br\/pgapv\/wp-content\/uploads\/sites\/39\/2021\/02\/unnamed-160x64.jpg 160w\" sizes=\"auto, (max-width: 93px) 100vw, 93px\" \/><\/a><\/span><\/strong><\/p>\n<p><strong>Contatos<\/strong><\/p>\n<p><img loading=\"lazy\" decoding=\"async\" class=\"alignnone wp-image-757\" src=\"https:\/\/agrarias.ufpr.br\/fitotecnia\/wp-content\/uploads\/sites\/26\/2016\/03\/email-small-.jpg\" alt=\"email small\" width=\"22\" height=\"22\">&nbsp;cicero@ufpr.br<\/p>\n<p><img loading=\"lazy\" decoding=\"async\" class=\"wp-image-758 alignnone\" src=\"https:\/\/agrarias.ufpr.br\/fitotecnia\/wp-content\/uploads\/sites\/26\/2016\/03\/telefone.png\" alt=\"telefone\" width=\"22\" height=\"22\">+55 (41) 3350-5687<\/p>\n<\/div>\n","protected":false},"excerpt":{"rendered":"<p>Prof.&nbsp;Permanente &nbsp; Forma\u00e7\u00e3o Acad\u00eamica P\u00f3s-Doutorado, Lancaster University (2011) Dr. em Fisiologia Vegetal, Purdue University, EUA (2002) M.Sc. em Fisiologia Vegetal, UFLA (1993) Eng. Agr\u00f4nomo, UFSC (1987) Linha de pesquisa\/\u00c1rea Produ\u00e7\u00e3o Vegetal na Agricultura Sustent\u00e1vel\/Fisiologia Vegetal Manejo de culturas, com \u00eanfase em esp\u00e9cies medicinais, arom\u00e1ticas e condimentares e produ\u00e7\u00e3o de \u00f3leos essenciais. Prospec\u00e7\u00e3o de esp\u00e9cies arom\u00e1ticas nativas da Mata Atl\u00e2ntica e de campo nativo. Disciplinas Ministradas AGRO 7006 &#8211; Ecofisiologia da Produ\u00e7\u00e3o Vegetal AGRO 7027 \u2013 [&hellip;]<\/p>\n","protected":false},"author":3,"featured_media":0,"parent":0,"menu_order":0,"comment_status":"closed","ping_status":"closed","template":"","meta":{"footnotes":""},"class_list":["post-582","page","type-page","status-publish","hentry"],"_links":{"self":[{"href":"https:\/\/agrarias.ufpr.br\/pgapv\/wp-json\/wp\/v2\/pages\/582","targetHints":{"allow":["GET"]}}],"collection":[{"href":"https:\/\/agrarias.ufpr.br\/pgapv\/wp-json\/wp\/v2\/pages"}],"about":[{"href":"https:\/\/agrarias.ufpr.br\/pgapv\/wp-json\/wp\/v2\/types\/page"}],"author":[{"embeddable":true,"href":"https:\/\/agrarias.ufpr.br\/pgapv\/wp-json\/wp\/v2\/users\/3"}],"replies":[{"embeddable":true,"href":"https:\/\/agrarias.ufpr.br\/pgapv\/wp-json\/wp\/v2\/comments?post=582"}],"version-history":[{"count":18,"href":"https:\/\/agrarias.ufpr.br\/pgapv\/wp-json\/wp\/v2\/pages\/582\/revisions"}],"predecessor-version":[{"id":7267,"href":"https:\/\/agrarias.ufpr.br\/pgapv\/wp-json\/wp\/v2\/pages\/582\/revisions\/7267"}],"wp:attachment":[{"href":"https:\/\/agrarias.ufpr.br\/pgapv\/wp-json\/wp\/v2\/media?parent=582"}],"curies":[{"name":"wp","href":"https:\/\/api.w.org\/{rel}","templated":true}]}}