{"id":57,"date":"2018-05-29T16:45:32","date_gmt":"2018-05-29T16:45:32","guid":{"rendered":"https:\/\/agrarias.ufpr.br\/pgapv\/?page_id=57"},"modified":"2026-04-07T23:49:40","modified_gmt":"2026-04-07T23:49:40","slug":"o-programa","status":"publish","type":"page","link":"https:\/\/agrarias.ufpr.br\/pgapv\/o-programa\/","title":{"rendered":"O Programa"},"content":{"rendered":"\n<p>O Programa de P\u00f3s-Gradua\u00e7\u00e3o em Agronomia, \u00e1rea de concentra\u00e7\u00e3o em Produ\u00e7\u00e3o Vegetal, Mestrado e Doutorado, foi homologado pelo Conselho Universit\u00e1rio da UFPR em 09 de junho de 1994, pelo Parecer n.\u00ba 08\/94-COUN. Oferece duas sub-\u00e1reas de forma\u00e7\u00e3o &#8211; Fitotecnia e Fitossanidade.<br>A primeira turma de Mestrado teve in\u00edcio em agosto de 1994, e em mar\u00e7o de 1995 o Doutorado. Em junho de 1997 foi credenciado pelo Grupo T\u00e9cnico Consultivo da CAPES, recomendando o Curso de P\u00f3s-Gradua\u00e7\u00e3o em Agronomia para Mestrado e Doutorado, com o n\u00famero de refer\u00eancia: CAA\/GTC\/040.<\/p>\n\n\n\n<p><b>Na \u00faltima Avalia\u00e7\u00e3o Nacional realizada pela Capes, do quadri\u00eanio (2013 \/ 2014 \/ 2015 \/ 2016) o programa obteve o conceito 5.<\/b><\/p>\n\n\n\n<p><b>MISS\u00c3O:<\/b><br>Busca por excel\u00eancia da forma\u00e7\u00e3o t\u00e9cnica, cient\u00edfica e human\u00edstica de profissionais para a Produ\u00e7\u00e3o Vegetal, comprometidos com o desenvolvimento social e sustent\u00e1vel.<\/p>\n\n\n\n<p><b>OBJETIVOS:<\/b><\/p>\n\n\n\n<ul class=\"wp-block-list\">\n<li>Capacitar profissionais na \u00e1rea de ensino e pesquisa;<\/li>\n\n\n\n<li>Desenvolver novas tecnologias;<\/li>\n\n\n\n<li>Criar mecanismos que possam contribuir com a explora\u00e7\u00e3o mais eficiente do solo em sistemas produtivos auto-sustent\u00e1veis;<\/li>\n\n\n\n<li>Buscar solu\u00e7\u00f5es para as quest\u00f5es regionais, limitantes \u00e0 eleva\u00e7\u00e3o da produtividade;<\/li>\n\n\n\n<li>Atender a demanda existente para forma\u00e7\u00e3o de profissionais a n\u00edvel de Mestrado e Doutorado;<\/li>\n\n\n\n<li>Melhorar a qualidade do Curso de Gradua\u00e7\u00e3o;<\/li>\n\n\n\n<li>Apoiar a pesquisa Estadual e Regional, buscando novas tecnologias e elucida\u00e7\u00e3o de problemas t\u00e9cnicos na produ\u00e7\u00e3o agr\u00edcola.<\/li>\n<\/ul>\n","protected":false},"excerpt":{"rendered":"<p>O Programa de P\u00f3s-Gradua\u00e7\u00e3o em Agronomia, \u00e1rea de concentra\u00e7\u00e3o em Produ\u00e7\u00e3o Vegetal, Mestrado e Doutorado, foi homologado pelo Conselho Universit\u00e1rio da UFPR em 09 de junho de 1994, pelo Parecer n.\u00ba 08\/94-COUN. Oferece duas sub-\u00e1reas de forma\u00e7\u00e3o &#8211; Fitotecnia e Fitossanidade.A primeira turma de Mestrado teve in\u00edcio em agosto de 1994, e em mar\u00e7o de [&hellip;]<\/p>\n","protected":false},"author":3,"featured_media":0,"parent":0,"menu_order":0,"comment_status":"closed","ping_status":"closed","template":"","meta":{"footnotes":""},"class_list":["post-57","page","type-page","status-publish","hentry"],"_links":{"self":[{"href":"https:\/\/agrarias.ufpr.br\/pgapv\/wp-json\/wp\/v2\/pages\/57","targetHints":{"allow":["GET"]}}],"collection":[{"href":"https:\/\/agrarias.ufpr.br\/pgapv\/wp-json\/wp\/v2\/pages"}],"about":[{"href":"https:\/\/agrarias.ufpr.br\/pgapv\/wp-json\/wp\/v2\/types\/page"}],"author":[{"embeddable":true,"href":"https:\/\/agrarias.ufpr.br\/pgapv\/wp-json\/wp\/v2\/users\/3"}],"replies":[{"embeddable":true,"href":"https:\/\/agrarias.ufpr.br\/pgapv\/wp-json\/wp\/v2\/comments?post=57"}],"version-history":[{"count":19,"href":"https:\/\/agrarias.ufpr.br\/pgapv\/wp-json\/wp\/v2\/pages\/57\/revisions"}],"predecessor-version":[{"id":8145,"href":"https:\/\/agrarias.ufpr.br\/pgapv\/wp-json\/wp\/v2\/pages\/57\/revisions\/8145"}],"wp:attachment":[{"href":"https:\/\/agrarias.ufpr.br\/pgapv\/wp-json\/wp\/v2\/media?parent=57"}],"curies":[{"name":"wp","href":"https:\/\/api.w.org\/{rel}","templated":true}]}}