{"id":5549,"date":"2023-07-11T19:09:23","date_gmt":"2023-07-11T19:09:23","guid":{"rendered":"https:\/\/agrarias.ufpr.br\/pgapv\/?page_id=5549"},"modified":"2026-02-03T18:32:47","modified_gmt":"2026-02-03T18:32:47","slug":"recurso-proex","status":"publish","type":"page","link":"https:\/\/agrarias.ufpr.br\/pgapv\/recurso-proex\/","title":{"rendered":"Recurso PROEX"},"content":{"rendered":"\n<p>Regulamento PROEX<\/p>\n\n\n\n<ul class=\"wp-block-list\">\n<li><a href=\"https:\/\/agrarias.ufpr.br\/pgapv\/wp-content\/uploads\/sites\/39\/2023\/07\/Regulamento-PROEX-Portaria-n.o-034-de-30-de-maio-2006.pdf\">Portaria n\u00ba 034, de 30 de maio de 2006<\/a> &#8211; Regulamento do Programa de Excel\u00eancia Acad\u00eamica<\/li>\n\n\n\n<li><a href=\"https:\/\/agrarias.ufpr.br\/pgapv\/wp-content\/uploads\/sites\/39\/2023\/07\/Auxilio-Diario-Portaria-no-132-de-18-de-Agosto-de-2016.pdf\">Aux\u00edlio Di\u00e1rio &#8211; Portaria n\u00ba 132 de 18 de Agosto de 2016<\/a> &#8211; Aux\u00edlio Di\u00e1rio para viagens no Pa\u00eds e no Exterior<\/li>\n\n\n\n<li><a href=\"https:\/\/agrarias.ufpr.br\/pgapv\/wp-content\/uploads\/sites\/39\/2025\/07\/Regimento-PROEX-PGAPV_-2025_2-1.pdf\">Regimento PROEX\/PGAPV<\/a><\/li>\n<\/ul>\n\n\n\n<p>Documentos\/Formul\u00e1rios\/Recibos PROEX<\/p>\n\n\n\n<ul class=\"wp-block-list\">\n<li><a href=\"https:\/\/agrarias.ufpr.br\/pgapv\/wp-content\/uploads\/sites\/39\/2024\/08\/Relatorio-de-Viagem-Proex.docx\">Aux\u00edlio Di\u00e1rio (relat\u00f3rio de viagem)<\/a><\/li>\n\n\n\n<li><a href=\"https:\/\/agrarias.ufpr.br\/pgapv\/wp-content\/uploads\/sites\/39\/2024\/08\/Formulario-de-bens-ou-servicos.docx\">Bens ou servi\u00e7os<\/a><\/li>\n\n\n\n<li><a href=\"https:\/\/agrarias.ufpr.br\/pgapv\/wp-content\/uploads\/sites\/39\/2023\/08\/Formulario-de-passagens.docx\">Passagens<\/a><\/li>\n\n\n\n<li><a href=\"https:\/\/agrarias.ufpr.br\/pgapv\/wp-content\/uploads\/sites\/39\/2023\/08\/Recibo-A_Exemplo-de-preenchimento.pdf\">Recibo A &#8211; modelo de preenchimento<\/a><\/li>\n\n\n\n<li><a href=\"https:\/\/agrarias.ufpr.br\/pgapv\/wp-content\/uploads\/sites\/39\/2024\/07\/RECIBO-A_Geral-4-1.doc\">Recibo A &#8211; geral<\/a><\/li>\n\n\n\n<li><a href=\"https:\/\/agrarias.ufpr.br\/pgapv\/wp-content\/uploads\/sites\/39\/2023\/08\/RECIBO-B_Apenas-para-o-Coordenador.doc\">Recibo B &#8211; somente para Coordenador do PG<\/a><\/li>\n<\/ul>\n","protected":false},"excerpt":{"rendered":"<p>Regulamento PROEX Documentos\/Formul\u00e1rios\/Recibos PROEX<\/p>\n","protected":false},"author":3,"featured_media":0,"parent":0,"menu_order":0,"comment_status":"closed","ping_status":"closed","template":"","meta":{"footnotes":""},"class_list":["post-5549","page","type-page","status-publish","hentry"],"_links":{"self":[{"href":"https:\/\/agrarias.ufpr.br\/pgapv\/wp-json\/wp\/v2\/pages\/5549","targetHints":{"allow":["GET"]}}],"collection":[{"href":"https:\/\/agrarias.ufpr.br\/pgapv\/wp-json\/wp\/v2\/pages"}],"about":[{"href":"https:\/\/agrarias.ufpr.br\/pgapv\/wp-json\/wp\/v2\/types\/page"}],"author":[{"embeddable":true,"href":"https:\/\/agrarias.ufpr.br\/pgapv\/wp-json\/wp\/v2\/users\/3"}],"replies":[{"embeddable":true,"href":"https:\/\/agrarias.ufpr.br\/pgapv\/wp-json\/wp\/v2\/comments?post=5549"}],"version-history":[{"count":29,"href":"https:\/\/agrarias.ufpr.br\/pgapv\/wp-json\/wp\/v2\/pages\/5549\/revisions"}],"predecessor-version":[{"id":7624,"href":"https:\/\/agrarias.ufpr.br\/pgapv\/wp-json\/wp\/v2\/pages\/5549\/revisions\/7624"}],"wp:attachment":[{"href":"https:\/\/agrarias.ufpr.br\/pgapv\/wp-json\/wp\/v2\/media?parent=5549"}],"curies":[{"name":"wp","href":"https:\/\/api.w.org\/{rel}","templated":true}]}}