{"id":531,"date":"2018-07-05T12:15:22","date_gmt":"2018-07-05T12:15:22","guid":{"rendered":"https:\/\/agrarias.ufpr.br\/pgapv\/?page_id=531"},"modified":"2018-07-05T12:19:26","modified_gmt":"2018-07-05T12:19:26","slug":"laboratorio-de-protecao-de-plantas-2","status":"publish","type":"page","link":"https:\/\/agrarias.ufpr.br\/pgapv\/laboratorio-de-protecao-de-plantas-2\/","title":{"rendered":"Laborat\u00f3rio de Prote\u00e7\u00e3o de Plantas"},"content":{"rendered":"<div class=\"titulo_pagina\">&nbsp;<\/div>\n<div>\n<p><strong>Interesses de pesquisa<\/strong><\/p>\n<p>A pesquisa no Laborat\u00f3rio tem o foco na Resist\u00eancia de Plantas \u00e0 Doen\u00e7as, Indu\u00e7\u00e3o de resist\u00eancia em plantas a pat\u00f3genos, Etiologia e controle de doen\u00e7as em oler\u00edcolas e grandes culturas. Faz parte das atividades do laborat\u00f3rio a manipula\u00e7\u00e3o de microorganismos associados \u00e0s sementes, com \u00eanfase no controle com produtos biol\u00f3gicos, naturais e qu\u00edmico. O Laborat\u00f3rio apoia os trabalhos de alunos da gradu\u00e7\u00e3o e p\u00f3s-gradua\u00e7\u00e3o, supervisionados de docentes do curso de Agronomia.<\/p>\n<p><strong>Coordenadora<\/strong><\/p>\n<p><a href=\"https:\/\/agrarias.ufpr.br\/fitotecnia\/lucimeris-ruaro\/\">Lucimeris Ruaro<\/a><\/p>\n<p><strong>T\u00e9cnica&nbsp;<\/strong><\/p>\n<p><a href=\"https:\/\/agrarias.ufpr.br\/fitotecnia\/servidores\/\">Virg\u00ednia Ten\u00f3rio de Carvalho<\/a><\/p>\n<p><strong>Contatos<\/strong><\/p>\n<p><strong><img loading=\"lazy\" decoding=\"async\" class=\"wp-image-758 alignnone\" src=\"https:\/\/agrarias.ufpr.br\/fitotecnia\/wp-content\/uploads\/sites\/26\/2016\/03\/telefone.png\" sizes=\"auto, (max-width: 22px) 100vw, 22px\" srcset=\"https:\/\/agrarias.ufpr.br\/fitotecnia\/wp-content\/uploads\/sites\/26\/2016\/03\/telefone.png 200w, https:\/\/agrarias.ufpr.br\/fitotecnia\/wp-content\/uploads\/sites\/26\/2016\/03\/telefone-150x150.png 150w\" alt=\"telefone\" width=\"22\" height=\"22\"><\/strong>+55<strong>&nbsp;<\/strong>(41) 3350-5744<\/p>\n<p>[Best_Wordpress_Gallery id=&#8221;9&#8243; gal_title=&#8221;protecao&#8221;]<\/p>\n<p>&nbsp;<\/p>\n<\/div>\n","protected":false},"excerpt":{"rendered":"<p>&nbsp; Interesses de pesquisa A pesquisa no Laborat\u00f3rio tem o foco na Resist\u00eancia de Plantas \u00e0 Doen\u00e7as, Indu\u00e7\u00e3o de resist\u00eancia em plantas a pat\u00f3genos, Etiologia e controle de doen\u00e7as em oler\u00edcolas e grandes culturas. Faz parte das atividades do laborat\u00f3rio a manipula\u00e7\u00e3o de microorganismos associados \u00e0s sementes, com \u00eanfase no controle com produtos biol\u00f3gicos, naturais [&hellip;]<\/p>\n","protected":false},"author":3,"featured_media":0,"parent":0,"menu_order":0,"comment_status":"closed","ping_status":"closed","template":"","meta":{"footnotes":""},"class_list":["post-531","page","type-page","status-publish","hentry"],"_links":{"self":[{"href":"https:\/\/agrarias.ufpr.br\/pgapv\/wp-json\/wp\/v2\/pages\/531","targetHints":{"allow":["GET"]}}],"collection":[{"href":"https:\/\/agrarias.ufpr.br\/pgapv\/wp-json\/wp\/v2\/pages"}],"about":[{"href":"https:\/\/agrarias.ufpr.br\/pgapv\/wp-json\/wp\/v2\/types\/page"}],"author":[{"embeddable":true,"href":"https:\/\/agrarias.ufpr.br\/pgapv\/wp-json\/wp\/v2\/users\/3"}],"replies":[{"embeddable":true,"href":"https:\/\/agrarias.ufpr.br\/pgapv\/wp-json\/wp\/v2\/comments?post=531"}],"version-history":[{"count":4,"href":"https:\/\/agrarias.ufpr.br\/pgapv\/wp-json\/wp\/v2\/pages\/531\/revisions"}],"predecessor-version":[{"id":535,"href":"https:\/\/agrarias.ufpr.br\/pgapv\/wp-json\/wp\/v2\/pages\/531\/revisions\/535"}],"wp:attachment":[{"href":"https:\/\/agrarias.ufpr.br\/pgapv\/wp-json\/wp\/v2\/media?parent=531"}],"curies":[{"name":"wp","href":"https:\/\/api.w.org\/{rel}","templated":true}]}}