{"id":5270,"date":"2023-01-26T12:56:06","date_gmt":"2023-01-26T12:56:06","guid":{"rendered":"https:\/\/agrarias.ufpr.br\/pgapv\/?page_id=5270"},"modified":"2025-04-24T13:48:22","modified_gmt":"2025-04-24T13:48:22","slug":"internacionalizacao","status":"publish","type":"page","link":"https:\/\/agrarias.ufpr.br\/pgapv\/internacionalizacao\/","title":{"rendered":"Internacionaliza\u00e7\u00e3o"},"content":{"rendered":"\n<p style=\"text-align: justify;\">A internacionaliza\u00e7\u00e3o \u00e9 essencial para a qualidade da p\u00f3s-gradua\u00e7\u00e3o, promovendo colabora\u00e7\u00e3o global, mobilidade acad\u00eamica e aprimoramento da compet\u00eancia lingu\u00edstica. Segundo as diretrizes da CAPES as institui\u00e7\u00f5es devem integrar as atividades de internacionaliza\u00e7\u00e3o fragmentadas e desconexas entre seus programas e orientar investimentos e esfor\u00e7os de internacionaliza\u00e7\u00e3o, de forma integrada e compreensiva, visando \u00e0 constru\u00e7\u00e3o e refor\u00e7o de compet\u00eancias centrais da institui\u00e7\u00e3o.<br \/>Neste sentido, a Universidade Federal do Paran\u00e1 por meio de constantes avan\u00e7os no Plano Institucional de Internacionaliza\u00e7\u00e3o (PII) (https:\/\/www.prppg.ufpr.br\/site\/wp-content\/uploads\/2024\/09\/pii_portugues_prppg.pdf) tem buscado atrair pesquisadores de renome, fortalecer sua presen\u00e7a internacional e ampliar oportunidades de pesquisa e ensino. Al\u00e9m disso, essa estrat\u00e9gia contribui para a inova\u00e7\u00e3o cient\u00edfica, o interc\u00e2mbio de conhecimento e a forma\u00e7\u00e3o de profissionais mais preparados para desafios globais.<\/p>\n<p><\/p>\n<p style=\"text-align: justify;\">O Plano Institucional de Internacionaliza\u00e7\u00e3o (PII) 2022-2026 articula a\u00e7\u00f5es das pr\u00f3-reitoras de P\u00f3s-Gradua\u00e7\u00e3o, Gradua\u00e7\u00e3o e Educa\u00e7\u00e3o Profissional, Extens\u00e3o e Cultura, al\u00e9m do Escrit\u00f3rio de Rela\u00e7\u00f5es Internacionais. Estruturado em cinco eixos \u2013 Ensino, Pesquisa e Inova\u00e7\u00e3o, Extens\u00e3o e Cultura, Suporte Institucional e Visibilidade e Difus\u00e3o do Conhecimento \u2013, o PII UFPR visa expandir disciplinas em l\u00edngua estrangeira, fortalecer a colabora\u00e7\u00e3o acad\u00eamica e cient\u00edfica global, internacionalizar a p\u00f3s-gradua\u00e7\u00e3o e a extens\u00e3o universit\u00e1ria, apoiar estudantes e docentes estrangeiros e ampliar a visibilidade internacional da UFPR. Alinhado ao Plano de Desenvolvimento Institucional (PDI) e ao Plano Nacional de P\u00f3s-Gradua\u00e7\u00e3o (PNPG), o PII impulsiona a coopera\u00e7\u00e3o acad\u00eamica internacional, a mobilidade de docentes e discentes, publica\u00e7\u00f5es conjuntas, capta\u00e7\u00e3o de recursos externos e o desenvolvimento de pol\u00edticas lingu\u00edsticas para ensino e pesquisa. Mais informa\u00e7\u00f5es podem ser obtidas no link https:\/\/www.prppg.ufpr.br\/site\/pb\/pesquisa\/internacionalizacao\u00a0<\/p>\n<p><\/p>\n<p style=\"text-align: justify;\">A UFPR, por meio do Escrit\u00f3rio de Rela\u00e7\u00f5es Internacionais (ERI) e da PROPG\/SIPPG, promove e apoia ativamente a internacionaliza\u00e7\u00e3o da p\u00f3s-gradua\u00e7\u00e3o, consolidando sua presen\u00e7a global e fortalecendo a forma\u00e7\u00e3o acad\u00eamica de seus discentes e docentes. O ERI, antiga Ag\u00eancia UFPR Internacional (AUI), desempenha um papel central ao apoiar os programas de p\u00f3s-gradua\u00e7\u00e3o na sele\u00e7\u00e3o de discentes para bolsas internacionais, na organiza\u00e7\u00e3o de workshops para docentes e no estabelecimento de parcerias cient\u00edficas. Tamb\u00e9m promove a visibilidade global da UFPR por meio da produ\u00e7\u00e3o de materiais institucionais em ingl\u00eas, da participa\u00e7\u00e3o em eventos acad\u00eamicos e de programas como o ERASMUS, que promove a organiza\u00e7\u00e3o de eventos acad\u00eamicos e gest\u00e3o de chamadas com financiamento. A Se\u00e7\u00e3o de Internacionaliza\u00e7\u00e3o da P\u00f3s-Gradua\u00e7\u00e3o da PROPG desempenha um papel estrat\u00e9gico e administrativo ao gerenciar atividades e recursos institucionais, orientar sobre tr\u00e2mites, atualizar informa\u00e7\u00f5es no site e organizar relat\u00f3rios para avalia\u00e7\u00e3o dos programas. Essas a\u00e7\u00f5es garantem maior efici\u00eancia e transpar\u00eancia nos processos de internacionaliza\u00e7\u00e3o.\u00a0 Ademais, a Coordena\u00e7\u00e3o de Pol\u00edticas Lingu\u00edsticas do ERI, em colabora\u00e7\u00e3o com o Centro de Assessoria acad\u00eamica em ingl\u00eas CAPA (http:\/\/www.capa.ufpr.br\/portal\/)\u00a0 fortalece a forma\u00e7\u00e3o acad\u00eamica internacional ao oferecer capacita\u00e7\u00e3o em escrita acad\u00eamica e ensino de disciplinas em ingl\u00eas. Tamb\u00e9m promove iniciativas de Internacionaliza\u00e7\u00e3o em Casa, ampliando as oportunidades de inser\u00e7\u00e3o global da comunidade acad\u00eamica da UFPR.<\/p>\n<p><\/p>\n<p style=\"text-align: justify;\"><a href=\"https:\/\/intranet.ufpr.br\/sigea\/public\/acordo!listAllAll\">CONSULTA ABERTA PARA CONV\u00caNIOS, CONTRATOS, COOPERA\u00c7\u00d5ES e DESCENTRALIZA\u00c7\u00d5ES DA UFPR<\/a><\/p>\n<p><\/p>\n<!-- \/wp:post-content -->","protected":false},"excerpt":{"rendered":"<p>O Plano Institucional de Internacionaliza\u00e7\u00e3o (PII) 2022-2026 articula a\u00e7\u00f5es das pr\u00f3-reitoras de P\u00f3s-Gradua\u00e7\u00e3o, Gradua\u00e7\u00e3o e Educa\u00e7\u00e3o Profissional, Extens\u00e3o e Cultura, al\u00e9m do Escrit\u00f3rio de Rela\u00e7\u00f5es Internacionais. Estruturado em cinco eixos \u2013 Ensino, Pesquisa e Inova\u00e7\u00e3o, Extens\u00e3o e Cultura, Suporte Institucional e Visibilidade e Difus\u00e3o do Conhecimento \u2013, o PII UFPR visa expandir disciplinas em l\u00edngua [&hellip;]<\/p>\n","protected":false},"author":3,"featured_media":0,"parent":0,"menu_order":0,"comment_status":"closed","ping_status":"closed","template":"","meta":{"footnotes":""},"class_list":["post-5270","page","type-page","status-publish","hentry"],"_links":{"self":[{"href":"https:\/\/agrarias.ufpr.br\/pgapv\/wp-json\/wp\/v2\/pages\/5270","targetHints":{"allow":["GET"]}}],"collection":[{"href":"https:\/\/agrarias.ufpr.br\/pgapv\/wp-json\/wp\/v2\/pages"}],"about":[{"href":"https:\/\/agrarias.ufpr.br\/pgapv\/wp-json\/wp\/v2\/types\/page"}],"author":[{"embeddable":true,"href":"https:\/\/agrarias.ufpr.br\/pgapv\/wp-json\/wp\/v2\/users\/3"}],"replies":[{"embeddable":true,"href":"https:\/\/agrarias.ufpr.br\/pgapv\/wp-json\/wp\/v2\/comments?post=5270"}],"version-history":[{"count":10,"href":"https:\/\/agrarias.ufpr.br\/pgapv\/wp-json\/wp\/v2\/pages\/5270\/revisions"}],"predecessor-version":[{"id":6864,"href":"https:\/\/agrarias.ufpr.br\/pgapv\/wp-json\/wp\/v2\/pages\/5270\/revisions\/6864"}],"wp:attachment":[{"href":"https:\/\/agrarias.ufpr.br\/pgapv\/wp-json\/wp\/v2\/media?parent=5270"}],"curies":[{"name":"wp","href":"https:\/\/api.w.org\/{rel}","templated":true}]}}