{"id":525,"date":"2018-07-05T12:09:23","date_gmt":"2018-07-05T12:09:23","guid":{"rendered":"https:\/\/agrarias.ufpr.br\/pgapv\/?page_id=525"},"modified":"2026-04-08T00:18:31","modified_gmt":"2026-04-08T00:18:31","slug":"laboratorio-de-pos-colheita-de-produtos-horticolas","status":"publish","type":"page","link":"https:\/\/agrarias.ufpr.br\/pgapv\/laboratorio-de-pos-colheita-de-produtos-horticolas\/","title":{"rendered":"Laborat\u00f3rio de p\u00f3s-colheita de produtos hort\u00edcolas"},"content":{"rendered":"\n<p><strong>Interesses de pesquisa<\/strong><\/p>\n\n\n\n<p>Aumento da vida de prateleira e do potencial de armazenamento de frutas, hortali\u00e7as e flores<\/p>\n\n\n\n<p><strong>Coordenadora<\/strong><\/p>\n\n\n\n<p>Francine Lorena Cuquel<\/p>\n\n\n\n<p><strong>Contatos<\/strong><\/p>\n\n\n\n<p><strong>&nbsp;<\/strong>+55 (41) 3350-5751<\/p>\n","protected":false},"excerpt":{"rendered":"<p>Interesses de pesquisa Aumento da vida de prateleira e do potencial de armazenamento de frutas, hortali\u00e7as e flores Coordenadora Francine Lorena Cuquel Contatos &nbsp;+55 (41) 3350-5751<\/p>\n","protected":false},"author":3,"featured_media":0,"parent":0,"menu_order":0,"comment_status":"closed","ping_status":"closed","template":"","meta":{"footnotes":""},"class_list":["post-525","page","type-page","status-publish","hentry"],"_links":{"self":[{"href":"https:\/\/agrarias.ufpr.br\/pgapv\/wp-json\/wp\/v2\/pages\/525","targetHints":{"allow":["GET"]}}],"collection":[{"href":"https:\/\/agrarias.ufpr.br\/pgapv\/wp-json\/wp\/v2\/pages"}],"about":[{"href":"https:\/\/agrarias.ufpr.br\/pgapv\/wp-json\/wp\/v2\/types\/page"}],"author":[{"embeddable":true,"href":"https:\/\/agrarias.ufpr.br\/pgapv\/wp-json\/wp\/v2\/users\/3"}],"replies":[{"embeddable":true,"href":"https:\/\/agrarias.ufpr.br\/pgapv\/wp-json\/wp\/v2\/comments?post=525"}],"version-history":[{"count":2,"href":"https:\/\/agrarias.ufpr.br\/pgapv\/wp-json\/wp\/v2\/pages\/525\/revisions"}],"predecessor-version":[{"id":8292,"href":"https:\/\/agrarias.ufpr.br\/pgapv\/wp-json\/wp\/v2\/pages\/525\/revisions\/8292"}],"wp:attachment":[{"href":"https:\/\/agrarias.ufpr.br\/pgapv\/wp-json\/wp\/v2\/media?parent=525"}],"curies":[{"name":"wp","href":"https:\/\/api.w.org\/{rel}","templated":true}]}}