{"id":523,"date":"2018-07-05T12:08:28","date_gmt":"2018-07-05T12:08:28","guid":{"rendered":"https:\/\/agrarias.ufpr.br\/pgapv\/?page_id=523"},"modified":"2021-02-26T13:55:15","modified_gmt":"2021-02-26T13:55:15","slug":"laboratorio-de-micropropagacao-de-plantas","status":"publish","type":"page","link":"https:\/\/agrarias.ufpr.br\/pgapv\/laboratorio-de-micropropagacao-de-plantas\/","title":{"rendered":"Laborat\u00f3rio de Micropropaga\u00e7\u00e3o de Plantas"},"content":{"rendered":"<div class=\"titulo_pagina\"><strong><span class=\"tm7\">Interesses de pesquisa<\/span><\/strong><\/div>\n<div>&nbsp;<\/div>\n<div>\n<p style=\"text-align: justify\">O Laborat\u00f3rio atende as atividades de ensino e pesquisa de alunos de gradua\u00e7\u00e3o e p\u00f3s-gradua\u00e7\u00e3o. As pesquisas desenvolvidas envolvem a cultura de tecidos de plantas, com \u00eanfase na micropropaga\u00e7\u00e3o, embriog\u00eanese som\u00e1tica, micro-enxertia e cultura de c\u00e9lulas em suspens\u00e3o de esp\u00e9cies frut\u00edferas, florestais, ornamentais, medicinais e grandes culturas. Tamb\u00e9m s\u00e3o realizados trabalhos de transforma\u00e7\u00e3o gen\u00e9tica por&nbsp;<em>Agrobacterium<\/em>&nbsp;e biobal\u00edstica.<\/p>\n<p><strong>Coordenador<\/strong><\/p>\n<p><a href=\"https:\/\/agrarias.ufpr.br\/pgapv\/luiz-antonio-biasi\/\">Luiz Antonio Biasi<\/a><\/p>\n<p><strong>Colaboradores<\/strong><\/p>\n<p><a href=\"https:\/\/agrarias.ufpr.br\/pgapv\/cicero-deschamps\/\">C\u00edcero Deschamps&nbsp;<\/a><\/p>\n<p><a href=\"https:\/\/agrarias.ufpr.br\/pgapv\/daniella-nogueira-moraes-carneiro\/\">Daniella Nogueira Moraes Carneiro<\/a><\/p>\n<p><a href=\"https:\/\/agrarias.ufpr.br\/fitotecnia\/flavio-zanetti\/\">Fl\u00e1vio Zanette<\/a><\/p>\n<p><a href=\"https:\/\/agrarias.ufpr.br\/pgapv\/joao-carlos-bespalhok-filho\/\">Jo\u00e3o Carlos Bespalhok Filho<\/a><\/p>\n<p><a href=\"https:\/\/agrarias.ufpr.br\/pgapv\/luciana-lopes-fortes-ribas\/\">Luciana Lopes Fortes Ribas<\/a><\/p>\n<p><a href=\"https:\/\/agrarias.ufpr.br\/pgapv\/marguerite-germaine-ghislaine-quoirin-2\/\">Marguerite Germaine Ghislaine Quoirin<\/a><\/p>\n<p><strong>T\u00e9cnico<\/strong><\/p>\n<p><a href=\"https:\/\/agrarias.ufpr.br\/fitotecnia\/servidores\/\">Carlos Eduardo Piemonte Maduro&nbsp;<\/a><\/p>\n<p><strong>Contatos<\/strong><\/p>\n<p><strong><img loading=\"lazy\" decoding=\"async\" class=\"wp-image-758 alignnone\" src=\"https:\/\/agrarias.ufpr.br\/fitotecnia\/wp-content\/uploads\/sites\/26\/2016\/03\/telefone.png\" alt=\"telefone\" width=\"22\" height=\"22\">&nbsp;<\/strong>+55 (41) 3350-5728<\/p>\n\n<\/div>\n","protected":false},"excerpt":{"rendered":"<p>Interesses de pesquisa &nbsp; O Laborat\u00f3rio atende as atividades de ensino e pesquisa de alunos de gradua\u00e7\u00e3o e p\u00f3s-gradua\u00e7\u00e3o. As pesquisas desenvolvidas envolvem a cultura de tecidos de plantas, com \u00eanfase na micropropaga\u00e7\u00e3o, embriog\u00eanese som\u00e1tica, micro-enxertia e cultura de c\u00e9lulas em suspens\u00e3o de esp\u00e9cies frut\u00edferas, florestais, ornamentais, medicinais e grandes culturas. Tamb\u00e9m s\u00e3o realizados trabalhos de transforma\u00e7\u00e3o gen\u00e9tica por&nbsp;Agrobacterium&nbsp;e biobal\u00edstica. Coordenador Luiz Antonio Biasi Colaboradores C\u00edcero Deschamps&nbsp; Daniella Nogueira Moraes Carneiro Fl\u00e1vio Zanette Jo\u00e3o Carlos [&hellip;]<\/p>\n","protected":false},"author":3,"featured_media":0,"parent":0,"menu_order":0,"comment_status":"closed","ping_status":"closed","template":"","meta":{"footnotes":""},"class_list":["post-523","page","type-page","status-publish","hentry"],"_links":{"self":[{"href":"https:\/\/agrarias.ufpr.br\/pgapv\/wp-json\/wp\/v2\/pages\/523","targetHints":{"allow":["GET"]}}],"collection":[{"href":"https:\/\/agrarias.ufpr.br\/pgapv\/wp-json\/wp\/v2\/pages"}],"about":[{"href":"https:\/\/agrarias.ufpr.br\/pgapv\/wp-json\/wp\/v2\/types\/page"}],"author":[{"embeddable":true,"href":"https:\/\/agrarias.ufpr.br\/pgapv\/wp-json\/wp\/v2\/users\/3"}],"replies":[{"embeddable":true,"href":"https:\/\/agrarias.ufpr.br\/pgapv\/wp-json\/wp\/v2\/comments?post=523"}],"version-history":[{"count":9,"href":"https:\/\/agrarias.ufpr.br\/pgapv\/wp-json\/wp\/v2\/pages\/523\/revisions"}],"predecessor-version":[{"id":3487,"href":"https:\/\/agrarias.ufpr.br\/pgapv\/wp-json\/wp\/v2\/pages\/523\/revisions\/3487"}],"wp:attachment":[{"href":"https:\/\/agrarias.ufpr.br\/pgapv\/wp-json\/wp\/v2\/media?parent=523"}],"curies":[{"name":"wp","href":"https:\/\/api.w.org\/{rel}","templated":true}]}}