{"id":518,"date":"2018-07-05T11:58:18","date_gmt":"2018-07-05T11:58:18","guid":{"rendered":"https:\/\/agrarias.ufpr.br\/pgapv\/?page_id=518"},"modified":"2018-09-28T19:02:35","modified_gmt":"2018-09-28T19:02:35","slug":"laboratorio-de-fitotecnia","status":"publish","type":"page","link":"https:\/\/agrarias.ufpr.br\/pgapv\/laboratorio-de-fitotecnia\/","title":{"rendered":"Laborat\u00f3rio de Fitotecnia"},"content":{"rendered":"<div class=\"titulo_pagina\"><strong>Interesses de pesquisa<\/strong><\/div>\n<div>\n<p style=\"text-align: justify\">Local para realiza\u00e7\u00e3o de aulas pr\u00e1ticas na \u00e1rea de Fitotecnia e est\u00e1gio para alunos da UFPR. O laborat\u00f3rio tem objetivo de dar suporte para pesquisas da \u00e1rea de manejo de lavouras conduzidas pelos docentes do DFF e por alunos do Programa de P\u00f3s-Gradua\u00e7\u00e3o em Agronomia-Produ\u00e7\u00e3o Vegetal e da Gradua\u00e7\u00e3o em Agronomia.<\/p>\n<p><strong>Coordenadores<\/strong><\/p>\n<p><a href=\"https:\/\/agrarias.ufpr.br\/fitotecnia\/ricardo-augusto-de-oliveira\/\">Ricardo Augusto de Oliveira<\/a><\/p>\n<p><a href=\"https:\/\/agrarias.ufpr.br\/pgapv\/luiz-alberto-kozlowski\/\">Luiz Alberto Kozlowski<\/a><\/p>\n<p><strong>T\u00e9cnica<\/strong><\/p>\n<p><a href=\"https:\/\/agrarias.ufpr.br\/fitotecnia\/servidores\/\">Maria Em\u00edlia Kudla<\/a><\/p>\n<p><strong>Contato<\/strong><\/p>\n<p><strong><img loading=\"lazy\" decoding=\"async\" class=\"wp-image-758 alignnone\" src=\"https:\/\/agrarias.ufpr.br\/fitotecnia\/wp-content\/uploads\/sites\/26\/2016\/03\/telefone.png\" alt=\"telefone\" width=\"22\" height=\"22\">&nbsp;<\/strong>+55 (41) 3350-5636<\/p>\n<\/div>\n","protected":false},"excerpt":{"rendered":"<p>Interesses de pesquisa Local para realiza\u00e7\u00e3o de aulas pr\u00e1ticas na \u00e1rea de Fitotecnia e est\u00e1gio para alunos da UFPR. O laborat\u00f3rio tem objetivo de dar suporte para pesquisas da \u00e1rea de manejo de lavouras conduzidas pelos docentes do DFF e por alunos do Programa de P\u00f3s-Gradua\u00e7\u00e3o em Agronomia-Produ\u00e7\u00e3o Vegetal e da Gradua\u00e7\u00e3o em Agronomia. Coordenadores [&hellip;]<\/p>\n","protected":false},"author":3,"featured_media":0,"parent":0,"menu_order":0,"comment_status":"closed","ping_status":"closed","template":"","meta":{"footnotes":""},"class_list":["post-518","page","type-page","status-publish","hentry"],"_links":{"self":[{"href":"https:\/\/agrarias.ufpr.br\/pgapv\/wp-json\/wp\/v2\/pages\/518","targetHints":{"allow":["GET"]}}],"collection":[{"href":"https:\/\/agrarias.ufpr.br\/pgapv\/wp-json\/wp\/v2\/pages"}],"about":[{"href":"https:\/\/agrarias.ufpr.br\/pgapv\/wp-json\/wp\/v2\/types\/page"}],"author":[{"embeddable":true,"href":"https:\/\/agrarias.ufpr.br\/pgapv\/wp-json\/wp\/v2\/users\/3"}],"replies":[{"embeddable":true,"href":"https:\/\/agrarias.ufpr.br\/pgapv\/wp-json\/wp\/v2\/comments?post=518"}],"version-history":[{"count":4,"href":"https:\/\/agrarias.ufpr.br\/pgapv\/wp-json\/wp\/v2\/pages\/518\/revisions"}],"predecessor-version":[{"id":1919,"href":"https:\/\/agrarias.ufpr.br\/pgapv\/wp-json\/wp\/v2\/pages\/518\/revisions\/1919"}],"wp:attachment":[{"href":"https:\/\/agrarias.ufpr.br\/pgapv\/wp-json\/wp\/v2\/media?parent=518"}],"curies":[{"name":"wp","href":"https:\/\/api.w.org\/{rel}","templated":true}]}}