{"id":510,"date":"2018-07-05T11:48:52","date_gmt":"2018-07-05T11:48:52","guid":{"rendered":"https:\/\/agrarias.ufpr.br\/pgapv\/?page_id=510"},"modified":"2026-04-07T23:58:55","modified_gmt":"2026-04-07T23:58:55","slug":"laboratorio-de-epidemiologia-molecular-laem","status":"publish","type":"page","link":"https:\/\/agrarias.ufpr.br\/pgapv\/laboratorio-de-epidemiologia-molecular-laem\/","title":{"rendered":"Laborat\u00f3rio de Epidemiologia Molecular \u2013 LAEM"},"content":{"rendered":"\n<p><strong>Interesses de pesquisa<\/strong><\/p>\n\n\n\n<p>Estudos de popula\u00e7\u00f5es de pat\u00f3genos relacionados a variabilidade e a resist\u00eancia de fungos. Al\u00e9m destes, o laborat\u00f3rio atende a \u00e1rea de biologia molecular e de virologia vegetal<\/p>\n\n\n\n<p><strong>Coordenadora<\/strong><\/p>\n\n\n\n<p><a href=\"https:\/\/agrarias.ufpr.br\/pgapv\/louise-larissa-may-de-mio\/\">Louise Larissa May De Mio&nbsp;<\/a><\/p>\n\n\n\n<p><strong>Vice-coordenador<\/strong><\/p>\n\n\n\n<p><a href=\"https:\/\/agrarias.ufpr.br\/pgapv\/joao-carlos-bespalhok-filho\/\">Jo\u00e3o Carlos Bespalhok Filho<\/a><\/p>\n\n\n\n<p><strong>Colaboradores<\/strong><\/p>\n\n\n\n<p><a href=\"https:\/\/agrarias.ufpr.br\/pgapv\/henrique-da-silva-silveira-duarte\/\">Henrique da Silva Silveira Duarte<\/a><\/p>\n\n\n\n<p><a href=\"https:\/\/agrarias.ufpr.br\/pgapv\/renata-faier-calegario\/\">Renata Faier Calegario<\/a><\/p>\n\n\n\n<p><strong>T\u00e9cnico<\/strong><\/p>\n\n\n\n<p><a href=\"https:\/\/agrarias.ufpr.br\/fitotecnia\/servidores\/\">Marli Izabet Alves de Miranda Borges<\/a><\/p>\n\n\n\n<p><strong>Contato<\/strong><\/p>\n\n\n\n<p><img loading=\"lazy\" decoding=\"async\" src=\"https:\/\/agrarias.ufpr.br\/fitotecnia\/wp-content\/uploads\/sites\/26\/2016\/03\/telefone.png\" alt=\"telefone\" width=\"22\" height=\"22\">+55 (41)&nbsp;3350-5736\/&nbsp;(41) 99774-0700<\/p>\n\n\n\n<p><strong>Fotos<\/strong><\/p>\n\n\n\n<figure class=\"wp-block-gallery aligncenter has-nested-images columns-4 is-cropped wp-block-gallery-1 is-layout-flex wp-block-gallery-is-layout-flex\">\n<figure class=\"wp-block-image size-full\"><img loading=\"lazy\" decoding=\"async\" width=\"1200\" height=\"675\" data-id=\"8166\" src=\"https:\/\/agrarias.ufpr.br\/pgapv\/wp-content\/uploads\/sites\/39\/2026\/04\/LAEM-1.jpg\" alt=\"\" class=\"wp-image-8166\" style=\"aspect-ratio:4\/3\" srcset=\"https:\/\/agrarias.ufpr.br\/pgapv\/wp-content\/uploads\/sites\/39\/2026\/04\/LAEM-1.jpg 1200w, https:\/\/agrarias.ufpr.br\/pgapv\/wp-content\/uploads\/sites\/39\/2026\/04\/LAEM-1-300x169.jpg 300w, https:\/\/agrarias.ufpr.br\/pgapv\/wp-content\/uploads\/sites\/39\/2026\/04\/LAEM-1-1024x576.jpg 1024w, https:\/\/agrarias.ufpr.br\/pgapv\/wp-content\/uploads\/sites\/39\/2026\/04\/LAEM-1-768x432.jpg 768w, https:\/\/agrarias.ufpr.br\/pgapv\/wp-content\/uploads\/sites\/39\/2026\/04\/LAEM-1-175x98.jpg 175w, https:\/\/agrarias.ufpr.br\/pgapv\/wp-content\/uploads\/sites\/39\/2026\/04\/LAEM-1-75x42.jpg 75w\" sizes=\"auto, (max-width: 1200px) 100vw, 1200px\" \/><\/figure>\n\n\n\n<figure class=\"wp-block-image size-full\"><img loading=\"lazy\" decoding=\"async\" width=\"1200\" height=\"675\" data-id=\"8174\" src=\"https:\/\/agrarias.ufpr.br\/pgapv\/wp-content\/uploads\/sites\/39\/2026\/04\/LAEM-2.jpg\" alt=\"\" class=\"wp-image-8174\" style=\"aspect-ratio:4\/3\" srcset=\"https:\/\/agrarias.ufpr.br\/pgapv\/wp-content\/uploads\/sites\/39\/2026\/04\/LAEM-2.jpg 1200w, https:\/\/agrarias.ufpr.br\/pgapv\/wp-content\/uploads\/sites\/39\/2026\/04\/LAEM-2-300x169.jpg 300w, https:\/\/agrarias.ufpr.br\/pgapv\/wp-content\/uploads\/sites\/39\/2026\/04\/LAEM-2-1024x576.jpg 1024w, https:\/\/agrarias.ufpr.br\/pgapv\/wp-content\/uploads\/sites\/39\/2026\/04\/LAEM-2-768x432.jpg 768w, https:\/\/agrarias.ufpr.br\/pgapv\/wp-content\/uploads\/sites\/39\/2026\/04\/LAEM-2-175x98.jpg 175w, https:\/\/agrarias.ufpr.br\/pgapv\/wp-content\/uploads\/sites\/39\/2026\/04\/LAEM-2-75x42.jpg 75w\" sizes=\"auto, (max-width: 1200px) 100vw, 1200px\" \/><\/figure>\n\n\n\n<figure class=\"wp-block-image size-full\"><img loading=\"lazy\" decoding=\"async\" width=\"1200\" height=\"675\" data-id=\"8178\" src=\"https:\/\/agrarias.ufpr.br\/pgapv\/wp-content\/uploads\/sites\/39\/2026\/04\/LAEM-3.jpg\" alt=\"\" class=\"wp-image-8178\" style=\"aspect-ratio:4\/3\" srcset=\"https:\/\/agrarias.ufpr.br\/pgapv\/wp-content\/uploads\/sites\/39\/2026\/04\/LAEM-3.jpg 1200w, https:\/\/agrarias.ufpr.br\/pgapv\/wp-content\/uploads\/sites\/39\/2026\/04\/LAEM-3-300x169.jpg 300w, https:\/\/agrarias.ufpr.br\/pgapv\/wp-content\/uploads\/sites\/39\/2026\/04\/LAEM-3-1024x576.jpg 1024w, https:\/\/agrarias.ufpr.br\/pgapv\/wp-content\/uploads\/sites\/39\/2026\/04\/LAEM-3-768x432.jpg 768w, https:\/\/agrarias.ufpr.br\/pgapv\/wp-content\/uploads\/sites\/39\/2026\/04\/LAEM-3-175x98.jpg 175w, https:\/\/agrarias.ufpr.br\/pgapv\/wp-content\/uploads\/sites\/39\/2026\/04\/LAEM-3-75x42.jpg 75w\" sizes=\"auto, (max-width: 1200px) 100vw, 1200px\" \/><\/figure>\n\n\n\n<figure class=\"wp-block-image size-full\"><img loading=\"lazy\" decoding=\"async\" width=\"1200\" height=\"675\" data-id=\"8177\" src=\"https:\/\/agrarias.ufpr.br\/pgapv\/wp-content\/uploads\/sites\/39\/2026\/04\/LAEM-4.jpg\" alt=\"\" class=\"wp-image-8177\" style=\"aspect-ratio:4\/3\" srcset=\"https:\/\/agrarias.ufpr.br\/pgapv\/wp-content\/uploads\/sites\/39\/2026\/04\/LAEM-4.jpg 1200w, https:\/\/agrarias.ufpr.br\/pgapv\/wp-content\/uploads\/sites\/39\/2026\/04\/LAEM-4-300x169.jpg 300w, https:\/\/agrarias.ufpr.br\/pgapv\/wp-content\/uploads\/sites\/39\/2026\/04\/LAEM-4-1024x576.jpg 1024w, https:\/\/agrarias.ufpr.br\/pgapv\/wp-content\/uploads\/sites\/39\/2026\/04\/LAEM-4-768x432.jpg 768w, https:\/\/agrarias.ufpr.br\/pgapv\/wp-content\/uploads\/sites\/39\/2026\/04\/LAEM-4-175x98.jpg 175w, https:\/\/agrarias.ufpr.br\/pgapv\/wp-content\/uploads\/sites\/39\/2026\/04\/LAEM-4-75x42.jpg 75w\" sizes=\"auto, (max-width: 1200px) 100vw, 1200px\" \/><\/figure>\n\n\n\n<figure class=\"wp-block-image size-full\"><img loading=\"lazy\" decoding=\"async\" width=\"1200\" height=\"675\" data-id=\"8169\" src=\"https:\/\/agrarias.ufpr.br\/pgapv\/wp-content\/uploads\/sites\/39\/2026\/04\/LAEM-5.jpg\" alt=\"\" class=\"wp-image-8169\" style=\"aspect-ratio:4\/3\" srcset=\"https:\/\/agrarias.ufpr.br\/pgapv\/wp-content\/uploads\/sites\/39\/2026\/04\/LAEM-5.jpg 1200w, https:\/\/agrarias.ufpr.br\/pgapv\/wp-content\/uploads\/sites\/39\/2026\/04\/LAEM-5-300x169.jpg 300w, https:\/\/agrarias.ufpr.br\/pgapv\/wp-content\/uploads\/sites\/39\/2026\/04\/LAEM-5-1024x576.jpg 1024w, https:\/\/agrarias.ufpr.br\/pgapv\/wp-content\/uploads\/sites\/39\/2026\/04\/LAEM-5-768x432.jpg 768w, https:\/\/agrarias.ufpr.br\/pgapv\/wp-content\/uploads\/sites\/39\/2026\/04\/LAEM-5-175x98.jpg 175w, https:\/\/agrarias.ufpr.br\/pgapv\/wp-content\/uploads\/sites\/39\/2026\/04\/LAEM-5-75x42.jpg 75w\" sizes=\"auto, (max-width: 1200px) 100vw, 1200px\" \/><\/figure>\n\n\n\n<figure class=\"wp-block-image size-full\"><img loading=\"lazy\" decoding=\"async\" width=\"1200\" height=\"675\" data-id=\"8170\" src=\"https:\/\/agrarias.ufpr.br\/pgapv\/wp-content\/uploads\/sites\/39\/2026\/04\/LAEM-6.jpg\" alt=\"\" class=\"wp-image-8170\" style=\"aspect-ratio:4\/3\" srcset=\"https:\/\/agrarias.ufpr.br\/pgapv\/wp-content\/uploads\/sites\/39\/2026\/04\/LAEM-6.jpg 1200w, https:\/\/agrarias.ufpr.br\/pgapv\/wp-content\/uploads\/sites\/39\/2026\/04\/LAEM-6-300x169.jpg 300w, https:\/\/agrarias.ufpr.br\/pgapv\/wp-content\/uploads\/sites\/39\/2026\/04\/LAEM-6-1024x576.jpg 1024w, https:\/\/agrarias.ufpr.br\/pgapv\/wp-content\/uploads\/sites\/39\/2026\/04\/LAEM-6-768x432.jpg 768w, https:\/\/agrarias.ufpr.br\/pgapv\/wp-content\/uploads\/sites\/39\/2026\/04\/LAEM-6-175x98.jpg 175w, https:\/\/agrarias.ufpr.br\/pgapv\/wp-content\/uploads\/sites\/39\/2026\/04\/LAEM-6-75x42.jpg 75w\" sizes=\"auto, (max-width: 1200px) 100vw, 1200px\" \/><\/figure>\n\n\n\n<figure class=\"wp-block-image size-full\"><img loading=\"lazy\" decoding=\"async\" width=\"1200\" height=\"675\" data-id=\"8167\" src=\"https:\/\/agrarias.ufpr.br\/pgapv\/wp-content\/uploads\/sites\/39\/2026\/04\/LAEM-7.jpg\" alt=\"\" class=\"wp-image-8167\" style=\"aspect-ratio:4\/3\" srcset=\"https:\/\/agrarias.ufpr.br\/pgapv\/wp-content\/uploads\/sites\/39\/2026\/04\/LAEM-7.jpg 1200w, https:\/\/agrarias.ufpr.br\/pgapv\/wp-content\/uploads\/sites\/39\/2026\/04\/LAEM-7-300x169.jpg 300w, https:\/\/agrarias.ufpr.br\/pgapv\/wp-content\/uploads\/sites\/39\/2026\/04\/LAEM-7-1024x576.jpg 1024w, https:\/\/agrarias.ufpr.br\/pgapv\/wp-content\/uploads\/sites\/39\/2026\/04\/LAEM-7-768x432.jpg 768w, https:\/\/agrarias.ufpr.br\/pgapv\/wp-content\/uploads\/sites\/39\/2026\/04\/LAEM-7-175x98.jpg 175w, https:\/\/agrarias.ufpr.br\/pgapv\/wp-content\/uploads\/sites\/39\/2026\/04\/LAEM-7-75x42.jpg 75w\" sizes=\"auto, (max-width: 1200px) 100vw, 1200px\" \/><\/figure>\n\n\n\n<figure class=\"wp-block-image size-full\"><img loading=\"lazy\" decoding=\"async\" width=\"1200\" height=\"675\" data-id=\"8172\" src=\"https:\/\/agrarias.ufpr.br\/pgapv\/wp-content\/uploads\/sites\/39\/2026\/04\/LAEM-8.jpg\" alt=\"\" class=\"wp-image-8172\" style=\"aspect-ratio:4\/3\" srcset=\"https:\/\/agrarias.ufpr.br\/pgapv\/wp-content\/uploads\/sites\/39\/2026\/04\/LAEM-8.jpg 1200w, https:\/\/agrarias.ufpr.br\/pgapv\/wp-content\/uploads\/sites\/39\/2026\/04\/LAEM-8-300x169.jpg 300w, https:\/\/agrarias.ufpr.br\/pgapv\/wp-content\/uploads\/sites\/39\/2026\/04\/LAEM-8-1024x576.jpg 1024w, https:\/\/agrarias.ufpr.br\/pgapv\/wp-content\/uploads\/sites\/39\/2026\/04\/LAEM-8-768x432.jpg 768w, https:\/\/agrarias.ufpr.br\/pgapv\/wp-content\/uploads\/sites\/39\/2026\/04\/LAEM-8-175x98.jpg 175w, https:\/\/agrarias.ufpr.br\/pgapv\/wp-content\/uploads\/sites\/39\/2026\/04\/LAEM-8-75x42.jpg 75w\" sizes=\"auto, (max-width: 1200px) 100vw, 1200px\" \/><\/figure>\n\n\n\n<figure class=\"wp-block-image size-full\"><img loading=\"lazy\" decoding=\"async\" width=\"1200\" height=\"675\" data-id=\"8168\" src=\"https:\/\/agrarias.ufpr.br\/pgapv\/wp-content\/uploads\/sites\/39\/2026\/04\/LAEM-9.jpg\" alt=\"\" class=\"wp-image-8168\" style=\"aspect-ratio:4\/3\" srcset=\"https:\/\/agrarias.ufpr.br\/pgapv\/wp-content\/uploads\/sites\/39\/2026\/04\/LAEM-9.jpg 1200w, https:\/\/agrarias.ufpr.br\/pgapv\/wp-content\/uploads\/sites\/39\/2026\/04\/LAEM-9-300x169.jpg 300w, https:\/\/agrarias.ufpr.br\/pgapv\/wp-content\/uploads\/sites\/39\/2026\/04\/LAEM-9-1024x576.jpg 1024w, https:\/\/agrarias.ufpr.br\/pgapv\/wp-content\/uploads\/sites\/39\/2026\/04\/LAEM-9-768x432.jpg 768w, https:\/\/agrarias.ufpr.br\/pgapv\/wp-content\/uploads\/sites\/39\/2026\/04\/LAEM-9-175x98.jpg 175w, https:\/\/agrarias.ufpr.br\/pgapv\/wp-content\/uploads\/sites\/39\/2026\/04\/LAEM-9-75x42.jpg 75w\" sizes=\"auto, (max-width: 1200px) 100vw, 1200px\" \/><\/figure>\n\n\n\n<figure class=\"wp-block-image size-full\"><img loading=\"lazy\" decoding=\"async\" width=\"1200\" height=\"675\" data-id=\"8171\" src=\"https:\/\/agrarias.ufpr.br\/pgapv\/wp-content\/uploads\/sites\/39\/2026\/04\/LAEM-10.jpg\" alt=\"\" class=\"wp-image-8171\" style=\"aspect-ratio:4\/3\" srcset=\"https:\/\/agrarias.ufpr.br\/pgapv\/wp-content\/uploads\/sites\/39\/2026\/04\/LAEM-10.jpg 1200w, https:\/\/agrarias.ufpr.br\/pgapv\/wp-content\/uploads\/sites\/39\/2026\/04\/LAEM-10-300x169.jpg 300w, https:\/\/agrarias.ufpr.br\/pgapv\/wp-content\/uploads\/sites\/39\/2026\/04\/LAEM-10-1024x576.jpg 1024w, https:\/\/agrarias.ufpr.br\/pgapv\/wp-content\/uploads\/sites\/39\/2026\/04\/LAEM-10-768x432.jpg 768w, https:\/\/agrarias.ufpr.br\/pgapv\/wp-content\/uploads\/sites\/39\/2026\/04\/LAEM-10-175x98.jpg 175w, https:\/\/agrarias.ufpr.br\/pgapv\/wp-content\/uploads\/sites\/39\/2026\/04\/LAEM-10-75x42.jpg 75w\" sizes=\"auto, (max-width: 1200px) 100vw, 1200px\" \/><\/figure>\n\n\n\n<figure class=\"wp-block-image size-full\"><img loading=\"lazy\" decoding=\"async\" width=\"1200\" height=\"675\" data-id=\"8175\" src=\"https:\/\/agrarias.ufpr.br\/pgapv\/wp-content\/uploads\/sites\/39\/2026\/04\/LAEM-11.jpg\" alt=\"\" class=\"wp-image-8175\" style=\"aspect-ratio:4\/3\" srcset=\"https:\/\/agrarias.ufpr.br\/pgapv\/wp-content\/uploads\/sites\/39\/2026\/04\/LAEM-11.jpg 1200w, https:\/\/agrarias.ufpr.br\/pgapv\/wp-content\/uploads\/sites\/39\/2026\/04\/LAEM-11-300x169.jpg 300w, https:\/\/agrarias.ufpr.br\/pgapv\/wp-content\/uploads\/sites\/39\/2026\/04\/LAEM-11-1024x576.jpg 1024w, https:\/\/agrarias.ufpr.br\/pgapv\/wp-content\/uploads\/sites\/39\/2026\/04\/LAEM-11-768x432.jpg 768w, https:\/\/agrarias.ufpr.br\/pgapv\/wp-content\/uploads\/sites\/39\/2026\/04\/LAEM-11-175x98.jpg 175w, https:\/\/agrarias.ufpr.br\/pgapv\/wp-content\/uploads\/sites\/39\/2026\/04\/LAEM-11-75x42.jpg 75w\" sizes=\"auto, (max-width: 1200px) 100vw, 1200px\" \/><\/figure>\n\n\n\n<figure class=\"wp-block-image size-full\"><img loading=\"lazy\" decoding=\"async\" width=\"1200\" height=\"675\" data-id=\"8180\" src=\"https:\/\/agrarias.ufpr.br\/pgapv\/wp-content\/uploads\/sites\/39\/2026\/04\/LAEM-12.jpg\" alt=\"\" class=\"wp-image-8180\" style=\"aspect-ratio:4\/3\" srcset=\"https:\/\/agrarias.ufpr.br\/pgapv\/wp-content\/uploads\/sites\/39\/2026\/04\/LAEM-12.jpg 1200w, https:\/\/agrarias.ufpr.br\/pgapv\/wp-content\/uploads\/sites\/39\/2026\/04\/LAEM-12-300x169.jpg 300w, https:\/\/agrarias.ufpr.br\/pgapv\/wp-content\/uploads\/sites\/39\/2026\/04\/LAEM-12-1024x576.jpg 1024w, https:\/\/agrarias.ufpr.br\/pgapv\/wp-content\/uploads\/sites\/39\/2026\/04\/LAEM-12-768x432.jpg 768w, https:\/\/agrarias.ufpr.br\/pgapv\/wp-content\/uploads\/sites\/39\/2026\/04\/LAEM-12-175x98.jpg 175w, https:\/\/agrarias.ufpr.br\/pgapv\/wp-content\/uploads\/sites\/39\/2026\/04\/LAEM-12-75x42.jpg 75w\" sizes=\"auto, (max-width: 1200px) 100vw, 1200px\" \/><\/figure>\n\n\n\n<figure class=\"wp-block-image size-full\"><img loading=\"lazy\" decoding=\"async\" width=\"1200\" height=\"675\" data-id=\"8179\" src=\"https:\/\/agrarias.ufpr.br\/pgapv\/wp-content\/uploads\/sites\/39\/2026\/04\/LAEM-13.jpg\" alt=\"\" class=\"wp-image-8179\" style=\"aspect-ratio:4\/3\" srcset=\"https:\/\/agrarias.ufpr.br\/pgapv\/wp-content\/uploads\/sites\/39\/2026\/04\/LAEM-13.jpg 1200w, https:\/\/agrarias.ufpr.br\/pgapv\/wp-content\/uploads\/sites\/39\/2026\/04\/LAEM-13-300x169.jpg 300w, https:\/\/agrarias.ufpr.br\/pgapv\/wp-content\/uploads\/sites\/39\/2026\/04\/LAEM-13-1024x576.jpg 1024w, https:\/\/agrarias.ufpr.br\/pgapv\/wp-content\/uploads\/sites\/39\/2026\/04\/LAEM-13-768x432.jpg 768w, https:\/\/agrarias.ufpr.br\/pgapv\/wp-content\/uploads\/sites\/39\/2026\/04\/LAEM-13-175x98.jpg 175w, https:\/\/agrarias.ufpr.br\/pgapv\/wp-content\/uploads\/sites\/39\/2026\/04\/LAEM-13-75x42.jpg 75w\" sizes=\"auto, (max-width: 1200px) 100vw, 1200px\" \/><\/figure>\n\n\n\n<figure class=\"wp-block-image size-full\"><img loading=\"lazy\" decoding=\"async\" width=\"1200\" height=\"675\" data-id=\"8176\" src=\"https:\/\/agrarias.ufpr.br\/pgapv\/wp-content\/uploads\/sites\/39\/2026\/04\/LAEM-14.jpg\" alt=\"\" class=\"wp-image-8176\" style=\"aspect-ratio:4\/3\" srcset=\"https:\/\/agrarias.ufpr.br\/pgapv\/wp-content\/uploads\/sites\/39\/2026\/04\/LAEM-14.jpg 1200w, https:\/\/agrarias.ufpr.br\/pgapv\/wp-content\/uploads\/sites\/39\/2026\/04\/LAEM-14-300x169.jpg 300w, https:\/\/agrarias.ufpr.br\/pgapv\/wp-content\/uploads\/sites\/39\/2026\/04\/LAEM-14-1024x576.jpg 1024w, https:\/\/agrarias.ufpr.br\/pgapv\/wp-content\/uploads\/sites\/39\/2026\/04\/LAEM-14-768x432.jpg 768w, https:\/\/agrarias.ufpr.br\/pgapv\/wp-content\/uploads\/sites\/39\/2026\/04\/LAEM-14-175x98.jpg 175w, https:\/\/agrarias.ufpr.br\/pgapv\/wp-content\/uploads\/sites\/39\/2026\/04\/LAEM-14-75x42.jpg 75w\" sizes=\"auto, (max-width: 1200px) 100vw, 1200px\" \/><\/figure>\n\n\n\n<figure class=\"wp-block-image size-full\"><img loading=\"lazy\" decoding=\"async\" width=\"1200\" height=\"675\" data-id=\"8173\" src=\"https:\/\/agrarias.ufpr.br\/pgapv\/wp-content\/uploads\/sites\/39\/2026\/04\/LAEM-15.jpg\" alt=\"\" class=\"wp-image-8173\" style=\"aspect-ratio:4\/3\" srcset=\"https:\/\/agrarias.ufpr.br\/pgapv\/wp-content\/uploads\/sites\/39\/2026\/04\/LAEM-15.jpg 1200w, https:\/\/agrarias.ufpr.br\/pgapv\/wp-content\/uploads\/sites\/39\/2026\/04\/LAEM-15-300x169.jpg 300w, https:\/\/agrarias.ufpr.br\/pgapv\/wp-content\/uploads\/sites\/39\/2026\/04\/LAEM-15-1024x576.jpg 1024w, https:\/\/agrarias.ufpr.br\/pgapv\/wp-content\/uploads\/sites\/39\/2026\/04\/LAEM-15-768x432.jpg 768w, https:\/\/agrarias.ufpr.br\/pgapv\/wp-content\/uploads\/sites\/39\/2026\/04\/LAEM-15-175x98.jpg 175w, https:\/\/agrarias.ufpr.br\/pgapv\/wp-content\/uploads\/sites\/39\/2026\/04\/LAEM-15-75x42.jpg 75w\" sizes=\"auto, (max-width: 1200px) 100vw, 1200px\" \/><\/figure>\n<\/figure>\n","protected":false},"excerpt":{"rendered":"<p>Interesses de pesquisa Estudos de popula\u00e7\u00f5es de pat\u00f3genos relacionados a variabilidade e a resist\u00eancia de fungos. Al\u00e9m destes, o laborat\u00f3rio atende a \u00e1rea de biologia molecular e de virologia vegetal Coordenadora Louise Larissa May De Mio&nbsp; Vice-coordenador Jo\u00e3o Carlos Bespalhok Filho Colaboradores Henrique da Silva Silveira Duarte Renata Faier Calegario T\u00e9cnico Marli Izabet Alves de [&hellip;]<\/p>\n","protected":false},"author":3,"featured_media":0,"parent":0,"menu_order":0,"comment_status":"closed","ping_status":"closed","template":"","meta":{"footnotes":""},"class_list":["post-510","page","type-page","status-publish","hentry"],"_links":{"self":[{"href":"https:\/\/agrarias.ufpr.br\/pgapv\/wp-json\/wp\/v2\/pages\/510","targetHints":{"allow":["GET"]}}],"collection":[{"href":"https:\/\/agrarias.ufpr.br\/pgapv\/wp-json\/wp\/v2\/pages"}],"about":[{"href":"https:\/\/agrarias.ufpr.br\/pgapv\/wp-json\/wp\/v2\/types\/page"}],"author":[{"embeddable":true,"href":"https:\/\/agrarias.ufpr.br\/pgapv\/wp-json\/wp\/v2\/users\/3"}],"replies":[{"embeddable":true,"href":"https:\/\/agrarias.ufpr.br\/pgapv\/wp-json\/wp\/v2\/comments?post=510"}],"version-history":[{"count":12,"href":"https:\/\/agrarias.ufpr.br\/pgapv\/wp-json\/wp\/v2\/pages\/510\/revisions"}],"predecessor-version":[{"id":8181,"href":"https:\/\/agrarias.ufpr.br\/pgapv\/wp-json\/wp\/v2\/pages\/510\/revisions\/8181"}],"wp:attachment":[{"href":"https:\/\/agrarias.ufpr.br\/pgapv\/wp-json\/wp\/v2\/media?parent=510"}],"curies":[{"name":"wp","href":"https:\/\/api.w.org\/{rel}","templated":true}]}}