{"id":4349,"date":"2021-05-11T17:56:38","date_gmt":"2021-05-11T17:56:38","guid":{"rendered":"https:\/\/agrarias.ufpr.br\/pgapv\/?page_id=4349"},"modified":"2026-02-03T18:08:15","modified_gmt":"2026-02-03T18:08:15","slug":"apresentacao","status":"publish","type":"page","link":"https:\/\/agrarias.ufpr.br\/pgapv\/apresentacao\/","title":{"rendered":"Apresenta\u00e7\u00e3o"},"content":{"rendered":"\n<p>O Programa de P\u00f3s-Gradua\u00e7\u00e3o em Agronomia \u2013 Produ\u00e7\u00e3o Vegetal (PGAPV) foi homologado pelo Conselho Universit\u00e1rio da Universidade Federal do Paran\u00e1 (UFPR) em 09 de junho de 1994, pelo Parecer n\u00ba 08\/94-COUN, inicialmente com o curso de Mestrado e um ano ap\u00f3s com o curso de Doutorado. Em junho de 1997, o PGAPV foi credenciado e recomendado pelo Grupo T\u00e9cnico Consultivo da CAPES com o n\u00famero de refer\u00eancia: CAA\/GTC\/040. Na avalia\u00e7\u00e3o do tri\u00eanio 2007-2009, o PGAPV passou do n\u00edvel 4 para 5. Na \u00faltima avalia\u00e7\u00e3o, 2017-2020 foi classificado como <strong>n\u00edvel 6<\/strong>.<\/p>\n\n\n\n<p>Atualmente o PGAPV possui 3 linhas de pesquisa: <strong>Prote\u00e7\u00e3o Vegetal e Seguran\u00e7a Ambiental<\/strong>,&nbsp;<strong>Fisiologia, Morfog\u00eanese e Biotecnologia de Plantas e&nbsp;<\/strong><strong>Produ\u00e7\u00e3o Vegetal na Agricultura Sustent\u00e1vel<\/strong>. O PGAPV conta com 20 docentes permanentes e 4 docentes colaboradores orientando e co-orientando mais de 70 discentes. Desde 1996, foram defendidas mais de 600 disserta\u00e7\u00f5es e teses.<\/p>\n\n\n\n<p>O PGAPV completou 30 anos em 2024 e foi realizado um evento comemorativo com palestras de ex-alunos e homenagens a ex-coordenadores que contribu\u00edram para o desenvolvimento do programa.<\/p>\n\n\n\n<ul class=\"wp-block-list\">\n<li><a href=\"https:\/\/agrarias.ufpr.br\/pgapv\/wp-content\/uploads\/sites\/39\/2025\/03\/Anexo-1.3-Planejamento-estrategico-PGAPV.pdf\"><strong>PLANEJAMENTO ESTRAT\u00c9GICO<\/strong><\/a><\/li>\n\n\n\n<li><a href=\"https:\/\/agrarias.ufpr.br\/pgapv\/wp-content\/uploads\/sites\/39\/2025\/03\/Anexo-1.1.-Plano-Pedagogico-do-PGAPV.pdf\"><strong>PLANO PEDAG\u00d3GICO DE CURSO<\/strong><\/a><\/li>\n<\/ul>\n","protected":false},"excerpt":{"rendered":"<p>O Programa de P\u00f3s-Gradua\u00e7\u00e3o em Agronomia \u2013 Produ\u00e7\u00e3o Vegetal (PGAPV) foi homologado pelo Conselho Universit\u00e1rio da Universidade Federal do Paran\u00e1 (UFPR) em 09 de junho de 1994, pelo Parecer n\u00ba 08\/94-COUN, inicialmente com o curso de Mestrado e um ano ap\u00f3s com o curso de Doutorado. Em junho de 1997, o PGAPV foi credenciado e recomendado pelo Grupo T\u00e9cnico Consultivo da CAPES com o n\u00famero de refer\u00eancia: CAA\/GTC\/040. Na avalia\u00e7\u00e3o do tri\u00eanio 2007-2009, o PGAPV [&hellip;]<\/p>\n","protected":false},"author":3,"featured_media":0,"parent":0,"menu_order":0,"comment_status":"closed","ping_status":"closed","template":"","meta":{"footnotes":""},"class_list":["post-4349","page","type-page","status-publish","hentry"],"_links":{"self":[{"href":"https:\/\/agrarias.ufpr.br\/pgapv\/wp-json\/wp\/v2\/pages\/4349","targetHints":{"allow":["GET"]}}],"collection":[{"href":"https:\/\/agrarias.ufpr.br\/pgapv\/wp-json\/wp\/v2\/pages"}],"about":[{"href":"https:\/\/agrarias.ufpr.br\/pgapv\/wp-json\/wp\/v2\/types\/page"}],"author":[{"embeddable":true,"href":"https:\/\/agrarias.ufpr.br\/pgapv\/wp-json\/wp\/v2\/users\/3"}],"replies":[{"embeddable":true,"href":"https:\/\/agrarias.ufpr.br\/pgapv\/wp-json\/wp\/v2\/comments?post=4349"}],"version-history":[{"count":24,"href":"https:\/\/agrarias.ufpr.br\/pgapv\/wp-json\/wp\/v2\/pages\/4349\/revisions"}],"predecessor-version":[{"id":7740,"href":"https:\/\/agrarias.ufpr.br\/pgapv\/wp-json\/wp\/v2\/pages\/4349\/revisions\/7740"}],"wp:attachment":[{"href":"https:\/\/agrarias.ufpr.br\/pgapv\/wp-json\/wp\/v2\/media?parent=4349"}],"curies":[{"name":"wp","href":"https:\/\/api.w.org\/{rel}","templated":true}]}}