{"id":4328,"date":"2021-05-10T18:19:25","date_gmt":"2021-05-10T18:19:25","guid":{"rendered":"https:\/\/agrarias.ufpr.br\/pgapv\/?page_id=4328"},"modified":"2021-05-10T19:07:08","modified_gmt":"2021-05-10T19:07:08","slug":"apresentacao-2","status":"publish","type":"page","link":"https:\/\/agrarias.ufpr.br\/pgapv\/apresentacao-2\/","title":{"rendered":"Apresenta\u00e7\u00e3o"},"content":{"rendered":"<p style=\"text-align: justify;\">O Programa de P\u00f3s-Gradua\u00e7\u00e3o em Agronomia \u2013 Produ\u00e7\u00e3o Vegetal (PGAPV) foi homologado pelo Conselho Universit\u00e1rio da Universidade Federal do Paran\u00e1 (UFPR) em 09 de junho de 1994, pelo Parecer n\u00ba 08\/94-COUN, inicialmente com o curso de Mestrado e um ano ap\u00f3s com o curso de Doutorado. Em junho de 1997, o PGAPV foi credenciado e recomendado pelo Grupo T\u00e9cnico Consultivo da CAPES com o n\u00famero de refer\u00eancia: CAA\/GTC\/040. Na avalia\u00e7\u00e3o do tri\u00eanio 2007-2009, o PGAPV passou do n\u00edvel 4 para 5, sendo mantido neste n\u00edvel nas \u00faltimas avalia\u00e7\u00f5es.<\/p>\n<p style=\"text-align: justify;\">Atualmente o PGAPV possui 3 linhas de pesquisa: <strong>Prote\u00e7\u00e3o Vegetal e Seguran\u00e7a Ambiental<\/strong>,&nbsp;<strong>Fisiologia, Morfog\u00eanese e Biotecnologia de Plantas e&nbsp;<\/strong><strong>Produ\u00e7\u00e3o Vegetal na Agricultura Sustent\u00e1vel<\/strong>. O PGAPV conta com 22 docentes permanentes e 6 docentes colaboradores orientando e co-orientando mais de 80 discentes. Desde 1996, foram defendidas mais de 500 disserta\u00e7\u00f5es e teses.<\/p>\n<p style=\"text-align: justify;\">O PGAPV completou 25 anos em 2019 e foi realizado um evento comemorativo com palestras e homenagens a ex-docentes que contribuiram para o desenvolvimento do programa. No v\u00eddeo abaixo mostra algumas pesquisas que os docentes tem realizado a fim de contribuir com uma Agricultura mais sustent\u00e1vel.&nbsp;<\/p>\n<table style=\"border-collapse: collapse; width: 100%;\" border=\"1\">\n<tbody>\n<tr>\n<td style=\"width: 100%; border-style: hidden; border-color: #ffffff; background-color: #ffffff; text-align: center;\"><iframe loading=\"lazy\" title=\"YouTube video player\" src=\"\/\/www.youtube.com\/embed\/84kE-rzbrqY\" width=\"560\" height=\"315\" frameborder=\"0\" allowfullscreen=\"allowfullscreen\"><\/iframe><\/td>\n<\/tr>\n<\/tbody>\n<\/table>\n<p><span style=\"text-align: center;\"><br \/>\nO reflexo da cria\u00e7\u00e3o do PGAPV est\u00e1 na qualifica\u00e7\u00e3o de resultados desenvolvidos e em desenvolvimento pelo Programa e o seu retorno ao setor, citando alguns exemplos a seguir:<\/span><\/p>\n<table class=\" aligncenter\" style=\"width: 100%; border-collapse: collapse; border-style: hidden; border-color: #fff; background-color: #fff;\" border=\"0\">\n<tbody>\n<tr style=\"height: 307px; border-style: hidden;\">\n<td style=\"width: 25%; height: 307px; border-style: none;\"><a href=\"https:\/\/revistagloborural.globo.com\/Noticias\/Pesquisa-e-Tecnologia\/noticia\/2020\/09\/pesquisadores-do-parana-criam-biofertilizante-base-de-alga.html\"><img loading=\"lazy\" decoding=\"async\" class=\"aligncenter wp-image-3928 size-full\" src=\"https:\/\/agrarias.ufpr.br\/pgapv\/wp-content\/uploads\/sites\/39\/2021\/03\/gilda.fw_.png\" alt=\"\" width=\"300\" height=\"300\" srcset=\"https:\/\/agrarias.ufpr.br\/pgapv\/wp-content\/uploads\/sites\/39\/2021\/03\/gilda.fw_.png 300w, https:\/\/agrarias.ufpr.br\/pgapv\/wp-content\/uploads\/sites\/39\/2021\/03\/gilda.fw_-150x150.png 150w, https:\/\/agrarias.ufpr.br\/pgapv\/wp-content\/uploads\/sites\/39\/2021\/03\/gilda.fw_-250x250.png 250w, https:\/\/agrarias.ufpr.br\/pgapv\/wp-content\/uploads\/sites\/39\/2021\/03\/gilda.fw_-120x120.png 120w\" sizes=\"auto, (max-width: 300px) 100vw, 300px\" \/><\/a><\/td>\n<td style=\"width: 25%; height: 307px; border-style: hidden;\"><a href=\"https:\/\/blogs.canalrural.com.br\/florestasa\/2020\/05\/26\/araucaria-exploracao-comercial-e-possivel\/\"><img loading=\"lazy\" decoding=\"async\" class=\"aligncenter wp-image-3929 size-full\" src=\"https:\/\/agrarias.ufpr.br\/pgapv\/wp-content\/uploads\/sites\/39\/2021\/03\/Araucaria_-840x560.fw_.png\" alt=\"\" width=\"300\" height=\"300\" srcset=\"https:\/\/agrarias.ufpr.br\/pgapv\/wp-content\/uploads\/sites\/39\/2021\/03\/Araucaria_-840x560.fw_.png 300w, https:\/\/agrarias.ufpr.br\/pgapv\/wp-content\/uploads\/sites\/39\/2021\/03\/Araucaria_-840x560.fw_-150x150.png 150w, https:\/\/agrarias.ufpr.br\/pgapv\/wp-content\/uploads\/sites\/39\/2021\/03\/Araucaria_-840x560.fw_-250x250.png 250w, https:\/\/agrarias.ufpr.br\/pgapv\/wp-content\/uploads\/sites\/39\/2021\/03\/Araucaria_-840x560.fw_-120x120.png 120w\" sizes=\"auto, (max-width: 300px) 100vw, 300px\" \/><\/a><\/td>\n<td style=\"width: 25%; height: 307px; border-style: hidden; border-color: #fff; background-color: #fff;\"><a href=\"https:\/\/www.casadenoticias.com.br\/noticias\/31059-ufpr-inova-em-pesquisas-sobre-controle-biologico-de-pragas-e-tem-trabalhos-premiados\"><img loading=\"lazy\" decoding=\"async\" class=\"aligncenter wp-image-3930 size-medium\" src=\"https:\/\/agrarias.ufpr.br\/pgapv\/wp-content\/uploads\/sites\/39\/2021\/03\/pesquisa2-300x300.jpg\" alt=\"\" width=\"300\" height=\"300\" srcset=\"https:\/\/agrarias.ufpr.br\/pgapv\/wp-content\/uploads\/sites\/39\/2021\/03\/pesquisa2-300x300.jpg 300w, https:\/\/agrarias.ufpr.br\/pgapv\/wp-content\/uploads\/sites\/39\/2021\/03\/pesquisa2-150x150.jpg 150w, https:\/\/agrarias.ufpr.br\/pgapv\/wp-content\/uploads\/sites\/39\/2021\/03\/pesquisa2-250x250.jpg 250w, https:\/\/agrarias.ufpr.br\/pgapv\/wp-content\/uploads\/sites\/39\/2021\/03\/pesquisa2-120x120.jpg 120w, https:\/\/agrarias.ufpr.br\/pgapv\/wp-content\/uploads\/sites\/39\/2021\/03\/pesquisa2.jpg 450w\" sizes=\"auto, (max-width: 300px) 100vw, 300px\" \/><\/a><\/td>\n<td style=\"width: 25%; height: 307px;\"><a href=\"https:\/\/www.revistarural.com.br\/2020\/12\/16\/arvores-no-campo-reduzem-doencas-nas-lavoura\/\"><img loading=\"lazy\" decoding=\"async\" class=\"aligncenter wp-image-3931 size-full\" src=\"https:\/\/agrarias.ufpr.br\/pgapv\/wp-content\/uploads\/sites\/39\/2021\/03\/soja.fw_.png\" alt=\"\" width=\"300\" height=\"300\" srcset=\"https:\/\/agrarias.ufpr.br\/pgapv\/wp-content\/uploads\/sites\/39\/2021\/03\/soja.fw_.png 300w, https:\/\/agrarias.ufpr.br\/pgapv\/wp-content\/uploads\/sites\/39\/2021\/03\/soja.fw_-150x150.png 150w, https:\/\/agrarias.ufpr.br\/pgapv\/wp-content\/uploads\/sites\/39\/2021\/03\/soja.fw_-250x250.png 250w, https:\/\/agrarias.ufpr.br\/pgapv\/wp-content\/uploads\/sites\/39\/2021\/03\/soja.fw_-120x120.png 120w\" sizes=\"auto, (max-width: 300px) 100vw, 300px\" \/><\/a><\/td>\n<\/tr>\n<tr style=\"height: 48px; border-style: hidden; border-color: #fff; background-color: #fff;\">\n<td style=\"width: 25%; height: 48px; border-style: hidden; border-color: #ffffff; background-color: #ffffff; text-align: center;\"><a href=\"https:\/\/revistagloborural.globo.com\/Noticias\/Pesquisa-e-Tecnologia\/noticia\/2020\/09\/pesquisadores-do-parana-criam-biofertilizante-base-de-alga.html\"><strong>UFPR-PGAPV tem sua primeira patente verde concedida&nbsp;<\/strong><\/a><\/p>\n<p><strong><a href=\"https:\/\/www.ufpr.brufpr\/noticias\/primeira-patente-verde-da-ufpr-biofertilizante-organico-a-base-de-microalgas-e-opcao-sustentavel-para-a-agricultura\/\">Link 1<\/a><\/strong><\/p>\n<p><strong><a href=\"http:\/\/www.inovacao.ufpr.br\/noticia\/concedida-primeira-patente-verde-da-ufpr\/\">Link 2<\/a><\/strong><\/td>\n<td style=\"width: 25%; height: 48px; text-align: center;\"><a href=\"https:\/\/blogs.canalrural.com.br\/florestasa\/2020\/05\/13\/projeto-de-lei-permite-a-exploracao-comercial-da-araucaria\/\"><strong>Lei da explora\u00e7\u00e3o comercial da Arauc\u00e1ria \u00e9 aprovada com apoio do PGAPV<\/strong><\/a><\/td>\n<td style=\"width: 25%; height: 48px; border-style: hidden; border-color: #ffffff; background-color: #ffffff; text-align: center;\"><a href=\"https:\/\/link.springer.com\/article\/10.1007\/s13744-020-00834-2\"><strong>Equipe da UFPR-PGAPV descobre nova esp\u00e9cie a ser utilizada no controle biol\u00f3gico de pragas<\/strong><\/a><\/td>\n<td style=\"width: 25%; height: 48px; text-align: center;\"><a href=\"https:\/\/www.revistarural.com.br\/2020\/12\/16\/arvores-no-campo-reduzem-doencas-nas-lavoura\/\"><strong>UFPR-PGAPV e o desenvolvimento de Sistemas Integrados de Produ\u00e7\u00e3o Agropecu\u00e1ria<\/strong><\/a><\/td>\n<\/tr>\n<tr style=\"height: 453px; border-style: hidden; border-color: #fff; background-color: #fff;\">\n<td style=\"width: 25%; height: 453px; border-style: hidden; border-color: #ffffff; background-color: #ffffff; text-align: center;\"><strong><a href=\"https:\/\/agrarias.ufpr.br\/pgapv\/premio-curta-ciencia-comemoracao-dos-107-anos-da-ufpr\/\"><img loading=\"lazy\" decoding=\"async\" class=\"alignnone size-full wp-image-4212\" src=\"https:\/\/agrarias.ufpr.br\/pgapv\/wp-content\/uploads\/sites\/39\/2021\/05\/foto-site.jpg\" alt=\"\" width=\"200\" height=\"251\" srcset=\"https:\/\/agrarias.ufpr.br\/pgapv\/wp-content\/uploads\/sites\/39\/2021\/05\/foto-site.jpg 200w, https:\/\/agrarias.ufpr.br\/pgapv\/wp-content\/uploads\/sites\/39\/2021\/05\/foto-site-96x120.jpg 96w\" sizes=\"auto, (max-width: 200px) 100vw, 200px\" \/><\/a><\/strong><\/p>\n<p><strong><a href=\"https:\/\/agrarias.ufpr.br\/pgapv\/premio-curta-ciencia-comemoracao-dos-107-anos-da-ufpr\/\">Pr\u00eamio Curta Ci\u00eancia&nbsp;&#8211; comemora\u00e7\u00e3o dos 107 anos da UFPR.<\/a><\/strong><\/td>\n<td style=\"width: 25%; text-align: center; height: 453px;\"><a href=\"https:\/\/apsjournals.apsnet.org\/doi\/10.1094\/PDIS-03-20-0556-PDN\"><strong><img loading=\"lazy\" decoding=\"async\" class=\"wp-image-4235 aligncenter\" src=\"https:\/\/agrarias.ufpr.br\/pgapv\/wp-content\/uploads\/sites\/39\/2021\/05\/milhodoenca-243x300.jpg\" alt=\"\" width=\"200\" height=\"247\" srcset=\"https:\/\/agrarias.ufpr.br\/pgapv\/wp-content\/uploads\/sites\/39\/2021\/05\/milhodoenca-243x300.jpg 243w, https:\/\/agrarias.ufpr.br\/pgapv\/wp-content\/uploads\/sites\/39\/2021\/05\/milhodoenca-250x308.jpg 250w, https:\/\/agrarias.ufpr.br\/pgapv\/wp-content\/uploads\/sites\/39\/2021\/05\/milhodoenca-97x120.jpg 97w, https:\/\/agrarias.ufpr.br\/pgapv\/wp-content\/uploads\/sites\/39\/2021\/05\/milhodoenca.jpg 460w\" sizes=\"auto, (max-width: 200px) 100vw, 200px\" \/><\/strong><\/a><\/p>\n<p><a href=\"https:\/\/apsjournals.apsnet.org\/doi\/10.1094\/PDIS-03-20-0556-PDN\"><strong>Professores da UFPR-PGAPV descobrem nova doen\u00e7a em Milho no Brasil<\/strong><\/a><\/td>\n<td style=\"width: 25%; height: 453px; border-style: hidden; border-color: #ffffff; background-color: #ffffff; text-align: center;\">&nbsp;<\/p>\n<p><a href=\"https:\/\/agrarias.ufpr.br\/pgapv\/professores-do-pgapv-descobrem-nova-doenca-em-milho-no-brasil\/\"><strong><img loading=\"lazy\" decoding=\"async\" class=\" wp-image-4301 aligncenter\" src=\"https:\/\/agrarias.ufpr.br\/pgapv\/wp-content\/uploads\/sites\/39\/2021\/05\/resistencia-e1620416428602-183x300.jpg\" alt=\"\" width=\"163\" height=\"267\" srcset=\"https:\/\/agrarias.ufpr.br\/pgapv\/wp-content\/uploads\/sites\/39\/2021\/05\/resistencia-e1620416428602-183x300.jpg 183w, https:\/\/agrarias.ufpr.br\/pgapv\/wp-content\/uploads\/sites\/39\/2021\/05\/resistencia-e1620416428602-250x409.jpg 250w, https:\/\/agrarias.ufpr.br\/pgapv\/wp-content\/uploads\/sites\/39\/2021\/05\/resistencia-e1620416428602-73x120.jpg 73w, https:\/\/agrarias.ufpr.br\/pgapv\/wp-content\/uploads\/sites\/39\/2021\/05\/resistencia-e1620416428602.jpg 428w\" sizes=\"auto, (max-width: 163px) 100vw, 163px\" \/><\/strong><\/a><\/p>\n<p><a href=\"https:\/\/agrarias.ufpr.br\/pgapv\/professores-do-pgapv-descobrem-nova-doenca-em-milho-no-brasil\/\"><strong>Projeto de Resist\u00eancia de Pat\u00f3genos \u00e0 Fungicidas da UFPR-PGAPV com parcerias Internacionais descobrem novas muta\u00e7\u00f5es e altera\u00e7\u00e3o na resist\u00eancia dos fungos aos Fungicidas<\/strong><\/a><\/td>\n<td style=\"width: 25%; text-align: center; height: 453px;\"><a href=\"https:\/\/www.ufpr.brufpr\/noticias\/cana-de-acucar-desenvolvida-por-universidades-federais-lidera-mercado-ufpr-lanca-quatro-variedades-em-2021\/\"><strong><img loading=\"lazy\" decoding=\"async\" class=\"alignnone wp-image-4283 size-full\" src=\"https:\/\/agrarias.ufpr.br\/pgapv\/wp-content\/uploads\/sites\/39\/2021\/05\/cana.fw_.png\" alt=\"\" width=\"200\" height=\"247\" srcset=\"https:\/\/agrarias.ufpr.br\/pgapv\/wp-content\/uploads\/sites\/39\/2021\/05\/cana.fw_.png 200w, https:\/\/agrarias.ufpr.br\/pgapv\/wp-content\/uploads\/sites\/39\/2021\/05\/cana.fw_-97x120.png 97w\" sizes=\"auto, (max-width: 200px) 100vw, 200px\" \/><\/strong><\/a><\/p>\n<p><strong><a href=\"https:\/\/www.ufpr.brufpr\/noticias\/cana-de-acucar-desenvolvida-por-universidades-federais-lidera-mercado-ufpr-lanca-quatro-variedades-em-2021\/\">UFPR-PGAPV lan\u00e7a quatro novas variedades de cana-de-a\u00e7\u00facar<\/a><\/strong><\/td>\n<\/tr>\n<tr style=\"border-style: hidden; border-color: #fff; background-color: #fff;\">\n<td style=\"width: 25%; border-style: hidden; border-color: #ffffff; background-color: #ffffff; text-align: center;\"><a href=\"https:\/\/g1.globo.com\/pr\/parana\/caminhos-do-campo\/noticia\/2020\/11\/08\/variedade-de-cana-desenvolvida-na-ufpr-e-a-segunda-mais-plantada-do-brasil.ghtml\"><strong><img loading=\"lazy\" decoding=\"async\" class=\"alignnone size-full wp-image-4332\" src=\"https:\/\/agrarias.ufpr.br\/pgapv\/wp-content\/uploads\/sites\/39\/2021\/05\/pesquisa3.fw_.png\" alt=\"\" width=\"200\" height=\"247\" srcset=\"https:\/\/agrarias.ufpr.br\/pgapv\/wp-content\/uploads\/sites\/39\/2021\/05\/pesquisa3.fw_.png 200w, https:\/\/agrarias.ufpr.br\/pgapv\/wp-content\/uploads\/sites\/39\/2021\/05\/pesquisa3.fw_-97x120.png 97w\" sizes=\"auto, (max-width: 200px) 100vw, 200px\" \/><\/strong><\/a><\/td>\n<td style=\"width: 25%; text-align: center;\"><strong>&nbsp;<\/strong><\/td>\n<td style=\"width: 25%; border-style: hidden; border-color: #ffffff; background-color: #ffffff; text-align: center;\">&nbsp;<\/td>\n<td style=\"width: 25%; text-align: center;\"><strong>&nbsp;<\/strong><\/td>\n<\/tr>\n<tr>\n<td style=\"width: 25%; border-style: hidden; border-color: #ffffff; background-color: #ffffff; text-align: center;\"><a href=\"https:\/\/g1.globo.com\/pr\/parana\/caminhos-do-campo\/noticia\/2020\/11\/08\/variedade-de-cana-desenvolvida-na-ufpr-e-a-segunda-mais-plantada-do-brasil.ghtml\"><strong> Variedade de cana-de-a\u00e7\u00facar desenvolvida nos laborat\u00f3rios da Universidade Federal do Paran\u00e1 (UFPR)-PGAPV \u00e9 a segunda mais plantada em todo o Brasil<\/strong><\/a><strong>&nbsp;<\/strong><\/td>\n<td style=\"width: 25%; text-align: center;\"><strong>&nbsp;<\/strong><\/td>\n<td style=\"width: 25%; border-style: hidden; border-color: #ffffff; background-color: #ffffff; text-align: center;\">&nbsp;<\/td>\n<td style=\"width: 25%; text-align: center;\"><strong>&nbsp;<\/strong><\/td>\n<\/tr>\n<\/tbody>\n<\/table>\n","protected":false},"excerpt":{"rendered":"<p>O Programa de P\u00f3s-Gradua\u00e7\u00e3o em Agronomia \u2013 Produ\u00e7\u00e3o Vegetal (PGAPV) foi homologado pelo Conselho Universit\u00e1rio da Universidade Federal do Paran\u00e1 (UFPR) em 09 de junho de 1994, pelo Parecer n\u00ba 08\/94-COUN, inicialmente com o curso de Mestrado e um ano ap\u00f3s com o curso de Doutorado. Em junho de 1997, o PGAPV foi credenciado e [&hellip;]<\/p>\n","protected":false},"author":3,"featured_media":0,"parent":0,"menu_order":0,"comment_status":"closed","ping_status":"closed","template":"","meta":{"footnotes":""},"class_list":["post-4328","page","type-page","status-publish","hentry"],"_links":{"self":[{"href":"https:\/\/agrarias.ufpr.br\/pgapv\/wp-json\/wp\/v2\/pages\/4328","targetHints":{"allow":["GET"]}}],"collection":[{"href":"https:\/\/agrarias.ufpr.br\/pgapv\/wp-json\/wp\/v2\/pages"}],"about":[{"href":"https:\/\/agrarias.ufpr.br\/pgapv\/wp-json\/wp\/v2\/types\/page"}],"author":[{"embeddable":true,"href":"https:\/\/agrarias.ufpr.br\/pgapv\/wp-json\/wp\/v2\/users\/3"}],"replies":[{"embeddable":true,"href":"https:\/\/agrarias.ufpr.br\/pgapv\/wp-json\/wp\/v2\/comments?post=4328"}],"version-history":[{"count":18,"href":"https:\/\/agrarias.ufpr.br\/pgapv\/wp-json\/wp\/v2\/pages\/4328\/revisions"}],"predecessor-version":[{"id":4330,"href":"https:\/\/agrarias.ufpr.br\/pgapv\/wp-json\/wp\/v2\/pages\/4328\/revisions\/4330"}],"wp:attachment":[{"href":"https:\/\/agrarias.ufpr.br\/pgapv\/wp-json\/wp\/v2\/media?parent=4328"}],"curies":[{"name":"wp","href":"https:\/\/api.w.org\/{rel}","templated":true}]}}