{"id":4243,"date":"2021-05-07T18:24:19","date_gmt":"2021-05-07T18:24:19","guid":{"rendered":"https:\/\/agrarias.ufpr.br\/pgapv\/?page_id=4243"},"modified":"2021-05-10T14:52:28","modified_gmt":"2021-05-10T14:52:28","slug":"professores-do-pgapv-descobrem-nova-doenca-em-milho-no-brasil","status":"publish","type":"page","link":"https:\/\/agrarias.ufpr.br\/pgapv\/professores-do-pgapv-descobrem-nova-doenca-em-milho-no-brasil\/","title":{"rendered":"Projeto de Resist\u00eancia de Pat\u00f3genos \u00e0 Fungicidas"},"content":{"rendered":"<p style=\"text-align: center;\"><span style=\"font-family: helvetica, arial, sans-serif;\">Projeto financiado pela Funda\u00e7\u00e3o Arauc\u00e1ria intitulado \u201c<strong>Resist\u00eancia de Pat\u00f3genos a Fungicidas em culturas importantes para estado do Paran\u00e1<\/strong>\u201d e projeto de pesquisa CNPQ bolsa produtividade \u201c<strong>Monitoramento, sensibilidade e mecanismos envolvidos na resist\u00eancia de pat\u00f3genos a fungicidas em frut\u00edferas e em soja<\/strong>\u201d, geram importantes contribui\u00e7\u00f5es na \u00e1rea de resist\u00eancia microbiana.<\/span><\/p>\n<p style=\"text-align: center;\"><span style=\"font-family: helvetica, arial, sans-serif;\">Parceria internacional UFPR (produ\u00e7\u00e3o Vegetal), Universidade da Calif\u00f3rnia, Universidade da Fl\u00f3rida e BASF Resist\u00eancia Brasil e&nbsp; BASF Alemanha<\/span><\/p>\n<p style=\"text-align: center;\">&nbsp;<\/p>\n<p style=\"text-align: center;\"><span style=\"font-family: helvetica, arial, sans-serif;\"><strong>Parceria Inicial Projeto CAPES PROCAD UFPR-ESALQ<\/strong><\/span><\/p>\n<p>&nbsp;<\/p>\n<p style=\"text-align: center;\"><span style=\"font-family: helvetica, arial, sans-serif;\"><strong>Principais resultados:<\/strong><\/span><span style=\"font-family: helvetica, arial, sans-serif;\"><em>&nbsp;<\/em><\/span><\/p>\n<ul>\n<li style=\"text-align: left;\"><span style=\"font-family: helvetica, arial, sans-serif;\"><em>Detec\u00e7\u00e3o da Mutac\u00e3o F129 e resist\u00eancia multipla em Phrakopsora pachyrizi, <\/em>agende causal da ferrugem da soja<\/span><\/li>\n<li style=\"text-align: left;\"><span style=\"font-family: helvetica, arial, sans-serif;\">Altera\u00e7\u00e3o da sensibilidade em Isolados de <em>Colletotrichum<\/em> que causam mancha foliar da Glomerella em macieira e podrid\u00e3o amarga<\/span><\/li>\n<li style=\"text-align: left;\"><span style=\"font-family: helvetica, arial, sans-serif;\"><strong>Resistencia m\u00faltipla<\/strong> em <em>Botrytis<\/em> do morangueiro no Paran\u00e1<\/span><\/li>\n<li style=\"text-align: left;\"><span style=\"font-family: helvetica, arial, sans-serif;\"><strong>Detec\u00e7\u00e3o de nova muta\u00e7\u00e3o<\/strong> G461S no gene MfCYP51 respons\u00e1vel por resist\u00eancia em <em>Monilinia fruticola<\/em> ao triaz\u00f3l tebuconazole<\/span><\/li>\n<li style=\"text-align: left;\"><span style=\"font-family: helvetica, arial, sans-serif;\">Comprova\u00e7\u00e3o de que <strong>redu\u00e7\u00e3o ou exclus\u00e3o de triazol<\/strong> em campo <strong>pode restabelecer sensibilidade de popula\u00e7\u00e3o <\/strong>de <em>Monilinia<\/em> em frut\u00edferas de caro\u00e7o<\/span><\/li>\n<\/ul>\n<p>&nbsp;<\/p>\n<p style=\"text-align: center;\"><span style=\"font-family: helvetica, arial, sans-serif;\"><strong>Parcerias internacionais<\/strong><\/span><\/p>\n\n\t\t<style type=\"text\/css\">\n\t\t\t#gallery-1 {\n\t\t\t\tmargin: auto;\n\t\t\t}\n\t\t\t#gallery-1 .gallery-item {\n\t\t\t\tfloat: left;\n\t\t\t\tmargin-top: 10px;\n\t\t\t\ttext-align: center;\n\t\t\t\twidth: 33%;\n\t\t\t}\n\t\t\t#gallery-1 img {\n\t\t\t\tborder: 2px solid #cfcfcf;\n\t\t\t}\n\t\t\t#gallery-1 .gallery-caption {\n\t\t\t\tmargin-left: 0;\n\t\t\t}\n\t\t\t\/* see gallery_shortcode() in wp-includes\/media.php *\/\n\t\t<\/style>\n\t\t<div id='gallery-1' class='gallery galleryid-4243 gallery-columns-3 gallery-size-medium'><dl class='gallery-item'>\n\t\t\t<dt class='gallery-icon portrait'>\n\t\t\t\t<img loading=\"lazy\" decoding=\"async\" width=\"158\" height=\"191\" src=\"https:\/\/agrarias.ufpr.br\/pgapv\/wp-content\/uploads\/sites\/39\/2021\/05\/1.fw_.png\" class=\"attachment-medium size-medium\" alt=\"\" srcset=\"https:\/\/agrarias.ufpr.br\/pgapv\/wp-content\/uploads\/sites\/39\/2021\/05\/1.fw_.png 158w, https:\/\/agrarias.ufpr.br\/pgapv\/wp-content\/uploads\/sites\/39\/2021\/05\/1.fw_-99x120.png 99w\" sizes=\"auto, (max-width: 158px) 100vw, 158px\" \/>\n\t\t\t<\/dt><\/dl><dl class='gallery-item'>\n\t\t\t<dt class='gallery-icon portrait'>\n\t\t\t\t<img loading=\"lazy\" decoding=\"async\" width=\"158\" height=\"191\" src=\"https:\/\/agrarias.ufpr.br\/pgapv\/wp-content\/uploads\/sites\/39\/2021\/05\/2.jpg\" class=\"attachment-medium size-medium\" alt=\"\" srcset=\"https:\/\/agrarias.ufpr.br\/pgapv\/wp-content\/uploads\/sites\/39\/2021\/05\/2.jpg 158w, https:\/\/agrarias.ufpr.br\/pgapv\/wp-content\/uploads\/sites\/39\/2021\/05\/2-99x120.jpg 99w\" sizes=\"auto, (max-width: 158px) 100vw, 158px\" \/>\n\t\t\t<\/dt><\/dl><dl class='gallery-item'>\n\t\t\t<dt class='gallery-icon portrait'>\n\t\t\t\t<img loading=\"lazy\" decoding=\"async\" width=\"158\" height=\"191\" src=\"https:\/\/agrarias.ufpr.br\/pgapv\/wp-content\/uploads\/sites\/39\/2021\/05\/3.jpg\" class=\"attachment-medium size-medium\" alt=\"\" srcset=\"https:\/\/agrarias.ufpr.br\/pgapv\/wp-content\/uploads\/sites\/39\/2021\/05\/3.jpg 158w, https:\/\/agrarias.ufpr.br\/pgapv\/wp-content\/uploads\/sites\/39\/2021\/05\/3-99x120.jpg 99w\" sizes=\"auto, (max-width: 158px) 100vw, 158px\" \/>\n\t\t\t<\/dt><\/dl><br style=\"clear: both\" \/>\n\t\t<\/div>\n\n<p>&nbsp;<\/p>\n<p style=\"text-align: center;\"><span style=\"font-family: helvetica, arial, sans-serif;\"><strong>Parcerias No Brasil<\/strong><\/span><\/p>\n\n\t\t<style type=\"text\/css\">\n\t\t\t#gallery-2 {\n\t\t\t\tmargin: auto;\n\t\t\t}\n\t\t\t#gallery-2 .gallery-item {\n\t\t\t\tfloat: left;\n\t\t\t\tmargin-top: 10px;\n\t\t\t\ttext-align: center;\n\t\t\t\twidth: 20%;\n\t\t\t}\n\t\t\t#gallery-2 img {\n\t\t\t\tborder: 2px solid #cfcfcf;\n\t\t\t}\n\t\t\t#gallery-2 .gallery-caption {\n\t\t\t\tmargin-left: 0;\n\t\t\t}\n\t\t\t\/* see gallery_shortcode() in wp-includes\/media.php *\/\n\t\t<\/style>\n\t\t<div id='gallery-2' class='gallery galleryid-4243 gallery-columns-5 gallery-size-medium'><dl class='gallery-item'>\n\t\t\t<dt class='gallery-icon portrait'>\n\t\t\t\t<img loading=\"lazy\" decoding=\"async\" width=\"158\" height=\"191\" src=\"https:\/\/agrarias.ufpr.br\/pgapv\/wp-content\/uploads\/sites\/39\/2021\/05\/4.jpg\" class=\"attachment-medium size-medium\" alt=\"\" srcset=\"https:\/\/agrarias.ufpr.br\/pgapv\/wp-content\/uploads\/sites\/39\/2021\/05\/4.jpg 158w, https:\/\/agrarias.ufpr.br\/pgapv\/wp-content\/uploads\/sites\/39\/2021\/05\/4-99x120.jpg 99w\" sizes=\"auto, (max-width: 158px) 100vw, 158px\" \/>\n\t\t\t<\/dt><\/dl><dl class='gallery-item'>\n\t\t\t<dt class='gallery-icon portrait'>\n\t\t\t\t<img loading=\"lazy\" decoding=\"async\" width=\"158\" height=\"191\" src=\"https:\/\/agrarias.ufpr.br\/pgapv\/wp-content\/uploads\/sites\/39\/2021\/05\/5.jpg\" class=\"attachment-medium size-medium\" alt=\"\" srcset=\"https:\/\/agrarias.ufpr.br\/pgapv\/wp-content\/uploads\/sites\/39\/2021\/05\/5.jpg 158w, https:\/\/agrarias.ufpr.br\/pgapv\/wp-content\/uploads\/sites\/39\/2021\/05\/5-99x120.jpg 99w\" sizes=\"auto, (max-width: 158px) 100vw, 158px\" \/>\n\t\t\t<\/dt><\/dl><dl class='gallery-item'>\n\t\t\t<dt class='gallery-icon portrait'>\n\t\t\t\t<img loading=\"lazy\" decoding=\"async\" width=\"158\" height=\"191\" src=\"https:\/\/agrarias.ufpr.br\/pgapv\/wp-content\/uploads\/sites\/39\/2021\/05\/6.jpg\" class=\"attachment-medium size-medium\" alt=\"\" srcset=\"https:\/\/agrarias.ufpr.br\/pgapv\/wp-content\/uploads\/sites\/39\/2021\/05\/6.jpg 158w, https:\/\/agrarias.ufpr.br\/pgapv\/wp-content\/uploads\/sites\/39\/2021\/05\/6-99x120.jpg 99w\" sizes=\"auto, (max-width: 158px) 100vw, 158px\" \/>\n\t\t\t<\/dt><\/dl><dl class='gallery-item'>\n\t\t\t<dt class='gallery-icon portrait'>\n\t\t\t\t<img loading=\"lazy\" decoding=\"async\" width=\"158\" height=\"191\" src=\"https:\/\/agrarias.ufpr.br\/pgapv\/wp-content\/uploads\/sites\/39\/2021\/05\/7.jpg\" class=\"attachment-medium size-medium\" alt=\"\" srcset=\"https:\/\/agrarias.ufpr.br\/pgapv\/wp-content\/uploads\/sites\/39\/2021\/05\/7.jpg 158w, https:\/\/agrarias.ufpr.br\/pgapv\/wp-content\/uploads\/sites\/39\/2021\/05\/7-99x120.jpg 99w\" sizes=\"auto, (max-width: 158px) 100vw, 158px\" \/>\n\t\t\t<\/dt><\/dl><dl class='gallery-item'>\n\t\t\t<dt class='gallery-icon portrait'>\n\t\t\t\t<img loading=\"lazy\" decoding=\"async\" width=\"158\" height=\"191\" src=\"https:\/\/agrarias.ufpr.br\/pgapv\/wp-content\/uploads\/sites\/39\/2021\/05\/8.jpg\" class=\"attachment-medium size-medium\" alt=\"\" srcset=\"https:\/\/agrarias.ufpr.br\/pgapv\/wp-content\/uploads\/sites\/39\/2021\/05\/8.jpg 158w, https:\/\/agrarias.ufpr.br\/pgapv\/wp-content\/uploads\/sites\/39\/2021\/05\/8-99x120.jpg 99w\" sizes=\"auto, (max-width: 158px) 100vw, 158px\" \/>\n\t\t\t<\/dt><\/dl><br style=\"clear: both\" \/>\n\t\t<\/div>\n\n<p>&nbsp;<\/p>\n<p style=\"text-align: center;\"><span style=\"font-family: helvetica, arial, sans-serif;\"><strong>Estudantes envolvidos<\/strong><\/span><\/p>\n\n\t\t<style type=\"text\/css\">\n\t\t\t#gallery-3 {\n\t\t\t\tmargin: auto;\n\t\t\t}\n\t\t\t#gallery-3 .gallery-item {\n\t\t\t\tfloat: left;\n\t\t\t\tmargin-top: 10px;\n\t\t\t\ttext-align: center;\n\t\t\t\twidth: 11%;\n\t\t\t}\n\t\t\t#gallery-3 img {\n\t\t\t\tborder: 2px solid #cfcfcf;\n\t\t\t}\n\t\t\t#gallery-3 .gallery-caption {\n\t\t\t\tmargin-left: 0;\n\t\t\t}\n\t\t\t\/* see gallery_shortcode() in wp-includes\/media.php *\/\n\t\t<\/style>\n\t\t<div id='gallery-3' class='gallery galleryid-4243 gallery-columns-9 gallery-size-medium'><dl class='gallery-item'>\n\t\t\t<dt class='gallery-icon portrait'>\n\t\t\t\t<img loading=\"lazy\" decoding=\"async\" width=\"158\" height=\"191\" src=\"https:\/\/agrarias.ufpr.br\/pgapv\/wp-content\/uploads\/sites\/39\/2021\/05\/16.jpg\" class=\"attachment-medium size-medium\" alt=\"\" srcset=\"https:\/\/agrarias.ufpr.br\/pgapv\/wp-content\/uploads\/sites\/39\/2021\/05\/16.jpg 158w, https:\/\/agrarias.ufpr.br\/pgapv\/wp-content\/uploads\/sites\/39\/2021\/05\/16-99x120.jpg 99w\" sizes=\"auto, (max-width: 158px) 100vw, 158px\" \/>\n\t\t\t<\/dt><\/dl><dl class='gallery-item'>\n\t\t\t<dt class='gallery-icon portrait'>\n\t\t\t\t<img loading=\"lazy\" decoding=\"async\" width=\"158\" height=\"191\" src=\"https:\/\/agrarias.ufpr.br\/pgapv\/wp-content\/uploads\/sites\/39\/2021\/05\/11.jpg\" class=\"attachment-medium size-medium\" alt=\"\" srcset=\"https:\/\/agrarias.ufpr.br\/pgapv\/wp-content\/uploads\/sites\/39\/2021\/05\/11.jpg 158w, https:\/\/agrarias.ufpr.br\/pgapv\/wp-content\/uploads\/sites\/39\/2021\/05\/11-99x120.jpg 99w\" sizes=\"auto, (max-width: 158px) 100vw, 158px\" \/>\n\t\t\t<\/dt><\/dl><dl class='gallery-item'>\n\t\t\t<dt class='gallery-icon portrait'>\n\t\t\t\t<img loading=\"lazy\" decoding=\"async\" width=\"158\" height=\"191\" src=\"https:\/\/agrarias.ufpr.br\/pgapv\/wp-content\/uploads\/sites\/39\/2021\/05\/9.jpg\" class=\"attachment-medium size-medium\" alt=\"\" srcset=\"https:\/\/agrarias.ufpr.br\/pgapv\/wp-content\/uploads\/sites\/39\/2021\/05\/9.jpg 158w, https:\/\/agrarias.ufpr.br\/pgapv\/wp-content\/uploads\/sites\/39\/2021\/05\/9-99x120.jpg 99w\" sizes=\"auto, (max-width: 158px) 100vw, 158px\" \/>\n\t\t\t<\/dt><\/dl><dl class='gallery-item'>\n\t\t\t<dt class='gallery-icon portrait'>\n\t\t\t\t<img loading=\"lazy\" decoding=\"async\" width=\"158\" height=\"191\" src=\"https:\/\/agrarias.ufpr.br\/pgapv\/wp-content\/uploads\/sites\/39\/2021\/05\/15.jpg\" class=\"attachment-medium size-medium\" alt=\"\" srcset=\"https:\/\/agrarias.ufpr.br\/pgapv\/wp-content\/uploads\/sites\/39\/2021\/05\/15.jpg 158w, https:\/\/agrarias.ufpr.br\/pgapv\/wp-content\/uploads\/sites\/39\/2021\/05\/15-99x120.jpg 99w\" sizes=\"auto, (max-width: 158px) 100vw, 158px\" \/>\n\t\t\t<\/dt><\/dl><dl class='gallery-item'>\n\t\t\t<dt class='gallery-icon portrait'>\n\t\t\t\t<img loading=\"lazy\" decoding=\"async\" width=\"158\" height=\"191\" src=\"https:\/\/agrarias.ufpr.br\/pgapv\/wp-content\/uploads\/sites\/39\/2021\/05\/14.jpg\" class=\"attachment-medium size-medium\" alt=\"\" srcset=\"https:\/\/agrarias.ufpr.br\/pgapv\/wp-content\/uploads\/sites\/39\/2021\/05\/14.jpg 158w, https:\/\/agrarias.ufpr.br\/pgapv\/wp-content\/uploads\/sites\/39\/2021\/05\/14-99x120.jpg 99w\" sizes=\"auto, (max-width: 158px) 100vw, 158px\" \/>\n\t\t\t<\/dt><\/dl><dl class='gallery-item'>\n\t\t\t<dt class='gallery-icon portrait'>\n\t\t\t\t<img loading=\"lazy\" decoding=\"async\" width=\"158\" height=\"191\" src=\"https:\/\/agrarias.ufpr.br\/pgapv\/wp-content\/uploads\/sites\/39\/2021\/05\/17.jpg\" class=\"attachment-medium size-medium\" alt=\"\" srcset=\"https:\/\/agrarias.ufpr.br\/pgapv\/wp-content\/uploads\/sites\/39\/2021\/05\/17.jpg 158w, https:\/\/agrarias.ufpr.br\/pgapv\/wp-content\/uploads\/sites\/39\/2021\/05\/17-99x120.jpg 99w\" sizes=\"auto, (max-width: 158px) 100vw, 158px\" \/>\n\t\t\t<\/dt><\/dl><dl class='gallery-item'>\n\t\t\t<dt class='gallery-icon portrait'>\n\t\t\t\t<img loading=\"lazy\" decoding=\"async\" width=\"158\" height=\"191\" src=\"https:\/\/agrarias.ufpr.br\/pgapv\/wp-content\/uploads\/sites\/39\/2021\/05\/12-2.jpg\" class=\"attachment-medium size-medium\" alt=\"\" srcset=\"https:\/\/agrarias.ufpr.br\/pgapv\/wp-content\/uploads\/sites\/39\/2021\/05\/12-2.jpg 158w, https:\/\/agrarias.ufpr.br\/pgapv\/wp-content\/uploads\/sites\/39\/2021\/05\/12-2-99x120.jpg 99w\" sizes=\"auto, (max-width: 158px) 100vw, 158px\" \/>\n\t\t\t<\/dt><\/dl><dl class='gallery-item'>\n\t\t\t<dt class='gallery-icon portrait'>\n\t\t\t\t<img loading=\"lazy\" decoding=\"async\" width=\"158\" height=\"191\" src=\"https:\/\/agrarias.ufpr.br\/pgapv\/wp-content\/uploads\/sites\/39\/2021\/05\/13.jpg\" class=\"attachment-medium size-medium\" alt=\"\" srcset=\"https:\/\/agrarias.ufpr.br\/pgapv\/wp-content\/uploads\/sites\/39\/2021\/05\/13.jpg 158w, https:\/\/agrarias.ufpr.br\/pgapv\/wp-content\/uploads\/sites\/39\/2021\/05\/13-99x120.jpg 99w\" sizes=\"auto, (max-width: 158px) 100vw, 158px\" \/>\n\t\t\t<\/dt><\/dl><dl class='gallery-item'>\n\t\t\t<dt class='gallery-icon portrait'>\n\t\t\t\t<img loading=\"lazy\" decoding=\"async\" width=\"158\" height=\"191\" src=\"https:\/\/agrarias.ufpr.br\/pgapv\/wp-content\/uploads\/sites\/39\/2021\/05\/10.jpg\" class=\"attachment-medium size-medium\" alt=\"\" srcset=\"https:\/\/agrarias.ufpr.br\/pgapv\/wp-content\/uploads\/sites\/39\/2021\/05\/10.jpg 158w, https:\/\/agrarias.ufpr.br\/pgapv\/wp-content\/uploads\/sites\/39\/2021\/05\/10-99x120.jpg 99w\" sizes=\"auto, (max-width: 158px) 100vw, 158px\" \/>\n\t\t\t<\/dt><\/dl><br style=\"clear: both\" \/>\n\t\t<\/div>\n\n<p>&nbsp;<\/p>\n","protected":false},"excerpt":{"rendered":"<p>Projeto financiado pela Funda\u00e7\u00e3o Arauc\u00e1ria intitulado \u201cResist\u00eancia de Pat\u00f3genos a Fungicidas em culturas importantes para estado do Paran\u00e1\u201d e projeto de pesquisa CNPQ bolsa produtividade \u201cMonitoramento, sensibilidade e mecanismos envolvidos na resist\u00eancia de pat\u00f3genos a fungicidas em frut\u00edferas e em soja\u201d, geram importantes contribui\u00e7\u00f5es na \u00e1rea de resist\u00eancia microbiana. Parceria internacional UFPR (produ\u00e7\u00e3o Vegetal), Universidade [&hellip;]<\/p>\n","protected":false},"author":3,"featured_media":0,"parent":0,"menu_order":0,"comment_status":"closed","ping_status":"closed","template":"","meta":{"footnotes":""},"class_list":["post-4243","page","type-page","status-publish","hentry"],"_links":{"self":[{"href":"https:\/\/agrarias.ufpr.br\/pgapv\/wp-json\/wp\/v2\/pages\/4243","targetHints":{"allow":["GET"]}}],"collection":[{"href":"https:\/\/agrarias.ufpr.br\/pgapv\/wp-json\/wp\/v2\/pages"}],"about":[{"href":"https:\/\/agrarias.ufpr.br\/pgapv\/wp-json\/wp\/v2\/types\/page"}],"author":[{"embeddable":true,"href":"https:\/\/agrarias.ufpr.br\/pgapv\/wp-json\/wp\/v2\/users\/3"}],"replies":[{"embeddable":true,"href":"https:\/\/agrarias.ufpr.br\/pgapv\/wp-json\/wp\/v2\/comments?post=4243"}],"version-history":[{"count":25,"href":"https:\/\/agrarias.ufpr.br\/pgapv\/wp-json\/wp\/v2\/pages\/4243\/revisions"}],"predecessor-version":[{"id":4327,"href":"https:\/\/agrarias.ufpr.br\/pgapv\/wp-json\/wp\/v2\/pages\/4243\/revisions\/4327"}],"wp:attachment":[{"href":"https:\/\/agrarias.ufpr.br\/pgapv\/wp-json\/wp\/v2\/media?parent=4243"}],"curies":[{"name":"wp","href":"https:\/\/api.w.org\/{rel}","templated":true}]}}