{"id":4205,"date":"2021-05-07T17:56:21","date_gmt":"2021-05-07T17:56:21","guid":{"rendered":"https:\/\/agrarias.ufpr.br\/pgapv\/?page_id=4205"},"modified":"2021-05-07T18:36:10","modified_gmt":"2021-05-07T18:36:10","slug":"premio-curta-ciencia-comemoracao-dos-107-anos-da-ufpr","status":"publish","type":"page","link":"https:\/\/agrarias.ufpr.br\/pgapv\/premio-curta-ciencia-comemoracao-dos-107-anos-da-ufpr\/","title":{"rendered":"Pr\u00eamio Curta Ci\u00eancia &#8211; comemora\u00e7\u00e3o dos 107 anos da UFPR."},"content":{"rendered":"<table style=\"width: 100%;border-collapse: collapse;border-style: hidden;border-color: #fff;background-color: #fff\" border=\"0\">\n<tbody>\n<tr style=\"border-style: hidden;border-color: #fff;background-color: #fff\">\n<td style=\"width: 100%;text-align: center\"><img loading=\"lazy\" decoding=\"async\" class=\"alignnone size-full wp-image-4212\" src=\"https:\/\/agrarias.ufpr.br\/pgapv\/wp-content\/uploads\/sites\/39\/2021\/05\/foto-site.jpg\" alt=\"\" width=\"200\" height=\"251\" srcset=\"https:\/\/agrarias.ufpr.br\/pgapv\/wp-content\/uploads\/sites\/39\/2021\/05\/foto-site.jpg 200w, https:\/\/agrarias.ufpr.br\/pgapv\/wp-content\/uploads\/sites\/39\/2021\/05\/foto-site-96x120.jpg 96w\" sizes=\"auto, (max-width: 200px) 100vw, 200px\" \/><\/td>\n<\/tr>\n<tr>\n<td style=\"width: 100%\">\n<p style=\"text-align: center\"><span style=\"font-family: helvetica, arial, sans-serif\">Pr\u00eamio <strong>Curta Ci\u00eancia<\/strong>&nbsp;&#8211; comemora\u00e7\u00e3o dos 107 anos da UFPR.<\/span><\/p>\n<p style=\"text-align: center\"><span style=\"font-family: helvetica, arial, sans-serif\">11 de dezembro de 2019<\/span><\/p>\n<p style=\"text-align: center\"><span style=\"font-family: helvetica, arial, sans-serif\"><strong>T\u00edtulo:<\/strong> \u201cChallenges for plum leaf scald management: approaches on fruit<\/span><\/p>\n<p style=\"text-align: center\"><span style=\"font-family: helvetica, arial, sans-serif\">quality, vector interactions, volatile compounds and transmission\u201d<\/span><\/p>\n<p style=\"text-align: center\"><span style=\"font-family: helvetica, arial, sans-serif\"><strong>Autor(a):<\/strong> Heloisa Thomazi Kleina<\/span><\/p>\n<p style=\"text-align: center\"><span style=\"font-family: helvetica, arial, sans-serif\"><strong>Orientador(a)<\/strong>: Prof. Dra. Louise Larissa May-De-Mio<\/span><\/p>\n<p style=\"text-align: center\"><strong><span style=\"font-family: helvetica, arial, sans-serif\">Parceria Projeto CAPES PROCAD UFPR-ESALQ<\/span><\/strong><\/p>\n<p style=\"text-align: center\">&nbsp;<\/p>\n<p style=\"text-align: justify\"><span style=\"font-family: helvetica, arial, sans-serif\">A ameixeira \u00e9 uma cultura promissora no Brasil mas a oferta da fruta n\u00e3o supre a demanda nacional, devido \u00e0 Escaldadura das Folhas da Ameixeira (EFA) causada por <em>Xylella fastidiosa<\/em>. Frutos de plantas doentes tem menor tamanho e firmeza de polpa, maior perda de peso e, a transmiss\u00e3o mec\u00e2nica da bact\u00e9ria por poda foi confirmada. Os gen\u00f3tipos resistentes foram menos preferidos para pouso e modificaram o padr\u00e3o alimentar dos vetores. Foi identificado mol\u00e9culas para estudo devido a semelhan\u00e7a de perfil vol\u00e1til dentre os gen\u00f3tipos resistentes.<\/span><\/p>\n<p style=\"text-align: center\"><strong><span style=\"font-family: helvetica, arial, sans-serif\">Publica\u00e7\u00f5es Associadas:<\/span><\/strong><\/p>\n<p style=\"text-align: left\"><span style=\"font-family: helvetica, arial, sans-serif\">THOMAZI, H.; LOPES, J. R. S. ;&nbsp;May-De Mio, L. Larissa&nbsp;. Settling and feeding behavior of sharpshooter vectors of Xylella fastidiosa on plum genotypes resistant to leaf scald disease. <strong>EUROPEAN JOURNAL OF PLANT PATHOLOGY<\/strong>, v. 1, p. e-1-e-12, 2020.<\/span><\/p>\n<p style=\"text-align: left\"><span style=\"font-family: helvetica, arial, sans-serif\">THOMAZI-KLEINA, HELOISA; P\u00c1DUA, THA\u00cdS ; JACOMINO, Angelo Pedro ;&nbsp;May De Mio, Louise Larissa&nbsp;. Postharvest quality of plums in response to the occurrence of leaf scald disease. <strong>POSTHARVEST BIOLOGY AND TECHNOLOGY<\/strong>, v. 143, p. 102-111, 2018.<\/span><\/p>\n<\/td>\n<\/tr>\n<\/tbody>\n<\/table>\n<p style=\"text-align: center\">&nbsp;<\/p>\n","protected":false},"excerpt":{"rendered":"<p>Pr\u00eamio Curta Ci\u00eancia&nbsp;&#8211; comemora\u00e7\u00e3o dos 107 anos da UFPR. 11 de dezembro de 2019 T\u00edtulo: \u201cChallenges for plum leaf scald management: approaches on fruit quality, vector interactions, volatile compounds and transmission\u201d Autor(a): Heloisa Thomazi Kleina Orientador(a): Prof. Dra. Louise Larissa May-De-Mio Parceria Projeto CAPES PROCAD UFPR-ESALQ &nbsp; A ameixeira \u00e9 uma cultura promissora no Brasil [&hellip;]<\/p>\n","protected":false},"author":3,"featured_media":0,"parent":0,"menu_order":0,"comment_status":"closed","ping_status":"closed","template":"","meta":{"footnotes":""},"class_list":["post-4205","page","type-page","status-publish","hentry"],"_links":{"self":[{"href":"https:\/\/agrarias.ufpr.br\/pgapv\/wp-json\/wp\/v2\/pages\/4205","targetHints":{"allow":["GET"]}}],"collection":[{"href":"https:\/\/agrarias.ufpr.br\/pgapv\/wp-json\/wp\/v2\/pages"}],"about":[{"href":"https:\/\/agrarias.ufpr.br\/pgapv\/wp-json\/wp\/v2\/types\/page"}],"author":[{"embeddable":true,"href":"https:\/\/agrarias.ufpr.br\/pgapv\/wp-json\/wp\/v2\/users\/3"}],"replies":[{"embeddable":true,"href":"https:\/\/agrarias.ufpr.br\/pgapv\/wp-json\/wp\/v2\/comments?post=4205"}],"version-history":[{"count":5,"href":"https:\/\/agrarias.ufpr.br\/pgapv\/wp-json\/wp\/v2\/pages\/4205\/revisions"}],"predecessor-version":[{"id":4254,"href":"https:\/\/agrarias.ufpr.br\/pgapv\/wp-json\/wp\/v2\/pages\/4205\/revisions\/4254"}],"wp:attachment":[{"href":"https:\/\/agrarias.ufpr.br\/pgapv\/wp-json\/wp\/v2\/media?parent=4205"}],"curies":[{"name":"wp","href":"https:\/\/api.w.org\/{rel}","templated":true}]}}