{"id":4092,"date":"2021-04-07T13:39:47","date_gmt":"2021-04-07T13:39:47","guid":{"rendered":"https:\/\/agrarias.ufpr.br\/pgapv\/?page_id=4092"},"modified":"2021-04-07T13:39:47","modified_gmt":"2021-04-07T13:39:47","slug":"producao-vegetal-em-sistemas-integrados-2020d","status":"publish","type":"page","link":"https:\/\/agrarias.ufpr.br\/pgapv\/producao-vegetal-em-sistemas-integrados-2020d\/","title":{"rendered":"Produ\u00e7\u00e3o Vegetal em Sistemas Integrados &#8211; 2020D"},"content":{"rendered":"<table style=\"height: 82px;width: 101.25%;border-collapse: collapse;border-style: dotted\" border=\"1\">\n<tbody>\n<tr style=\"height: 24px\">\n<td style=\"width: 100.773%;height: 24px;text-align: center\" colspan=\"3\"><span style=\"font-size: 10pt\"><span style=\"color: #008000;font-size: 12pt\"><strong>PRODU\u00c7\u00c3O VEGETAL EM SISTEMAS INTEGRADOS<\/strong><\/span><\/span><\/td>\n<\/tr>\n<tr style=\"height: 48px\">\n<td style=\"width: 26.8381%;height: 48px\"><span style=\"font-size: 12pt\">Rubia Luciane Dominschek Lima<\/span><\/td>\n<td style=\"width: 44.8866%;height: 48px;text-align: justify\"><span style=\"font-size: 12pt\">WEED DYNAMICS IN INTEGRATED CROP-LIVESTOCK SYSTEMS IN SUBTROPICAL BRAZIL<\/span><\/td>\n<td style=\"width: 29.0485%;height: 48px\"><a href=\"https:\/\/agrarias.ufpr.br\/pgapv\/arthur-arrobas-martins-barroso\/\"><span style=\"font-size: 12pt\">Dr. Arthur Arrobas Martins Barroso<\/span><\/a><\/td>\n<\/tr>\n<tr style=\"height: 24px\">\n<td style=\"width: 26.8381%;height: 24px\"><span style=\"font-size: 12pt\">Thales Baggio Portugal<\/span><\/td>\n<td style=\"width: 44.8866%;height: 24px;text-align: justify\"><span style=\"font-size: 12pt\">SISTEMAS INTEGRADOS DE PRODU\u00c7\u00c3O AGROPECU\u00c1RIA: DESEMPENHO ANIMAL, EMISS\u00c3O DE METANO E CONTROLE DE ECTOPARASITOS EM BOVINOS<\/span><\/td>\n<td style=\"width: 29.0485%;height: 24px\"><a href=\"https:\/\/agrarias.ufpr.br\/pgapv\/alda-lucia-gomes-monteiro\/\"><span style=\"font-size: 12pt\">Dra. Alda Lucia Gomes Monteiro<\/span><\/a><\/td>\n<\/tr>\n<\/tbody>\n<\/table>\n","protected":false},"excerpt":{"rendered":"<p>PRODU\u00c7\u00c3O VEGETAL EM SISTEMAS INTEGRADOS Rubia Luciane Dominschek Lima WEED DYNAMICS IN INTEGRATED CROP-LIVESTOCK SYSTEMS IN SUBTROPICAL BRAZIL Dr. Arthur Arrobas Martins Barroso Thales Baggio Portugal SISTEMAS INTEGRADOS DE PRODU\u00c7\u00c3O AGROPECU\u00c1RIA: DESEMPENHO ANIMAL, EMISS\u00c3O DE METANO E CONTROLE DE ECTOPARASITOS EM BOVINOS Dra. Alda Lucia Gomes Monteiro<\/p>\n","protected":false},"author":10269,"featured_media":0,"parent":0,"menu_order":0,"comment_status":"closed","ping_status":"closed","template":"","meta":{"footnotes":""},"class_list":["post-4092","page","type-page","status-publish","hentry"],"_links":{"self":[{"href":"https:\/\/agrarias.ufpr.br\/pgapv\/wp-json\/wp\/v2\/pages\/4092","targetHints":{"allow":["GET"]}}],"collection":[{"href":"https:\/\/agrarias.ufpr.br\/pgapv\/wp-json\/wp\/v2\/pages"}],"about":[{"href":"https:\/\/agrarias.ufpr.br\/pgapv\/wp-json\/wp\/v2\/types\/page"}],"author":[{"embeddable":true,"href":"https:\/\/agrarias.ufpr.br\/pgapv\/wp-json\/wp\/v2\/users\/10269"}],"replies":[{"embeddable":true,"href":"https:\/\/agrarias.ufpr.br\/pgapv\/wp-json\/wp\/v2\/comments?post=4092"}],"version-history":[{"count":1,"href":"https:\/\/agrarias.ufpr.br\/pgapv\/wp-json\/wp\/v2\/pages\/4092\/revisions"}],"predecessor-version":[{"id":4093,"href":"https:\/\/agrarias.ufpr.br\/pgapv\/wp-json\/wp\/v2\/pages\/4092\/revisions\/4093"}],"wp:attachment":[{"href":"https:\/\/agrarias.ufpr.br\/pgapv\/wp-json\/wp\/v2\/media?parent=4092"}],"curies":[{"name":"wp","href":"https:\/\/api.w.org\/{rel}","templated":true}]}}