{"id":4090,"date":"2021-04-07T13:38:34","date_gmt":"2021-04-07T13:38:34","guid":{"rendered":"https:\/\/agrarias.ufpr.br\/pgapv\/?page_id=4090"},"modified":"2021-04-07T13:38:34","modified_gmt":"2021-04-07T13:38:34","slug":"morfogenese-e-biotecnologia-de-plantas-2020d","status":"publish","type":"page","link":"https:\/\/agrarias.ufpr.br\/pgapv\/morfogenese-e-biotecnologia-de-plantas-2020d\/","title":{"rendered":"Morfog\u00eanese e Biotecnologia de Plantas &#8211; 2020D"},"content":{"rendered":"<table style=\"height: 82px;width: 101.25%;border-collapse: collapse;border-style: dotted\" border=\"1\">\n<tbody>\n<tr style=\"height: 24px\">\n<td style=\"width: 100.773%;height: 24px;text-align: center\" colspan=\"3\"><span style=\"font-size: 10pt\"><span style=\"font-size: 12pt;color: #008000\"><strong>MORFOG\u00caNESE E BIOTECNOLOGIA DE PLANTAS<\/strong><\/span><\/span><\/td>\n<\/tr>\n<tr style=\"height: 48px\">\n<td style=\"width: 26.8381%;height: 48px\"><span style=\"font-size: 12pt\">Carolina Smanhotto Schuchovski Augusto<\/span><\/td>\n<td style=\"width: 44.8866%;height: 48px;text-align: justify\"><span style=\"font-size: 12pt\">APPROACHES ON IN VITRO ORGANOGENESIS IN &#8216;DELITE&#8217; RABBITEYE BLUEBERRY (Vaccinium virgatum Ait.) WITH MORPHOLOGICAL AND ANATOMICAL ASPECTS<\/span><\/td>\n<td style=\"width: 29.0485%;height: 48px\"><a href=\"https:\/\/agrarias.ufpr.br\/pgapv\/luiz-antonio-biasi\/\"><span style=\"font-size: 12pt\">Dr. Luiz Antonio Biasi<\/span><\/a><\/td>\n<\/tr>\n<tr style=\"height: 72px\">\n<td style=\"width: 26.8381%;height: 72px\"><span style=\"font-size: 12pt\">Tales Romano<\/span><\/td>\n<td style=\"width: 44.8866%;height: 72px;text-align: justify\"><span style=\"font-size: 12pt\">TRANSPORTADORES DE NITROG\u00caNIO EM GEN\u00d3TIPOS DE CANA-DE-A\u00c7\u00daCAR INOCULADOS COM Azospirillum brasilense<\/span><\/td>\n<td style=\"width: 29.0485%;height: 72px\"><a href=\"https:\/\/agrarias.ufpr.br\/pgapv\/joao-carlos-bespalhok-filho\/\"><span style=\"font-size: 12pt\">Dr. Joao Carlos Bespalhok Filho<\/span><\/a><\/td>\n<\/tr>\n<\/tbody>\n<\/table>\n","protected":false},"excerpt":{"rendered":"<p>MORFOG\u00caNESE E BIOTECNOLOGIA DE PLANTAS Carolina Smanhotto Schuchovski Augusto APPROACHES ON IN VITRO ORGANOGENESIS IN &#8216;DELITE&#8217; RABBITEYE BLUEBERRY (Vaccinium virgatum Ait.) WITH MORPHOLOGICAL AND ANATOMICAL ASPECTS Dr. Luiz Antonio Biasi Tales Romano TRANSPORTADORES DE NITROG\u00caNIO EM GEN\u00d3TIPOS DE CANA-DE-A\u00c7\u00daCAR INOCULADOS COM Azospirillum brasilense Dr. Joao Carlos Bespalhok Filho<\/p>\n","protected":false},"author":10269,"featured_media":0,"parent":0,"menu_order":0,"comment_status":"closed","ping_status":"closed","template":"","meta":{"footnotes":""},"class_list":["post-4090","page","type-page","status-publish","hentry"],"_links":{"self":[{"href":"https:\/\/agrarias.ufpr.br\/pgapv\/wp-json\/wp\/v2\/pages\/4090","targetHints":{"allow":["GET"]}}],"collection":[{"href":"https:\/\/agrarias.ufpr.br\/pgapv\/wp-json\/wp\/v2\/pages"}],"about":[{"href":"https:\/\/agrarias.ufpr.br\/pgapv\/wp-json\/wp\/v2\/types\/page"}],"author":[{"embeddable":true,"href":"https:\/\/agrarias.ufpr.br\/pgapv\/wp-json\/wp\/v2\/users\/10269"}],"replies":[{"embeddable":true,"href":"https:\/\/agrarias.ufpr.br\/pgapv\/wp-json\/wp\/v2\/comments?post=4090"}],"version-history":[{"count":1,"href":"https:\/\/agrarias.ufpr.br\/pgapv\/wp-json\/wp\/v2\/pages\/4090\/revisions"}],"predecessor-version":[{"id":4091,"href":"https:\/\/agrarias.ufpr.br\/pgapv\/wp-json\/wp\/v2\/pages\/4090\/revisions\/4091"}],"wp:attachment":[{"href":"https:\/\/agrarias.ufpr.br\/pgapv\/wp-json\/wp\/v2\/media?parent=4090"}],"curies":[{"name":"wp","href":"https:\/\/api.w.org\/{rel}","templated":true}]}}