{"id":4086,"date":"2021-04-07T13:36:06","date_gmt":"2021-04-07T13:36:06","guid":{"rendered":"https:\/\/agrarias.ufpr.br\/pgapv\/?page_id=4086"},"modified":"2021-04-07T13:36:06","modified_gmt":"2021-04-07T13:36:06","slug":"manejo-de-culturas-2020d","status":"publish","type":"page","link":"https:\/\/agrarias.ufpr.br\/pgapv\/manejo-de-culturas-2020d\/","title":{"rendered":"Manejo de Culturas &#8211; 2020D"},"content":{"rendered":"<table style=\"height: 82px;width: 101.25%;border-collapse: collapse;border-style: dotted\" border=\"1\">\n<tbody>\n<tr style=\"height: 24px\">\n<td style=\"width: 100.773%;height: 24px;text-align: center\" colspan=\"3\"><span style=\"color: #008000\"><strong>MANEJO DE CULTURAS<\/strong><\/span><\/td>\n<\/tr>\n<tr style=\"height: 72px\">\n<td style=\"width: 26.8381%;height: 72px\"><span style=\"font-size: 12pt\">Cintia De Moraes Fagundes<\/span><\/td>\n<td style=\"width: 44.8866%;height: 72px;text-align: justify\"><span style=\"font-size: 12pt\">SAIS MINERAIS NO CULTIVO IN VITRO, FENOLOGIA A CAMPO, PRODU\u00c7\u00c3O E COMPOSTOS BIOATIVOS DE FRAMBOESA DE CULTIVARES MICROPROPAGADAS<\/span><\/td>\n<td style=\"width: 29.0485%;height: 72px\"><a href=\"https:\/\/agrarias.ufpr.br\/pgapv\/luiz-antonio-biasi\/\"><span style=\"font-size: 12pt\">Dr. Luiz Antonio Biasi<\/span><\/a><\/td>\n<\/tr>\n<tr style=\"height: 96px\">\n<td style=\"width: 26.8381%;height: 57px\"><span style=\"font-size: 12pt\">Ives Clayton Gomes Dos Reis Goulart<\/span><\/td>\n<td style=\"width: 44.8866%;height: 57px;text-align: justify\"><span style=\"font-size: 12pt\">FATORES QUE AFETAM A PRODUTIVIDADE E A ADO\u00c7\u00c3O DE TECNOLOGIAS NA CULTURA DA ERVA-MATE<\/span><\/td>\n<td style=\"width: 29.0485%;height: 57px\"><a href=\"https:\/\/agrarias.ufpr.br\/pgapv\/bruno-portela-brasileiro\/\"><span style=\"font-size: 12pt\">Dr. Bruno Portela Brasileiro<\/span><\/a><\/td>\n<\/tr>\n<tr style=\"height: 96px\">\n<td style=\"width: 26.8381%;height: 96px\"><span style=\"font-size: 12pt\">Jessica De Cassia Tomasi<\/span><\/td>\n<td style=\"width: 44.8866%;height: 96px;text-align: justify\"><span style=\"font-size: 12pt\">BIOACTIVE COMPOUNDS OF YERBA MATE ACCORDING TO GENOTYPE, NITROGEN FERTIGATION AND DRYING METHODS AND ACCEPTANCE OF MATE TEA BY CONSUMERS<\/span><\/td>\n<td style=\"width: 29.0485%;height: 96px\"><a href=\"https:\/\/agrarias.ufpr.br\/pgapv\/cicero-deschamps\/\"><span style=\"font-size: 12pt\">Dr. Cicero Deschamps<\/span><\/a><\/td>\n<\/tr>\n<tr style=\"height: 72px\">\n<td style=\"width: 26.8381%;height: 54px\"><span style=\"font-size: 12pt\">Lais Gomes Adamuchio<\/span><\/td>\n<td style=\"width: 44.8866%;height: 54px;text-align: justify\"><span style=\"font-size: 12pt\">QUITOSANA ASSOCIADA AO NUTRIENTE COBRE NO CULTIVO ORG\u00c2NICO DE CEBOLA E TOMATE<\/span><\/td>\n<td style=\"width: 29.0485%;height: 54px\"><a href=\"https:\/\/agrarias.ufpr.br\/pgapv\/atila-francisco-mogor\/\"><span style=\"font-size: 12pt\">Dr. Atila Francisco Mogor<\/span><\/a><\/td>\n<\/tr>\n<tr style=\"height: 72px\">\n<td style=\"width: 26.8381%;height: 53px\"><span style=\"font-size: 12pt\">Luiz Gabriel Gemin<\/span><\/td>\n<td style=\"width: 44.8866%;height: 53px;text-align: justify\"><span style=\"font-size: 12pt\">MICROALGA Scenedesmus subspicatus E SUBST\u00c2NCIAS H\u00daMICAS NA PRODU\u00c7\u00c3O DE CEBOLA ORG\u00c2NICA<\/span><\/td>\n<td style=\"width: 29.0485%;height: 53px\"><a href=\"https:\/\/agrarias.ufpr.br\/pgapv\/atila-francisco-mogor\/\"><span style=\"font-size: 12pt\">Dr. Atila Francisco Mogor<\/span><\/a><\/td>\n<\/tr>\n<tr style=\"height: 101px\">\n<td style=\"width: 26.8381%;height: 101px\"><span style=\"font-size: 12pt\">Maira Maciel Tomazzoli<\/span><\/td>\n<td style=\"width: 44.8866%;text-align: justify;height: 101px\"><span style=\"font-size: 12pt\">PHYTOCHEMICAL EVALUATION, ANTIOXIDANT ACTIVITY AND PROPAGATION METHODS OF Baccharis dracunculifolia DC.: THE MAIN BOTANICAL SOURCE OF BRAZILIAN GREEN PROPOLIS<\/span><\/td>\n<td style=\"width: 29.0485%;height: 101px\"><a href=\"https:\/\/agrarias.ufpr.br\/pgapv\/cicero-deschamps\/\"><span style=\"font-size: 12pt\">Dr. Cicero Deschamps<\/span><\/a><\/td>\n<\/tr>\n<\/tbody>\n<\/table>\n","protected":false},"excerpt":{"rendered":"<p>MANEJO DE CULTURAS Cintia De Moraes Fagundes SAIS MINERAIS NO CULTIVO IN VITRO, FENOLOGIA A CAMPO, PRODU\u00c7\u00c3O E COMPOSTOS BIOATIVOS DE FRAMBOESA DE CULTIVARES MICROPROPAGADAS Dr. Luiz Antonio Biasi Ives Clayton Gomes Dos Reis Goulart FATORES QUE AFETAM A PRODUTIVIDADE E A ADO\u00c7\u00c3O DE TECNOLOGIAS NA CULTURA DA ERVA-MATE Dr. Bruno Portela Brasileiro Jessica De Cassia Tomasi BIOACTIVE COMPOUNDS OF YERBA MATE ACCORDING TO GENOTYPE, NITROGEN FERTIGATION AND DRYING METHODS AND ACCEPTANCE OF MATE TEA [&hellip;]<\/p>\n","protected":false},"author":10269,"featured_media":0,"parent":0,"menu_order":0,"comment_status":"closed","ping_status":"closed","template":"","meta":{"footnotes":""},"class_list":["post-4086","page","type-page","status-publish","hentry"],"_links":{"self":[{"href":"https:\/\/agrarias.ufpr.br\/pgapv\/wp-json\/wp\/v2\/pages\/4086","targetHints":{"allow":["GET"]}}],"collection":[{"href":"https:\/\/agrarias.ufpr.br\/pgapv\/wp-json\/wp\/v2\/pages"}],"about":[{"href":"https:\/\/agrarias.ufpr.br\/pgapv\/wp-json\/wp\/v2\/types\/page"}],"author":[{"embeddable":true,"href":"https:\/\/agrarias.ufpr.br\/pgapv\/wp-json\/wp\/v2\/users\/10269"}],"replies":[{"embeddable":true,"href":"https:\/\/agrarias.ufpr.br\/pgapv\/wp-json\/wp\/v2\/comments?post=4086"}],"version-history":[{"count":1,"href":"https:\/\/agrarias.ufpr.br\/pgapv\/wp-json\/wp\/v2\/pages\/4086\/revisions"}],"predecessor-version":[{"id":4087,"href":"https:\/\/agrarias.ufpr.br\/pgapv\/wp-json\/wp\/v2\/pages\/4086\/revisions\/4087"}],"wp:attachment":[{"href":"https:\/\/agrarias.ufpr.br\/pgapv\/wp-json\/wp\/v2\/media?parent=4086"}],"curies":[{"name":"wp","href":"https:\/\/api.w.org\/{rel}","templated":true}]}}