{"id":4068,"date":"2021-04-07T13:18:10","date_gmt":"2021-04-07T13:18:10","guid":{"rendered":"https:\/\/agrarias.ufpr.br\/pgapv\/?page_id=4068"},"modified":"2021-04-07T13:18:10","modified_gmt":"2021-04-07T13:18:10","slug":"manejo-de-culturas-2018d","status":"publish","type":"page","link":"https:\/\/agrarias.ufpr.br\/pgapv\/manejo-de-culturas-2018d\/","title":{"rendered":"Manejo de Culturas &#8211; 2018D"},"content":{"rendered":"<table style=\"height: 82px;width: 101.25%;border-collapse: collapse;border-style: dotted\" border=\"1\">\n<tbody>\n<tr style=\"height: 24px\">\n<td style=\"width: 100.773%;height: 24px;text-align: center\" colspan=\"3\"><span style=\"color: #008000\"><strong>MANEJO DE CULTURAS<\/strong><\/span><\/td>\n<\/tr>\n<tr style=\"height: 72px\">\n<td style=\"width: 26.8381%;height: 36px\"><span style=\"font-size: 12pt\">Jessica Welinski De Oliveira Dangelo<\/span><\/td>\n<td style=\"width: 44.8866%;height: 36px\"><span style=\"font-size: 12pt\"><a href=\"https:\/\/www.prppg.ufpr.br\/siga\/visitante\/gerenciadownload?op=download&amp;doc=12576_2018_24_62_2_(.*)&amp;idPessoal=12576&amp;idPrograma=40001016031P6&amp;nivelP=Pessoal&amp;isMatch=false\">TECNOLOGIAS P\u00d3S-COLHEITA DE AMORA-PRETA<\/a><\/span><\/td>\n<td style=\"width: 29.0485%;height: 36px\"><span style=\"font-size: 12pt\"><a href=\"https:\/\/agrarias.ufpr.br\/pgapv\/francine-lorena-cuquel\/\">Dr. Francine Lorena Cuquel<\/a><\/span><\/td>\n<\/tr>\n<tr style=\"height: 96px\">\n<td style=\"width: 26.8381%;height: 54px\"><span style=\"font-size: 12pt\">Mariana Grassi Noya<\/span><\/td>\n<td style=\"width: 44.8866%;height: 54px;text-align: justify\"><span style=\"font-size: 12pt\"><a href=\"https:\/\/www.prppg.ufpr.br\/siga\/visitante\/gerenciadownload?op=download&amp;doc=18245_2018_24_51_2_(.*)&amp;idPessoal=18245&amp;idPrograma=40001016031P6&amp;nivelP=Pessoal&amp;isMatch=false\">SUBS\u00cdDIOS \u00c0 IMPLANTA\u00c7\u00c3O DE TELHADOS VERDES EXTENSIVOS<\/a><\/span><\/td>\n<td style=\"width: 29.0485%;height: 54px\"><span style=\"font-size: 12pt\"><a href=\"https:\/\/agrarias.ufpr.br\/pgapv\/francine-lorena-cuquel\/\">Dr. Francine Lorena Cuquel<\/a><\/span><\/td>\n<\/tr>\n<\/tbody>\n<\/table>\n","protected":false},"excerpt":{"rendered":"<p>MANEJO DE CULTURAS Jessica Welinski De Oliveira Dangelo TECNOLOGIAS P\u00d3S-COLHEITA DE AMORA-PRETA Dr. Francine Lorena Cuquel Mariana Grassi Noya SUBS\u00cdDIOS \u00c0 IMPLANTA\u00c7\u00c3O DE TELHADOS VERDES EXTENSIVOS Dr. Francine Lorena Cuquel<\/p>\n","protected":false},"author":10269,"featured_media":0,"parent":0,"menu_order":0,"comment_status":"closed","ping_status":"closed","template":"","meta":{"footnotes":""},"class_list":["post-4068","page","type-page","status-publish","hentry"],"_links":{"self":[{"href":"https:\/\/agrarias.ufpr.br\/pgapv\/wp-json\/wp\/v2\/pages\/4068","targetHints":{"allow":["GET"]}}],"collection":[{"href":"https:\/\/agrarias.ufpr.br\/pgapv\/wp-json\/wp\/v2\/pages"}],"about":[{"href":"https:\/\/agrarias.ufpr.br\/pgapv\/wp-json\/wp\/v2\/types\/page"}],"author":[{"embeddable":true,"href":"https:\/\/agrarias.ufpr.br\/pgapv\/wp-json\/wp\/v2\/users\/10269"}],"replies":[{"embeddable":true,"href":"https:\/\/agrarias.ufpr.br\/pgapv\/wp-json\/wp\/v2\/comments?post=4068"}],"version-history":[{"count":1,"href":"https:\/\/agrarias.ufpr.br\/pgapv\/wp-json\/wp\/v2\/pages\/4068\/revisions"}],"predecessor-version":[{"id":4069,"href":"https:\/\/agrarias.ufpr.br\/pgapv\/wp-json\/wp\/v2\/pages\/4068\/revisions\/4069"}],"wp:attachment":[{"href":"https:\/\/agrarias.ufpr.br\/pgapv\/wp-json\/wp\/v2\/media?parent=4068"}],"curies":[{"name":"wp","href":"https:\/\/api.w.org\/{rel}","templated":true}]}}