{"id":4062,"date":"2021-04-07T13:07:18","date_gmt":"2021-04-07T13:07:18","guid":{"rendered":"https:\/\/agrarias.ufpr.br\/pgapv\/?page_id=4062"},"modified":"2021-04-07T13:07:18","modified_gmt":"2021-04-07T13:07:18","slug":"morfogenese-e-biotecnologia-de-plantas-2017d","status":"publish","type":"page","link":"https:\/\/agrarias.ufpr.br\/pgapv\/morfogenese-e-biotecnologia-de-plantas-2017d\/","title":{"rendered":"Morfog\u00eanese e Biotecnologia de Plantas &#8211; 2017D"},"content":{"rendered":"<table style=\"height: 82px;width: 101.25%;border-collapse: collapse;border-style: dotted\" border=\"1\">\n<tbody>\n<tr style=\"height: 24px\">\n<td style=\"width: 100.773%;height: 24px;text-align: center\" colspan=\"3\"><span style=\"font-size: 10pt\"><span style=\"font-size: 12pt;color: #008000\"><strong>MORFOG\u00caNESE E BIOTECNOLOGIA DE PLANTAS<\/strong><\/span><\/span><\/td>\n<\/tr>\n<tr style=\"height: 48px\">\n<td style=\"width: 26.8381%;height: 48px\"><span style=\"font-size: 12pt\">Carlos Andre Stuepp<\/span><\/td>\n<td style=\"width: 44.8866%;height: 48px;text-align: justify\"><span style=\"font-size: 12pt\"><a href=\"https:\/\/www.prppg.ufpr.br\/siga\/visitante\/gerenciadownload?op=download&amp;doc=4204_2017_24_11_2_(.*)&amp;idPessoal=4204&amp;idPrograma=40001016031P6&amp;nivelP=Pessoal&amp;isMatch=false\">Piptocarpha angustifolia&nbsp;Dus\u00e9n ex Malme: AVALIA\u00c7\u00c3O DA QUALIDADE DE MUDAS E AN\u00c1LISE SILVICULTURAL<\/a><\/span><\/td>\n<td style=\"width: 29.0485%;height: 48px\"><span style=\"font-size: 12pt\"><a href=\"https:\/\/agrarias.ufpr.br\/pgapv\/katia-christina-zuffellato-ribas\/\">Dra. Katia Christina Zuffellato Ribas<\/a><\/span><\/td>\n<\/tr>\n<tr style=\"height: 72px\">\n<td style=\"width: 26.8381%;height: 72px\"><span style=\"font-size: 12pt\">Cassiana De Oliveira<\/span><\/td>\n<td style=\"width: 44.8866%;height: 72px;text-align: justify\"><span style=\"font-size: 12pt\">VALIDA\u00c7\u00c3O DE PROMOTOR DE Eucalyptus grandis EM Nicotiana tabacum E TRANSFORMA\u00c7\u00c3O DE Populus alba x P. tremula COM O FATOR DE TRANSCRI\u00c7\u00c3O CaHB12<\/span><\/td>\n<td style=\"width: 29.0485%;height: 72px\"><span style=\"font-size: 12pt\"><a href=\"https:\/\/agrarias.ufpr.br\/pgapv\/marguerite-germaine-ghislaine-quoirin-2\/\">Dra. Marguerite Germaine Ghislaine Quoirin<\/a><\/span><\/td>\n<\/tr>\n<tr style=\"height: 72px\">\n<td style=\"width: 26.8381%;height: 53px\"><span style=\"font-size: 12pt\">Gabriely Pinto Pereira<\/span><\/td>\n<td style=\"width: 44.8866%;height: 53px;text-align: justify\"><span style=\"font-size: 12pt\"><a href=\"https:\/\/www.prppg.ufpr.br\/siga\/visitante\/gerenciadownload?op=download&amp;doc=10157_2017_24_4_2_(.*)&amp;idPessoal=10157&amp;idPrograma=40001016031P6&amp;nivelP=Pessoal&amp;isMatch=false\">FISIOLOGIA E BIOQU\u00cdMICA DA DORM\u00caNCIA DE GEMAS DE CAQUIZEIRO \u2018FUYU\u2019<\/a><\/span><\/td>\n<td style=\"width: 29.0485%;height: 53px\"><span style=\"font-size: 12pt\"><a href=\"https:\/\/agrarias.ufpr.br\/pgapv\/flavio-zanette\/\">Dr. Flavio Zanette<\/a><\/span><\/td>\n<\/tr>\n<tr style=\"height: 96px\">\n<td style=\"width: 26.8381%;height: 96px\"><span style=\"font-size: 12pt\">Helena Cristina Rickli Horst<\/span><\/td>\n<td style=\"width: 44.8866%;height: 96px;text-align: justify\"><span style=\"font-size: 12pt\"><a href=\"https:\/\/www.prppg.ufpr.br\/siga\/visitante\/gerenciadownload?op=download&amp;doc=11279_2017_24_10_2_(.*)&amp;idPessoal=11279&amp;idPrograma=40001016031P6&amp;nivelP=Pessoal&amp;isMatch=false\">DESENVOLVIMENTO DE TECNOLOGIAS DE RESGATE VEGETATIVO, ENXERTIA, CRESCIMENTO E INDU\u00c7\u00c3O DE FLORESCIMENTO PRECOCE EM&nbsp;Araucaria angustifolia&nbsp;(Bertol.) Kuntze<\/a><\/span><\/td>\n<td style=\"width: 29.0485%;height: 96px\"><span style=\"font-size: 12pt\"><a href=\"https:\/\/agrarias.ufpr.br\/pgapv\/katia-christina-zuffellato-ribas\/\">Dra. Katia Christina Zuffellato Ribas<\/a><\/span><\/td>\n<\/tr>\n<tr style=\"height: 72px\">\n<td style=\"width: 26.8381%;height: 72px\"><span style=\"font-size: 12pt\">Liliane Martins De Brito<\/span><\/td>\n<td style=\"width: 44.8866%;height: 72px;text-align: justify\"><span style=\"font-size: 12pt\"><a href=\"https:\/\/www.prppg.ufpr.br\/siga\/visitante\/gerenciadownload?op=download&amp;doc=15341_2017_24_30_2_(.*)&amp;idPessoal=15341&amp;idPrograma=40001016031P6&amp;nivelP=Pessoal&amp;isMatch=false\">INTERA\u00c7\u00d5ES ENTRE Cylindrocarpon sp., MICRO-ORGANISMOS PROMOTORES DE CRESCIMENTO E PORTA-ENXERTOS DE VIDEIRA<\/a><\/span><\/td>\n<td style=\"width: 29.0485%;height: 72px\"><span style=\"font-size: 12pt\"><a href=\"https:\/\/agrarias.ufpr.br\/pgapv\/flavio-zanette\/\">Dr. Flavio Zanette<\/a><\/span><\/td>\n<\/tr>\n<tr style=\"height: 48px\">\n<td style=\"width: 26.8381%;height: 48px\"><span style=\"font-size: 12pt\">Luciele Milani Zem Schultz<\/span><\/td>\n<td style=\"width: 44.8866%;height: 48px;text-align: justify\"><span style=\"font-size: 12pt\"><a href=\"https:\/\/www.prppg.ufpr.br\/siga\/visitante\/gerenciadownload?op=download&amp;doc=15962_2017_24_38_2_(.*)&amp;idPessoal=15962&amp;idPrograma=40001016031P6&amp;nivelP=Pessoal&amp;isMatch=false\">Pereskia aculeata Mill: PROPAGA\u00c7\u00c3O VEGETATIVA, AN\u00c1LISE ANAT\u00d4MICA, BROMATOL\u00d3GICA E BIOL\u00d3GICA<\/a><\/span><\/td>\n<td style=\"width: 29.0485%;height: 48px\"><span style=\"font-size: 12pt\"><a href=\"https:\/\/agrarias.ufpr.br\/pgapv\/katia-christina-zuffellato-ribas\/\">Dra. Katia Christina Zuffellato Ribas<\/a><\/span><\/td>\n<\/tr>\n<tr style=\"height: 72px\">\n<td style=\"width: 26.8381%;height: 72px\"><span style=\"font-size: 12pt\">Rosimeri De Oliveira Fragoso<\/span><\/td>\n<td style=\"width: 44.8866%;height: 72px;text-align: justify\"><span style=\"font-size: 12pt\"><a href=\"https:\/\/www.prppg.ufpr.br\/siga\/visitante\/gerenciadownload?op=download&amp;doc=23580_2017_24_2_2_(.*)&amp;idPessoal=23580&amp;idPrograma=40001016031P6&amp;nivelP=Pessoal&amp;isMatch=false\">T\u00c9CNICAS DE MELHORIA DA CAMA DE SEMENTES PARA A INDU\u00c7\u00c3O DA REGENERA\u00c7\u00c3O NATURAL EM PASTAGENS ABANDONADAS<\/a><\/span><\/td>\n<td style=\"width: 29.0485%;height: 72px\"><span style=\"font-size: 12pt\"><a href=\"https:\/\/agrarias.ufpr.br\/pgapv\/katia-christina-zuffellato-ribas\/\">Dra. Katia Christina Zuffellato Ribas<\/a><\/span><\/td>\n<\/tr>\n<tr style=\"height: 48px\">\n<td style=\"width: 26.8381%;height: 48px\"><span style=\"font-size: 12pt\">Valdeci Constantino<\/span><\/td>\n<td style=\"width: 44.8866%;height: 48px;text-align: justify\"><span style=\"font-size: 12pt\"><a href=\"https:\/\/www.prppg.ufpr.br\/siga\/visitante\/gerenciadownload?op=download&amp;doc=26013_2017_24_12_2_(.*)&amp;idPessoal=26013&amp;idPrograma=40001016031P6&amp;nivelP=Pessoal&amp;isMatch=false\">NUTRI\u00c7\u00c3O DE MUDAS E MORFOG\u00caNESE DA Araucaria angustifolia (BERT.) O. KTZE. SUBMETIDA \u00c0 ENXERTIA <\/a><\/span><\/td>\n<td style=\"width: 29.0485%;height: 48px\"><span style=\"font-size: 12pt\"><a href=\"https:\/\/agrarias.ufpr.br\/pgapv\/flavio-zanette\/\">Dr. Flavio Zanette<\/a><\/span><\/td>\n<\/tr>\n<\/tbody>\n<\/table>\n","protected":false},"excerpt":{"rendered":"<p>MORFOG\u00caNESE E BIOTECNOLOGIA DE PLANTAS Carlos Andre Stuepp Piptocarpha angustifolia&nbsp;Dus\u00e9n ex Malme: AVALIA\u00c7\u00c3O DA QUALIDADE DE MUDAS E AN\u00c1LISE SILVICULTURAL Dra. Katia Christina Zuffellato Ribas Cassiana De Oliveira VALIDA\u00c7\u00c3O DE PROMOTOR DE Eucalyptus grandis EM Nicotiana tabacum E TRANSFORMA\u00c7\u00c3O DE Populus alba x P. tremula COM O FATOR DE TRANSCRI\u00c7\u00c3O CaHB12 Dra. Marguerite Germaine Ghislaine Quoirin Gabriely Pinto Pereira FISIOLOGIA E BIOQU\u00cdMICA DA DORM\u00caNCIA DE GEMAS DE CAQUIZEIRO \u2018FUYU\u2019 Dr. Flavio Zanette Helena Cristina Rickli [&hellip;]<\/p>\n","protected":false},"author":10269,"featured_media":0,"parent":0,"menu_order":0,"comment_status":"closed","ping_status":"closed","template":"","meta":{"footnotes":""},"class_list":["post-4062","page","type-page","status-publish","hentry"],"_links":{"self":[{"href":"https:\/\/agrarias.ufpr.br\/pgapv\/wp-json\/wp\/v2\/pages\/4062","targetHints":{"allow":["GET"]}}],"collection":[{"href":"https:\/\/agrarias.ufpr.br\/pgapv\/wp-json\/wp\/v2\/pages"}],"about":[{"href":"https:\/\/agrarias.ufpr.br\/pgapv\/wp-json\/wp\/v2\/types\/page"}],"author":[{"embeddable":true,"href":"https:\/\/agrarias.ufpr.br\/pgapv\/wp-json\/wp\/v2\/users\/10269"}],"replies":[{"embeddable":true,"href":"https:\/\/agrarias.ufpr.br\/pgapv\/wp-json\/wp\/v2\/comments?post=4062"}],"version-history":[{"count":1,"href":"https:\/\/agrarias.ufpr.br\/pgapv\/wp-json\/wp\/v2\/pages\/4062\/revisions"}],"predecessor-version":[{"id":4063,"href":"https:\/\/agrarias.ufpr.br\/pgapv\/wp-json\/wp\/v2\/pages\/4062\/revisions\/4063"}],"wp:attachment":[{"href":"https:\/\/agrarias.ufpr.br\/pgapv\/wp-json\/wp\/v2\/media?parent=4062"}],"curies":[{"name":"wp","href":"https:\/\/api.w.org\/{rel}","templated":true}]}}