{"id":4060,"date":"2021-04-07T13:05:51","date_gmt":"2021-04-07T13:05:51","guid":{"rendered":"https:\/\/agrarias.ufpr.br\/pgapv\/?page_id=4060"},"modified":"2021-04-07T13:05:51","modified_gmt":"2021-04-07T13:05:51","slug":"manejo-em-fitossanidade-e-impacto-ambiental-2017d","status":"publish","type":"page","link":"https:\/\/agrarias.ufpr.br\/pgapv\/manejo-em-fitossanidade-e-impacto-ambiental-2017d\/","title":{"rendered":"Manejo em Fitossanidade e Impacto Ambiental &#8211; 2017D"},"content":{"rendered":"<table style=\"height: 82px;width: 101.25%;border-collapse: collapse;border-style: dotted\" border=\"1\">\n<tbody>\n<tr style=\"height: 24px\">\n<td style=\"width: 100.773%;height: 24px;text-align: center\" colspan=\"3\"><span style=\"font-size: 12pt;color: #008000\"><strong>MANEJO EM FITOSSANIDADE E IMPACTO AMBIENTAL<\/strong><\/span><\/td>\n<\/tr>\n<tr style=\"height: 96px\">\n<td style=\"width: 26.8381%;height: 60px\"><span style=\"font-size: 12pt\">Alexandre Dinnys Roese<\/span><\/td>\n<td style=\"width: 44.8866%;height: 60px;text-align: justify\"><span style=\"font-size: 12pt\"><a href=\"https:\/\/www.prppg.ufpr.br\/siga\/visitante\/gerenciadownload?op=download&amp;doc=834_2017_24_20_2_(.*)&amp;idPessoal=834&amp;idPrograma=40001016031P6&amp;nivelP=Pessoal&amp;isMatch=false\">PLANT DISEASES IN INTEGRATED CROP-LIVESTOCK SYSTEMS IN THE BRAZILIAN SUBTROPICS&nbsp;<\/a><\/span><\/td>\n<td style=\"width: 29.0485%;height: 60px\"><span style=\"font-size: 12pt\"><a href=\"https:\/\/agrarias.ufpr.br\/pgapv\/louise-larissa-may-de-mio\/\">Dra. Louise Larissa May De Mio<\/a><\/span><\/td>\n<\/tr>\n<tr style=\"height: 96px\">\n<td style=\"width: 26.8381%;height: 71px\"><span style=\"font-size: 12pt\">Ana Lidia Moura Woruby<\/span><\/td>\n<td style=\"width: 44.8866%;height: 71px;text-align: justify\"><span style=\"font-size: 12pt\"><a href=\"https:\/\/www.prppg.ufpr.br\/siga\/visitante\/gerenciadownload?op=download&amp;doc=1571_2017_24_8_2_(.*)&amp;idPessoal=1571&amp;idPrograma=40001016031P6&amp;nivelP=Pessoal&amp;isMatch=false\">Fusarium EM SEMENTES DE P\u00cdNUS NO BRASIL: DISTRIBUI\u00c7\u00c3O, PATOGENICIDADE, IDENTIFICA\u00c7\u00c3O DE ESP\u00c9CIES E CONTROLE BIOL\u00d3GICO<\/a><\/span><\/td>\n<td style=\"width: 29.0485%;height: 71px\"><span style=\"font-size: 12pt\"><a href=\"https:\/\/agrarias.ufpr.br\/pgapv\/alvaro-figueiredo-dos-santos\/\">Dr. Alvaro Figueredo Dos Santos<\/a><\/span><\/td>\n<\/tr>\n<tr style=\"height: 96px\">\n<td style=\"width: 26.8381%;height: 78px\"><span style=\"font-size: 12pt\">Rafaele Regina Moreira<\/span><\/td>\n<td style=\"width: 44.8866%;height: 78px;text-align: justify\"><span style=\"font-size: 12pt\"><a href=\"https:\/\/www.prppg.ufpr.br\/siga\/visitante\/gerenciadownload?op=download&amp;doc=21858_2017_24_36_2_(.*)&amp;idPessoal=21858&amp;idPrograma=40001016031P6&amp;nivelP=Pessoal&amp;isMatch=false\">ETIOLOGIA DA MANCHA FOLIAR DE Glomerella EM MACIEIRA E SENSIBILIDADE DO PAT\u00d3GENO \u00c0 FUNGICIDAS<\/a><\/span><\/td>\n<td style=\"width: 29.0485%;height: 78px\"><span style=\"font-size: 12pt\"><a href=\"https:\/\/agrarias.ufpr.br\/pgapv\/louise-larissa-may-de-mio\/\">Dra. Louise Larissa May De Mio<\/a><\/span><\/td>\n<\/tr>\n<tr style=\"height: 72px\">\n<td style=\"width: 26.8381%;height: 72px\"><span style=\"font-size: 12pt\">Rodrigo Martins Monzani<\/span><\/td>\n<td style=\"width: 44.8866%;height: 72px;text-align: justify\"><span style=\"font-size: 12pt\"><a href=\"https:\/\/www.prppg.ufpr.br\/siga\/visitante\/gerenciadownload?op=download&amp;doc=23131_2017_24_28_2_(.*)&amp;idPessoal=23131&amp;idPrograma=40001016031P6&amp;nivelP=Pessoal&amp;isMatch=false\">INTENSIDADE DE DOEN\u00c7AS, PRODU\u00c7\u00c3O E QUALIDADE DE FRUTOS DE MARACUJAZEIRO-AZEDO SOB DOIS SISTEMAS DE CONDU\u00c7\u00c3O, EM CULTIVO ANUAL<\/a><\/span><\/td>\n<td style=\"width: 29.0485%;height: 72px\"><span style=\"font-size: 12pt\"><a href=\"https:\/\/agrarias.ufpr.br\/pgapv\/louise-larissa-may-de-mio\/\">Dra. Louise Larissa May De Mio<\/a><\/span><\/td>\n<\/tr>\n<\/tbody>\n<\/table>\n","protected":false},"excerpt":{"rendered":"<p>MANEJO EM FITOSSANIDADE E IMPACTO AMBIENTAL Alexandre Dinnys Roese PLANT DISEASES IN INTEGRATED CROP-LIVESTOCK SYSTEMS IN THE BRAZILIAN SUBTROPICS&nbsp; Dra. Louise Larissa May De Mio Ana Lidia Moura Woruby Fusarium EM SEMENTES DE P\u00cdNUS NO BRASIL: DISTRIBUI\u00c7\u00c3O, PATOGENICIDADE, IDENTIFICA\u00c7\u00c3O DE ESP\u00c9CIES E CONTROLE BIOL\u00d3GICO Dr. Alvaro Figueredo Dos Santos Rafaele Regina Moreira ETIOLOGIA DA MANCHA FOLIAR DE Glomerella EM MACIEIRA E SENSIBILIDADE DO PAT\u00d3GENO \u00c0 FUNGICIDAS Dra. Louise Larissa May De Mio Rodrigo Martins Monzani [&hellip;]<\/p>\n","protected":false},"author":10269,"featured_media":0,"parent":0,"menu_order":0,"comment_status":"closed","ping_status":"closed","template":"","meta":{"footnotes":""},"class_list":["post-4060","page","type-page","status-publish","hentry"],"_links":{"self":[{"href":"https:\/\/agrarias.ufpr.br\/pgapv\/wp-json\/wp\/v2\/pages\/4060","targetHints":{"allow":["GET"]}}],"collection":[{"href":"https:\/\/agrarias.ufpr.br\/pgapv\/wp-json\/wp\/v2\/pages"}],"about":[{"href":"https:\/\/agrarias.ufpr.br\/pgapv\/wp-json\/wp\/v2\/types\/page"}],"author":[{"embeddable":true,"href":"https:\/\/agrarias.ufpr.br\/pgapv\/wp-json\/wp\/v2\/users\/10269"}],"replies":[{"embeddable":true,"href":"https:\/\/agrarias.ufpr.br\/pgapv\/wp-json\/wp\/v2\/comments?post=4060"}],"version-history":[{"count":1,"href":"https:\/\/agrarias.ufpr.br\/pgapv\/wp-json\/wp\/v2\/pages\/4060\/revisions"}],"predecessor-version":[{"id":4061,"href":"https:\/\/agrarias.ufpr.br\/pgapv\/wp-json\/wp\/v2\/pages\/4060\/revisions\/4061"}],"wp:attachment":[{"href":"https:\/\/agrarias.ufpr.br\/pgapv\/wp-json\/wp\/v2\/media?parent=4060"}],"curies":[{"name":"wp","href":"https:\/\/api.w.org\/{rel}","templated":true}]}}