{"id":4056,"date":"2021-04-07T13:02:07","date_gmt":"2021-04-07T13:02:07","guid":{"rendered":"https:\/\/agrarias.ufpr.br\/pgapv\/?page_id=4056"},"modified":"2021-04-07T13:02:07","modified_gmt":"2021-04-07T13:02:07","slug":"producao-vegetal-em-sistemas-integrados-2017d","status":"publish","type":"page","link":"https:\/\/agrarias.ufpr.br\/pgapv\/producao-vegetal-em-sistemas-integrados-2017d\/","title":{"rendered":"Produ\u00e7\u00e3o Vegetal em Sistemas Integrados &#8211; 2017D"},"content":{"rendered":"<table style=\"height: 82px;width: 101.25%;border-collapse: collapse;border-style: dotted\" border=\"1\">\n<tbody>\n<tr style=\"height: 24px\">\n<td style=\"width: 100.773%;height: 24px;text-align: center\" colspan=\"3\"><span style=\"font-size: 10pt\"><span style=\"color: #008000;font-size: 12pt\"><strong>PRODU\u00c7\u00c3O VEGETAL EM SISTEMAS INTEGRADOS<\/strong><\/span><\/span><\/td>\n<\/tr>\n<tr style=\"height: 48px\">\n<td style=\"width: 26.8381%;height: 48px\"><span style=\"font-size: 12pt\">Amanda Moser Coelho Da Fonseca Faro<\/span><\/td>\n<td style=\"width: 44.8866%;height: 48px;text-align: justify\"><span style=\"font-size: 12pt\"><a href=\"https:\/\/www.prppg.ufpr.br\/siga\/visitante\/gerenciadownload?op=download&amp;doc=1321_2017_24_39_2_(.*)&amp;idPessoal=1321&amp;idPrograma=40001016031P6&amp;nivelP=Pessoal&amp;isMatch=false\">CONSUMO DE FORRAGEM E EMISS\u00c3O DE METANO ENT\u00c9RICO EM SISTEMAS DE PRODU\u00c7\u00c3O DE CORDEIROS EM PASTAGENS<\/a><\/span><\/td>\n<td style=\"width: 29.0485%;height: 48px\"><span style=\"font-size: 12pt\"><a href=\"https:\/\/agrarias.ufpr.br\/pgapv\/alda-lucia-gomes-monteiro\/\">Dra. Alda Lucia Gomes Monteiro<\/a><\/span><\/td>\n<\/tr>\n<tr style=\"height: 24px\">\n<td style=\"width: 26.8381%;height: 24px\"><span style=\"font-size: 12pt\">Delma Fabiola Ferreira Da Silva<\/span><\/td>\n<td style=\"width: 44.8866%;height: 24px;text-align: justify\"><span style=\"font-size: 12pt\"><a href=\"https:\/\/www.prppg.ufpr.br\/siga\/visitante\/gerenciadownload?op=download&amp;doc=6670_2017_24_21_2_(.*)&amp;idPessoal=6670&amp;idPrograma=40001016031P6&amp;nivelP=Pessoal&amp;isMatch=false\">RES\u00cdDUOS DE LAVOURAS AFETAM A INGEST\u00c3O DO PASTO POR OVINOS EM SISTEMAS INTEGRADOS DE PRODU\u00c7\u00c3O AGROPECU\u00c1RIA?<\/a><\/span><\/td>\n<td style=\"width: 29.0485%;height: 24px\"><span style=\"font-size: 12pt\"><a href=\"https:\/\/agrarias.ufpr.br\/pgapv\/paulo-cesar-de-faccio-carvalho\/\">Dr. Paulo Cesar De Faccio Carvalho<\/a><\/span><\/td>\n<\/tr>\n<tr style=\"height: 24px\">\n<td style=\"width: 26.8381%;height: 24px\"><span style=\"font-size: 12pt\">Gilmar Paulinho Triches<\/span><\/td>\n<td style=\"width: 44.8866%;height: 24px;text-align: justify\"><span style=\"font-size: 12pt\"><a href=\"https:\/\/www.prppg.ufpr.br\/siga\/visitante\/gerenciadownload?op=download&amp;doc=10413_2017_24_22_2_(.*)&amp;idPessoal=10413&amp;idPrograma=40001016031P6&amp;nivelP=Pessoal&amp;isMatch=false\">DANOS POR BOVINOS E COMPORTAMENTO INICIAL DO Eucalyptus benthamii Maiden et Cambage EM SISTEMAS INTEGRADOS DE PRODU\u00c7\u00c3O AGROPECU\u00c1RIA<\/a><\/span><\/td>\n<td style=\"width: 29.0485%;height: 24px\"><span style=\"font-size: 12pt\"><a href=\"https:\/\/agrarias.ufpr.br\/pgapv\/anibal-de-moraes\/\">Dr. Anibal De Moraes<\/a><\/span><\/td>\n<\/tr>\n<tr style=\"height: 72px\">\n<td style=\"width: 26.8381%;height: 72px\"><span style=\"font-size: 12pt\">Marcos Augusto Paladini Dos Santos<\/span><\/td>\n<td style=\"width: 44.8866%;height: 72px;text-align: justify\"><span style=\"font-size: 12pt\"><a href=\"https:\/\/www.prppg.ufpr.br\/siga\/visitante\/gerenciadownload?op=download&amp;doc=17495_2017_24_33_2_(.*)&amp;idPessoal=17495&amp;idPrograma=40001016031P6&amp;nivelP=Pessoal&amp;isMatch=false\">PRODU\u00c7\u00c3O INTEGRADA DE SISTEMAS AGROPECU\u00c1RIOS &#8211; PISA: INOVA\u00c7\u00c3O TECNOL\u00d3GICA COMO FATOR DE TRANSFORMA\u00c7\u00c3O SOCIAL<\/a><\/span><\/td>\n<td style=\"width: 29.0485%;height: 72px\"><span style=\"font-size: 12pt\"><a href=\"https:\/\/agrarias.ufpr.br\/pgapv\/paulo-cesar-de-faccio-carvalho\/\">Dr. Paulo Cesar De Faccio Carvalho<\/a><\/span><\/td>\n<\/tr>\n<\/tbody>\n<\/table>\n","protected":false},"excerpt":{"rendered":"<p>PRODU\u00c7\u00c3O VEGETAL EM SISTEMAS INTEGRADOS Amanda Moser Coelho Da Fonseca Faro CONSUMO DE FORRAGEM E EMISS\u00c3O DE METANO ENT\u00c9RICO EM SISTEMAS DE PRODU\u00c7\u00c3O DE CORDEIROS EM PASTAGENS Dra. Alda Lucia Gomes Monteiro Delma Fabiola Ferreira Da Silva RES\u00cdDUOS DE LAVOURAS AFETAM A INGEST\u00c3O DO PASTO POR OVINOS EM SISTEMAS INTEGRADOS DE PRODU\u00c7\u00c3O AGROPECU\u00c1RIA? Dr. Paulo Cesar De Faccio Carvalho Gilmar Paulinho Triches DANOS POR BOVINOS E COMPORTAMENTO INICIAL DO Eucalyptus benthamii Maiden et Cambage EM [&hellip;]<\/p>\n","protected":false},"author":10269,"featured_media":0,"parent":0,"menu_order":0,"comment_status":"closed","ping_status":"closed","template":"","meta":{"footnotes":""},"class_list":["post-4056","page","type-page","status-publish","hentry"],"_links":{"self":[{"href":"https:\/\/agrarias.ufpr.br\/pgapv\/wp-json\/wp\/v2\/pages\/4056","targetHints":{"allow":["GET"]}}],"collection":[{"href":"https:\/\/agrarias.ufpr.br\/pgapv\/wp-json\/wp\/v2\/pages"}],"about":[{"href":"https:\/\/agrarias.ufpr.br\/pgapv\/wp-json\/wp\/v2\/types\/page"}],"author":[{"embeddable":true,"href":"https:\/\/agrarias.ufpr.br\/pgapv\/wp-json\/wp\/v2\/users\/10269"}],"replies":[{"embeddable":true,"href":"https:\/\/agrarias.ufpr.br\/pgapv\/wp-json\/wp\/v2\/comments?post=4056"}],"version-history":[{"count":1,"href":"https:\/\/agrarias.ufpr.br\/pgapv\/wp-json\/wp\/v2\/pages\/4056\/revisions"}],"predecessor-version":[{"id":4057,"href":"https:\/\/agrarias.ufpr.br\/pgapv\/wp-json\/wp\/v2\/pages\/4056\/revisions\/4057"}],"wp:attachment":[{"href":"https:\/\/agrarias.ufpr.br\/pgapv\/wp-json\/wp\/v2\/media?parent=4056"}],"curies":[{"name":"wp","href":"https:\/\/api.w.org\/{rel}","templated":true}]}}