{"id":4049,"date":"2021-04-07T12:54:42","date_gmt":"2021-04-07T12:54:42","guid":{"rendered":"https:\/\/agrarias.ufpr.br\/pgapv\/?page_id=4049"},"modified":"2021-04-07T13:42:07","modified_gmt":"2021-04-07T13:42:07","slug":"2020-doutorado","status":"publish","type":"page","link":"https:\/\/agrarias.ufpr.br\/pgapv\/2020-doutorado\/","title":{"rendered":"2020 &#8211; Doutorado"},"content":{"rendered":"<p><a href=\"https:\/\/agrarias.ufpr.br\/pgapv\/producao-vegetal-em-sistemas-integrados-2020d\/\">Produ\u00e7\u00e3o Vegetal em Sistemas Integrados<\/a><\/p>\n<p><a href=\"https:\/\/agrarias.ufpr.br\/pgapv\/manejo-de-culturas-2020d\/\">Manejo de Culturas<\/a><\/p>\n<p><a href=\"https:\/\/agrarias.ufpr.br\/pgapv\/manejo-em-fitossanidade-e-impacto-ambiental-2020d\/\">Manejo em Fitossanidade e Impacto Ambiental<\/a><\/p>\n<p><a href=\"https:\/\/agrarias.ufpr.br\/pgapv\/morfogenese-e-biotecnologia-de-plantas-2020d\/\">Morfog\u00eanese e Biotecnologia Vegetal<\/a><\/p>\n","protected":false},"excerpt":{"rendered":"<p>Produ\u00e7\u00e3o Vegetal em Sistemas Integrados Manejo de Culturas Manejo em Fitossanidade e Impacto Ambiental Morfog\u00eanese e Biotecnologia Vegetal<\/p>\n","protected":false},"author":10269,"featured_media":0,"parent":0,"menu_order":0,"comment_status":"closed","ping_status":"closed","template":"","meta":{"footnotes":""},"class_list":["post-4049","page","type-page","status-publish","hentry"],"_links":{"self":[{"href":"https:\/\/agrarias.ufpr.br\/pgapv\/wp-json\/wp\/v2\/pages\/4049","targetHints":{"allow":["GET"]}}],"collection":[{"href":"https:\/\/agrarias.ufpr.br\/pgapv\/wp-json\/wp\/v2\/pages"}],"about":[{"href":"https:\/\/agrarias.ufpr.br\/pgapv\/wp-json\/wp\/v2\/types\/page"}],"author":[{"embeddable":true,"href":"https:\/\/agrarias.ufpr.br\/pgapv\/wp-json\/wp\/v2\/users\/10269"}],"replies":[{"embeddable":true,"href":"https:\/\/agrarias.ufpr.br\/pgapv\/wp-json\/wp\/v2\/comments?post=4049"}],"version-history":[{"count":3,"href":"https:\/\/agrarias.ufpr.br\/pgapv\/wp-json\/wp\/v2\/pages\/4049\/revisions"}],"predecessor-version":[{"id":4097,"href":"https:\/\/agrarias.ufpr.br\/pgapv\/wp-json\/wp\/v2\/pages\/4049\/revisions\/4097"}],"wp:attachment":[{"href":"https:\/\/agrarias.ufpr.br\/pgapv\/wp-json\/wp\/v2\/media?parent=4049"}],"curies":[{"name":"wp","href":"https:\/\/api.w.org\/{rel}","templated":true}]}}