{"id":403,"date":"2018-07-04T19:56:39","date_gmt":"2018-07-04T19:56:39","guid":{"rendered":"https:\/\/agrarias.ufpr.br\/pgapv\/?page_id=403"},"modified":"2021-05-07T17:53:17","modified_gmt":"2021-05-07T17:53:17","slug":"luis-amilton-foerster","status":"publish","type":"page","link":"https:\/\/agrarias.ufpr.br\/pgapv\/luis-amilton-foerster\/","title":{"rendered":"Luis Amilton Foerster"},"content":{"rendered":"<p class=\"Normal tm5\"><span class=\"tm6\">Prof.&nbsp;Permanente<\/span><\/p>\n<p class=\"Normal tm5\"><strong><span class=\"tm7\">Forma\u00e7\u00e3o Acad\u00eamica<\/span><\/strong><\/p>\n<p class=\"Normal tm5\"><span class=\"tm6\">PhD em Entomologia e Zoologia Aplicada,&nbsp;University of London, UL, Inglaterra (1974)<\/span><\/p>\n<p class=\"Normal tm5\"><span class=\"tm6\">Eng. Agr\u00f4nomo, UFPR (1969)<\/span><\/p>\n<p class=\"Normal tm5\"><strong><span class=\"tm7\">Linha de pesquisa\/\u00c1rea<\/span><\/strong><\/p>\n<p class=\"Normal tm5\"><span class=\"tm7\">Prote\u00e7\u00e3o Vegetal e Seguran\u00e7a Ambiental<\/span><strong><span class=\"tm7\">\/<\/span><\/strong><span class=\"tm7\">Entomologia&nbsp;<\/span><\/p>\n<p style=\"text-align: justify\">Culturas anuais de clima subtropical. Seletividade de inseticidas a inimigos naturais; bioecologia de pragas, predadores e parasit\u00f3ides; desenvolvimento e reprodu\u00e7\u00e3o de insetos-pragas e seus inimigos naturais.<\/p>\n<p class=\"Normal tm5\"><strong><span class=\"tm7\">Disciplina Ministrada<\/span><\/strong><\/p>\n<p class=\"Normal tm5\"><a href=\"https:\/\/agrarias.ufpr.br\/pgapv\/agro7016-manejo-integrado-de-pragas\/\"><span class=\"tm8\">AGRO 7017 &#8211; Manejo Integrado de Pragas<\/span><\/a><\/p>\n<p><a href=\"https:\/\/agrarias.ufpr.br\/pgapv\/agro-7027-pratica-docente-i\/\">AGRO 7027 \u2013 Pr\u00e1tica Docente I<\/a><\/p>\n<p><a href=\"https:\/\/agrarias.ufpr.br\/pgapv\/agro7028-pratica-docente-ii\/\">AGRO 7028 \u2013 Pr\u00e1tica Docente II<\/a><\/p>\n<p class=\"Normal tm5\"><strong><span class=\"tm7\">Laborat\u00f3rios\/Unidade de Apoio&nbsp;<\/span><\/strong><\/p>\n<p><a href=\"https:\/\/agrarias.ufpr.br\/pgapv\/laboratorio-de-controle-integrado-de-insetos-lcii\/\">Laborat\u00f3rio de Controle Integrado de Insetos<\/a><\/p>\n<p class=\"Normal tm5\"><strong>Publica\u00e7\u00f5es<\/strong><\/p>\n<div>\n<p><a href=\"http:\/\/buscatextual.cnpq.br\/buscatextual\/visualizacv.do?metodo=apresentar&amp;id=K4727255Y7\"><strong class=\"alignnone\"><img loading=\"lazy\" decoding=\"async\" class=\"alignnone wp-image-742\" src=\"https:\/\/agrarias.ufpr.br\/fitotecnia\/wp-content\/uploads\/sites\/26\/2016\/03\/icon_lattes.png\" alt=\"icon_lattes\" width=\"30\" height=\"29\">&nbsp;<\/strong><\/a><strong class=\"alignnone\"><span style=\"color: #000080\"><a style=\"color: #000080\" href=\"http:\/\/lattes.cnpq.br\/5145002371026013\">Lattes<\/a><\/span>&nbsp; &nbsp;<\/strong><a href=\"https:\/\/www.researchgate.net\/profile\/Luis_Foerster\"><strong class=\"alignnone\"><img loading=\"lazy\" decoding=\"async\" class=\"size-full wp-image-1136 alignnone\" src=\"https:\/\/agrarias.ufpr.br\/fitotecnia\/wp-content\/uploads\/sites\/26\/2016\/03\/apple-touch-icon-180x180-e1459453504744.png\" alt=\"apple-touch-icon-180x180\" width=\"29\" height=\"29\"><\/strong><\/a><a href=\"https:\/\/www.researchgate.net\/profile\/Luis_Foerster\"><strong class=\"alignnone\">&nbsp;<span style=\"color: #000080\">ResearchGate&nbsp;&nbsp;<\/span><\/strong><\/a><a href=\"https:\/\/orcid.org\/0000-0002-5235-0614\"><img loading=\"lazy\" decoding=\"async\" class=\"alignnone wp-image-3185\" src=\"https:\/\/agrarias.ufpr.br\/pgapv\/wp-content\/uploads\/sites\/39\/2021\/02\/unnamed.jpg\" alt=\"\" width=\"93\" height=\"37\" srcset=\"https:\/\/agrarias.ufpr.br\/pgapv\/wp-content\/uploads\/sites\/39\/2021\/02\/unnamed.jpg 347w, https:\/\/agrarias.ufpr.br\/pgapv\/wp-content\/uploads\/sites\/39\/2021\/02\/unnamed-300x119.jpg 300w, https:\/\/agrarias.ufpr.br\/pgapv\/wp-content\/uploads\/sites\/39\/2021\/02\/unnamed-250x99.jpg 250w, https:\/\/agrarias.ufpr.br\/pgapv\/wp-content\/uploads\/sites\/39\/2021\/02\/unnamed-160x64.jpg 160w\" sizes=\"auto, (max-width: 93px) 100vw, 93px\" \/><\/a><\/p>\n<p><strong>Contatos<\/strong><\/p>\n<p><img loading=\"lazy\" decoding=\"async\" class=\"alignnone wp-image-757\" src=\"https:\/\/agrarias.ufpr.br\/fitotecnia\/wp-content\/uploads\/sites\/26\/2016\/03\/email-small-.jpg\" alt=\"email small\" width=\"22\" height=\"22\">&nbsp;foerster@ufpr.br\/liesrster888gmail.com<\/p>\n<p><img loading=\"lazy\" decoding=\"async\" class=\"wp-image-758 alignnone\" src=\"https:\/\/agrarias.ufpr.br\/fitotecnia\/wp-content\/uploads\/sites\/26\/2016\/03\/telefone.png\" alt=\"telefone\" width=\"22\" height=\"22\">+55 (41)&nbsp;3361-1766<\/p>\n<\/div>\n","protected":false},"excerpt":{"rendered":"<p>Prof.&nbsp;Permanente Forma\u00e7\u00e3o Acad\u00eamica PhD em Entomologia e Zoologia Aplicada,&nbsp;University of London, UL, Inglaterra (1974) Eng. Agr\u00f4nomo, UFPR (1969) Linha de pesquisa\/\u00c1rea Prote\u00e7\u00e3o Vegetal e Seguran\u00e7a Ambiental\/Entomologia&nbsp; Culturas anuais de clima subtropical. Seletividade de inseticidas a inimigos naturais; bioecologia de pragas, predadores e parasit\u00f3ides; desenvolvimento e reprodu\u00e7\u00e3o de insetos-pragas e seus inimigos naturais. Disciplina Ministrada AGRO [&hellip;]<\/p>\n","protected":false},"author":3,"featured_media":0,"parent":0,"menu_order":0,"comment_status":"closed","ping_status":"closed","template":"","meta":{"footnotes":""},"class_list":["post-403","page","type-page","status-publish","hentry"],"_links":{"self":[{"href":"https:\/\/agrarias.ufpr.br\/pgapv\/wp-json\/wp\/v2\/pages\/403","targetHints":{"allow":["GET"]}}],"collection":[{"href":"https:\/\/agrarias.ufpr.br\/pgapv\/wp-json\/wp\/v2\/pages"}],"about":[{"href":"https:\/\/agrarias.ufpr.br\/pgapv\/wp-json\/wp\/v2\/types\/page"}],"author":[{"embeddable":true,"href":"https:\/\/agrarias.ufpr.br\/pgapv\/wp-json\/wp\/v2\/users\/3"}],"replies":[{"embeddable":true,"href":"https:\/\/agrarias.ufpr.br\/pgapv\/wp-json\/wp\/v2\/comments?post=403"}],"version-history":[{"count":22,"href":"https:\/\/agrarias.ufpr.br\/pgapv\/wp-json\/wp\/v2\/pages\/403\/revisions"}],"predecessor-version":[{"id":4211,"href":"https:\/\/agrarias.ufpr.br\/pgapv\/wp-json\/wp\/v2\/pages\/403\/revisions\/4211"}],"wp:attachment":[{"href":"https:\/\/agrarias.ufpr.br\/pgapv\/wp-json\/wp\/v2\/media?parent=403"}],"curies":[{"name":"wp","href":"https:\/\/api.w.org\/{rel}","templated":true}]}}