{"id":4015,"date":"2021-04-06T20:00:53","date_gmt":"2021-04-06T20:00:53","guid":{"rendered":"https:\/\/agrarias.ufpr.br\/pgapv\/?page_id=4015"},"modified":"2021-04-06T20:01:11","modified_gmt":"2021-04-06T20:01:11","slug":"producao-vegetal-em-sistemas-integrados-2","status":"publish","type":"page","link":"https:\/\/agrarias.ufpr.br\/pgapv\/producao-vegetal-em-sistemas-integrados-2\/","title":{"rendered":"Produ\u00e7\u00e3o Vegetal em Sistemas Integrados &#8211; 2020"},"content":{"rendered":"<table style=\"height: 82px;width: 101.25%;border-collapse: collapse;border-style: dotted\" border=\"1\">\n<tbody>\n<tr style=\"height: 24px\">\n<td style=\"width: 100.773%;height: 24px;text-align: center\" colspan=\"3\"><span style=\"font-size: 10pt\"><span style=\"color: #008000;font-size: 12pt\"><strong>PRODU\u00c7\u00c3O VEGETAL EM SISTEMAS INTEGRADOS<\/strong><\/span><\/span><\/td>\n<\/tr>\n<tr style=\"height: 48px\">\n<td style=\"width: 26.8381%;height: 48px\"><span style=\"font-size: 12pt\">Carlos Alberto Cavichiolo Franco<\/span><\/td>\n<td style=\"width: 44.8866%;height: 48px;text-align: justify\"><span style=\"font-size: 12pt\"><a href=\"https:\/\/www.prppg.ufpr.br\/siga\/visitante\/gerenciadownload?op=download&amp;doc=30630_2020_24_123_2_(.*)&amp;idPessoal=30630&amp;idPrograma=40001016031P6&amp;nivelP=Pessoal&amp;isMatch=false\">MANEJO DO MACI\u00c7O FLORESTADO DE Eucalyptus saligna Smith ACOMETIDO POR GEADAS NO CENTRO-SUL DO PARAN\u00c1<\/a><\/span><\/td>\n<td style=\"width: 29.0485%;height: 48px\"><span style=\"font-size: 12pt\"><a href=\"https:\/\/agrarias.ufpr.br\/pgapv\/anibal-de-moraes\/\">Dr. Anibal de Moraes<\/a><\/span><\/td>\n<\/tr>\n<tr style=\"height: 24px\">\n<td style=\"width: 26.8381%;height: 24px\"><span style=\"font-size: 12pt\">Eduardo Roncatto<\/span><\/td>\n<td style=\"width: 44.8866%;height: 24px;text-align: justify\"><span style=\"font-size: 12pt\"><a href=\"https:\/\/www.prppg.ufpr.br\/siga\/visitante\/gerenciadownload?op=download&amp;doc=76622_2020_24_110_2_(.*)&amp;idPessoal=76622&amp;idPrograma=40001016031P6&amp;nivelP=Pessoal&amp;isMatch=false\">PER\u00cdODOS DE INTERFER\u00caNCIA E N\u00cdVEL DE DANO ECON\u00d4MICO DE PLANTAS DANINHAS NA SOJA ENLIST E3<\/a><\/span><\/td>\n<td style=\"width: 29.0485%;height: 24px\"><span style=\"font-size: 12pt\"><a href=\"https:\/\/agrarias.ufpr.br\/pgapv\/arthur-arrobas-martins-barroso\/\">Dr. Arthur Arrobas Martins Barroso<\/a><\/span><\/td>\n<\/tr>\n<tr style=\"height: 24px\">\n<td style=\"width: 26.8381%;height: 24px\"><span style=\"font-size: 12pt\">Pedro Arcanjo Petenuce Franzoi<\/span><\/td>\n<td style=\"width: 44.8866%;height: 24px;text-align: justify\"><span style=\"font-size: 12pt\"><a href=\"https:\/\/www.prppg.ufpr.br\/siga\/visitante\/gerenciadownload?op=download&amp;doc=21132_2020_24_129_2_(.*)&amp;idPessoal=21132&amp;idPrograma=40001016031P6&amp;nivelP=Pessoal&amp;isMatch=false\">SUBS\u00cdDIOS AO USO DE Renealmia petasites Gagnep COMO FONTE DE \u00d3LEOS ESSENCIAIS<\/a><\/span><\/td>\n<td style=\"width: 29.0485%;height: 24px\"><span style=\"font-size: 12pt\"><a href=\"https:\/\/agrarias.ufpr.br\/pgapv\/raquel-rejane-bonato-negrelle\/\">Dra. Raquel Rejane Bonato Negrelle<\/a><\/span><\/td>\n<\/tr>\n<\/tbody>\n<\/table>\n","protected":false},"excerpt":{"rendered":"<p>PRODU\u00c7\u00c3O VEGETAL EM SISTEMAS INTEGRADOS Carlos Alberto Cavichiolo Franco MANEJO DO MACI\u00c7O FLORESTADO DE Eucalyptus saligna Smith ACOMETIDO POR GEADAS NO CENTRO-SUL DO PARAN\u00c1 Dr. Anibal de Moraes Eduardo Roncatto PER\u00cdODOS DE INTERFER\u00caNCIA E N\u00cdVEL DE DANO ECON\u00d4MICO DE PLANTAS DANINHAS NA SOJA ENLIST E3 Dr. Arthur Arrobas Martins Barroso Pedro Arcanjo Petenuce Franzoi SUBS\u00cdDIOS [&hellip;]<\/p>\n","protected":false},"author":10269,"featured_media":0,"parent":0,"menu_order":0,"comment_status":"closed","ping_status":"closed","template":"","meta":{"footnotes":""},"class_list":["post-4015","page","type-page","status-publish","hentry"],"_links":{"self":[{"href":"https:\/\/agrarias.ufpr.br\/pgapv\/wp-json\/wp\/v2\/pages\/4015","targetHints":{"allow":["GET"]}}],"collection":[{"href":"https:\/\/agrarias.ufpr.br\/pgapv\/wp-json\/wp\/v2\/pages"}],"about":[{"href":"https:\/\/agrarias.ufpr.br\/pgapv\/wp-json\/wp\/v2\/types\/page"}],"author":[{"embeddable":true,"href":"https:\/\/agrarias.ufpr.br\/pgapv\/wp-json\/wp\/v2\/users\/10269"}],"replies":[{"embeddable":true,"href":"https:\/\/agrarias.ufpr.br\/pgapv\/wp-json\/wp\/v2\/comments?post=4015"}],"version-history":[{"count":2,"href":"https:\/\/agrarias.ufpr.br\/pgapv\/wp-json\/wp\/v2\/pages\/4015\/revisions"}],"predecessor-version":[{"id":4017,"href":"https:\/\/agrarias.ufpr.br\/pgapv\/wp-json\/wp\/v2\/pages\/4015\/revisions\/4017"}],"wp:attachment":[{"href":"https:\/\/agrarias.ufpr.br\/pgapv\/wp-json\/wp\/v2\/media?parent=4015"}],"curies":[{"name":"wp","href":"https:\/\/api.w.org\/{rel}","templated":true}]}}