{"id":4013,"date":"2021-04-06T19:59:23","date_gmt":"2021-04-06T19:59:23","guid":{"rendered":"https:\/\/agrarias.ufpr.br\/pgapv\/?page_id=4013"},"modified":"2021-04-06T19:59:23","modified_gmt":"2021-04-06T19:59:23","slug":"manejo-em-fitossanidade-e-impacto-ambiental-2020","status":"publish","type":"page","link":"https:\/\/agrarias.ufpr.br\/pgapv\/manejo-em-fitossanidade-e-impacto-ambiental-2020\/","title":{"rendered":"Manejo em Fitossanidade e Impacto Ambiental &#8211; 2020"},"content":{"rendered":"<table style=\"height: 82px;width: 101.25%;border-collapse: collapse;border-style: dotted\" border=\"1\">\n<tbody>\n<tr style=\"height: 24px\">\n<td style=\"width: 100.773%;height: 24px;text-align: center\" colspan=\"3\"><span style=\"font-size: 12pt;color: #008000\"><strong>MANEJO EM FITOSSANIDADE E IMPACTO AMBIENTAL<\/strong><\/span><\/td>\n<\/tr>\n<tr style=\"height: 96px\">\n<td style=\"width: 26.8381%;height: 96px\"><span style=\"font-size: 12pt\">Daniel De Macedo Alano<\/span><\/td>\n<td style=\"width: 44.8866%;height: 96px;text-align: justify\"><span style=\"font-size: 12pt\"><a href=\"https:\/\/www.prppg.ufpr.br\/siga\/visitante\/gerenciadownload?op=download&amp;doc=76839_2020_24_109_2_(.*)&amp;idPessoal=76839&amp;idPrograma=40001016031P6&amp;nivelP=Pessoal&amp;isMatch=false\">SELETIVIDADE DE INSETICIDAS USADOS EM MORANGUEIRO A Trichogramma Pretiosum (HYMENOPTERA: TRICHOGRAMMATIDAE) EM OVOS DE Duponchelia Fovealis<\/a><\/span><\/td>\n<td style=\"width: 29.0485%;height: 96px\"><span style=\"font-size: 12pt\"><a href=\"https:\/\/agrarias.ufpr.br\/pgapv\/maria-aparecida-cassilha-zawadneak\/\">Dra. Maria Aparecida Cassilha Zawadneak<\/a><\/span><\/td>\n<\/tr>\n<tr style=\"height: 96px\">\n<td style=\"width: 26.8381%;height: 79px\"><span style=\"font-size: 12pt\">Evandro Keller<\/span><\/td>\n<td style=\"width: 44.8866%;height: 79px;text-align: justify\"><span style=\"font-size: 12pt\"><a href=\"https:\/\/www.prppg.ufpr.br\/siga\/visitante\/gerenciadownload?op=download&amp;doc=58020_2020_24_124_2_(.*)&amp;idPessoal=58020&amp;idPrograma=40001016031P6&amp;nivelP=Pessoal&amp;isMatch=false\">LEVANTAMENTO DE BEGOMOV\u00cdRUS E CRINIV\u00cdRUS EM CULTIVOS DE BATATA E TOMATE NO ESTADO DO PARAN\u00c1, BRASIL<\/a><\/span><\/td>\n<td style=\"width: 29.0485%;height: 79px\"><span style=\"font-size: 12pt\"><a href=\"https:\/\/agrarias.ufpr.br\/pgapv\/henrique-da-silva-silveira-duarte\/\">Dr. Henrique da Silva Silveira Duarte<\/a><\/span><\/td>\n<\/tr>\n<tr style=\"height: 96px\">\n<td style=\"width: 26.8381%;height: 79px\"><span style=\"font-size: 12pt\">Gabriel Koch<\/span><\/td>\n<td style=\"width: 44.8866%;height: 79px;text-align: justify\"><span style=\"font-size: 12pt\"><a href=\"https:\/\/www.prppg.ufpr.br\/siga\/visitante\/gerenciadownload?op=download&amp;doc=58022_2020_24_114_2_(.*)&amp;idPessoal=58022&amp;idPrograma=40001016031P6&amp;nivelP=Pessoal&amp;isMatch=false\">EFIC\u00c1CIA DE FUNGICIDAS NO CONTROLE DAS FERRUGENS MARROM E ALARANJADA DA CANA-DE-A\u00c7\u00daCAR<\/a><\/span><\/td>\n<td style=\"width: 29.0485%;height: 79px\"><span style=\"font-size: 12pt\"><a href=\"https:\/\/agrarias.ufpr.br\/pgapv\/henrique-da-silva-silveira-duarte\/\">Dr. Henrique da Silva Silveira Duarte<\/a><\/span><\/td>\n<\/tr>\n<tr style=\"height: 72px\">\n<td style=\"width: 26.8381%;height: 72px\"><span style=\"font-size: 12pt\">Guilherme Nishimura<\/span><\/td>\n<td style=\"width: 44.8866%;height: 72px;text-align: justify\"><span style=\"font-size: 12pt\"><a href=\"https:\/\/www.prppg.ufpr.br\/siga\/visitante\/gerenciadownload?op=download&amp;doc=77216_2020_24_126_2_(.*)&amp;idPessoal=77216&amp;idPrograma=40001016031P6&amp;nivelP=Pessoal&amp;isMatch=false\">BASES BIOL\u00d3GICAS PARA A UTILIZA\u00c7\u00c3O DE UMA NOVA ESP\u00c9CIE DE Trichogramma (HYMENOPTERA: TRICHOGRAMMATIDAE)<\/a><\/span><\/td>\n<td style=\"width: 29.0485%;height: 72px\"><span style=\"font-size: 12pt\"><a href=\"https:\/\/agrarias.ufpr.br\/pgapv\/luis-amilton-foerster\/\">Dr. Luis Amilton Foerster<\/a><\/span><\/td>\n<\/tr>\n<tr style=\"height: 72px\">\n<td style=\"width: 26.8381%;height: 72px\"><span style=\"font-size: 12pt\">Lara Carraro Vargas<\/span><\/td>\n<td style=\"width: 44.8866%;height: 72px;text-align: justify\"><span style=\"font-size: 12pt\"><a href=\"https:\/\/www.prppg.ufpr.br\/siga\/visitante\/gerenciadownload?op=download&amp;doc=58018_2020_24_112_2_(.*)&amp;idPessoal=58018&amp;idPrograma=40001016031P6&amp;nivelP=Pessoal&amp;isMatch=false\">PATOGENICIDADE E IDENTIFICA\u00c7\u00c3O DE ESP\u00c9CIES DE Fusarium ASSOCIADAS A RA\u00cdZES DE PLANTAS COM FUSARIOSE E EM SEMENTES DE ERVA-MATE<\/a><\/span><\/td>\n<td style=\"width: 29.0485%;height: 72px\"><span style=\"font-size: 12pt\"><a href=\"https:\/\/agrarias.ufpr.br\/pgapv\/alvaro-figueiredo-dos-santos\/\">Dr. Alvaro Figueredo dos Santos<\/a><\/span><\/td>\n<\/tr>\n<tr style=\"height: 72px\">\n<td style=\"width: 26.8381%;height: 72px\"><span style=\"font-size: 12pt\">Rubens Candido Zimmermann<\/span><\/td>\n<td style=\"width: 44.8866%;text-align: justify;height: 72px\"><span style=\"font-size: 12pt\"><a href=\"https:\/\/www.prppg.ufpr.br\/siga\/visitante\/gerenciadownload?op=download&amp;doc=109689_2020_24_108_2_(.*)&amp;idPessoal=109689&amp;idPrograma=40001016031P6&amp;nivelP=Pessoal&amp;isMatch=false\">AN\u00c1LISE E AVALIA\u00c7\u00c3O DA ATIVIDADE DE \u00d3LEOS ESSENCIAIS NO CONTROLE DE PRAGAS E FUNGOS DE ARMAZENAMENTO<\/a><\/span><\/td>\n<td style=\"width: 29.0485%;height: 72px\"><span style=\"font-size: 12pt\"><a href=\"https:\/\/agrarias.ufpr.br\/pgapv\/louise-larissa-may-de-mio\/\">Dra. Louise Larissa May De Mio<\/a><\/span><\/td>\n<\/tr>\n<tr style=\"height: 72px\">\n<td style=\"width: 26.8381%;height: 72px\"><span style=\"font-size: 12pt\">Thiago De Aguiar Carraro<\/span><\/td>\n<td style=\"width: 44.8866%;height: 72px;text-align: justify\"><span style=\"font-size: 12pt\"><a href=\"https:\/\/www.prppg.ufpr.br\/siga\/visitante\/gerenciadownload?op=download&amp;doc=109688_2020_24_125_2_(.*)&amp;idPessoal=109688&amp;idPrograma=40001016031P6&amp;nivelP=Pessoal&amp;isMatch=false\">IDENTIFICA\u00c7\u00c3O E SENSIBILIDADE A FUNGICIDAS DE ESP\u00c9CIES DE Colletotrichum CAUSADORAS DA ANTRACNOSE DO CAQUIZEIRO NO BRASIL<\/a><\/span><\/td>\n<td style=\"width: 29.0485%;height: 72px\"><span style=\"font-size: 12pt\"><a href=\"https:\/\/agrarias.ufpr.br\/pgapv\/louise-larissa-may-de-mio\/\">Dra. Louise Larissa May De Mio<\/a><\/span><\/td>\n<\/tr>\n<\/tbody>\n<\/table>\n","protected":false},"excerpt":{"rendered":"<p>MANEJO EM FITOSSANIDADE E IMPACTO AMBIENTAL Daniel De Macedo Alano SELETIVIDADE DE INSETICIDAS USADOS EM MORANGUEIRO A Trichogramma Pretiosum (HYMENOPTERA: TRICHOGRAMMATIDAE) EM OVOS DE Duponchelia Fovealis Dra. Maria Aparecida Cassilha Zawadneak Evandro Keller LEVANTAMENTO DE BEGOMOV\u00cdRUS E CRINIV\u00cdRUS EM CULTIVOS DE BATATA E TOMATE NO ESTADO DO PARAN\u00c1, BRASIL Dr. Henrique da Silva Silveira Duarte Gabriel Koch EFIC\u00c1CIA DE FUNGICIDAS NO CONTROLE DAS FERRUGENS MARROM E ALARANJADA DA CANA-DE-A\u00c7\u00daCAR Dr. Henrique da Silva Silveira Duarte [&hellip;]<\/p>\n","protected":false},"author":10269,"featured_media":0,"parent":0,"menu_order":0,"comment_status":"closed","ping_status":"closed","template":"","meta":{"footnotes":""},"class_list":["post-4013","page","type-page","status-publish","hentry"],"_links":{"self":[{"href":"https:\/\/agrarias.ufpr.br\/pgapv\/wp-json\/wp\/v2\/pages\/4013","targetHints":{"allow":["GET"]}}],"collection":[{"href":"https:\/\/agrarias.ufpr.br\/pgapv\/wp-json\/wp\/v2\/pages"}],"about":[{"href":"https:\/\/agrarias.ufpr.br\/pgapv\/wp-json\/wp\/v2\/types\/page"}],"author":[{"embeddable":true,"href":"https:\/\/agrarias.ufpr.br\/pgapv\/wp-json\/wp\/v2\/users\/10269"}],"replies":[{"embeddable":true,"href":"https:\/\/agrarias.ufpr.br\/pgapv\/wp-json\/wp\/v2\/comments?post=4013"}],"version-history":[{"count":1,"href":"https:\/\/agrarias.ufpr.br\/pgapv\/wp-json\/wp\/v2\/pages\/4013\/revisions"}],"predecessor-version":[{"id":4014,"href":"https:\/\/agrarias.ufpr.br\/pgapv\/wp-json\/wp\/v2\/pages\/4013\/revisions\/4014"}],"wp:attachment":[{"href":"https:\/\/agrarias.ufpr.br\/pgapv\/wp-json\/wp\/v2\/media?parent=4013"}],"curies":[{"name":"wp","href":"https:\/\/api.w.org\/{rel}","templated":true}]}}