{"id":4011,"date":"2021-04-06T19:57:33","date_gmt":"2021-04-06T19:57:33","guid":{"rendered":"https:\/\/agrarias.ufpr.br\/pgapv\/?page_id=4011"},"modified":"2021-04-06T19:57:33","modified_gmt":"2021-04-06T19:57:33","slug":"manejo-de-culturas-2020","status":"publish","type":"page","link":"https:\/\/agrarias.ufpr.br\/pgapv\/manejo-de-culturas-2020\/","title":{"rendered":"Manejo de Culturas &#8211; 2020"},"content":{"rendered":"<table style=\"height: 82px;width: 101.25%;border-collapse: collapse;border-style: dotted\" border=\"1\">\n<tbody>\n<tr style=\"height: 24px\">\n<td style=\"width: 100.773%;height: 24px;text-align: center\" colspan=\"3\"><span style=\"color: #008000\"><strong>MANEJO DE CULTURAS<\/strong><\/span><\/td>\n<\/tr>\n<tr style=\"height: 104px\">\n<td style=\"width: 26.8381%;height: 10px\" width=\"226\"><span style=\"font-size: 12pt\">Andreza Cerioni Belniaki<\/span><\/td>\n<td style=\"width: 44.8866%;height: 10px;text-align: justify\"><span style=\"font-size: 12pt\"><a href=\"https:\/\/www.prppg.ufpr.br\/siga\/visitante\/gerenciadownload?op=download&amp;doc=69853_2020_24_104_2_(.*)&amp;idPessoal=69853&amp;idPrograma=40001016031P6&amp;nivelP=Pessoal&amp;isMatch=false\">VIABILIDADE E ARMAZENAMENTO DE SEMENTES DE PUPUNHA<\/a><\/span><\/td>\n<td style=\"width: 29.0485%;height: 10px\"><span style=\"font-size: 12pt\"><a href=\"https:\/\/agrarias.ufpr.br\/pgapv\/maristela-panobianco\/\">Dra. Maristela Panobianco Vasconcellos<\/a><\/span><\/td>\n<\/tr>\n<tr style=\"height: 96px\">\n<td style=\"width: 26.8381%;height: 86px\"><span style=\"font-size: 12pt\">Bruno Gomes<\/span><\/td>\n<td style=\"width: 44.8866%;height: 86px;text-align: justify\"><span style=\"font-size: 12pt\"><a href=\"https:\/\/www.prppg.ufpr.br\/siga\/visitante\/gerenciadownload?op=download&amp;doc=70033_2020_24_117_2_(.*)&amp;idPessoal=70033&amp;idPrograma=40001016031P6&amp;nivelP=Pessoal&amp;isMatch=false\">PAR\u00c2METROS AGRON\u00d4MICOS E EXPRESS\u00c3O G\u00caNICA DE TRANSPORTADORES DE NITRATO EM CANA ENERGIA E CANA-DE-A\u00c7\u00daCAR<\/a><\/span><\/td>\n<td style=\"width: 29.0485%;height: 86px\"><span style=\"font-size: 12pt\"><a href=\"https:\/\/agrarias.ufpr.br\/pgapv\/joao-carlos-bespalhok-filho\/\">Dr. Jo\u00e3o Carlos Bespalhok Filho<\/a><\/span><\/td>\n<\/tr>\n<tr style=\"height: 96px\">\n<td style=\"width: 26.8381%;height: 81px\"><span style=\"font-size: 12pt\">Fernando Albertin<\/span><\/td>\n<td style=\"width: 44.8866%;height: 81px;text-align: justify\"><span style=\"font-size: 12pt\"><a href=\"https:\/\/www.prppg.ufpr.br\/siga\/visitante\/gerenciadownload?op=download&amp;doc=76838_2020_24_113_2_(.*)&amp;idPessoal=76838&amp;idPrograma=40001016031P6&amp;nivelP=Pessoal&amp;isMatch=false\">PRODU\u00c7\u00c3O, FENOLOGIA E SANIDADE DE UVAS FINAS PARA VINHO COM ALTERA\u00c7\u00c3O DE CICLO EM S\u00c3O ROQUE-SP<\/a><\/span><\/td>\n<td style=\"width: 29.0485%;height: 81px\"><span style=\"font-size: 12pt\"><a href=\"https:\/\/agrarias.ufpr.br\/pgapv\/luiz-antonio-biasi\/\">Dr. Luiz Antonio Biasi<\/a><\/span><\/td>\n<\/tr>\n<tr style=\"height: 72px\">\n<td style=\"width: 26.8381%;height: 66px\"><span style=\"font-size: 12pt\">Thomas Bruno Michelon<\/span><\/td>\n<td style=\"width: 44.8866%;height: 66px;text-align: justify\"><span style=\"font-size: 12pt\"><a href=\"https:\/\/www.prppg.ufpr.br\/siga\/visitante\/gerenciadownload?op=download&amp;doc=52603_2020_24_103_2_(.*)&amp;idPessoal=52603&amp;idPrograma=40001016031P6&amp;nivelP=Pessoal&amp;isMatch=false\">BENEFICIAMENTO DE SEMENTES DE Eucalyptus cloeziana E COMPARA\u00c7\u00c3O DE MODELOS ESTAT\u00cdSTICOS<\/a><\/span><\/td>\n<td style=\"width: 29.0485%;height: 66px\"><span style=\"font-size: 12pt\"><a href=\"https:\/\/agrarias.ufpr.br\/pgapv\/maristela-panobianco\/\">Dra. Maristela Panobianco Vasconcellos<\/a><\/span><\/td>\n<\/tr>\n<\/tbody>\n<\/table>\n","protected":false},"excerpt":{"rendered":"<p>MANEJO DE CULTURAS Andreza Cerioni Belniaki VIABILIDADE E ARMAZENAMENTO DE SEMENTES DE PUPUNHA Dra. Maristela Panobianco Vasconcellos Bruno Gomes PAR\u00c2METROS AGRON\u00d4MICOS E EXPRESS\u00c3O G\u00caNICA DE TRANSPORTADORES DE NITRATO EM CANA ENERGIA E CANA-DE-A\u00c7\u00daCAR Dr. Jo\u00e3o Carlos Bespalhok Filho Fernando Albertin PRODU\u00c7\u00c3O, FENOLOGIA E SANIDADE DE UVAS FINAS PARA VINHO COM ALTERA\u00c7\u00c3O DE CICLO EM S\u00c3O ROQUE-SP Dr. Luiz Antonio Biasi Thomas Bruno Michelon BENEFICIAMENTO DE SEMENTES DE Eucalyptus cloeziana E COMPARA\u00c7\u00c3O DE MODELOS ESTAT\u00cdSTICOS Dra. [&hellip;]<\/p>\n","protected":false},"author":10269,"featured_media":0,"parent":0,"menu_order":0,"comment_status":"closed","ping_status":"closed","template":"","meta":{"footnotes":""},"class_list":["post-4011","page","type-page","status-publish","hentry"],"_links":{"self":[{"href":"https:\/\/agrarias.ufpr.br\/pgapv\/wp-json\/wp\/v2\/pages\/4011","targetHints":{"allow":["GET"]}}],"collection":[{"href":"https:\/\/agrarias.ufpr.br\/pgapv\/wp-json\/wp\/v2\/pages"}],"about":[{"href":"https:\/\/agrarias.ufpr.br\/pgapv\/wp-json\/wp\/v2\/types\/page"}],"author":[{"embeddable":true,"href":"https:\/\/agrarias.ufpr.br\/pgapv\/wp-json\/wp\/v2\/users\/10269"}],"replies":[{"embeddable":true,"href":"https:\/\/agrarias.ufpr.br\/pgapv\/wp-json\/wp\/v2\/comments?post=4011"}],"version-history":[{"count":1,"href":"https:\/\/agrarias.ufpr.br\/pgapv\/wp-json\/wp\/v2\/pages\/4011\/revisions"}],"predecessor-version":[{"id":4012,"href":"https:\/\/agrarias.ufpr.br\/pgapv\/wp-json\/wp\/v2\/pages\/4011\/revisions\/4012"}],"wp:attachment":[{"href":"https:\/\/agrarias.ufpr.br\/pgapv\/wp-json\/wp\/v2\/media?parent=4011"}],"curies":[{"name":"wp","href":"https:\/\/api.w.org\/{rel}","templated":true}]}}