{"id":3999,"date":"2021-04-06T19:42:49","date_gmt":"2021-04-06T19:42:49","guid":{"rendered":"https:\/\/agrarias.ufpr.br\/pgapv\/?page_id=3999"},"modified":"2021-04-06T19:43:28","modified_gmt":"2021-04-06T19:43:28","slug":"3999-2","status":"publish","type":"page","link":"https:\/\/agrarias.ufpr.br\/pgapv\/3999-2\/","title":{"rendered":"Morfog\u00eanese e Biotecnologia de Plantas &#8211; 2019"},"content":{"rendered":"<table style=\"height: 58px;width: 101.25%;border-collapse: collapse;border-style: dotted\" border=\"1\">\n<tbody>\n<tr style=\"height: 24px\">\n<td style=\"width: 100.773%;height: 10px;text-align: center\" colspan=\"3\"><span style=\"font-size: 10pt\"><span style=\"font-size: 12pt;color: #008000\"><strong>MORFOG\u00caNESE E BIOTECNOLOGIA DE PLANTAS<\/strong><\/span><\/span><\/td>\n<\/tr>\n<tr style=\"height: 48px\">\n<td style=\"width: 26.9584%;height: 48px\"><span style=\"font-size: 12pt\">Leandro Porto Latoh<\/span><\/td>\n<td style=\"width: 44.7663%;height: 48px;text-align: justify\"><span style=\"font-size: 12pt\"><a href=\"https:\/\/www.prppg.ufpr.br\/siga\/visitante\/gerenciadownload?op=download&amp;doc=54438_2019_24_81_2_(.*)&amp;idPessoal=54438&amp;idPrograma=40001016031P6&amp;nivelP=Pessoal&amp;isMatch=false\">ASPECTOS MORFO-FISIOL\u00d3GICOS E METABOL\u00d4MICOS NO ENRAIZAMENTO DE QUATRO ESP\u00c9CIES DE TIBOUCHINA<\/a><\/span><\/td>\n<td style=\"width: 29.0485%;height: 48px\"><span style=\"font-size: 12pt\"><a href=\"https:\/\/agrarias.ufpr.br\/pgapv\/katia-christina-zuffellato-ribas\/\">Dra. Katia Christina Zuffellato Ribas<\/a><\/span><\/td>\n<\/tr>\n<\/tbody>\n<\/table>\n","protected":false},"excerpt":{"rendered":"<p>MORFOG\u00caNESE E BIOTECNOLOGIA DE PLANTAS Leandro Porto Latoh ASPECTOS MORFO-FISIOL\u00d3GICOS E METABOL\u00d4MICOS NO ENRAIZAMENTO DE QUATRO ESP\u00c9CIES DE TIBOUCHINA Dra. Katia Christina Zuffellato Ribas<\/p>\n","protected":false},"author":10269,"featured_media":0,"parent":0,"menu_order":0,"comment_status":"closed","ping_status":"closed","template":"","meta":{"footnotes":""},"class_list":["post-3999","page","type-page","status-publish","hentry"],"_links":{"self":[{"href":"https:\/\/agrarias.ufpr.br\/pgapv\/wp-json\/wp\/v2\/pages\/3999","targetHints":{"allow":["GET"]}}],"collection":[{"href":"https:\/\/agrarias.ufpr.br\/pgapv\/wp-json\/wp\/v2\/pages"}],"about":[{"href":"https:\/\/agrarias.ufpr.br\/pgapv\/wp-json\/wp\/v2\/types\/page"}],"author":[{"embeddable":true,"href":"https:\/\/agrarias.ufpr.br\/pgapv\/wp-json\/wp\/v2\/users\/10269"}],"replies":[{"embeddable":true,"href":"https:\/\/agrarias.ufpr.br\/pgapv\/wp-json\/wp\/v2\/comments?post=3999"}],"version-history":[{"count":3,"href":"https:\/\/agrarias.ufpr.br\/pgapv\/wp-json\/wp\/v2\/pages\/3999\/revisions"}],"predecessor-version":[{"id":4002,"href":"https:\/\/agrarias.ufpr.br\/pgapv\/wp-json\/wp\/v2\/pages\/3999\/revisions\/4002"}],"wp:attachment":[{"href":"https:\/\/agrarias.ufpr.br\/pgapv\/wp-json\/wp\/v2\/media?parent=3999"}],"curies":[{"name":"wp","href":"https:\/\/api.w.org\/{rel}","templated":true}]}}