{"id":3996,"date":"2021-04-06T19:41:10","date_gmt":"2021-04-06T19:41:10","guid":{"rendered":"https:\/\/agrarias.ufpr.br\/pgapv\/?page_id=3996"},"modified":"2021-04-06T19:41:25","modified_gmt":"2021-04-06T19:41:25","slug":"manejo-em-fitossanidade-e-impacto-ambiental-2","status":"publish","type":"page","link":"https:\/\/agrarias.ufpr.br\/pgapv\/manejo-em-fitossanidade-e-impacto-ambiental-2\/","title":{"rendered":"Manejo em Fitossanidade e Impacto Ambiental &#8211; 2019"},"content":{"rendered":"<table style=\"height: 198px;width: 101.25%;border-collapse: collapse;border-style: dotted\" border=\"1\">\n<tbody>\n<tr style=\"height: 24px\">\n<td style=\"width: 100.773%;height: 24px;text-align: center\" colspan=\"3\"><span style=\"font-size: 12pt;color: #008000\"><strong>MANEJO EM FITOSSANIDADE E IMPACTO AMBIENTAL<\/strong><\/span><\/td>\n<\/tr>\n<tr style=\"height: 96px\">\n<td style=\"width: 26.9584%;height: 10px\"><span style=\"font-size: 12pt\">Camilla Castellar<\/span><\/td>\n<td style=\"width: 44.7663%;height: 10px;text-align: justify\"><span style=\"font-size: 12pt\"><a href=\"https:\/\/www.prppg.ufpr.br\/siga\/visitante\/gerenciadownload?op=download&amp;doc=57441_2019_24_78_2_(.*)&amp;idPessoal=57441&amp;idPrograma=40001016031P6&amp;nivelP=Pessoal&amp;isMatch=false\">ESTUDOS EPIDEMIOL\u00d3GICOS VISANDO A AVALIA\u00c7\u00c3O E O CONTROLE DE MANCHAS FOLIARES DE MACIEIRA<\/a><\/span><\/td>\n<td style=\"width: 29.0485%;height: 10px\"><span style=\"font-size: 12pt\"><a href=\"https:\/\/agrarias.ufpr.br\/pgapv\/louise-larissa-may-de-mio\/\">Dra. Louise Larissa May De Mio<\/a><\/span><\/td>\n<\/tr>\n<tr style=\"height: 96px\">\n<td style=\"width: 26.9584%;height: 80px\"><span style=\"font-size: 12pt\">Juliana Nicolau Maia<\/span><\/td>\n<td style=\"width: 44.7663%;height: 80px;text-align: justify\"><span style=\"font-size: 12pt\"><a href=\"https:\/\/www.prppg.ufpr.br\/siga\/visitante\/gerenciadownload?op=download&amp;doc=54437_2019_24_85_2_(.*)&amp;idPessoal=54437&amp;idPrograma=40001016031P6&amp;nivelP=Pessoal&amp;isMatch=false\">IDENTIFICA\u00c7\u00c3O DE BOTRYTIS SPP DO MORANGUEIRO NO ESTADO DO PARAN\u00c1 E SENSIBILIDADE A FUNGICIDAS<\/a><\/span><\/td>\n<td style=\"width: 29.0485%;height: 80px\"><span style=\"font-size: 12pt\"><a href=\"https:\/\/agrarias.ufpr.br\/pgapv\/henrique-da-silva-silveira-duarte\/\">Dr. Henrique da Silva Silveira Duarte<\/a><\/span><\/td>\n<\/tr>\n<tr style=\"height: 96px\">\n<td style=\"width: 26.9584%;height: 84px\"><span style=\"font-size: 12pt\">Nicolas Manarim De Brito<\/span><\/td>\n<td style=\"width: 44.7663%;height: 84px;text-align: justify\"><span style=\"font-size: 12pt\"><a href=\"https:\/\/www.prppg.ufpr.br\/siga\/visitante\/gerenciadownload?op=download&amp;doc=57389_2019_24_83_2_(.*)&amp;idPessoal=57389&amp;idPrograma=40001016031P6&amp;nivelP=Pessoal&amp;isMatch=false\">CARACTERIZA\u00c7\u00c3O MORFOFISIOL\u00d3GICA E PATOG\u00caNICA DE ISOLADOS DE CERATOCYSTIS FIMBRIATA EM CLONES DE ERVA-MATE<\/a><\/span><\/td>\n<td style=\"width: 29.0485%;height: 84px\"><span style=\"font-size: 12pt\"><a href=\"https:\/\/agrarias.ufpr.br\/pgapv\/alvaro-figueiredo-dos-santos\/\">Dr. Alvaro Figueredo dos Santos<\/a><\/span><\/td>\n<\/tr>\n<\/tbody>\n<\/table>\n","protected":false},"excerpt":{"rendered":"<p>MANEJO EM FITOSSANIDADE E IMPACTO AMBIENTAL Camilla Castellar ESTUDOS EPIDEMIOL\u00d3GICOS VISANDO A AVALIA\u00c7\u00c3O E O CONTROLE DE MANCHAS FOLIARES DE MACIEIRA Dra. Louise Larissa May De Mio Juliana Nicolau Maia IDENTIFICA\u00c7\u00c3O DE BOTRYTIS SPP DO MORANGUEIRO NO ESTADO DO PARAN\u00c1 E SENSIBILIDADE A FUNGICIDAS Dr. Henrique da Silva Silveira Duarte Nicolas Manarim De Brito CARACTERIZA\u00c7\u00c3O [&hellip;]<\/p>\n","protected":false},"author":10269,"featured_media":0,"parent":0,"menu_order":0,"comment_status":"closed","ping_status":"closed","template":"","meta":{"footnotes":""},"class_list":["post-3996","page","type-page","status-publish","hentry"],"_links":{"self":[{"href":"https:\/\/agrarias.ufpr.br\/pgapv\/wp-json\/wp\/v2\/pages\/3996","targetHints":{"allow":["GET"]}}],"collection":[{"href":"https:\/\/agrarias.ufpr.br\/pgapv\/wp-json\/wp\/v2\/pages"}],"about":[{"href":"https:\/\/agrarias.ufpr.br\/pgapv\/wp-json\/wp\/v2\/types\/page"}],"author":[{"embeddable":true,"href":"https:\/\/agrarias.ufpr.br\/pgapv\/wp-json\/wp\/v2\/users\/10269"}],"replies":[{"embeddable":true,"href":"https:\/\/agrarias.ufpr.br\/pgapv\/wp-json\/wp\/v2\/comments?post=3996"}],"version-history":[{"count":2,"href":"https:\/\/agrarias.ufpr.br\/pgapv\/wp-json\/wp\/v2\/pages\/3996\/revisions"}],"predecessor-version":[{"id":3998,"href":"https:\/\/agrarias.ufpr.br\/pgapv\/wp-json\/wp\/v2\/pages\/3996\/revisions\/3998"}],"wp:attachment":[{"href":"https:\/\/agrarias.ufpr.br\/pgapv\/wp-json\/wp\/v2\/media?parent=3996"}],"curies":[{"name":"wp","href":"https:\/\/api.w.org\/{rel}","templated":true}]}}