{"id":3994,"date":"2021-04-06T19:39:08","date_gmt":"2021-04-06T19:39:08","guid":{"rendered":"https:\/\/agrarias.ufpr.br\/pgapv\/?page_id=3994"},"modified":"2021-04-06T19:45:52","modified_gmt":"2021-04-06T19:45:52","slug":"manejo-de-culturas-2019","status":"publish","type":"page","link":"https:\/\/agrarias.ufpr.br\/pgapv\/manejo-de-culturas-2019\/","title":{"rendered":"Manejo de Culturas &#8211; 2019"},"content":{"rendered":"<table style=\"height: 318px;width: 101.25%;border-collapse: collapse;border-style: dotted\" border=\"1\">\n<tbody>\n<tr style=\"height: 24px\">\n<td style=\"width: 100.773%;text-align: center;height: 24px\" colspan=\"3\"><span style=\"color: #008000\"><strong>MANEJO DE CULTURAS<\/strong><\/span><\/td>\n<\/tr>\n<tr style=\"height: 104px\">\n<td style=\"width: 26.9584%;height: 10px\" width=\"226\"><span style=\"font-size: 12pt\">Emanuel Galeas Izaguirre<\/span><\/td>\n<td style=\"width: 44.7663%;height: 10px;text-align: justify\"><span style=\"font-size: 12pt\"><a href=\"https:\/\/www.prppg.ufpr.br\/siga\/visitante\/gerenciadownload?op=download&amp;doc=58025_2019_24_88_2_(.*)&amp;idPessoal=58025&amp;idPrograma=40001016031P6&amp;nivelP=Pessoal&amp;isMatch=false\">SELE\u00c7\u00c3O DE CLONES DE CANA-DE-A\u00c7\u00daCAR EM DIFERENTES AMBIENTES DE PRODU\u00c7\u00c3O NO ESTADO DO PARAN\u00c1<\/a><\/span><\/td>\n<td style=\"width: 29.0485%;height: 10px\"><span style=\"font-size: 12pt\"><a href=\"https:\/\/agrarias.ufpr.br\/pgapv\/bruno-portela-brasileiro\/\">Dr. Bruno Portela Brasileiro<\/a><\/span><\/td>\n<\/tr>\n<tr style=\"height: 96px\">\n<td style=\"width: 26.9584%;height: 87px\"><span style=\"font-size: 12pt\">Felipe Serrato Dos Santos<\/span><\/td>\n<td style=\"width: 44.7663%;height: 87px;text-align: justify\"><span style=\"font-size: 12pt\"><a href=\"https:\/\/www.prppg.ufpr.br\/siga\/visitante\/gerenciadownload?op=download&amp;doc=57439_2019_24_82_2_(.*)&amp;idPessoal=57439&amp;idPrograma=40001016031P6&amp;nivelP=Pessoal&amp;isMatch=false\">TESTE DE TETRAZ\u00d3LIO E DEFINI\u00c7\u00c3O DE CRIT\u00c9RIOS PARA AVALIA\u00c7\u00c3O DA GERMINA\u00c7\u00c3O DE SEMENTES DE PINUS TAEDA<\/a><\/span><\/td>\n<td style=\"width: 29.0485%;height: 87px\"><span style=\"font-size: 12pt\"><a href=\"https:\/\/agrarias.ufpr.br\/pgapv\/maristela-panobianco\/\">Dra. Maristela Panobianco Vasconcellos<\/a><\/span><\/td>\n<\/tr>\n<tr style=\"height: 96px\">\n<td style=\"width: 26.9584%;height: 77px\"><span style=\"font-size: 12pt\">Lorena Da Silva Soler<\/span><\/td>\n<td style=\"width: 44.7663%;height: 77px;text-align: justify\"><span style=\"font-size: 12pt\"><a href=\"https:\/\/www.prppg.ufpr.br\/siga\/visitante\/gerenciadownload?op=download&amp;doc=57651_2019_24_100_2_(.*)&amp;idPessoal=57651&amp;idPrograma=40001016031P6&amp;nivelP=Pessoal&amp;isMatch=false\">FENOLOGIA E PRODUTIVIDADE DE CULTIVARES DE AMOREIRA-PRETA EM \u00c1REA DE PROTE\u00c7\u00c3O AMBIENTAL EM PINHAIS, PR<\/a><\/span><\/td>\n<td style=\"width: 29.0485%;height: 77px\"><span style=\"font-size: 12pt\"><a href=\"https:\/\/agrarias.ufpr.br\/pgapv\/luiz-antonio-biasi\/\">Dr. Luiz Antonio Biasi<\/a><\/span><\/td>\n<\/tr>\n<tr style=\"height: 72px\">\n<td style=\"width: 26.9584%;height: 72px\"><span style=\"font-size: 12pt\">Thomas Bruno Michelon<\/span><\/td>\n<td style=\"width: 44.7663%;height: 72px;text-align: justify\"><span style=\"font-size: 12pt\">BENEFICIAMENTO DE SEMENTES DE EUCALYPTUS CLOEZIANA E COMPARA\u00c7\u00c3O DE MODELOS ESTAT\u00cdSTICOS<\/span><\/td>\n<td style=\"width: 29.0485%;height: 72px\"><span style=\"font-size: 12pt\"><a href=\"https:\/\/agrarias.ufpr.br\/pgapv\/maristela-panobianco\/\">Dra. Maristela Panobianco Vasconcellos<\/a><\/span><\/td>\n<\/tr>\n<tr style=\"height: 24px\">\n<td style=\"width: 100.773%;text-align: center;height: 24px\" colspan=\"3\">&nbsp;<\/td>\n<\/tr>\n<\/tbody>\n<\/table>\n","protected":false},"excerpt":{"rendered":"<p>MANEJO DE CULTURAS Emanuel Galeas Izaguirre SELE\u00c7\u00c3O DE CLONES DE CANA-DE-A\u00c7\u00daCAR EM DIFERENTES AMBIENTES DE PRODU\u00c7\u00c3O NO ESTADO DO PARAN\u00c1 Dr. Bruno Portela Brasileiro Felipe Serrato Dos Santos TESTE DE TETRAZ\u00d3LIO E DEFINI\u00c7\u00c3O DE CRIT\u00c9RIOS PARA AVALIA\u00c7\u00c3O DA GERMINA\u00c7\u00c3O DE SEMENTES DE PINUS TAEDA Dra. Maristela Panobianco Vasconcellos Lorena Da Silva Soler FENOLOGIA E PRODUTIVIDADE [&hellip;]<\/p>\n","protected":false},"author":10269,"featured_media":0,"parent":0,"menu_order":0,"comment_status":"closed","ping_status":"closed","template":"","meta":{"footnotes":""},"class_list":["post-3994","page","type-page","status-publish","hentry"],"_links":{"self":[{"href":"https:\/\/agrarias.ufpr.br\/pgapv\/wp-json\/wp\/v2\/pages\/3994","targetHints":{"allow":["GET"]}}],"collection":[{"href":"https:\/\/agrarias.ufpr.br\/pgapv\/wp-json\/wp\/v2\/pages"}],"about":[{"href":"https:\/\/agrarias.ufpr.br\/pgapv\/wp-json\/wp\/v2\/types\/page"}],"author":[{"embeddable":true,"href":"https:\/\/agrarias.ufpr.br\/pgapv\/wp-json\/wp\/v2\/users\/10269"}],"replies":[{"embeddable":true,"href":"https:\/\/agrarias.ufpr.br\/pgapv\/wp-json\/wp\/v2\/comments?post=3994"}],"version-history":[{"count":3,"href":"https:\/\/agrarias.ufpr.br\/pgapv\/wp-json\/wp\/v2\/pages\/3994\/revisions"}],"predecessor-version":[{"id":4006,"href":"https:\/\/agrarias.ufpr.br\/pgapv\/wp-json\/wp\/v2\/pages\/3994\/revisions\/4006"}],"wp:attachment":[{"href":"https:\/\/agrarias.ufpr.br\/pgapv\/wp-json\/wp\/v2\/media?parent=3994"}],"curies":[{"name":"wp","href":"https:\/\/api.w.org\/{rel}","templated":true}]}}