{"id":3987,"date":"2021-04-06T19:30:43","date_gmt":"2021-04-06T19:30:43","guid":{"rendered":"https:\/\/agrarias.ufpr.br\/pgapv\/?page_id=3987"},"modified":"2021-04-06T19:50:37","modified_gmt":"2021-04-06T19:50:37","slug":"producao-vegetal-em-sistemas-integrados-2019","status":"publish","type":"page","link":"https:\/\/agrarias.ufpr.br\/pgapv\/producao-vegetal-em-sistemas-integrados-2019\/","title":{"rendered":"Produ\u00e7\u00e3o Vegetal em Sistemas Integrados \u2013 2019"},"content":{"rendered":"<table style=\"height: 82px;width: 101.25;border-collapse: collapse;border-style: dotted\" border=\"1\">\n<tbody>\n<tr style=\"height: 10px\">\n<td style=\"width: 26.9584%;height: 10px;text-align: center\" colspan=\"3\"><span style=\"font-size: 10pt\"><span style=\"color: #008000;font-size: 12pt\"><strong>PRODU\u00c7\u00c3O VEGETAL EM SISTEMAS INTEGRADOS<\/strong><\/span><\/span><span style=\"font-size: 12pt\"><br \/>\n<\/span><\/td>\n<\/tr>\n<tr style=\"height: 48px\">\n<td style=\"width: 26.9584%;height: 10px\"><span style=\"font-size: 12pt\">Gustavo Henrique Padilha<\/span><\/td>\n<td style=\"width: 44.7663%;height: 10px;text-align: justify\"><span style=\"font-size: 12pt\"><a href=\"https:\/\/www.prppg.ufpr.br\/siga\/visitante\/gerenciadownload?op=download&amp;doc=57440_2019_24_86_2_(.*)&amp;idPessoal=57440&amp;idPrograma=40001016031P6&amp;nivelP=Pessoal&amp;isMatch=false\">DIN\u00c2MICA ESPACIO-TEMPORAL DA COMUNIDADE DE PLANTAS ESPONT\u00c2NEAS EM SISTEMA INTEGRADO DE PRODU\u00c7\u00c3O AGROPECU\u00c1RIA<\/a><\/span><\/td>\n<td style=\"width: 29.0485%;height: 10px\"><span style=\"font-size: 12pt\"><a href=\"https:\/\/agrarias.ufpr.br\/pgapv\/raquel-rejane-bonato-negrelle\/\">Dra. Raquel Rejane Bonato Negrelle<\/a><\/span><\/td>\n<\/tr>\n<tr style=\"height: 24px\">\n<td style=\"width: 26.9584%;height: 24px\"><span style=\"font-size: 12pt\">Luciani Antunes Das Neves Rabel<\/span><\/td>\n<td style=\"width: 44.7663%;height: 24px;text-align: justify\"><span style=\"font-size: 12pt\"><a href=\"https:\/\/www.prppg.ufpr.br\/siga\/visitante\/gerenciadownload?op=download&amp;doc=15882_2019_24_95_2_(.*)&amp;idPessoal=15882&amp;idPrograma=40001016031P6&amp;nivelP=Pessoal&amp;isMatch=false\">CARACTER\u00cdSTICAS DO PASTO E PADR\u00d5ES DE DESFOLHA DE MEGATHYRSUS MAXIMUS CV. \u00c1RIES EM SISTEMAS INTEGRADOS DE PRODU\u00c7\u00c3O AGROPECU\u00c1RIA<\/a><\/span><\/td>\n<td style=\"width: 29.0485%;height: 24px\"><span style=\"font-size: 12pt\"><a href=\"https:\/\/agrarias.ufpr.br\/pgapv\/paulo-cesar-de-faccio-carvalho\/\">Dr. Paulo C\u00e9sar de Faccio Carvalho<\/a><\/span><\/td>\n<\/tr>\n<tr style=\"height: 24px\">\n<td style=\"width: 26.9584%;height: 24px\"><span style=\"font-size: 12pt\">Rafaela Strapasson Vasselei<\/span><\/td>\n<td style=\"width: 44.7663%;height: 24px;text-align: justify\"><span style=\"font-size: 12pt\"><a href=\"https:\/\/www.prppg.ufpr.br\/siga\/visitante\/gerenciadownload?op=download&amp;doc=54441_2019_24_99_2_(.*)&amp;idPessoal=54441&amp;idPrograma=40001016031P6&amp;nivelP=Pessoal&amp;isMatch=false\">AGRICULTURA CONSERVACIONISTA: ESTRAT\u00c9GIAS DE MANEJO PARA VIABILIZAR O CULTIVO DO MILHO EM PLANTIO DIRETO SEM USO DE HERBICIDA<\/a><\/span><\/td>\n<td style=\"width: 29.0485%;height: 24px\"><span style=\"font-size: 12pt\"><a href=\"https:\/\/agrarias.ufpr.br\/pgapv\/anibal-de-moraes\/\">Dr. Anibal de Moraes<\/a><\/span><\/td>\n<\/tr>\n<tr style=\"height: 24px\">\n<td style=\"width: 26.9584%;height: 24px\"><span style=\"font-size: 12pt\">Tehane De Souza Twardowski<\/span><\/td>\n<td style=\"width: 44.7663%;height: 24px;text-align: justify\"><span style=\"font-size: 12pt\"><a href=\"https:\/\/www.prppg.ufpr.br\/siga\/visitante\/gerenciadownload?op=download&amp;doc=55095_2019_24_94_2_(.*)&amp;idPessoal=55095&amp;idPrograma=40001016031P6&amp;nivelP=Pessoal&amp;isMatch=false\">CONTROLE CULTURAL DE CAPIM-ANNONI (ERAGROSTIS PLANA NEES) EM PASTAGEM DE BRAQUI\u00c1RIA BRIZANTA [UROCHLOA BRIZANTHA (HOCHST. EX A. RICH.)]<\/a><\/span><\/td>\n<td style=\"width: 29.0485%;height: 24px\"><span style=\"font-size: 12pt\"><a href=\"https:\/\/agrarias.ufpr.br\/pgapv\/alda-lucia-gomes-monteiro\/\">Dra. Alda Lucia Gomes Monteiro<\/a><\/span><\/td>\n<\/tr>\n<\/tbody>\n<\/table>\n","protected":false},"excerpt":{"rendered":"<p>PRODU\u00c7\u00c3O VEGETAL EM SISTEMAS INTEGRADOS Gustavo Henrique Padilha DIN\u00c2MICA ESPACIO-TEMPORAL DA COMUNIDADE DE PLANTAS ESPONT\u00c2NEAS EM SISTEMA INTEGRADO DE PRODU\u00c7\u00c3O AGROPECU\u00c1RIA Dra. Raquel Rejane Bonato Negrelle Luciani Antunes Das Neves Rabel CARACTER\u00cdSTICAS DO PASTO E PADR\u00d5ES DE DESFOLHA DE MEGATHYRSUS MAXIMUS CV. \u00c1RIES EM SISTEMAS INTEGRADOS DE PRODU\u00c7\u00c3O AGROPECU\u00c1RIA Dr. Paulo C\u00e9sar de Faccio Carvalho Rafaela Strapasson Vasselei AGRICULTURA CONSERVACIONISTA: ESTRAT\u00c9GIAS DE MANEJO PARA VIABILIZAR O CULTIVO DO MILHO EM PLANTIO DIRETO SEM USO DE [&hellip;]<\/p>\n","protected":false},"author":10269,"featured_media":0,"parent":0,"menu_order":0,"comment_status":"closed","ping_status":"closed","template":"","meta":{"footnotes":""},"class_list":["post-3987","page","type-page","status-publish","hentry"],"_links":{"self":[{"href":"https:\/\/agrarias.ufpr.br\/pgapv\/wp-json\/wp\/v2\/pages\/3987","targetHints":{"allow":["GET"]}}],"collection":[{"href":"https:\/\/agrarias.ufpr.br\/pgapv\/wp-json\/wp\/v2\/pages"}],"about":[{"href":"https:\/\/agrarias.ufpr.br\/pgapv\/wp-json\/wp\/v2\/types\/page"}],"author":[{"embeddable":true,"href":"https:\/\/agrarias.ufpr.br\/pgapv\/wp-json\/wp\/v2\/users\/10269"}],"replies":[{"embeddable":true,"href":"https:\/\/agrarias.ufpr.br\/pgapv\/wp-json\/wp\/v2\/comments?post=3987"}],"version-history":[{"count":5,"href":"https:\/\/agrarias.ufpr.br\/pgapv\/wp-json\/wp\/v2\/pages\/3987\/revisions"}],"predecessor-version":[{"id":4007,"href":"https:\/\/agrarias.ufpr.br\/pgapv\/wp-json\/wp\/v2\/pages\/3987\/revisions\/4007"}],"wp:attachment":[{"href":"https:\/\/agrarias.ufpr.br\/pgapv\/wp-json\/wp\/v2\/media?parent=3987"}],"curies":[{"name":"wp","href":"https:\/\/api.w.org\/{rel}","templated":true}]}}