{"id":3961,"date":"2021-04-06T12:36:20","date_gmt":"2021-04-06T12:36:20","guid":{"rendered":"https:\/\/agrarias.ufpr.br\/pgapv\/?page_id=3961"},"modified":"2021-04-06T19:45:05","modified_gmt":"2021-04-06T19:45:05","slug":"2019-2","status":"publish","type":"page","link":"https:\/\/agrarias.ufpr.br\/pgapv\/2019-2\/","title":{"rendered":"2019"},"content":{"rendered":"<p><a href=\"https:\/\/agrarias.ufpr.br\/pgapv\/producao-vegetal-em-sistemas-integrados-2019\/\">Produ\u00e7\u00e3o Vegetal em Sistemas Integrados<\/a><\/p>\n<p><a href=\"https:\/\/agrarias.ufpr.br\/pgapv\/manejo-de-culturas-2019\/\">Manejo de Culturas<\/a><\/p>\n<p><a href=\"https:\/\/agrarias.ufpr.br\/pgapv\/manejo-em-fitossanidade-e-impacto-ambiental-2\/\">Manejo em Fitossanidade e Impacto Ambiental<\/a><\/p>\n<p><a href=\"https:\/\/agrarias.ufpr.br\/pgapv\/3999-2\/\">Morfog\u00eanese e Biotecnologia Vegetal<\/a><\/p>\n","protected":false},"excerpt":{"rendered":"<p>Produ\u00e7\u00e3o Vegetal em Sistemas Integrados Manejo de Culturas Manejo em Fitossanidade e Impacto Ambiental Morfog\u00eanese e Biotecnologia Vegetal<\/p>\n","protected":false},"author":10269,"featured_media":0,"parent":0,"menu_order":0,"comment_status":"closed","ping_status":"closed","template":"","meta":{"footnotes":""},"class_list":["post-3961","page","type-page","status-publish","hentry"],"_links":{"self":[{"href":"https:\/\/agrarias.ufpr.br\/pgapv\/wp-json\/wp\/v2\/pages\/3961","targetHints":{"allow":["GET"]}}],"collection":[{"href":"https:\/\/agrarias.ufpr.br\/pgapv\/wp-json\/wp\/v2\/pages"}],"about":[{"href":"https:\/\/agrarias.ufpr.br\/pgapv\/wp-json\/wp\/v2\/types\/page"}],"author":[{"embeddable":true,"href":"https:\/\/agrarias.ufpr.br\/pgapv\/wp-json\/wp\/v2\/users\/10269"}],"replies":[{"embeddable":true,"href":"https:\/\/agrarias.ufpr.br\/pgapv\/wp-json\/wp\/v2\/comments?post=3961"}],"version-history":[{"count":5,"href":"https:\/\/agrarias.ufpr.br\/pgapv\/wp-json\/wp\/v2\/pages\/3961\/revisions"}],"predecessor-version":[{"id":4004,"href":"https:\/\/agrarias.ufpr.br\/pgapv\/wp-json\/wp\/v2\/pages\/3961\/revisions\/4004"}],"wp:attachment":[{"href":"https:\/\/agrarias.ufpr.br\/pgapv\/wp-json\/wp\/v2\/media?parent=3961"}],"curies":[{"name":"wp","href":"https:\/\/api.w.org\/{rel}","templated":true}]}}