{"id":394,"date":"2018-07-04T19:32:09","date_gmt":"2018-07-04T19:32:09","guid":{"rendered":"https:\/\/agrarias.ufpr.br\/pgapv\/?page_id=394"},"modified":"2026-02-04T14:38:52","modified_gmt":"2026-02-04T14:38:52","slug":"maria-aparecida-cassilha-zawadneak","status":"publish","type":"page","link":"https:\/\/agrarias.ufpr.br\/pgapv\/maria-aparecida-cassilha-zawadneak\/","title":{"rendered":"Maria Aparecida Cassilha Zawadneak"},"content":{"rendered":"\n<p>Prof. Permanente<\/p>\n\n\n\n<p><strong><b>Forma\u00e7\u00e3o Acad\u00eamica<\/b><\/strong><\/p>\n\n\n\n<p>Dr. em Agronomia Produ\u00e7\u00e3o Vegetal, UFPR (2006)<\/p>\n\n\n\n<p>M.Sc. em Entomologia, UFPR (1988)<\/p>\n\n\n\n<p>Eng. Agr\u00f4noma, UFPR (1985)<\/p>\n\n\n\n<p><strong><b>Linha de pesquisa\/\u00c1rea<\/b><\/strong><\/p>\n\n\n\n<p>Prote\u00e7\u00e3o Vegetal e Seguran\u00e7a Ambiental<strong><b>\/<\/b><\/strong>Entomologia<\/p>\n\n\n\n<p>Pesquisa e orienta\u00e7\u00e3o em p\u00f3s-gradua\u00e7\u00e3o na \u00e1rea pragas de plantas cultivadas, com \u00eanfase a artr\u00f3podes e moluscos associados ao morangueiro e olericolas, com abordagem em identifica\u00e7\u00e3o, biologia e manejo agroecol\u00f3gico de pragas. Identifica\u00e7\u00e3o de af\u00eddeos e tripes. Produ\u00e7\u00e3o integrada do morangueiro.<\/p>\n\n\n\n<p><strong><b>Disciplinas Ministradas<\/b><\/strong><\/p>\n\n\n\n<p><a href=\"https:\/\/agrarias.ufpr.br\/pgapv\/agro-7027-pratica-docente-i\/\">AGRO 7027 \u2013 Pr\u00e1tica Docente I<\/a><\/p>\n\n\n\n<p><a href=\"https:\/\/agrarias.ufpr.br\/pgapv\/agro7028-pratica-docente-ii\/\">AGRO 7028 \u2013 Pr\u00e1tica Docente II<\/a><\/p>\n\n\n\n<p><a href=\"https:\/\/agrarias.ufpr.br\/pgapv\/agro-7032-seminarios-i\/\">AGRO 7032 \u2013 Semin\u00e1rios I: Metodologia Cient\u00edfica<\/a><\/p>\n\n\n\n<p><a href=\"https:\/\/agrarias.ufpr.br\/pgapv\/topicos-especiais-bioecologia-nutrional-de-artropodes\/\">AGRO 7043 \u2013 Bioecologia Nutricional de Artr\u00f3podes<\/a><\/p>\n\n\n\n<p><a href=\"https:\/\/agrarias.ufpr.br\/pgapv\/agro-7037-topicos-especiais-iii-monitoramento-identificacao-e-manejo-de-pragas-e-organismos-beneficos-em-sistemas-de-cultivo-de-olericolas\/\">AGRO 7046 \u2013 Pragas de Oler\u00edcolas e Estrat\u00e9gias para seu Manejo<\/a><\/p>\n\n\n\n<p><strong><b>Disciplina transversal optativa<\/b><\/strong><\/p>\n\n\n\n<p>Programa de P\u00f3s-Gradua\u00e7\u00e3o em Microbiologia, Parasitologia e Patologia (MPP 714 \u2013 Metodologia Cient\u00edfica&nbsp;na reda\u00e7\u00e3o de artigos)<\/p>\n\n\n\n<p><strong><b>Laborat\u00f3rios\/Unidade de Apoio&nbsp;<\/b><\/strong><\/p>\n\n\n\n<p><a href=\"https:\/\/agrarias.ufpr.br\/pgapv\/producao-integrada-de-morangos\/\">Laborat\u00f3rio de Entomologia Agr\u00edcola \u201cProf Angelo Moreira da Costa Lima\u201d<\/a><\/p>\n\n\n\n<p><strong>Publica\u00e7\u00f5es<\/strong><\/p>\n\n\n\n<p><strong class=\"alignnone\"><a href=\"http:\/\/lattes.cnpq.br\/2125525235024093\"><img loading=\"lazy\" decoding=\"async\" class=\"alignnone wp-image-742\" src=\"https:\/\/agrarias.ufpr.br\/fitotecnia\/wp-content\/uploads\/sites\/26\/2016\/03\/icon_lattes.png\" alt=\"icon_lattes\" width=\"30\" height=\"29\"><\/a><\/strong><strong class=\"alignnone\">&nbsp;<span style=\"color: #000080\"><a style=\"color: #000080\" href=\"http:\/\/lattes.cnpq.br\/2125525235024093\">Lattes<\/a>&nbsp;<\/span> &nbsp;<\/strong><a href=\"https:\/\/www.researchgate.net\/profile\/Maria_Aparecida_Zawadneak\"><img loading=\"lazy\" decoding=\"async\" class=\"alignnone wp-image-1136 size-full\" src=\"https:\/\/agrarias.ufpr.br\/fitotecnia\/wp-content\/uploads\/sites\/26\/2016\/03\/apple-touch-icon-180x180-e1459453504744.png\" alt=\"apple-touch-icon-180x180\" width=\"29\" height=\"29\">&nbsp;<\/a><span style=\"color: #000080\"><a style=\"color: #000080\" href=\"https:\/\/www.researchgate.net\/profile\/Maria_Aparecida_Zawadneak\"><strong class=\"alignnone\">ResearchGate&nbsp;&nbsp;<\/strong><\/a><strong class=\"alignnone\"><a href=\"https:\/\/orcid.org\/0000-0003-0004-5623\"><img loading=\"lazy\" decoding=\"async\" class=\"alignnone wp-image-3185\" src=\"https:\/\/agrarias.ufpr.br\/pgapv\/wp-content\/uploads\/sites\/39\/2021\/02\/unnamed.jpg\" alt=\"\" width=\"93\" height=\"37\" srcset=\"https:\/\/agrarias.ufpr.br\/pgapv\/wp-content\/uploads\/sites\/39\/2021\/02\/unnamed.jpg 347w, https:\/\/agrarias.ufpr.br\/pgapv\/wp-content\/uploads\/sites\/39\/2021\/02\/unnamed-300x119.jpg 300w, https:\/\/agrarias.ufpr.br\/pgapv\/wp-content\/uploads\/sites\/39\/2021\/02\/unnamed-250x99.jpg 250w, https:\/\/agrarias.ufpr.br\/pgapv\/wp-content\/uploads\/sites\/39\/2021\/02\/unnamed-160x64.jpg 160w\" sizes=\"auto, (max-width: 93px) 100vw, 93px\" \/><\/a><\/strong><\/span><\/p>\n\n\n\n<p><strong>Contatos<\/strong><\/p>\n\n\n\n<p><img loading=\"lazy\" decoding=\"async\" class=\"alignnone wp-image-757\" src=\"https:\/\/agrarias.ufpr.br\/fitotecnia\/wp-content\/uploads\/sites\/26\/2016\/03\/email-small-.jpg\" alt=\"email small\" width=\"22\" height=\"22\">&nbsp;mazawa@ufpr.br\/cidazawadneak@gmail.com<\/p>\n\n\n\n<p><img loading=\"lazy\" decoding=\"async\" class=\"wp-image-758 alignnone\" src=\"https:\/\/agrarias.ufpr.br\/fitotecnia\/wp-content\/uploads\/sites\/26\/2016\/03\/telefone.png\" alt=\"telefone\" width=\"22\" height=\"22\">&nbsp;+55 (41) 3361-1697\/1700<\/p>\n","protected":false},"excerpt":{"rendered":"<p>Prof. Permanente Forma\u00e7\u00e3o Acad\u00eamica Dr. em Agronomia Produ\u00e7\u00e3o Vegetal, UFPR (2006) M.Sc. em Entomologia, UFPR (1988) Eng. Agr\u00f4noma, UFPR (1985) Linha de pesquisa\/\u00c1rea Prote\u00e7\u00e3o Vegetal e Seguran\u00e7a Ambiental\/Entomologia Pesquisa e orienta\u00e7\u00e3o em p\u00f3s-gradua\u00e7\u00e3o na \u00e1rea pragas de plantas cultivadas, com \u00eanfase a artr\u00f3podes e moluscos associados ao morangueiro e olericolas, com abordagem em identifica\u00e7\u00e3o, biologia [&hellip;]<\/p>\n","protected":false},"author":3,"featured_media":0,"parent":0,"menu_order":0,"comment_status":"closed","ping_status":"closed","template":"","meta":{"footnotes":""},"class_list":["post-394","page","type-page","status-publish","hentry"],"_links":{"self":[{"href":"https:\/\/agrarias.ufpr.br\/pgapv\/wp-json\/wp\/v2\/pages\/394","targetHints":{"allow":["GET"]}}],"collection":[{"href":"https:\/\/agrarias.ufpr.br\/pgapv\/wp-json\/wp\/v2\/pages"}],"about":[{"href":"https:\/\/agrarias.ufpr.br\/pgapv\/wp-json\/wp\/v2\/types\/page"}],"author":[{"embeddable":true,"href":"https:\/\/agrarias.ufpr.br\/pgapv\/wp-json\/wp\/v2\/users\/3"}],"replies":[{"embeddable":true,"href":"https:\/\/agrarias.ufpr.br\/pgapv\/wp-json\/wp\/v2\/comments?post=394"}],"version-history":[{"count":35,"href":"https:\/\/agrarias.ufpr.br\/pgapv\/wp-json\/wp\/v2\/pages\/394\/revisions"}],"predecessor-version":[{"id":7694,"href":"https:\/\/agrarias.ufpr.br\/pgapv\/wp-json\/wp\/v2\/pages\/394\/revisions\/7694"}],"wp:attachment":[{"href":"https:\/\/agrarias.ufpr.br\/pgapv\/wp-json\/wp\/v2\/media?parent=394"}],"curies":[{"name":"wp","href":"https:\/\/api.w.org\/{rel}","templated":true}]}}