{"id":3831,"date":"2021-03-09T13:14:48","date_gmt":"2021-03-09T13:14:48","guid":{"rendered":"https:\/\/agrarias.ufpr.br\/pgapv\/?page_id=3831"},"modified":"2021-03-09T13:31:30","modified_gmt":"2021-03-09T13:31:30","slug":"2018-2","status":"publish","type":"page","link":"https:\/\/agrarias.ufpr.br\/pgapv\/2018-2\/","title":{"rendered":"2018"},"content":{"rendered":"<p><a href=\"https:\/\/agrarias.ufpr.br\/pgapv\/producao-vegetal-em-sistemas-integrados-2018\/\">Produ\u00e7\u00e3o Vegetal em Sistemas Integrados<\/a><\/p>\n<p><a href=\"https:\/\/agrarias.ufpr.br\/pgapv\/manejo-de-culturas\/\">Manejo de Culturas<\/a><\/p>\n<p><a href=\"https:\/\/agrarias.ufpr.br\/pgapv\/manejo-em-fitossanidade-e-impacto-ambiental-2018\/\">Manejo em Fitossanidade e Impacto Ambiental<\/a><\/p>\n<p><a href=\"https:\/\/agrarias.ufpr.br\/pgapv\/morfogenese-e-biotecnologia-vegetal-2018\/\">Morfog\u00eanese e Biotecnologia Vegetal<\/a><\/p>\n","protected":false},"excerpt":{"rendered":"<p>Produ\u00e7\u00e3o Vegetal em Sistemas Integrados Manejo de Culturas Manejo em Fitossanidade e Impacto Ambiental Morfog\u00eanese e Biotecnologia Vegetal<\/p>\n","protected":false},"author":10269,"featured_media":0,"parent":0,"menu_order":0,"comment_status":"closed","ping_status":"closed","template":"","meta":{"footnotes":""},"class_list":["post-3831","page","type-page","status-publish","hentry"],"_links":{"self":[{"href":"https:\/\/agrarias.ufpr.br\/pgapv\/wp-json\/wp\/v2\/pages\/3831","targetHints":{"allow":["GET"]}}],"collection":[{"href":"https:\/\/agrarias.ufpr.br\/pgapv\/wp-json\/wp\/v2\/pages"}],"about":[{"href":"https:\/\/agrarias.ufpr.br\/pgapv\/wp-json\/wp\/v2\/types\/page"}],"author":[{"embeddable":true,"href":"https:\/\/agrarias.ufpr.br\/pgapv\/wp-json\/wp\/v2\/users\/10269"}],"replies":[{"embeddable":true,"href":"https:\/\/agrarias.ufpr.br\/pgapv\/wp-json\/wp\/v2\/comments?post=3831"}],"version-history":[{"count":1,"href":"https:\/\/agrarias.ufpr.br\/pgapv\/wp-json\/wp\/v2\/pages\/3831\/revisions"}],"predecessor-version":[{"id":3832,"href":"https:\/\/agrarias.ufpr.br\/pgapv\/wp-json\/wp\/v2\/pages\/3831\/revisions\/3832"}],"wp:attachment":[{"href":"https:\/\/agrarias.ufpr.br\/pgapv\/wp-json\/wp\/v2\/media?parent=3831"}],"curies":[{"name":"wp","href":"https:\/\/api.w.org\/{rel}","templated":true}]}}