{"id":3819,"date":"2021-03-09T12:47:26","date_gmt":"2021-03-09T12:47:26","guid":{"rendered":"https:\/\/agrarias.ufpr.br\/pgapv\/?page_id=3819"},"modified":"2021-04-07T12:18:12","modified_gmt":"2021-04-07T12:18:12","slug":"producao-vegetal-em-sistemas-integrados-2018","status":"publish","type":"page","link":"https:\/\/agrarias.ufpr.br\/pgapv\/producao-vegetal-em-sistemas-integrados-2018\/","title":{"rendered":"Produ\u00e7\u00e3o Vegetal em Sistemas Integrados &#8211; 2018"},"content":{"rendered":"<table style=\"height: 82px;width: 101.25%;border-collapse: collapse;border-style: dotted\" border=\"1\">\n<tbody>\n<tr style=\"height: 24px\">\n<td style=\"width: 100.773%;height: 24px;text-align: center\" colspan=\"3\"><span style=\"font-size: 10pt\"><span style=\"color: #008000;font-size: 12pt\"><strong>PRODU\u00c7\u00c3O VEGETAL EM SISTEMAS INTEGRADOS<\/strong><\/span><\/span><\/td>\n<\/tr>\n<tr style=\"height: 48px\">\n<td style=\"width: 26.8381%;height: 48px\"><span style=\"font-size: 12pt\">Daniela Maria Martin<\/span><\/td>\n<td style=\"width: 44.8866%;height: 48px\"><span style=\"font-size: 12pt\"><a href=\"https:\/\/www.prppg.ufpr.br\/siga\/visitante\/gerenciadownload?op=download&amp;doc=42673_2018_24_54_2_(.*)&amp;idPessoal=42673&amp;idPrograma=40001016031P6&amp;nivelP=Pessoal&amp;isMatch=false\">SELE\u00c7\u00c3O ALIMENTAR POR BOVINOS EM PASTEJO EM DIFERENTES ARRANJOS DE SISTEMAS INTEGRADOS DE PRODU\u00c7\u00c3O AGROPECU\u00c1RIA<\/a><\/span><\/td>\n<td style=\"width: 29.0485%;height: 48px\"><span style=\"font-size: 12pt\"><a href=\"https:\/\/agrarias.ufpr.br\/pgapv\/anibal-de-moraes\/\">Dr. Anibal de Moraes<\/a><\/span><\/td>\n<\/tr>\n<tr style=\"height: 24px\">\n<td style=\"width: 26.8381%;height: 24px\"><span style=\"font-size: 12pt\">Renata Franci\u00e9li Moraes<\/span><\/td>\n<td style=\"width: 44.8866%;height: 24px\"><span style=\"font-size: 12pt\"><a href=\"https:\/\/www.prppg.ufpr.br\/siga\/visitante\/gerenciadownload?op=download&amp;doc=42724_2018_24_55_2_(.*)&amp;idPessoal=42724&amp;idPrograma=40001016031P6&amp;nivelP=Pessoal&amp;isMatch=false\">RELA\u00c7\u00d5ES ENTRE ESTRUTURA DE PASTOS DE HEMARTHRIA ALTISSIMA E O COMPORTAMENTO INGESTIVO DOS ANIMAIS NA DEFINI\u00c7\u00c3O DE METAS DE MANEJO<\/a><\/span><\/td>\n<td style=\"width: 29.0485%;height: 24px\"><span style=\"font-size: 12pt\"><a href=\"https:\/\/agrarias.ufpr.br\/pgapv\/anibal-de-moraes\/\">Dr. Anibal de Moraes<\/a><\/span><\/td>\n<\/tr>\n<tr style=\"height: 24px\">\n<td style=\"width: 26.8381%;height: 68px\"><span style=\"font-size: 12pt\">Silvano Kruchelski<\/span><\/td>\n<td style=\"width: 44.8866%;height: 68px\"><span style=\"font-size: 12pt\"><a href=\"https:\/\/www.prppg.ufpr.br\/siga\/visitante\/gerenciadownload?op=download&amp;doc=42725_2018_24_50_2_(.*)&amp;idPessoal=42725&amp;idPrograma=40001016031P6&amp;nivelP=Pessoal&amp;isMatch=false\">EDUCA\u00c7\u00c3O AMBIENTAL DE PROFESSORES E ALUNOS DO ENSINO FUNDAMENTAL UTILIZANDO COMO ESTRAT\u00c9GIA MAPAS CONCEITUAIS<\/a><\/span><\/td>\n<td style=\"width: 29.0485%;height: 68px\"><span style=\"font-size: 12pt\"><a href=\"https:\/\/agrarias.ufpr.br\/pgapv\/anibal-de-moraes\/\">Dr. Anibal de Moraes<\/a><\/span><\/td>\n<\/tr>\n<tr style=\"height: 10px\">\n<td style=\"width: 26.8381%;height: 10px\"><span style=\"font-size: 12pt\">Mylena Taborda Piquera Peres<\/span><\/td>\n<td style=\"width: 44.8866%;height: 10px\">\n<p style=\"text-align: justify\"><span style=\"font-size: 12pt\"><a href=\"https:\/\/www.prppg.ufpr.br\/siga\/visitante\/gerenciadownload?op=download&amp;doc=19675_2018_24_59_2_(.*)&amp;idPessoal=19675&amp;idPrograma=40001016031P6&amp;nivelP=Pessoal&amp;isMatch=false\">PADR\u00c3O DE PASTEJO E EMISS\u00c3O DE METANO RUMINAL POR OVINOS EM DOIS SISTEMAS DE TERMINA\u00c7\u00c3O DE CORDEIROS<\/a><\/span><\/p>\n<\/td>\n<td style=\"width: 29.0485%;height: 10px\"><span style=\"font-size: 12pt\"><a href=\"https:\/\/agrarias.ufpr.br\/pgapv\/alda-lucia-gomes-monteiro\/\">Dra. Alda Lucia Gomes Monteiro<\/a><\/span><\/td>\n<\/tr>\n<tr style=\"height: 107px\">\n<td style=\"width: 26.8381%;height: 91px\"><span style=\"font-size: 12pt\">Newton Borges Costa Junior<\/span><\/td>\n<td style=\"width: 44.8866%;height: 91px\">\n<p style=\"text-align: justify\"><span style=\"font-size: 12pt\"><a href=\"https:\/\/www.prppg.ufpr.br\/siga\/visitante\/gerenciadownload?op=download&amp;doc=42727_2018_24_68_2_(.*)&amp;idPessoal=42727&amp;idPrograma=40001016031P6&amp;nivelP=Pessoal&amp;isMatch=false\">IMPACTOS DOS PROGRAMAS: ABC &#8211; AGRICULTURA DE BAIXA EMISS\u00c3O DE CARBONO E PROGRAMA DESENVOLVIMENTO DA PECU\u00c1RIA DE CORTE CATARINENSE, EM PROPRIEDADES DE BOVINOCULTURA DE CORTE DE SANTA CATARINA<\/a><\/span><\/p>\n<\/td>\n<td style=\"width: 29.0485%;height: 91px\"><span style=\"font-size: 12pt\"><a href=\"https:\/\/agrarias.ufpr.br\/pgapv\/paulo-cesar-de-faccio-carvalho\/\">Dr. Paulo C\u00e9sar de Faccio Carvalho<\/a><\/span><\/td>\n<\/tr>\n<\/tbody>\n<\/table>\n","protected":false},"excerpt":{"rendered":"<p>PRODU\u00c7\u00c3O VEGETAL EM SISTEMAS INTEGRADOS Daniela Maria Martin SELE\u00c7\u00c3O ALIMENTAR POR BOVINOS EM PASTEJO EM DIFERENTES ARRANJOS DE SISTEMAS INTEGRADOS DE PRODU\u00c7\u00c3O AGROPECU\u00c1RIA Dr. Anibal de Moraes Renata Franci\u00e9li Moraes RELA\u00c7\u00d5ES ENTRE ESTRUTURA DE PASTOS DE HEMARTHRIA ALTISSIMA E O COMPORTAMENTO INGESTIVO DOS ANIMAIS NA DEFINI\u00c7\u00c3O DE METAS DE MANEJO Dr. Anibal de Moraes Silvano Kruchelski EDUCA\u00c7\u00c3O AMBIENTAL DE PROFESSORES E ALUNOS DO ENSINO FUNDAMENTAL UTILIZANDO COMO ESTRAT\u00c9GIA MAPAS CONCEITUAIS Dr. Anibal de Moraes Mylena [&hellip;]<\/p>\n","protected":false},"author":10269,"featured_media":0,"parent":0,"menu_order":0,"comment_status":"closed","ping_status":"closed","template":"","meta":{"footnotes":""},"class_list":["post-3819","page","type-page","status-publish","hentry"],"_links":{"self":[{"href":"https:\/\/agrarias.ufpr.br\/pgapv\/wp-json\/wp\/v2\/pages\/3819","targetHints":{"allow":["GET"]}}],"collection":[{"href":"https:\/\/agrarias.ufpr.br\/pgapv\/wp-json\/wp\/v2\/pages"}],"about":[{"href":"https:\/\/agrarias.ufpr.br\/pgapv\/wp-json\/wp\/v2\/types\/page"}],"author":[{"embeddable":true,"href":"https:\/\/agrarias.ufpr.br\/pgapv\/wp-json\/wp\/v2\/users\/10269"}],"replies":[{"embeddable":true,"href":"https:\/\/agrarias.ufpr.br\/pgapv\/wp-json\/wp\/v2\/comments?post=3819"}],"version-history":[{"count":5,"href":"https:\/\/agrarias.ufpr.br\/pgapv\/wp-json\/wp\/v2\/pages\/3819\/revisions"}],"predecessor-version":[{"id":4030,"href":"https:\/\/agrarias.ufpr.br\/pgapv\/wp-json\/wp\/v2\/pages\/3819\/revisions\/4030"}],"wp:attachment":[{"href":"https:\/\/agrarias.ufpr.br\/pgapv\/wp-json\/wp\/v2\/media?parent=3819"}],"curies":[{"name":"wp","href":"https:\/\/api.w.org\/{rel}","templated":true}]}}