{"id":3816,"date":"2021-03-09T12:36:53","date_gmt":"2021-03-09T12:36:53","guid":{"rendered":"https:\/\/agrarias.ufpr.br\/pgapv\/?page_id=3816"},"modified":"2021-04-06T20:05:46","modified_gmt":"2021-04-06T20:05:46","slug":"producao-vegetal-em-sistemas-integrados-2017","status":"publish","type":"page","link":"https:\/\/agrarias.ufpr.br\/pgapv\/producao-vegetal-em-sistemas-integrados-2017\/","title":{"rendered":"Produ\u00e7\u00e3o Vegetal em Sistemas Integrados &#8211; 2017"},"content":{"rendered":"<table style=\"height: 82px;width: 101.25%;border-collapse: collapse;border-style: dotted\" border=\"1\">\n<tbody>\n<tr style=\"height: 24px\">\n<td style=\"width: 100.773%;height: 24px;text-align: center\" colspan=\"3\"><span style=\"font-size: 10pt\"><span style=\"color: #008000;font-size: 12pt\"><strong>PRODU\u00c7\u00c3O VEGETAL EM SISTEMAS INTEGRADOS<\/strong><\/span><br \/>\n<\/span><\/td>\n<\/tr>\n<tr style=\"height: 48px\">\n<td style=\"width: 26.8381%;height: 48px\"><span style=\"font-size: 12pt\">Guilherme Seiki Iwasaki<br \/>\n<\/span><\/td>\n<td style=\"width: 44.8866%;height: 48px;text-align: justify\"><span style=\"font-size: 12pt\"><a href=\"https:\/\/www.prppg.ufpr.br\/siga\/visitante\/gerenciadownload?op=download&amp;doc=37866_2017_24_1_2_(.*)&amp;idPessoal=37866&amp;idPrograma=40001016031P6&amp;nivelP=Pessoal&amp;isMatch=false\">ADUBA\u00c7\u00c3O DE SISTEMAS COM MANEJO RESIDUAL DO PASTO DE INVERNO E CULTIVO DO FEIJ\u00c3O<\/a><\/span><\/td>\n<td style=\"width: 29.0485%;height: 48px\"><span style=\"font-size: 12pt\"><a href=\"https:\/\/agrarias.ufpr.br\/pgapv\/anibal-de-moraes\/\">Dr. Anibal de Moraes<\/a><br \/>\n<\/span><\/td>\n<\/tr>\n<tr style=\"height: 24px\">\n<td style=\"width: 26.8381%;height: 24px\"><span style=\"font-size: 12pt\">Laura Derenevicz Faisca<br \/>\n<\/span><\/td>\n<td style=\"width: 44.8866%;height: 24px;text-align: justify\"><span style=\"font-size: 12pt\"><a href=\"https:\/\/www.prppg.ufpr.br\/siga\/visitante\/gerenciadownload?op=download&amp;doc=14702_2017_24_16_2_(.*)&amp;idPessoal=14702&amp;idPrograma=40001016031P6&amp;nivelP=Pessoal&amp;isMatch=false\">IMPACTO DOS SISTEMAS DE TERMINA\u00c7\u00c3O DE CORDEIROS A PASTO SOBRE O COMPORTAMENTO INGESTIVO E A SELE\u00c7\u00c3O ALIMENTAR<\/a><\/span><\/td>\n<td style=\"width: 29.0485%;height: 24px\"><span style=\"font-size: 12pt\"><a href=\"https:\/\/agrarias.ufpr.br\/pgapv\/alda-lucia-gomes-monteiro\/\">Dra. Alda Lucia Gomes Monteiro<\/a><br \/>\n<\/span><\/td>\n<\/tr>\n<tr style=\"height: 24px\">\n<td style=\"width: 26.8381%;height: 24px\"><span style=\"font-size: 12pt\">Georgia Bascherotto Kleina<\/span><\/td>\n<td style=\"width: 44.8866%;height: 24px;text-align: justify\"><span style=\"font-size: 12pt\"><a href=\"https:\/\/www.prppg.ufpr.br\/siga\/visitante\/gerenciadownload?op=download&amp;doc=42677_2017_24_32_2_(.*)&amp;idPessoal=42677&amp;idPrograma=40001016031P6&amp;nivelP=Pessoal&amp;isMatch=false\">BIOMASSA MICROBIANA E CARBONO MINERALIZ\u00c1VEL NO SOLO EM SISTEMAS INTEGRADOS DE PRODU\u00c7\u00c3O AGROPECU\u00c1RIA<\/a><\/span><\/td>\n<td style=\"width: 29.0485%;height: 24px\"><span style=\"font-size: 12pt\"><a href=\"https:\/\/agrarias.ufpr.br\/pgapv\/anibal-de-moraes\/\">Dr. Anibal de Moraes<\/a><br \/>\n<\/span><\/td>\n<\/tr>\n<\/tbody>\n<\/table>\n","protected":false},"excerpt":{"rendered":"<p>PRODU\u00c7\u00c3O VEGETAL EM SISTEMAS INTEGRADOS Guilherme Seiki Iwasaki ADUBA\u00c7\u00c3O DE SISTEMAS COM MANEJO RESIDUAL DO PASTO DE INVERNO E CULTIVO DO FEIJ\u00c3O Dr. Anibal de Moraes Laura Derenevicz Faisca IMPACTO DOS SISTEMAS DE TERMINA\u00c7\u00c3O DE CORDEIROS A PASTO SOBRE O COMPORTAMENTO INGESTIVO E A SELE\u00c7\u00c3O ALIMENTAR Dra. Alda Lucia Gomes Monteiro Georgia Bascherotto Kleina BIOMASSA MICROBIANA E CARBONO MINERALIZ\u00c1VEL NO SOLO EM SISTEMAS INTEGRADOS DE PRODU\u00c7\u00c3O AGROPECU\u00c1RIA Dr. Anibal de Moraes<\/p>\n","protected":false},"author":10269,"featured_media":0,"parent":0,"menu_order":0,"comment_status":"closed","ping_status":"closed","template":"","meta":{"footnotes":""},"class_list":["post-3816","page","type-page","status-publish","hentry"],"_links":{"self":[{"href":"https:\/\/agrarias.ufpr.br\/pgapv\/wp-json\/wp\/v2\/pages\/3816","targetHints":{"allow":["GET"]}}],"collection":[{"href":"https:\/\/agrarias.ufpr.br\/pgapv\/wp-json\/wp\/v2\/pages"}],"about":[{"href":"https:\/\/agrarias.ufpr.br\/pgapv\/wp-json\/wp\/v2\/types\/page"}],"author":[{"embeddable":true,"href":"https:\/\/agrarias.ufpr.br\/pgapv\/wp-json\/wp\/v2\/users\/10269"}],"replies":[{"embeddable":true,"href":"https:\/\/agrarias.ufpr.br\/pgapv\/wp-json\/wp\/v2\/comments?post=3816"}],"version-history":[{"count":3,"href":"https:\/\/agrarias.ufpr.br\/pgapv\/wp-json\/wp\/v2\/pages\/3816\/revisions"}],"predecessor-version":[{"id":4022,"href":"https:\/\/agrarias.ufpr.br\/pgapv\/wp-json\/wp\/v2\/pages\/3816\/revisions\/4022"}],"wp:attachment":[{"href":"https:\/\/agrarias.ufpr.br\/pgapv\/wp-json\/wp\/v2\/media?parent=3816"}],"curies":[{"name":"wp","href":"https:\/\/api.w.org\/{rel}","templated":true}]}}