{"id":3813,"date":"2021-03-09T12:28:45","date_gmt":"2021-03-09T12:28:45","guid":{"rendered":"https:\/\/agrarias.ufpr.br\/pgapv\/?page_id=3813"},"modified":"2021-04-07T12:05:09","modified_gmt":"2021-04-07T12:05:09","slug":"manejo-de-culturas-2017","status":"publish","type":"page","link":"https:\/\/agrarias.ufpr.br\/pgapv\/manejo-de-culturas-2017\/","title":{"rendered":"Manejo de Culturas &#8211; 2017"},"content":{"rendered":"<table style=\"height: 82px;width: 101.25%;border-collapse: collapse;border-style: dotted\" border=\"1\">\n<tbody>\n<tr style=\"height: 24px\">\n<td style=\"width: 100.773%;height: 24px;text-align: center\" colspan=\"3\"><span style=\"color: #008000\"><strong>MANEJO DE CULTURAS<\/strong><\/span><\/td>\n<\/tr>\n<tr style=\"height: 72px\">\n<td style=\"width: 26.8381%;height: 72px\"><span style=\"font-size: 12pt\">Mireli Trombin De Souza<\/span><\/td>\n<td style=\"width: 44.8866%;height: 72px;text-align: justify\"><span style=\"font-size: 10pt\"><a href=\"https:\/\/www.prppg.ufpr.br\/siga\/visitante\/gerenciadownload?op=download&amp;doc=30512_2017_24_5_2_(.*)&amp;idPessoal=30512&amp;idPrograma=40001016031P6&amp;nivelP=Pessoal&amp;isMatch=false\"><em>Lobiopa insularis<\/em> CASTELAU (COLEOPTERA, NITIDULIDAE): DANOS A CAMPO E ASSOCIA\u00c7\u00c3O COM FUNGOS EM MORANGO<\/a><\/span><\/td>\n<td style=\"width: 29.0485%;height: 72px\"><span style=\"font-size: 12pt\"><a href=\"https:\/\/agrarias.ufpr.br\/pgapv\/francine-lorena-cuquel\/\">Dra. Francine Lorena Cuquel<\/a><\/span><\/td>\n<\/tr>\n<tr style=\"height: 96px\">\n<td style=\"width: 26.8381%;height: 96px\"><span style=\"font-size: 12pt\">Erik Nunes Gomes<\/span><\/td>\n<td style=\"width: 44.8866%;height: 96px;text-align: justify\"><span style=\"font-size: 10pt\"><a href=\"https:\/\/www.prppg.ufpr.br\/siga\/visitante\/gerenciadownload?op=download&amp;doc=30498_2017_24_6_2_(.*)&amp;idPessoal=30498&amp;idPrograma=40001016031P6&amp;nivelP=Pessoal&amp;isMatch=false\">ASPECTOS FISIOL\u00d3GICOS, MORFOL\u00d3GICOS E NUTRI\u00c7\u00c3O MINERAL NO AC\u00daMULO DE BIOMASSA E GLICOS\u00cdDEOS DITERP\u00caNICOS EM<em> Stevia rebaudiana<\/em> Bertoni<\/a><\/span><\/td>\n<td style=\"width: 29.0485%;height: 96px\"><span style=\"font-size: 12pt\"><a href=\"https:\/\/agrarias.ufpr.br\/pgapv\/cicero-deschamps\/\">Dr. C\u00edcero Deschamps<\/a><\/span><\/td>\n<\/tr>\n<tr style=\"height: 96px\">\n<td style=\"width: 26.8381%;height: 96px\"><span style=\"font-size: 12pt\">Natalia Alberti<\/span><\/td>\n<td style=\"width: 44.8866%;height: 96px;text-align: justify\"><span style=\"font-size: 10pt\"><a href=\"https:\/\/www.prppg.ufpr.br\/siga\/visitante\/gerenciadownload?op=download&amp;doc=19795_2017_24_7_2_(.*)&amp;idPessoal=19795&amp;idPrograma=40001016031P6&amp;nivelP=Pessoal&amp;isMatch=false\">PRODU\u00c7\u00c3O DE BIOMASSA E AC\u00daMULO DE GLICOS\u00cdDEOS DITERP\u00caNICOS EM EST\u00c9VIA COM A APLICA\u00c7\u00c3O DE EXTRATO DE ALGA E FERMENTADO BACTERIANO<\/a><\/span><\/td>\n<td style=\"width: 29.0485%;height: 96px\"><span style=\"font-size: 12pt\"><a href=\"https:\/\/agrarias.ufpr.br\/pgapv\/cicero-deschamps\/\">Dr. C\u00edcero Deschamps<\/a><\/span><\/td>\n<\/tr>\n<tr style=\"height: 72px\">\n<td style=\"width: 26.8381%;height: 72px\"><span style=\"font-size: 12pt\">Jo\u00e3o Marcos Tepasse Mascarenhas<\/span><\/td>\n<td style=\"width: 44.8866%;height: 72px;text-align: justify\"><span style=\"font-size: 10pt\"><a href=\"https:\/\/www.prppg.ufpr.br\/siga\/visitante\/gerenciadownload?op=download&amp;doc=30499_2017_24_34_2_(.*)&amp;idPessoal=30499&amp;idPrograma=40001016031P6&amp;nivelP=Pessoal&amp;isMatch=false\">PRINCIPAIS GENITORES DO PROGRAMA DE MELHORAMENTO GEN\u00c9TICO DA CANA-DE-A\u00c7\u00daCAR DA RIDESA<\/a><\/span><\/td>\n<td style=\"width: 29.0485%;height: 72px\"><span style=\"font-size: 12pt\"><a href=\"https:\/\/agrarias.ufpr.br\/pgapv\/joao-carlos-bespalhok-filho\/\">Dr. Jo\u00e3o Carlos Bespalhok Filho<\/a><\/span><\/td>\n<\/tr>\n<tr style=\"height: 72px\">\n<td style=\"width: 26.8381%;height: 72px\"><span style=\"font-size: 12pt\">Samantha Cenci<\/span><\/td>\n<td style=\"width: 44.8866%;height: 72px;text-align: justify\"><span style=\"font-size: 10pt\"><a href=\"https:\/\/www.prppg.ufpr.br\/siga\/biblioteca?operacao=buscarTrabalho&amp;idDiscente=30547&amp;anoBase=2017&amp;idPrograma=40001016031P6&amp;idTese=37&amp;nivelTitulacao=M\">PRESEN\u00c7A DO GENE DE RESIST\u00caNCIA A FERRUGEM MARROM (BRU1) EM VARIEDADES E CLONES DE CANA-DE-A\u00c7\u00daCAR<\/a><\/span><\/td>\n<td style=\"width: 29.0485%;height: 72px\"><span style=\"font-size: 12pt\"><a href=\"https:\/\/agrarias.ufpr.br\/pgapv\/joao-carlos-bespalhok-filho\/\">Dr. Jo\u00e3o Carlos Bespalhok Filho<\/a><\/span><\/td>\n<\/tr>\n<\/tbody>\n<\/table>\n","protected":false},"excerpt":{"rendered":"<p>MANEJO DE CULTURAS Mireli Trombin De Souza Lobiopa insularis CASTELAU (COLEOPTERA, NITIDULIDAE): DANOS A CAMPO E ASSOCIA\u00c7\u00c3O COM FUNGOS EM MORANGO Dra. Francine Lorena Cuquel Erik Nunes Gomes ASPECTOS FISIOL\u00d3GICOS, MORFOL\u00d3GICOS E NUTRI\u00c7\u00c3O MINERAL NO AC\u00daMULO DE BIOMASSA E GLICOS\u00cdDEOS DITERP\u00caNICOS EM Stevia rebaudiana Bertoni Dr. C\u00edcero Deschamps Natalia Alberti PRODU\u00c7\u00c3O DE BIOMASSA E AC\u00daMULO [&hellip;]<\/p>\n","protected":false},"author":10269,"featured_media":0,"parent":0,"menu_order":0,"comment_status":"closed","ping_status":"closed","template":"","meta":{"footnotes":""},"class_list":["post-3813","page","type-page","status-publish","hentry"],"_links":{"self":[{"href":"https:\/\/agrarias.ufpr.br\/pgapv\/wp-json\/wp\/v2\/pages\/3813","targetHints":{"allow":["GET"]}}],"collection":[{"href":"https:\/\/agrarias.ufpr.br\/pgapv\/wp-json\/wp\/v2\/pages"}],"about":[{"href":"https:\/\/agrarias.ufpr.br\/pgapv\/wp-json\/wp\/v2\/types\/page"}],"author":[{"embeddable":true,"href":"https:\/\/agrarias.ufpr.br\/pgapv\/wp-json\/wp\/v2\/users\/10269"}],"replies":[{"embeddable":true,"href":"https:\/\/agrarias.ufpr.br\/pgapv\/wp-json\/wp\/v2\/comments?post=3813"}],"version-history":[{"count":5,"href":"https:\/\/agrarias.ufpr.br\/pgapv\/wp-json\/wp\/v2\/pages\/3813\/revisions"}],"predecessor-version":[{"id":4025,"href":"https:\/\/agrarias.ufpr.br\/pgapv\/wp-json\/wp\/v2\/pages\/3813\/revisions\/4025"}],"wp:attachment":[{"href":"https:\/\/agrarias.ufpr.br\/pgapv\/wp-json\/wp\/v2\/media?parent=3813"}],"curies":[{"name":"wp","href":"https:\/\/api.w.org\/{rel}","templated":true}]}}