{"id":3810,"date":"2021-03-09T12:20:40","date_gmt":"2021-03-09T12:20:40","guid":{"rendered":"https:\/\/agrarias.ufpr.br\/pgapv\/?page_id=3810"},"modified":"2021-04-07T12:21:41","modified_gmt":"2021-04-07T12:21:41","slug":"manejo-em-fitossanidade-e-impacto-ambiental-2018","status":"publish","type":"page","link":"https:\/\/agrarias.ufpr.br\/pgapv\/manejo-em-fitossanidade-e-impacto-ambiental-2018\/","title":{"rendered":"Manejo em Fitossanidade e Impacto Ambiental-2018"},"content":{"rendered":"<table style=\"height: 82px;width: 101.25%;border-collapse: collapse;border-style: dotted\" border=\"1\">\n<tbody>\n<tr style=\"height: 24px\">\n<td style=\"width: 100.773%;height: 24px;text-align: center\" colspan=\"3\"><span style=\"font-size: 12pt;color: #008000\"><strong>MANEJO EM FITOSSANIDADE E IMPACTO AMBIENTAL<\/strong><\/span><\/td>\n<\/tr>\n<tr style=\"height: 96px\">\n<td style=\"width: 26.8381%;height: 96px\"><span style=\"font-size: 12pt\">Pamella Suellen Salvador Dutra<\/span><\/td>\n<td style=\"width: 44.8866%;height: 96px;text-align: justify\"><span style=\"font-size: 12pt\">SENSIBILIDADE AO IPRODIONA, RESIST\u00caNCIA M\u00daLTIPLA E CRUZADA AOS FUNGICIDAS IDM\u00b4S, MBC\u00b4S E IQE\u00b4S E ADAPTABILIDADE DE DIFERENTES FEN\u00d3TIPOS DE MONILINIA FRUCTICOLA<\/span><\/td>\n<td style=\"width: 29.0485%;height: 96px\"><span style=\"font-size: 12pt\">&nbsp;<a href=\"https:\/\/agrarias.ufpr.br\/pgapv\/louise-larissa-may-de-mio\/\">Dra. Louise Larissa May De Mio<\/a><\/span><\/td>\n<\/tr>\n<tr style=\"height: 96px\">\n<td style=\"width: 26.8381%;height: 96px\"><span style=\"font-size: 12pt\">Adelia Maria Bischoff<\/span><\/td>\n<td style=\"width: 44.8866%;height: 96px;text-align: justify\"><span style=\"font-size: 12pt\"><a href=\"https:\/\/www.prppg.ufpr.br\/siga\/visitante\/gerenciadownload?op=download&amp;doc=42427_2018_24_47_2_(.*)&amp;idPessoal=42427&amp;idPrograma=40001016031P6&amp;nivelP=Pessoal&amp;isMatch=false\">OCORR\u00caNCIA DE LEPIDOPTEROS E SEUS PARASIT\u00d3IDES EM AVEIA PRETA (AVENA STRIGOSA) SCHERB) E L\u00cdNGUA DE VACA, RUMEX OBTUSIFOLIUS L. EM AMBIENTE DE INTEGRA\u00c7\u00c3O LAVOURA E FLORESTA (ILF) E BIOLOGIA DE TRACHEA ANGULIPLAGA (WALKERM 1858) (LEPIDOPTERA: NOCTUIDAE) EM L\u00cdNGUA DE VACA.<\/a><\/span><\/td>\n<td style=\"width: 29.0485%;height: 96px\"><span style=\"font-size: 12pt\">&nbsp;<a href=\"https:\/\/agrarias.ufpr.br\/pgapv\/luis-amilton-foerster\/\">Dr. Luis Amilton Foerster<\/a><\/span><\/td>\n<\/tr>\n<tr style=\"height: 96px\">\n<td style=\"width: 26.8381%;height: 96px\"><span style=\"font-size: 12pt\">Aline Mary Borba<\/span><\/td>\n<td style=\"width: 44.8866%;height: 96px;text-align: justify\"><span style=\"font-size: 12pt\"><a href=\"https:\/\/www.prppg.ufpr.br\/siga\/visitante\/gerenciadownload?op=download&amp;doc=42670_2018_24_48_2_(.*)&amp;idPessoal=42670&amp;idPrograma=40001016031P6&amp;nivelP=Pessoal&amp;isMatch=false\">DESENVOLVIMENTO E PREFER\u00caNCIA ALIMENTAR DE SPODOPTERA COSMIOIDES (WALKER) E SPODOPTERA ERIDANIA (CRAMER) (LEPIDOPTERA: NOCTUIDAE) EM FEIJ\u00c3O E L\u00cdNGUA-DE-VACA<\/a><\/span><\/td>\n<td style=\"width: 29.0485%;height: 96px\"><span style=\"font-size: 12pt\">&nbsp;<a href=\"https:\/\/agrarias.ufpr.br\/pgapv\/luis-amilton-foerster\/\">Dr. Luis Amilton Foerster<\/a><\/span><\/td>\n<\/tr>\n<tr style=\"height: 48px\">\n<td style=\"width: 26.8381%;height: 48px\"><span style=\"font-size: 12pt\">Carlos Eduardo Krezanoski<\/span><\/td>\n<td style=\"width: 44.8866%;height: 48px;text-align: justify\"><span style=\"font-size: 12pt\"><a href=\"https:\/\/www.prppg.ufpr.br\/siga\/visitante\/gerenciadownload?op=download&amp;doc=54448_2018_24_73_2_(.*)&amp;idPessoal=54448&amp;idPrograma=40001016031P6&amp;nivelP=Pessoal&amp;isMatch=false\">NEMATOIDES ASSOCIADOS \u00c0 CULTURA DO MORANGUEIRO NO ESTADO DO PARAN\u00c1<\/a><\/span><\/td>\n<td style=\"width: 29.0485%;height: 48px\"><span style=\"font-size: 12pt\"><a href=\"https:\/\/agrarias.ufpr.br\/pgapv\/henrique-da-silva-silveira-duarte\/\">Dr. Henrique da Silva Silveira Duarte<\/a><\/span><\/td>\n<\/tr>\n<tr style=\"height: 48px\">\n<td style=\"width: 26.8381%;height: 48px\"><span style=\"font-size: 12pt\">Gloria Soriano Vidal<\/span><\/td>\n<td style=\"width: 44.8866%;height: 48px;text-align: justify\"><span style=\"font-size: 12pt\"><a href=\"https:\/\/www.prppg.ufpr.br\/siga\/visitante\/gerenciadownload?op=download&amp;doc=42678_2018_24_71_2_(.*)&amp;idPessoal=42678&amp;idPrograma=40001016031P6&amp;nivelP=Pessoal&amp;isMatch=false\">ASPECTOS EPIDEMIOL\u00d3GICOS DA FERRUGEM DA AMEIXEIRA (TRANZSCHELIA DISCOLOR)<\/a><\/span><\/td>\n<td style=\"width: 29.0485%;height: 48px\"><span style=\"font-size: 12pt\"><a href=\"https:\/\/agrarias.ufpr.br\/pgapv\/henrique-da-silva-silveira-duarte\/\">Dr. Henrique da Silva Silveira Duarte<\/a><\/span><\/td>\n<\/tr>\n<\/tbody>\n<\/table>\n","protected":false},"excerpt":{"rendered":"<p>MANEJO EM FITOSSANIDADE E IMPACTO AMBIENTAL Pamella Suellen Salvador Dutra SENSIBILIDADE AO IPRODIONA, RESIST\u00caNCIA M\u00daLTIPLA E CRUZADA AOS FUNGICIDAS IDM\u00b4S, MBC\u00b4S E IQE\u00b4S E ADAPTABILIDADE DE DIFERENTES FEN\u00d3TIPOS DE MONILINIA FRUCTICOLA &nbsp;Dra. Louise Larissa May De Mio Adelia Maria Bischoff OCORR\u00caNCIA DE LEPIDOPTEROS E SEUS PARASIT\u00d3IDES EM AVEIA PRETA (AVENA STRIGOSA) SCHERB) E L\u00cdNGUA DE VACA, RUMEX OBTUSIFOLIUS L. EM AMBIENTE DE INTEGRA\u00c7\u00c3O LAVOURA E FLORESTA (ILF) E BIOLOGIA DE TRACHEA ANGULIPLAGA (WALKERM 1858) (LEPIDOPTERA: [&hellip;]<\/p>\n","protected":false},"author":10269,"featured_media":0,"parent":0,"menu_order":0,"comment_status":"closed","ping_status":"closed","template":"","meta":{"footnotes":""},"class_list":["post-3810","page","type-page","status-publish","hentry"],"_links":{"self":[{"href":"https:\/\/agrarias.ufpr.br\/pgapv\/wp-json\/wp\/v2\/pages\/3810","targetHints":{"allow":["GET"]}}],"collection":[{"href":"https:\/\/agrarias.ufpr.br\/pgapv\/wp-json\/wp\/v2\/pages"}],"about":[{"href":"https:\/\/agrarias.ufpr.br\/pgapv\/wp-json\/wp\/v2\/types\/page"}],"author":[{"embeddable":true,"href":"https:\/\/agrarias.ufpr.br\/pgapv\/wp-json\/wp\/v2\/users\/10269"}],"replies":[{"embeddable":true,"href":"https:\/\/agrarias.ufpr.br\/pgapv\/wp-json\/wp\/v2\/comments?post=3810"}],"version-history":[{"count":3,"href":"https:\/\/agrarias.ufpr.br\/pgapv\/wp-json\/wp\/v2\/pages\/3810\/revisions"}],"predecessor-version":[{"id":3812,"href":"https:\/\/agrarias.ufpr.br\/pgapv\/wp-json\/wp\/v2\/pages\/3810\/revisions\/3812"}],"wp:attachment":[{"href":"https:\/\/agrarias.ufpr.br\/pgapv\/wp-json\/wp\/v2\/media?parent=3810"}],"curies":[{"name":"wp","href":"https:\/\/api.w.org\/{rel}","templated":true}]}}