{"id":3763,"date":"2021-03-04T13:33:49","date_gmt":"2021-03-04T13:33:49","guid":{"rendered":"https:\/\/agrarias.ufpr.br\/pgapv\/?page_id=3763"},"modified":"2021-04-07T12:19:58","modified_gmt":"2021-04-07T12:19:58","slug":"manejo-de-culturas","status":"publish","type":"page","link":"https:\/\/agrarias.ufpr.br\/pgapv\/manejo-de-culturas\/","title":{"rendered":"Manejo de Culturas &#8211; 2018"},"content":{"rendered":"<table style=\"height: 82px;width: 101.25%;border-collapse: collapse;border-style: dotted\" border=\"1\">\n<tbody>\n<tr style=\"height: 24px\">\n<td style=\"width: 100.773%;height: 24px;text-align: center\" colspan=\"3\"><span style=\"color: #008000\"><strong>MANEJO DE CULTURAS<\/strong><\/span><\/td>\n<\/tr>\n<tr style=\"height: 72px\">\n<td style=\"width: 26.8381%;height: 72px\" width=\"226\"><span style=\"font-family: georgia, palatino, serif;font-size: 12pt\">Juliana de Oliveira Amatussi<\/span><\/td>\n<td style=\"width: 44.8866%;height: 72px;text-align: justify\"><span style=\"font-size: 12pt\"><a href=\"https:\/\/www.prppg.ufpr.br\/siga\/visitante\/gerenciadownload?op=download&amp;doc=13656_2018_24_43_2_(.*)&amp;idPessoal=13656&amp;idPrograma=40001016031P6&amp;nivelP=Pessoal&amp;isMatch=false\">APLICA\u00c7\u00c3O FOLIAR DE ALGA CALC\u00c1REA LITHOTHAMNIUM SP. NO CULTIVO DE TOMATE EM SISTEMA ORG\u00c2NICO<\/a><\/span><\/td>\n<td style=\"width: 29.0485%;height: 72px\"><span style=\"font-size: 12pt\"><a href=\"https:\/\/agrarias.ufpr.br\/pgapv\/atila-francisco-mogor\/\">Dr. Atila Francisco M\u00f3gor<\/a><\/span><\/td>\n<\/tr>\n<tr style=\"height: 96px\">\n<td style=\"width: 26.8381%;height: 54px\"><span style=\"font-size: 12pt\">Rafaela Cristina Brunetti Machado<\/span><\/td>\n<td style=\"width: 44.8866%;height: 54px;text-align: justify\"><span style=\"font-size: 12pt\"><a href=\"https:\/\/www.prppg.ufpr.br\/siga\/visitante\/gerenciadownload?op=download&amp;doc=42728_2018_24_61_2_(.*)&amp;idPessoal=42728&amp;idPrograma=40001016031P6&amp;nivelP=Pessoal&amp;isMatch=false\">MICROPROPAGA\u00c7\u00c3O E ORGANOG\u00caNESE DE L\u00daPULO VAR. CHINOOK<\/a><\/span><\/td>\n<td style=\"width: 29.0485%;height: 54px\"><span style=\"font-size: 12pt\"><a href=\"https:\/\/agrarias.ufpr.br\/pgapv\/cicero-deschamps\/\">Dr. C\u00edcero Deschamps<\/a><\/span><\/td>\n<\/tr>\n<tr style=\"height: 96px\">\n<td style=\"width: 26.8381%;height: 56px\"><span style=\"font-size: 12pt\">Andr\u00e9 Felipe Bernert<\/span><\/td>\n<td style=\"width: 44.8866%;height: 56px;text-align: justify\"><span style=\"font-size: 12pt\"><a href=\"https:\/\/www.prppg.ufpr.br\/siga\/visitante\/gerenciadownload?op=download&amp;doc=42671_2018_24_60_2_(.*)&amp;idPessoal=42671&amp;idPrograma=40001016031P6&amp;nivelP=Pessoal&amp;isMatch=false\">DIVERSIDADE GEN\u00c9TICA DE ACESSOS VIA ISSR E IDENTIFICA\u00c7\u00c3O DO SEXO DE &#8216;SEEDLINGS&#8217; DE L\u00daPULO<\/a><\/span><\/td>\n<td style=\"width: 29.0485%;height: 56px\"><span style=\"font-size: 12pt\"><a href=\"https:\/\/agrarias.ufpr.br\/pgapv\/cicero-deschamps\/\">Dr. C\u00edcero Deschamps<\/a><\/span><\/td>\n<\/tr>\n<tr style=\"height: 72px\">\n<td style=\"width: 26.8381%;height: 72px\"><span style=\"font-size: 12pt\">Heloisa Farias Cavalli<\/span><\/td>\n<td style=\"width: 44.8866%;height: 72px;text-align: justify\"><span style=\"font-size: 12pt\"><a href=\"https:\/\/www.prppg.ufpr.br\/siga\/visitante\/gerenciadownload?op=download&amp;doc=42731_2018_24_66_2_(.*)&amp;idPessoal=42731&amp;idPrograma=40001016031P6&amp;nivelP=Pessoal&amp;isMatch=false\">COMPONENTES MORFOL\u00d3GICOS E DE RENDIMENTO DA SOJA (CV. TMG 7262 RR) EM CONDI\u00c7\u00c3O DE SOMBREAMENTO ARTIFICIAL<\/a><\/span><\/td>\n<td style=\"width: 29.0485%;height: 72px\"><span style=\"font-size: 12pt\"><a href=\"https:\/\/agrarias.ufpr.br\/pgapv\/bruno-portela-brasileiro\/\">Dr. Bruno Portela Brasileiro<\/a><\/span><\/td>\n<\/tr>\n<tr style=\"height: 72px\">\n<td style=\"width: 26.8381%;height: 52px\"><span style=\"font-size: 12pt\">Isabelly Caroline de Souza<\/span><\/td>\n<td style=\"width: 44.8866%;height: 52px;text-align: justify\"><span style=\"font-size: 12pt\"><a href=\"https:\/\/www.prppg.ufpr.br\/siga\/visitante\/gerenciadownload?op=download&amp;doc=42679_2018_24_69_2_(.*)&amp;idPessoal=42679&amp;idPrograma=40001016031P6&amp;nivelP=Pessoal&amp;isMatch=false\">QUALIDADE P\u00d3S-COLHEITA DE HASTES DE BOCA-DE-LE\u00c3O<\/a><\/span><\/td>\n<td style=\"width: 29.0485%;height: 52px\"><span style=\"font-size: 12pt\"><a href=\"https:\/\/agrarias.ufpr.br\/pgapv\/francine-lorena-cuquel\/\">Dra. Francine Lorena Cuquel<\/a><\/span><\/td>\n<\/tr>\n<tr style=\"height: 48px\">\n<td style=\"width: 26.8381%;height: 48px\"><span style=\"font-size: 12pt\">Gabriel Lucas de Jesus<\/span><\/td>\n<td style=\"width: 44.8866%;height: 48px;text-align: justify\"><span style=\"font-size: 12pt\"><a href=\"https:\/\/www.prppg.ufpr.br\/siga\/visitante\/gerenciadownload?op=download&amp;doc=42674_2018_24_70_2_(.*)&amp;idPessoal=42674&amp;idPrograma=40001016031P6&amp;nivelP=Pessoal&amp;isMatch=false\">MANEJO DA ADUBA\u00c7\u00c3O NITROGENADA DO MORANGUEIRO EM CULTIVO SEMIHIDROP\u00d4NICO<\/a><\/span><\/td>\n<td style=\"width: 29.0485%;height: 48px\"><span style=\"font-size: 12pt\"><a href=\"https:\/\/agrarias.ufpr.br\/pgapv\/francine-lorena-cuquel\/\">Dra. Francine Lorena Cuquel<\/a><\/span><\/td>\n<\/tr>\n<tr style=\"height: 43px\">\n<td style=\"width: 26.8381%;height: 43px\"><span style=\"font-size: 12pt\">Ricardo Scheffer de Andrade Silva<\/span><\/td>\n<td style=\"width: 44.8866%;height: 43px;text-align: justify\"><span style=\"font-size: 12pt\"><a href=\"https:\/\/www.prppg.ufpr.br\/siga\/visitante\/gerenciadownload?op=download&amp;doc=54447_2018_24_75_2_(.*)&amp;idPessoal=54447&amp;idPrograma=40001016031P6&amp;nivelP=Pessoal&amp;isMatch=false\">COMPORTAMENTO P\u00d3S-COLHEITA E ADUBA\u00c7\u00c3O NITROGENADA E POT\u00c1SSICA EM ORNITOGALO<\/a><\/span><\/td>\n<td style=\"width: 29.0485%;height: 43px\"><span style=\"font-size: 12pt\"><a href=\"https:\/\/agrarias.ufpr.br\/pgapv\/francine-lorena-cuquel\/\">Dra. Francine Lorena Cuquel<\/a><\/span><\/td>\n<\/tr>\n<\/tbody>\n<\/table>\n<p>&nbsp;<\/p>\n","protected":false},"excerpt":{"rendered":"<p>MANEJO DE CULTURAS Juliana de Oliveira Amatussi APLICA\u00c7\u00c3O FOLIAR DE ALGA CALC\u00c1REA LITHOTHAMNIUM SP. NO CULTIVO DE TOMATE EM SISTEMA ORG\u00c2NICO Dr. Atila Francisco M\u00f3gor Rafaela Cristina Brunetti Machado MICROPROPAGA\u00c7\u00c3O E ORGANOG\u00caNESE DE L\u00daPULO VAR. CHINOOK Dr. C\u00edcero Deschamps Andr\u00e9 Felipe Bernert DIVERSIDADE GEN\u00c9TICA DE ACESSOS VIA ISSR E IDENTIFICA\u00c7\u00c3O DO SEXO DE &#8216;SEEDLINGS&#8217; DE L\u00daPULO Dr. C\u00edcero Deschamps Heloisa Farias Cavalli COMPONENTES MORFOL\u00d3GICOS E DE RENDIMENTO DA SOJA (CV. TMG 7262 RR) EM CONDI\u00c7\u00c3O [&hellip;]<\/p>\n","protected":false},"author":10269,"featured_media":0,"parent":0,"menu_order":0,"comment_status":"closed","ping_status":"closed","template":"","meta":{"footnotes":""},"class_list":["post-3763","page","type-page","status-publish","hentry"],"_links":{"self":[{"href":"https:\/\/agrarias.ufpr.br\/pgapv\/wp-json\/wp\/v2\/pages\/3763","targetHints":{"allow":["GET"]}}],"collection":[{"href":"https:\/\/agrarias.ufpr.br\/pgapv\/wp-json\/wp\/v2\/pages"}],"about":[{"href":"https:\/\/agrarias.ufpr.br\/pgapv\/wp-json\/wp\/v2\/types\/page"}],"author":[{"embeddable":true,"href":"https:\/\/agrarias.ufpr.br\/pgapv\/wp-json\/wp\/v2\/users\/10269"}],"replies":[{"embeddable":true,"href":"https:\/\/agrarias.ufpr.br\/pgapv\/wp-json\/wp\/v2\/comments?post=3763"}],"version-history":[{"count":6,"href":"https:\/\/agrarias.ufpr.br\/pgapv\/wp-json\/wp\/v2\/pages\/3763\/revisions"}],"predecessor-version":[{"id":4032,"href":"https:\/\/agrarias.ufpr.br\/pgapv\/wp-json\/wp\/v2\/pages\/3763\/revisions\/4032"}],"wp:attachment":[{"href":"https:\/\/agrarias.ufpr.br\/pgapv\/wp-json\/wp\/v2\/media?parent=3763"}],"curies":[{"name":"wp","href":"https:\/\/api.w.org\/{rel}","templated":true}]}}